{"id":490512,"date":"2026-02-01T06:00:00","date_gmt":"2026-02-01T11:00:00","guid":{"rendered":"https:\/\/mp-2702.milesopedia.dev\/useful-resources\/milesopedia-podcast-the-magic-of-points\/"},"modified":"2026-05-08T16:43:07","modified_gmt":"2026-05-08T16:43:07","slug":"milesopedia-podcast-the-magic-of-points","status":"publish","type":"page","link":"https:\/\/mp-2702.milesopedia.dev\/en\/useful-resources\/milesopedia-podcast-the-magic-of-points\/","title":{"rendered":"Milesopedia Podcast &#8211; The Magic of Points"},"content":{"rendered":"\n<p>The Magic of Points is the Milesopedia podcast for Canadians who wish to transform their everyday spending into premium travel and real savings.<\/p>\n\n\n\n<p>Credit cards, miles, points, and loyalty programs are demystified to help you maximize every dollar.<\/p>\n\n\n\n<p>Through concrete strategies and real-life examples, each episode shows you how to travel better, pay less, and enjoy exclusive benefits, whether you are a beginner or an expert. \ud83c\udfa7\u2708\ufe0f<\/p>\n\n\n\n<p>Subscribe on:<\/p>\n\n\n\n<div class=\"component component__list\"><ul class=\"wp-block-list\">\n<li><a target=\"_blank\" href=\"https:\/\/open.spotify.com\/show\/7iLPGG01YWYvlhCOI1TDhU\">Spotify<\/a><\/li>\n\n\n\n<li><a target=\"_blank\" href=\"https:\/\/youtube.com\/playlist?list=PLLaIioVefzYrkBnVJVwPFSXdgRmdgOuJj&amp;si=LZ0Hp9CHw0bhNxYK\">Youtube<\/a><\/li>\n\n\n\n<li><a target=\"_blank\" href=\"https:\/\/podcasts.apple.com\/ca\/podcast\/la-magie-des-points-milesopedia-canada\/id1583182847?itscg=30200&amp;itsct=podcast_box&amp;ls=1&amp;mttnsubad=1583182847\">Apple Music<\/a><\/li>\n<\/ul><\/div>\n\n\n\n<h2 class=\"wp-block-heading\" id=\"h-subscribe-on-spotify\">Subscribe on Spotify<\/h2>\n\n\n\n<p><iframe style=\"border-radius: 12px;\" src=\"https:\/\/open.spotify.com\/embed\/show\/7iLPGG01YWYvlhCOI1TDhU\/video?utm_source=generator\" width=\"660\" height=\"450\" frameborder=\"0\" allowfullscreen=\"allowfullscreen\" data-testid=\"embed-iframe\"><\/iframe>\n\n<p><\/p>\n<\/p>\n\n\n<h2 class=\"wp-block-heading\" id=\"h-subscribe-on-youtube\">Subscribe on YouTube<\/h2>\n\n\n\n<p><iframe title=\"YouTube video player\" src=\"https:\/\/www.youtube.com\/embed\/videoseries?si=aw_OJEM-VafMAXXN&amp;list=PLLaIioVefzYrkBnVJVwPFSXdgRmdgOuJj\" width=\"660\" height=\"450\" frameborder=\"0\" allowfullscreen=\"allowfullscreen\"><\/iframe>\n\n<p><\/p>\n\n\n\n<h2 class=\"wp-block-heading\" id=\"h-subscribe-on-apple-music\">Subscribe on Apple Music<\/h2>\n\n\n<iframe id=\"embedPlayer\" style=\"border: 0; border-radius: 12px; width: 100%; height: 450px; max-width: 660px;\" title=\"Media Player\" src=\"https:\/\/embed.podcasts.apple.com\/ca\/podcast\/la-magie-des-points-milesopedia-canada\/id1583182847?itscg=30200&amp;itsct=podcast_box_player&amp;ls=1&amp;mttnsubad=1583182847&amp;theme=auto\" width=\"100%\" height=\"450\" sandbox=\"allow-forms allow-popups allow-same-origin allow-scripts allow-top-navigation-by-user-activation\"><\/iframe>","protected":false},"excerpt":{"rendered":"<p>The Magic of Points is the Milesopedia podcast for Canadians who wish to transform their everyday spending into premium travel and real savings. Credit cards, miles, points, and loyalty programs are demystified to help you maximize every dollar. Through concrete strategies and real-life examples, each episode shows you how to travel better, pay less, and [&hellip;]<\/p>","protected":false},"author":3,"featured_media":490513,"parent":490327,"menu_order":0,"comment_status":"closed","ping_status":"closed","template":"","meta":{"_acf_changed":false,"_relevanssi_hide_post":"","_relevanssi_hide_content":"","_relevanssi_pin_for_all":"","_relevanssi_pin_keywords":"","_relevanssi_unpin_keywords":"","_relevanssi_related_keywords":"","_relevanssi_related_include_ids":"","_relevanssi_related_exclude_ids":"","_relevanssi_related_no_append":"","_relevanssi_related_not_related":"","_relevanssi_related_posts":"","_relevanssi_noindex_reason":"","footnotes":""},"tags":[],"mc_loyalty_program":[],"class_list":["post-490512","page","type-page","status-publish","has-post-thumbnail","hentry"],"acf":[],"yoast_head":"<!-- This site is optimized with the Yoast SEO Premium plugin v27.5 (Yoast SEO v27.5) - https:\/\/yoast.com\/product\/yoast-seo-premium-wordpress\/ -->\n<title>Milesopedia Podcast \u2013 The Magic of Points | Milesopedia<\/title>\n<meta name=\"description\" content=\"Listen to Milesopedia&#039;s podcasts! Dive into captivating discussions, expert advice, and the latest trends.\" \/>\n<meta name=\"robots\" content=\"index, follow, max-snippet:-1, max-image-preview:large, max-video-preview:-1\" \/>\n<link rel=\"canonical\" href=\"https:\/\/mp-2702.milesopedia.dev\/en\/useful-resources\/milesopedia-podcast-the-magic-of-points\/\" \/>\n<meta property=\"og:locale\" content=\"en_US\" \/>\n<meta property=\"og:type\" content=\"article\" \/>\n<meta property=\"og:title\" content=\"Milesopedia Podcast - The Magic of Points\" \/>\n<meta property=\"og:description\" content=\"Listen to Milesopedia&#039;s podcasts! Dive into captivating discussions, expert advice, and the latest trends.\" \/>\n<meta property=\"og:url\" content=\"https:\/\/mp-2702.milesopedia.dev\/en\/useful-resources\/milesopedia-podcast-the-magic-of-points\/\" \/>\n<meta property=\"og:site_name\" content=\"Milesopedia\" \/>\n<meta property=\"article:modified_time\" content=\"2026-05-08T16:43:07+00:00\" \/>\n<meta property=\"og:image\" content=\"https:\/\/milesopedia.com\/wp-content\/uploads\/2026\/02\/La-magie-des-points-thumbnail-scaled.jpg\" \/>\n\t<meta property=\"og:image:width\" content=\"2560\" \/>\n\t<meta property=\"og:image:height\" content=\"1440\" \/>\n\t<meta property=\"og:image:type\" content=\"image\/jpeg\" \/>\n<meta name=\"twitter:card\" content=\"summary_large_image\" \/>\n<script type=\"application\/ld+json\" class=\"yoast-schema-graph\">{\"@context\":\"https:\\\/\\\/schema.org\",\"@graph\":[{\"@type\":\"WebPage\",\"@id\":\"https:\\\/\\\/mp-2702.milesopedia.dev\\\/en\\\/useful-resources\\\/milesopedia-podcast-the-magic-of-points\\\/\",\"url\":\"https:\\\/\\\/mp-2702.milesopedia.dev\\\/en\\\/useful-resources\\\/milesopedia-podcast-the-magic-of-points\\\/\",\"name\":\"The Magic of Points Podcast | Milesopedia\",\"isPartOf\":{\"@id\":\"https:\\\/\\\/mp-2702.milesopedia.dev\\\/en\\\/#website\"},\"primaryImageOfPage\":{\"@id\":\"https:\\\/\\\/mp-2702.milesopedia.dev\\\/en\\\/useful-resources\\\/milesopedia-podcast-the-magic-of-points\\\/#primaryimage\"},\"image\":{\"@id\":\"https:\\\/\\\/mp-2702.milesopedia.dev\\\/en\\\/useful-resources\\\/milesopedia-podcast-the-magic-of-points\\\/#primaryimage\"},\"thumbnailUrl\":\"https:\\\/\\\/mp-2702.milesopedia.dev\\\/wp-content\\\/uploads\\\/2026\\\/02\\\/La-magie-des-points-thumbnail-scaled.jpg\",\"datePublished\":\"2026-02-01T11:00:00+00:00\",\"dateModified\":\"2026-05-08T16:43:07+00:00\",\"description\":\"Listen to Milesopedia's podcasts! Dive into captivating discussions, expert advice, and the latest trends.\",\"inLanguage\":\"en-CA\",\"potentialAction\":[{\"@type\":\"ReadAction\",\"target\":[\"https:\\\/\\\/mp-2702.milesopedia.dev\\\/en\\\/useful-resources\\\/milesopedia-podcast-the-magic-of-points\\\/\"]}]},{\"@type\":\"ImageObject\",\"inLanguage\":\"en-CA\",\"@id\":\"https:\\\/\\\/mp-2702.milesopedia.dev\\\/en\\\/useful-resources\\\/milesopedia-podcast-the-magic-of-points\\\/#primaryimage\",\"url\":\"https:\\\/\\\/mp-2702.milesopedia.dev\\\/wp-content\\\/uploads\\\/2026\\\/02\\\/La-magie-des-points-thumbnail-scaled.jpg\",\"contentUrl\":\"https:\\\/\\\/mp-2702.milesopedia.dev\\\/wp-content\\\/uploads\\\/2026\\\/02\\\/La-magie-des-points-thumbnail-scaled.jpg\",\"width\":2560,\"height\":1440,\"caption\":\"Milesopedia Podcast - The Magic of Points - thumbnail\"},{\"@type\":\"WebSite\",\"@id\":\"https:\\\/\\\/mp-2702.milesopedia.dev\\\/en\\\/#website\",\"url\":\"https:\\\/\\\/mp-2702.milesopedia.dev\\\/en\\\/\",\"name\":\"Milesopedia\",\"description\":\"Programmes de fid\u00e9lit\u00e9 et cartes de cr\u00e9dit au Canada\",\"publisher\":{\"@id\":\"https:\\\/\\\/mp-2702.milesopedia.dev\\\/en\\\/#organization\"},\"potentialAction\":[{\"@type\":\"SearchAction\",\"target\":{\"@type\":\"EntryPoint\",\"urlTemplate\":\"https:\\\/\\\/mp-2702.milesopedia.dev\\\/en\\\/?s={search_term_string}\"},\"query-input\":{\"@type\":\"PropertyValueSpecification\",\"valueRequired\":true,\"valueName\":\"search_term_string\"}}],\"inLanguage\":\"en-CA\"},{\"@type\":\"Organization\",\"@id\":\"https:\\\/\\\/mp-2702.milesopedia.dev\\\/en\\\/#organization\",\"name\":\"Milesopedia\",\"url\":\"https:\\\/\\\/mp-2702.milesopedia.dev\\\/en\\\/\",\"logo\":{\"@type\":\"ImageObject\",\"inLanguage\":\"en-CA\",\"@id\":\"https:\\\/\\\/mp-2702.milesopedia.dev\\\/en\\\/#\\\/schema\\\/logo\\\/image\\\/\",\"url\":\"https:\\\/\\\/mp-2702.milesopedia.dev\\\/wp-content\\\/uploads\\\/2025\\\/08\\\/Milesopedia-CANADA.png\",\"contentUrl\":\"https:\\\/\\\/mp-2702.milesopedia.dev\\\/wp-content\\\/uploads\\\/2025\\\/08\\\/Milesopedia-CANADA.png\",\"width\":884,\"height\":203,\"caption\":\"Milesopedia\"},\"image\":{\"@id\":\"https:\\\/\\\/mp-2702.milesopedia.dev\\\/en\\\/#\\\/schema\\\/logo\\\/image\\\/\"}}]}<\/script>\n<!-- \/ Yoast SEO Premium plugin. -->","yoast_head_json":{"title":"Milesopedia Podcast \u2013 The Magic of Points | Milesopedia","description":"Listen to Milesopedia's podcasts! Dive into captivating discussions, expert advice, and the latest trends.","robots":{"index":"index","follow":"follow","max-snippet":"max-snippet:-1","max-image-preview":"max-image-preview:large","max-video-preview":"max-video-preview:-1"},"canonical":"https:\/\/mp-2702.milesopedia.dev\/en\/useful-resources\/milesopedia-podcast-the-magic-of-points\/","og_locale":"en_US","og_type":"article","og_title":"Milesopedia Podcast - The Magic of Points","og_description":"Listen to Milesopedia's podcasts! Dive into captivating discussions, expert advice, and the latest trends.","og_url":"https:\/\/mp-2702.milesopedia.dev\/en\/useful-resources\/milesopedia-podcast-the-magic-of-points\/","og_site_name":"Milesopedia","article_modified_time":"2026-05-08T16:43:07+00:00","og_image":[{"width":2560,"height":1440,"url":"https:\/\/milesopedia.com\/wp-content\/uploads\/2026\/02\/La-magie-des-points-thumbnail-scaled.jpg","type":"image\/jpeg"}],"twitter_card":"summary_large_image","schema":{"@context":"https:\/\/schema.org","@graph":[{"@type":"WebPage","@id":"https:\/\/mp-2702.milesopedia.dev\/en\/useful-resources\/milesopedia-podcast-the-magic-of-points\/","url":"https:\/\/mp-2702.milesopedia.dev\/en\/useful-resources\/milesopedia-podcast-the-magic-of-points\/","name":"The Magic of Points Podcast | Milesopedia","isPartOf":{"@id":"https:\/\/mp-2702.milesopedia.dev\/en\/#website"},"primaryImageOfPage":{"@id":"https:\/\/mp-2702.milesopedia.dev\/en\/useful-resources\/milesopedia-podcast-the-magic-of-points\/#primaryimage"},"image":{"@id":"https:\/\/mp-2702.milesopedia.dev\/en\/useful-resources\/milesopedia-podcast-the-magic-of-points\/#primaryimage"},"thumbnailUrl":"https:\/\/mp-2702.milesopedia.dev\/wp-content\/uploads\/2026\/02\/La-magie-des-points-thumbnail-scaled.jpg","datePublished":"2026-02-01T11:00:00+00:00","dateModified":"2026-05-08T16:43:07+00:00","description":"Listen to Milesopedia's podcasts! Dive into captivating discussions, expert advice, and the latest trends.","inLanguage":"en-CA","potentialAction":[{"@type":"ReadAction","target":["https:\/\/mp-2702.milesopedia.dev\/en\/useful-resources\/milesopedia-podcast-the-magic-of-points\/"]}]},{"@type":"ImageObject","inLanguage":"en-CA","@id":"https:\/\/mp-2702.milesopedia.dev\/en\/useful-resources\/milesopedia-podcast-the-magic-of-points\/#primaryimage","url":"https:\/\/mp-2702.milesopedia.dev\/wp-content\/uploads\/2026\/02\/La-magie-des-points-thumbnail-scaled.jpg","contentUrl":"https:\/\/mp-2702.milesopedia.dev\/wp-content\/uploads\/2026\/02\/La-magie-des-points-thumbnail-scaled.jpg","width":2560,"height":1440,"caption":"Milesopedia Podcast - The Magic of Points - thumbnail"},{"@type":"WebSite","@id":"https:\/\/mp-2702.milesopedia.dev\/en\/#website","url":"https:\/\/mp-2702.milesopedia.dev\/en\/","name":"Milesopedia","description":"Programmes de fid\u00e9lit\u00e9 et cartes de cr\u00e9dit au Canada","publisher":{"@id":"https:\/\/mp-2702.milesopedia.dev\/en\/#organization"},"potentialAction":[{"@type":"SearchAction","target":{"@type":"EntryPoint","urlTemplate":"https:\/\/mp-2702.milesopedia.dev\/en\/?s={search_term_string}"},"query-input":{"@type":"PropertyValueSpecification","valueRequired":true,"valueName":"search_term_string"}}],"inLanguage":"en-CA"},{"@type":"Organization","@id":"https:\/\/mp-2702.milesopedia.dev\/en\/#organization","name":"Milesopedia","url":"https:\/\/mp-2702.milesopedia.dev\/en\/","logo":{"@type":"ImageObject","inLanguage":"en-CA","@id":"https:\/\/mp-2702.milesopedia.dev\/en\/#\/schema\/logo\/image\/","url":"https:\/\/mp-2702.milesopedia.dev\/wp-content\/uploads\/2025\/08\/Milesopedia-CANADA.png","contentUrl":"https:\/\/mp-2702.milesopedia.dev\/wp-content\/uploads\/2025\/08\/Milesopedia-CANADA.png","width":884,"height":203,"caption":"Milesopedia"},"image":{"@id":"https:\/\/mp-2702.milesopedia.dev\/en\/#\/schema\/logo\/image\/"}}]}},"_links":{"self":[{"href":"https:\/\/mp-2702.milesopedia.dev\/en\/wp-json\/wp\/v2\/pages\/490512","targetHints":{"allow":["GET"]}}],"collection":[{"href":"https:\/\/mp-2702.milesopedia.dev\/en\/wp-json\/wp\/v2\/pages"}],"about":[{"href":"https:\/\/mp-2702.milesopedia.dev\/en\/wp-json\/wp\/v2\/types\/page"}],"author":[{"embeddable":true,"href":"https:\/\/mp-2702.milesopedia.dev\/en\/wp-json\/wp\/v2\/users\/3"}],"replies":[{"embeddable":true,"href":"https:\/\/mp-2702.milesopedia.dev\/en\/wp-json\/wp\/v2\/comments?post=490512"}],"version-history":[{"count":1,"href":"https:\/\/mp-2702.milesopedia.dev\/en\/wp-json\/wp\/v2\/pages\/490512\/revisions"}],"predecessor-version":[{"id":490516,"href":"https:\/\/mp-2702.milesopedia.dev\/en\/wp-json\/wp\/v2\/pages\/490512\/revisions\/490516"}],"up":[{"embeddable":true,"href":"https:\/\/mp-2702.milesopedia.dev\/en\/wp-json\/wp\/v2\/pages\/490327"}],"wp:featuredmedia":[{"embeddable":true,"href":"https:\/\/mp-2702.milesopedia.dev\/en\/wp-json\/wp\/v2\/media\/490513"}],"wp:attachment":[{"href":"https:\/\/mp-2702.milesopedia.dev\/en\/wp-json\/wp\/v2\/media?parent=490512"}],"wp:term":[{"taxonomy":"post_tag","embeddable":true,"href":"https:\/\/mp-2702.milesopedia.dev\/en\/wp-json\/wp\/v2\/tags?post=490512"},{"taxonomy":"mc_loyalty_program","embeddable":true,"href":"https:\/\/mp-2702.milesopedia.dev\/en\/wp-json\/wp\/v2\/mc_loyalty_program?post=490512"}],"curies":[{"name":"wp","href":"https:\/\/api.w.org\/{rel}","templated":true}]}}