{"id":490161,"date":"2022-01-07T01:00:00","date_gmt":"2022-01-07T06:00:00","guid":{"rendered":"https:\/\/mp-2702.milesopedia.dev\/best-credit-cards-ranking\/uncategorized-ranking-of-the-best-credit-cards-in-canada-in-2023\/"},"modified":"2026-05-09T05:30:10","modified_gmt":"2026-05-09T05:30:10","slug":"uncategorized-ranking-of-the-best-credit-cards-in-canada-in-2023","status":"publish","type":"page","link":"https:\/\/mp-2702.milesopedia.dev\/en\/best-credit-cards-ranking\/uncategorized-ranking-of-the-best-credit-cards-in-canada-in-2023\/","title":{"rendered":"Uncategorized: Ranking of the best credit cards in Canada in 2023"},"content":{"rendered":"\n<p>We present our <strong>ranking of the best credit cards in Canada<\/strong> in 2022.<\/p>\n\n\n\n<p>On Milesopedia, we analyze nearly 200 credit cards available to Canadians. You can find them in our <a href=\"https:\/\/mp-2702.milesopedia.dev\/en\/compare\/credit-cards\/\">credit card comparison tool<\/a>. This comparison tool has also been featured by <a href=\"https:\/\/mp-2702.milesopedia.dev\/en\/news\/finance\/partnership-milesopedia-protegez-vous\/\">Prot\u00e9gez-Vous<\/a>.<\/p>\n\n\n\n<p>Each month, we update <a href=\"https:\/\/mp-2702.milesopedia.dev\/en\/best-credit-cards-in-canada\/\">our ranking of the best credit card offers<\/a>, to help you find the best credit card offer that suits you at the moment.<\/p>\n\n\n\n<p>A credit card offer can therefore be excellent at certain times of the year, but less so at others: that&#8217;s why you need to constantly stay informed about current offers -especially via <a href=\"https:\/\/mp-2702.milesopedia.dev\/en\/newsletter\/\">our weekly newsletter<\/a>.<\/p>\n\n\n\n<p>On this page, we will not discuss offers, but rather an evaluation based on the overall characteristics of each <a class=\"wpil_keyword_link\" href=\"https:\/\/mp-2702.milesopedia.dev\/en\/credit-cards\/cibc-dividend-visa-infinite-card\/\" title=\"CIBC Dividend&lt;sup&gt;MD&lt;\/sup&gt; Visa Infinite* Card\" data-wpil-keyword-link=\"linked\" data-wpil-monitor-id=\"1414\">credit card<\/a>. Several factors are thus considered to choose the <strong>best credit card in 2022 in <a class=\"wpil_keyword_link\" href=\"https:\/\/mp-2702.milesopedia.dev\/en\/region\/canada-en\/\" title=\"Milesopedia&nbsp;: Reward programs &amp; Credit cards\" data-wpil-keyword-link=\"linked\" data-wpil-monitor-id=\"1410\">Canada<\/a><\/strong> by category, such as:<\/p>\n\n\n\n<div class=\"component component__list\"><ul class=\"wp-block-list\">\n<li>earning rewards through purchases (in points, miles, <a class=\"wpil_keyword_link\" href=\"https:\/\/mp-2702.milesopedia.dev\/en\/reviews\/credit-cards\/comparison-cibc-dividend-visa-infinite-vs-scotia-momentum-visa-infinite-card\/\" title=\"Head-to-Head: CIBC Dividend<sup>&reg;<\/sup> Visa Infinite* Card vs Scotia Momentum<sup>&reg;<\/sup> VISA Infinite* Card\" data-wpil-keyword-link=\"linked\" data-wpil-monitor-id=\"1411\">cash back<\/a>)<\/li>\n\n\n\n<li>Benefits offered (lounge access, concierge, annual credit, etc.)<\/li>\n\n\n\n<li>the <a class=\"wpil_keyword_link\" href=\"https:\/\/mp-2702.milesopedia.dev\/en\/offers\/cards\/small-msr\/\" title=\"Credit Cards: The Best Welcome Bonuses With a Small Minimum Spending Requirement\" data-wpil-keyword-link=\"linked\" data-wpil-monitor-id=\"1417\">welcome bonus<\/a> offered to new cardholders<\/li>\n\n\n\n<li>Insurance coverage (travel, purchases, etc.)<\/li>\n\n\n\n<li>the annual cost<\/li>\n\n\n\n<li>the partners accessible with the <a class=\"wpil_keyword_link\" href=\"https:\/\/mp-2702.milesopedia.dev\/en\/guide\/tutorials\/savings-supermarket-comparison-programs-rewards\/\" title=\"Groceries: Comparison of Rewards Programs for a Cheaper Grocery Bill\" data-wpil-keyword-link=\"linked\" data-wpil-monitor-id=\"1412\">rewards program<\/a><\/li>\n\n\n\n<li>Card acceptance in Canada and abroad<\/li>\n\n\n\n<li>Income requirements<\/li>\n\n\n\n<li>the reviews from our readers and <a target=\"_blank\" class=\"thirstylink\" title=\"the milesopedia facebook group\" href=\"\/go\/fbgroupe\/\">Milesopedia community members<\/a><\/li>\n<\/ul><\/div>\n\n\n\n<p>As we regularly repeat, the market is divided into two main categories in Canada: &#8220;travel rewards&#8221; and &#8220;<a class=\"wpil_keyword_link\" href=\"https:\/\/mp-2702.milesopedia.dev\/en\/guide\/strategy\/strategies-earn-cash-back\/\" title=\"Our strategies to easily earn cash back\" data-wpil-keyword-link=\"linked\" data-wpil-monitor-id=\"1416\">cash back<\/a>.&#8221; We have thus organized our ranking to take <a class=\"wpil_keyword_link\" href=\"https:\/\/mp-2702.milesopedia.dev\/en\/compare\/chequing-accounts\/\" title=\"Chequing account\" data-wpil-keyword-link=\"linked\" data-wpil-monitor-id=\"1418\">this into account<\/a>:<\/p>\n\n\n\n<div class=\"component component__list\"><ul class=\"wp-block-list\">\n<li><a href=\"https:\/\/mp-2702.milesopedia.dev\/en\/best-credit-cards-ranking\/cash-back-ranking-of-the-best-credit-cards-in-canada-for-2023\/\">The Best Cash Back Credit Cards in Canada in 2022<\/a><\/li>\n\n\n\n<li><a target=\"_blank\" href=\"\/?page_id=187653\">The Best Travel Rewards Credit Cards in Canada in 2022<\/a><\/li>\n\n\n\n<li><a href=\"https:\/\/mp-2702.milesopedia.dev\/en\/best-credit-cards-ranking\/uncategorized-ranking-of-the-best-credit-cards-in-canada-in-2023\/\">The Best Credit Cards in Canada in 2022 &#8211; General Category<\/a><\/li>\n<\/ul><\/div>\n\n\n\n<h2 class=\"wp-block-heading\" id=\"h-low-interest-rate\">Low Interest Rate<\/h2>\n\n\n\n<div class=\"wp-block-columns is-layout-flex wp-container-core-columns-is-layout-9d6595d7 wp-block-columns-is-layout-flex\">\n\n<div class=\"wp-block-column is-layout-flow wp-block-column-is-layout-flow\">\n\n<p>The <a target=\"_blank\" href=\"\/?p=68383\">HSBC +Rewards Mastercard<\/a> is the <strong>Best Low Interest Rate Credit Card<\/strong> in 2022 in Canada.<\/p>\n\n\n\n<p>This award was given due to an annual interest rate on purchases, cash advances, and balance transfers of 11.9%, which is significantly lower than the average for <a class=\"wpil_keyword_link\" href=\"https:\/\/mp-2702.milesopedia.dev\/en\/best-credit-cards-in-canada\/hotels\/\" title=\"The Best Credit Cards for Hotels \u2013 July 2025\" data-wpil-keyword-link=\"linked\" data-wpil-monitor-id=\"1415\">credit cards<\/a> in Canada.<\/p>\n\n<\/div>\n\n\n\n<div class=\"wp-block-column is-layout-flow wp-block-column-is-layout-flow\">\n\n<\/div>\n\n<\/div>\n\n\n\n<h2 class=\"wp-block-heading\" id=\"h-prepaid\">Prepaid<\/h2>\n\n\n\n<div class=\"wp-block-columns is-layout-flex wp-container-core-columns-is-layout-9d6595d7 wp-block-columns-is-layout-flex\">\n\n<div class=\"wp-block-column is-layout-flow wp-block-column-is-layout-flow\">\n\n<p>The <a href=\"https:\/\/mp-2702.milesopedia.dev\/en\/credit-cards\/prepaid-mastercard-koho-extra\/\">KOHO Premium Prepaid Visa Card<\/a> is the <strong>Best Prepaid Credit Card<\/strong> in 2022 in Canada.<\/p>\n\n\n\n<p>This award was given due to the cash back earned on everyday purchases: 2% on transportation, groceries, and restaurants. Additionally, this prepaid card has no foreign currency conversion fees.<\/p>\n\n<\/div>\n\n\n\n<div class=\"wp-block-column is-layout-flow wp-block-column-is-layout-flow\">\n\n<aside class=\"component component__deferred_contents wp-block-milesgutenberg-deferred-contents\">\n\t\t\t\t<div\n\t\t\t\tdata-template='ranking'\n\t\t\t\tdata-post_type='card'\n\t\t\t\tdata-per_page='4'\n\t\t\t\tclass='deferred_container--preload container_card container_template--ranking container_count--1'\n\n\t\t\t\t\t\t\t\t\tdata-tag=\"card_id\"\n\t\t\t\t\t\t\tdata-post_ids=\"117031\"\n\t\t\t\t\t\t\tdata-utm=\"wpb\"\n\t\t\t\t\t\t\t>\n\t\t<div class=\"card\">\n\t<div class=\"card--grid\">\n\n\t\t<div class=\"card--img-outer\">\n\t\t\t<div class=\"card--img\">\n\t\t\t\t<div class=\"shimmer shimmer-card\"><\/div>\n\t\t\t<\/div>\n\t\t<\/div>\n\n\t\t<div class=\"card--title-offer-selling\">\n\t\t\t<div class=\"card--title-offer\">\n\t\t\t\t<div class=\"shimmer shimmer-bar\"><\/div>\n\t\t\t\t<div class=\"shimmer shimmer-bar\"><\/div>\n\t\t\t<\/div>\n\t\t\t<div class=\"card--selling-points\">\n\t\t\t\t<div class=\"shimmer shimmer-bar shimmer-bar--short\"><\/div>\n\t\t\t\t<div class=\"shimmer shimmer-bar shimmer-bar--short\"><\/div>\n\t\t\t\t<div class=\"shimmer shimmer-bar shimmer-bar--short\"><\/div>\n\t\t\t<\/div>\n\t\t<\/div>\n\n\t\t<div class=\"card--apply\">\n\t\t\t<div class=\"apply-btn\">\n\t\t\t\t<div class=\"shimmer shimmer-btn\"><\/div>\n\t\t\t<\/div>\n\t\t<\/div>\n\n\t<\/div>\n<\/div>\t\t<\/div>\n\n\t\t<\/aside>\n\n\n<\/div>\n\n<\/div>\n\n\n\n<h2 class=\"wp-block-heading\" id=\"h-balance-transfer\">Balance Transfer<\/h2>\n\n\n\n<div class=\"wp-block-columns is-layout-flex wp-container-core-columns-is-layout-9d6595d7 wp-block-columns-is-layout-flex\">\n\n<div class=\"wp-block-column is-layout-flow wp-block-column-is-layout-flow\">\n\n<p>The <a href=\"https:\/\/mp-2702.milesopedia.dev\/en\/credit-cards\/cibc-select-visa-card\/\">CIBC Select Visa* Card<\/a> is the <strong>Best Balance Transfer Credit Card<\/strong> in 2022 in Canada.<\/p>\n\n\n\n<p>This award was given due to a recurring offer for a 0% interest rate on balance transfers, for a maximum of 10 months, with a 1% transfer fee.<\/p>\n\n<\/div>\n\n\n\n<div class=\"wp-block-column is-layout-flow wp-block-column-is-layout-flow\">\n\n<aside class=\"component component__deferred_contents wp-block-milesgutenberg-deferred-contents\">\n\t\t\t\t<div\n\t\t\t\tdata-template='ranking'\n\t\t\t\tdata-post_type='card'\n\t\t\t\tdata-per_page='4'\n\t\t\t\tclass='deferred_container--preload container_card container_template--ranking container_count--1'\n\n\t\t\t\t\t\t\t\t\tdata-tag=\"card_id\"\n\t\t\t\t\t\t\tdata-post_ids=\"91259\"\n\t\t\t\t\t\t\tdata-utm=\"wpb\"\n\t\t\t\t\t\t\t>\n\t\t<div class=\"card\">\n\t<div class=\"card--grid\">\n\n\t\t<div class=\"card--img-outer\">\n\t\t\t<div class=\"card--img\">\n\t\t\t\t<div class=\"shimmer shimmer-card\"><\/div>\n\t\t\t<\/div>\n\t\t<\/div>\n\n\t\t<div class=\"card--title-offer-selling\">\n\t\t\t<div class=\"card--title-offer\">\n\t\t\t\t<div class=\"shimmer shimmer-bar\"><\/div>\n\t\t\t\t<div class=\"shimmer shimmer-bar\"><\/div>\n\t\t\t<\/div>\n\t\t\t<div class=\"card--selling-points\">\n\t\t\t\t<div class=\"shimmer shimmer-bar shimmer-bar--short\"><\/div>\n\t\t\t\t<div class=\"shimmer shimmer-bar shimmer-bar--short\"><\/div>\n\t\t\t\t<div class=\"shimmer shimmer-bar shimmer-bar--short\"><\/div>\n\t\t\t<\/div>\n\t\t<\/div>\n\n\t\t<div class=\"card--apply\">\n\t\t\t<div class=\"apply-btn\">\n\t\t\t\t<div class=\"shimmer shimmer-btn\"><\/div>\n\t\t\t<\/div>\n\t\t<\/div>\n\n\t<\/div>\n<\/div>\t\t<\/div>\n\n\t\t<\/aside>\n\n\n<\/div>\n\n<\/div>\n\n\n\n<h2 class=\"wp-block-heading\" id=\"h-newcomers\">Newcomers<\/h2>\n\n\n\n<div class=\"wp-block-columns is-layout-flex wp-container-core-columns-is-layout-9d6595d7 wp-block-columns-is-layout-flex\">\n\n<div class=\"wp-block-column is-layout-flow wp-block-column-is-layout-flow\">\n\n<p>The <a href=\"https:\/\/mp-2702.milesopedia.dev\/en\/credit-cards\/nbc-mycredit-mastercard\/\">NBC mycredit Mastercard<\/a> is the <strong>Best Credit Card for Newcomers<\/strong> in 2022 in Canada.<\/p>\n\n\n\n<p>This award was given due to the absence of annual fees and specific approval criteria from <a class=\"wpil_keyword_link\" href=\"https:\/\/mp-2702.milesopedia.dev\/en\/offers\/bank-accounts\/national-bank-best-chequing-accounts\/\" title=\"The Best Chequing Accounts from National Bank \u2013 NBC\" data-wpil-keyword-link=\"linked\" data-wpil-monitor-id=\"1413\">National Bank<\/a> of Canada for Newcomers and its free support service for 12 months on various topics: daily life, legal, housing, personal finance, and immigration.<\/p>\n\n<\/div>\n\n\n\n<div class=\"wp-block-column is-layout-flow wp-block-column-is-layout-flow\">\n\n<aside class=\"component component__deferred_contents wp-block-milesgutenberg-deferred-contents\">\n\t\t\t\t<div\n\t\t\t\tdata-template='ranking'\n\t\t\t\tdata-post_type='card'\n\t\t\t\tdata-per_page='4'\n\t\t\t\tclass='deferred_container--preload container_card container_template--ranking container_count--1'\n\n\t\t\t\t\t\t\t\t\tdata-tag=\"card_id\"\n\t\t\t\t\t\t\tdata-post_ids=\"22649\"\n\t\t\t\t\t\t\tdata-utm=\"wpb\"\n\t\t\t\t\t\t\t>\n\t\t<div class=\"card\">\n\t<div class=\"card--grid\">\n\n\t\t<div class=\"card--img-outer\">\n\t\t\t<div class=\"card--img\">\n\t\t\t\t<div class=\"shimmer shimmer-card\"><\/div>\n\t\t\t<\/div>\n\t\t<\/div>\n\n\t\t<div class=\"card--title-offer-selling\">\n\t\t\t<div class=\"card--title-offer\">\n\t\t\t\t<div class=\"shimmer shimmer-bar\"><\/div>\n\t\t\t\t<div class=\"shimmer shimmer-bar\"><\/div>\n\t\t\t<\/div>\n\t\t\t<div class=\"card--selling-points\">\n\t\t\t\t<div class=\"shimmer shimmer-bar shimmer-bar--short\"><\/div>\n\t\t\t\t<div class=\"shimmer shimmer-bar shimmer-bar--short\"><\/div>\n\t\t\t\t<div class=\"shimmer shimmer-bar shimmer-bar--short\"><\/div>\n\t\t\t<\/div>\n\t\t<\/div>\n\n\t\t<div class=\"card--apply\">\n\t\t\t<div class=\"apply-btn\">\n\t\t\t\t<div class=\"shimmer shimmer-btn\"><\/div>\n\t\t\t<\/div>\n\t\t<\/div>\n\n\t<\/div>\n<\/div>\t\t<\/div>\n\n\t\t<\/aside>\n\n\n<\/div>\n\n<\/div>","protected":false},"excerpt":{"rendered":"<p>We present our ranking of the best credit cards in Canada in 2022. On Milesopedia, we analyze nearly 200 credit cards available to Canadians. You can find them in our credit card comparison tool. This comparison tool has also been featured by Prot\u00e9gez-Vous. Each month, we update our ranking of the best credit card offers, [&hellip;]<\/p>","protected":false},"author":3,"featured_media":0,"parent":207423,"menu_order":0,"comment_status":"closed","ping_status":"closed","template":"page-toc.php","meta":{"_acf_changed":false,"_relevanssi_hide_post":"","_relevanssi_hide_content":"","_relevanssi_pin_for_all":"","_relevanssi_pin_keywords":"","_relevanssi_unpin_keywords":"","_relevanssi_related_keywords":"","_relevanssi_related_include_ids":"","_relevanssi_related_exclude_ids":"","_relevanssi_related_no_append":"","_relevanssi_related_not_related":"","_relevanssi_related_posts":"","_relevanssi_noindex_reason":"","footnotes":""},"tags":[],"mc_loyalty_program":[],"class_list":["post-490161","page","type-page","status-publish","hentry"],"acf":[],"yoast_head":"<!-- This site is optimized with the Yoast SEO Premium plugin v27.5 (Yoast SEO v27.5) - https:\/\/yoast.com\/product\/yoast-seo-premium-wordpress\/ -->\n<title>Uncategorized: Ranking of the best credit cards in Canada in 2023 | Milesopedia<\/title>\n<meta name=\"description\" content=\"Here is our ranking of the best credit cards in other categories in Canada in 2023.\" \/>\n<meta name=\"robots\" content=\"index, follow, max-snippet:-1, max-image-preview:large, max-video-preview:-1\" \/>\n<link rel=\"canonical\" href=\"https:\/\/mp-2702.milesopedia.dev\/en\/best-credit-cards-ranking\/uncategorized-ranking-of-the-best-credit-cards-in-canada-in-2023\/\" \/>\n<meta property=\"og:locale\" content=\"en_US\" \/>\n<meta property=\"og:type\" content=\"article\" \/>\n<meta property=\"og:title\" content=\"Uncategorized: Ranking of the best credit cards in Canada in 2023\" \/>\n<meta property=\"og:description\" content=\"Here is our ranking of the best credit cards in other categories in Canada in 2023.\" \/>\n<meta property=\"og:url\" content=\"https:\/\/mp-2702.milesopedia.dev\/en\/best-credit-cards-ranking\/uncategorized-ranking-of-the-best-credit-cards-in-canada-in-2023\/\" \/>\n<meta property=\"og:site_name\" content=\"Milesopedia\" \/>\n<meta property=\"article:modified_time\" content=\"2026-05-09T05:30:10+00:00\" \/>\n<meta name=\"twitter:card\" content=\"summary_large_image\" \/>\n<meta name=\"twitter:label1\" content=\"Est. reading time\" \/>\n\t<meta name=\"twitter:data1\" content=\"2 minutes\" \/>\n<script type=\"application\/ld+json\" class=\"yoast-schema-graph\">{\"@context\":\"https:\\\/\\\/schema.org\",\"@graph\":[{\"@type\":\"WebPage\",\"@id\":\"https:\\\/\\\/mp-2702.milesopedia.dev\\\/en\\\/best-credit-cards-ranking\\\/uncategorized-ranking-of-the-best-credit-cards-in-canada-in-2023\\\/\",\"url\":\"https:\\\/\\\/mp-2702.milesopedia.dev\\\/en\\\/best-credit-cards-ranking\\\/uncategorized-ranking-of-the-best-credit-cards-in-canada-in-2023\\\/\",\"name\":\"Other Categories: Best Credit Cards | Canada | 2023 | Milesopedia\",\"isPartOf\":{\"@id\":\"https:\\\/\\\/mp-2702.milesopedia.dev\\\/en\\\/#website\"},\"datePublished\":\"2022-01-07T06:00:00+00:00\",\"dateModified\":\"2026-05-09T05:30:10+00:00\",\"description\":\"Here is our ranking of the best credit cards in other categories in Canada in 2023.\",\"inLanguage\":\"en-CA\",\"potentialAction\":[{\"@type\":\"ReadAction\",\"target\":[\"https:\\\/\\\/mp-2702.milesopedia.dev\\\/en\\\/best-credit-cards-ranking\\\/uncategorized-ranking-of-the-best-credit-cards-in-canada-in-2023\\\/\"]}]},{\"@type\":\"WebSite\",\"@id\":\"https:\\\/\\\/mp-2702.milesopedia.dev\\\/en\\\/#website\",\"url\":\"https:\\\/\\\/mp-2702.milesopedia.dev\\\/en\\\/\",\"name\":\"Milesopedia\",\"description\":\"Programmes de fid\u00e9lit\u00e9 et cartes de cr\u00e9dit au Canada\",\"publisher\":{\"@id\":\"https:\\\/\\\/mp-2702.milesopedia.dev\\\/en\\\/#organization\"},\"potentialAction\":[{\"@type\":\"SearchAction\",\"target\":{\"@type\":\"EntryPoint\",\"urlTemplate\":\"https:\\\/\\\/mp-2702.milesopedia.dev\\\/en\\\/?s={search_term_string}\"},\"query-input\":{\"@type\":\"PropertyValueSpecification\",\"valueRequired\":true,\"valueName\":\"search_term_string\"}}],\"inLanguage\":\"en-CA\"},{\"@type\":\"Organization\",\"@id\":\"https:\\\/\\\/mp-2702.milesopedia.dev\\\/en\\\/#organization\",\"name\":\"Milesopedia\",\"url\":\"https:\\\/\\\/mp-2702.milesopedia.dev\\\/en\\\/\",\"logo\":{\"@type\":\"ImageObject\",\"inLanguage\":\"en-CA\",\"@id\":\"https:\\\/\\\/mp-2702.milesopedia.dev\\\/en\\\/#\\\/schema\\\/logo\\\/image\\\/\",\"url\":\"https:\\\/\\\/mp-2702.milesopedia.dev\\\/wp-content\\\/uploads\\\/2025\\\/08\\\/Milesopedia-CANADA.png\",\"contentUrl\":\"https:\\\/\\\/mp-2702.milesopedia.dev\\\/wp-content\\\/uploads\\\/2025\\\/08\\\/Milesopedia-CANADA.png\",\"width\":884,\"height\":203,\"caption\":\"Milesopedia\"},\"image\":{\"@id\":\"https:\\\/\\\/mp-2702.milesopedia.dev\\\/en\\\/#\\\/schema\\\/logo\\\/image\\\/\"}}]}<\/script>\n<!-- \/ Yoast SEO Premium plugin. -->","yoast_head_json":{"title":"Uncategorized: Ranking of the best credit cards in Canada in 2023 | Milesopedia","description":"Here is our ranking of the best credit cards in other categories in Canada in 2023.","robots":{"index":"index","follow":"follow","max-snippet":"max-snippet:-1","max-image-preview":"max-image-preview:large","max-video-preview":"max-video-preview:-1"},"canonical":"https:\/\/mp-2702.milesopedia.dev\/en\/best-credit-cards-ranking\/uncategorized-ranking-of-the-best-credit-cards-in-canada-in-2023\/","og_locale":"en_US","og_type":"article","og_title":"Uncategorized: Ranking of the best credit cards in Canada in 2023","og_description":"Here is our ranking of the best credit cards in other categories in Canada in 2023.","og_url":"https:\/\/mp-2702.milesopedia.dev\/en\/best-credit-cards-ranking\/uncategorized-ranking-of-the-best-credit-cards-in-canada-in-2023\/","og_site_name":"Milesopedia","article_modified_time":"2026-05-09T05:30:10+00:00","twitter_card":"summary_large_image","twitter_misc":{"Est. reading time":"2 minutes"},"schema":{"@context":"https:\/\/schema.org","@graph":[{"@type":"WebPage","@id":"https:\/\/mp-2702.milesopedia.dev\/en\/best-credit-cards-ranking\/uncategorized-ranking-of-the-best-credit-cards-in-canada-in-2023\/","url":"https:\/\/mp-2702.milesopedia.dev\/en\/best-credit-cards-ranking\/uncategorized-ranking-of-the-best-credit-cards-in-canada-in-2023\/","name":"Other Categories: Best Credit Cards | Canada | 2023 | Milesopedia","isPartOf":{"@id":"https:\/\/mp-2702.milesopedia.dev\/en\/#website"},"datePublished":"2022-01-07T06:00:00+00:00","dateModified":"2026-05-09T05:30:10+00:00","description":"Here is our ranking of the best credit cards in other categories in Canada in 2023.","inLanguage":"en-CA","potentialAction":[{"@type":"ReadAction","target":["https:\/\/mp-2702.milesopedia.dev\/en\/best-credit-cards-ranking\/uncategorized-ranking-of-the-best-credit-cards-in-canada-in-2023\/"]}]},{"@type":"WebSite","@id":"https:\/\/mp-2702.milesopedia.dev\/en\/#website","url":"https:\/\/mp-2702.milesopedia.dev\/en\/","name":"Milesopedia","description":"Programmes de fid\u00e9lit\u00e9 et cartes de cr\u00e9dit au Canada","publisher":{"@id":"https:\/\/mp-2702.milesopedia.dev\/en\/#organization"},"potentialAction":[{"@type":"SearchAction","target":{"@type":"EntryPoint","urlTemplate":"https:\/\/mp-2702.milesopedia.dev\/en\/?s={search_term_string}"},"query-input":{"@type":"PropertyValueSpecification","valueRequired":true,"valueName":"search_term_string"}}],"inLanguage":"en-CA"},{"@type":"Organization","@id":"https:\/\/mp-2702.milesopedia.dev\/en\/#organization","name":"Milesopedia","url":"https:\/\/mp-2702.milesopedia.dev\/en\/","logo":{"@type":"ImageObject","inLanguage":"en-CA","@id":"https:\/\/mp-2702.milesopedia.dev\/en\/#\/schema\/logo\/image\/","url":"https:\/\/mp-2702.milesopedia.dev\/wp-content\/uploads\/2025\/08\/Milesopedia-CANADA.png","contentUrl":"https:\/\/mp-2702.milesopedia.dev\/wp-content\/uploads\/2025\/08\/Milesopedia-CANADA.png","width":884,"height":203,"caption":"Milesopedia"},"image":{"@id":"https:\/\/mp-2702.milesopedia.dev\/en\/#\/schema\/logo\/image\/"}}]}},"_links":{"self":[{"href":"https:\/\/mp-2702.milesopedia.dev\/en\/wp-json\/wp\/v2\/pages\/490161","targetHints":{"allow":["GET"]}}],"collection":[{"href":"https:\/\/mp-2702.milesopedia.dev\/en\/wp-json\/wp\/v2\/pages"}],"about":[{"href":"https:\/\/mp-2702.milesopedia.dev\/en\/wp-json\/wp\/v2\/types\/page"}],"author":[{"embeddable":true,"href":"https:\/\/mp-2702.milesopedia.dev\/en\/wp-json\/wp\/v2\/users\/3"}],"replies":[{"embeddable":true,"href":"https:\/\/mp-2702.milesopedia.dev\/en\/wp-json\/wp\/v2\/comments?post=490161"}],"version-history":[{"count":2,"href":"https:\/\/mp-2702.milesopedia.dev\/en\/wp-json\/wp\/v2\/pages\/490161\/revisions"}],"predecessor-version":[{"id":495292,"href":"https:\/\/mp-2702.milesopedia.dev\/en\/wp-json\/wp\/v2\/pages\/490161\/revisions\/495292"}],"up":[{"embeddable":true,"href":"https:\/\/mp-2702.milesopedia.dev\/en\/wp-json\/wp\/v2\/pages\/207423"}],"wp:attachment":[{"href":"https:\/\/mp-2702.milesopedia.dev\/en\/wp-json\/wp\/v2\/media?parent=490161"}],"wp:term":[{"taxonomy":"post_tag","embeddable":true,"href":"https:\/\/mp-2702.milesopedia.dev\/en\/wp-json\/wp\/v2\/tags?post=490161"},{"taxonomy":"mc_loyalty_program","embeddable":true,"href":"https:\/\/mp-2702.milesopedia.dev\/en\/wp-json\/wp\/v2\/mc_loyalty_program?post=490161"}],"curies":[{"name":"wp","href":"https:\/\/api.w.org\/{rel}","templated":true}]}}