{"id":490146,"date":"2021-09-30T20:00:00","date_gmt":"2021-10-01T00:00:00","guid":{"rendered":"https:\/\/mp-2702.milesopedia.dev\/careers\/seo-strategist\/"},"modified":"2026-05-08T16:43:07","modified_gmt":"2026-05-08T16:43:07","slug":"seo-strategist","status":"publish","type":"page","link":"https:\/\/mp-2702.milesopedia.dev\/en\/careers\/seo-strategist\/","title":{"rendered":"SEO Strategist"},"content":{"rendered":"\n<h2 class=\"wp-block-heading\" id=\"h-seo-strategist-part-time-contract\">SEO Strategist &#8211; Part-time Contract<\/h2>\n\n\n\n<p>Milesopedia is the reference media for credit card and rewards programs in Canada. We&#8217;re proud to inform consumers about their points, so they can optimize the way they earn and spend them! We also write a variety of travel-related content and features.<\/p>\n\n\n\n<p>Our versatile and enthusiastic team of experts is looking for someone to support us in our mission.<\/p>\n\n\n\n<p>This 6-month contract, for <strong>15 to 20 hours per week<\/strong>, is for <a class=\"wpil_keyword_link\" href=\"https:\/\/mp-2702.milesopedia.dev\/en\/guide\/strategy\/earn-money-from-home\/\" title=\"How to earn money from home: remote work\" data-wpil-keyword-link=\"linked\" data-wpil-monitor-id=\"1481\">remote work<\/a>, from anywhere and at your preferred hours.<\/p>\n\n\n\n<p><strong>Your responsibilities will include:<\/strong><\/p>\n\n\n\n<div class=\"component component__list\"><ul class=\"wp-block-list\">\n<li>Conducting SEO audits to optimize the website<\/li>\n\n\n\n<li>Developing an action plan including SEO strategies to optimize content<\/li>\n\n\n\n<li>Analyzing publication performance<\/li>\n\n\n\n<li>Developing digital marketing strategies for the website and newsletter<\/li>\n\n\n\n<li>Assisting in writing a guide and procedures for authors to help them write optimized articles<\/li>\n<\/ul><\/div>\n\n\n\n<p><strong>Requirements:<\/strong><\/p>\n\n\n\n<div class=\"component component__list\"><ul class=\"wp-block-list\">\n<li>3 to 5 years of experience in natural search engine optimization (SEO)<\/li>\n\n\n\n<li>Excellent knowledge of natural SEO, social media, and how they work<\/li>\n\n\n\n<li>Excellent time management, analytical skills, and creativity<\/li>\n\n\n\n<li>A university degree or certificate in communication, marketing, information technology, or any other relevant training.<\/li>\n\n\n\n<li>In-depth knowledge of Google Analytics, Google Trends, Google AdWords, WordPress, and Facebook Business Manager<\/li>\n\n\n\n<li>Excellent command of written and spoken French and English<\/li>\n<\/ul><\/div>\n\n\n\n<p>We recognize that career paths can sometimes be atypical. That&#8217;s why we strongly encourage you to apply, even if you don&#8217;t meet every single requirement.<\/p>\n\n\n\n<p><em>At <a class=\"wpil_keyword_link\" href=\"https:\/\/mp-2702.milesopedia.dev\/en\/around-the-world\/\" title=\"Our Reviews Across The World\" data-wpil-keyword-link=\"linked\" data-wpil-monitor-id=\"1480\">Milesopedia<\/a>, we are committed to employment equity and diversity in all its forms. That&#8217;s why we encourage women, Indigenous people, members of visible or ethnic minorities, people with disabilities, and individuals from all communities to apply. We read all submissions and will only contact successful candidates.<\/em><\/p>\n\n\n\n<p><strong>=&gt; Please send your application to<\/strong> <a target=\"_blank\" href=\"mailto:cv@milesopedia.com\">cv@milesopedia.com<\/a><\/p>","protected":false},"excerpt":{"rendered":"<p>SEO Strategist &#8211; Part-time Contract Milesopedia is the reference media for credit card and rewards programs in Canada. We&#8217;re proud to inform consumers about their points, so they can optimize the way they earn and spend them! We also write a variety of travel-related content and features. Our versatile and enthusiastic team of experts is [&hellip;]<\/p>","protected":false},"author":3,"featured_media":164116,"parent":298968,"menu_order":0,"comment_status":"closed","ping_status":"closed","template":"","meta":{"_acf_changed":false,"_relevanssi_hide_post":"","_relevanssi_hide_content":"","_relevanssi_pin_for_all":"","_relevanssi_pin_keywords":"","_relevanssi_unpin_keywords":"","_relevanssi_related_keywords":"","_relevanssi_related_include_ids":"","_relevanssi_related_exclude_ids":"","_relevanssi_related_no_append":"","_relevanssi_related_not_related":"","_relevanssi_related_posts":"","_relevanssi_noindex_reason":"","footnotes":""},"tags":[],"mc_loyalty_program":[],"class_list":["post-490146","page","type-page","status-publish","has-post-thumbnail","hentry"],"acf":[],"yoast_head":"<!-- This site is optimized with the Yoast SEO Premium plugin v27.5 (Yoast SEO v27.5) - https:\/\/yoast.com\/product\/yoast-seo-premium-wordpress\/ -->\n<title>SEO Strategist | Milesopedia<\/title>\n<meta name=\"description\" content=\"Our versatile and enthusiastic team of experts is looking for someone to support us in our mission.\" \/>\n<meta name=\"robots\" content=\"index, follow, max-snippet:-1, max-image-preview:large, max-video-preview:-1\" \/>\n<link rel=\"canonical\" href=\"https:\/\/mp-2702.milesopedia.dev\/en\/careers\/seo-strategist\/\" \/>\n<meta property=\"og:locale\" content=\"en_US\" \/>\n<meta property=\"og:type\" content=\"article\" \/>\n<meta property=\"og:title\" content=\"SEO Strategist\" \/>\n<meta property=\"og:description\" content=\"Our versatile and enthusiastic team of experts is looking for someone to support us in our mission.\" \/>\n<meta property=\"og:url\" content=\"https:\/\/mp-2702.milesopedia.dev\/en\/careers\/seo-strategist\/\" \/>\n<meta property=\"og:site_name\" content=\"Milesopedia\" \/>\n<meta property=\"article:modified_time\" content=\"2026-05-08T16:43:07+00:00\" \/>\n<meta property=\"og:image\" content=\"https:\/\/milesopedia.com\/wp-content\/uploads\/2021\/08\/emploi-seo-milesopedia.jpg\" \/>\n\t<meta property=\"og:image:width\" content=\"1600\" \/>\n\t<meta property=\"og:image:height\" content=\"840\" \/>\n\t<meta property=\"og:image:type\" content=\"image\/jpeg\" \/>\n<meta name=\"twitter:card\" content=\"summary_large_image\" \/>\n<meta name=\"twitter:label1\" content=\"Est. reading time\" \/>\n\t<meta name=\"twitter:data1\" content=\"1 minute\" \/>\n<script type=\"application\/ld+json\" class=\"yoast-schema-graph\">{\"@context\":\"https:\\\/\\\/schema.org\",\"@graph\":[{\"@type\":\"WebPage\",\"@id\":\"https:\\\/\\\/mp-2702.milesopedia.dev\\\/en\\\/careers\\\/seo-strategist\\\/\",\"url\":\"https:\\\/\\\/mp-2702.milesopedia.dev\\\/en\\\/careers\\\/seo-strategist\\\/\",\"name\":\"SEO Strategist - Milesopedia\",\"isPartOf\":{\"@id\":\"https:\\\/\\\/mp-2702.milesopedia.dev\\\/en\\\/#website\"},\"primaryImageOfPage\":{\"@id\":\"https:\\\/\\\/mp-2702.milesopedia.dev\\\/en\\\/careers\\\/seo-strategist\\\/#primaryimage\"},\"image\":{\"@id\":\"https:\\\/\\\/mp-2702.milesopedia.dev\\\/en\\\/careers\\\/seo-strategist\\\/#primaryimage\"},\"thumbnailUrl\":\"https:\\\/\\\/mp-2702.milesopedia.dev\\\/wp-content\\\/uploads\\\/2021\\\/08\\\/emploi-seo-milesopedia.jpg\",\"datePublished\":\"2021-10-01T00:00:00+00:00\",\"dateModified\":\"2026-05-08T16:43:07+00:00\",\"description\":\"Our versatile and enthusiastic team of experts is looking for someone to support us in our mission.\",\"inLanguage\":\"en-CA\",\"potentialAction\":[{\"@type\":\"ReadAction\",\"target\":[\"https:\\\/\\\/mp-2702.milesopedia.dev\\\/en\\\/careers\\\/seo-strategist\\\/\"]}]},{\"@type\":\"ImageObject\",\"inLanguage\":\"en-CA\",\"@id\":\"https:\\\/\\\/mp-2702.milesopedia.dev\\\/en\\\/careers\\\/seo-strategist\\\/#primaryimage\",\"url\":\"https:\\\/\\\/mp-2702.milesopedia.dev\\\/wp-content\\\/uploads\\\/2021\\\/08\\\/emploi-seo-milesopedia.jpg\",\"contentUrl\":\"https:\\\/\\\/mp-2702.milesopedia.dev\\\/wp-content\\\/uploads\\\/2021\\\/08\\\/emploi-seo-milesopedia.jpg\",\"width\":1600,\"height\":840,\"caption\":\"SEO Strategist - milesopedia SEO job\"},{\"@type\":\"WebSite\",\"@id\":\"https:\\\/\\\/mp-2702.milesopedia.dev\\\/en\\\/#website\",\"url\":\"https:\\\/\\\/mp-2702.milesopedia.dev\\\/en\\\/\",\"name\":\"Milesopedia\",\"description\":\"Programmes de fid\u00e9lit\u00e9 et cartes de cr\u00e9dit au Canada\",\"publisher\":{\"@id\":\"https:\\\/\\\/mp-2702.milesopedia.dev\\\/en\\\/#organization\"},\"potentialAction\":[{\"@type\":\"SearchAction\",\"target\":{\"@type\":\"EntryPoint\",\"urlTemplate\":\"https:\\\/\\\/mp-2702.milesopedia.dev\\\/en\\\/?s={search_term_string}\"},\"query-input\":{\"@type\":\"PropertyValueSpecification\",\"valueRequired\":true,\"valueName\":\"search_term_string\"}}],\"inLanguage\":\"en-CA\"},{\"@type\":\"Organization\",\"@id\":\"https:\\\/\\\/mp-2702.milesopedia.dev\\\/en\\\/#organization\",\"name\":\"Milesopedia\",\"url\":\"https:\\\/\\\/mp-2702.milesopedia.dev\\\/en\\\/\",\"logo\":{\"@type\":\"ImageObject\",\"inLanguage\":\"en-CA\",\"@id\":\"https:\\\/\\\/mp-2702.milesopedia.dev\\\/en\\\/#\\\/schema\\\/logo\\\/image\\\/\",\"url\":\"https:\\\/\\\/mp-2702.milesopedia.dev\\\/wp-content\\\/uploads\\\/2025\\\/08\\\/Milesopedia-CANADA.png\",\"contentUrl\":\"https:\\\/\\\/mp-2702.milesopedia.dev\\\/wp-content\\\/uploads\\\/2025\\\/08\\\/Milesopedia-CANADA.png\",\"width\":884,\"height\":203,\"caption\":\"Milesopedia\"},\"image\":{\"@id\":\"https:\\\/\\\/mp-2702.milesopedia.dev\\\/en\\\/#\\\/schema\\\/logo\\\/image\\\/\"}}]}<\/script>\n<!-- \/ Yoast SEO Premium plugin. -->","yoast_head_json":{"title":"SEO Strategist | Milesopedia","description":"Our versatile and enthusiastic team of experts is looking for someone to support us in our mission.","robots":{"index":"index","follow":"follow","max-snippet":"max-snippet:-1","max-image-preview":"max-image-preview:large","max-video-preview":"max-video-preview:-1"},"canonical":"https:\/\/mp-2702.milesopedia.dev\/en\/careers\/seo-strategist\/","og_locale":"en_US","og_type":"article","og_title":"SEO Strategist","og_description":"Our versatile and enthusiastic team of experts is looking for someone to support us in our mission.","og_url":"https:\/\/mp-2702.milesopedia.dev\/en\/careers\/seo-strategist\/","og_site_name":"Milesopedia","article_modified_time":"2026-05-08T16:43:07+00:00","og_image":[{"width":1600,"height":840,"url":"https:\/\/milesopedia.com\/wp-content\/uploads\/2021\/08\/emploi-seo-milesopedia.jpg","type":"image\/jpeg"}],"twitter_card":"summary_large_image","twitter_misc":{"Est. reading time":"1 minute"},"schema":{"@context":"https:\/\/schema.org","@graph":[{"@type":"WebPage","@id":"https:\/\/mp-2702.milesopedia.dev\/en\/careers\/seo-strategist\/","url":"https:\/\/mp-2702.milesopedia.dev\/en\/careers\/seo-strategist\/","name":"SEO Strategist - Milesopedia","isPartOf":{"@id":"https:\/\/mp-2702.milesopedia.dev\/en\/#website"},"primaryImageOfPage":{"@id":"https:\/\/mp-2702.milesopedia.dev\/en\/careers\/seo-strategist\/#primaryimage"},"image":{"@id":"https:\/\/mp-2702.milesopedia.dev\/en\/careers\/seo-strategist\/#primaryimage"},"thumbnailUrl":"https:\/\/mp-2702.milesopedia.dev\/wp-content\/uploads\/2021\/08\/emploi-seo-milesopedia.jpg","datePublished":"2021-10-01T00:00:00+00:00","dateModified":"2026-05-08T16:43:07+00:00","description":"Our versatile and enthusiastic team of experts is looking for someone to support us in our mission.","inLanguage":"en-CA","potentialAction":[{"@type":"ReadAction","target":["https:\/\/mp-2702.milesopedia.dev\/en\/careers\/seo-strategist\/"]}]},{"@type":"ImageObject","inLanguage":"en-CA","@id":"https:\/\/mp-2702.milesopedia.dev\/en\/careers\/seo-strategist\/#primaryimage","url":"https:\/\/mp-2702.milesopedia.dev\/wp-content\/uploads\/2021\/08\/emploi-seo-milesopedia.jpg","contentUrl":"https:\/\/mp-2702.milesopedia.dev\/wp-content\/uploads\/2021\/08\/emploi-seo-milesopedia.jpg","width":1600,"height":840,"caption":"SEO Strategist - milesopedia SEO job"},{"@type":"WebSite","@id":"https:\/\/mp-2702.milesopedia.dev\/en\/#website","url":"https:\/\/mp-2702.milesopedia.dev\/en\/","name":"Milesopedia","description":"Programmes de fid\u00e9lit\u00e9 et cartes de cr\u00e9dit au Canada","publisher":{"@id":"https:\/\/mp-2702.milesopedia.dev\/en\/#organization"},"potentialAction":[{"@type":"SearchAction","target":{"@type":"EntryPoint","urlTemplate":"https:\/\/mp-2702.milesopedia.dev\/en\/?s={search_term_string}"},"query-input":{"@type":"PropertyValueSpecification","valueRequired":true,"valueName":"search_term_string"}}],"inLanguage":"en-CA"},{"@type":"Organization","@id":"https:\/\/mp-2702.milesopedia.dev\/en\/#organization","name":"Milesopedia","url":"https:\/\/mp-2702.milesopedia.dev\/en\/","logo":{"@type":"ImageObject","inLanguage":"en-CA","@id":"https:\/\/mp-2702.milesopedia.dev\/en\/#\/schema\/logo\/image\/","url":"https:\/\/mp-2702.milesopedia.dev\/wp-content\/uploads\/2025\/08\/Milesopedia-CANADA.png","contentUrl":"https:\/\/mp-2702.milesopedia.dev\/wp-content\/uploads\/2025\/08\/Milesopedia-CANADA.png","width":884,"height":203,"caption":"Milesopedia"},"image":{"@id":"https:\/\/mp-2702.milesopedia.dev\/en\/#\/schema\/logo\/image\/"}}]}},"_links":{"self":[{"href":"https:\/\/mp-2702.milesopedia.dev\/en\/wp-json\/wp\/v2\/pages\/490146","targetHints":{"allow":["GET"]}}],"collection":[{"href":"https:\/\/mp-2702.milesopedia.dev\/en\/wp-json\/wp\/v2\/pages"}],"about":[{"href":"https:\/\/mp-2702.milesopedia.dev\/en\/wp-json\/wp\/v2\/types\/page"}],"author":[{"embeddable":true,"href":"https:\/\/mp-2702.milesopedia.dev\/en\/wp-json\/wp\/v2\/users\/3"}],"replies":[{"embeddable":true,"href":"https:\/\/mp-2702.milesopedia.dev\/en\/wp-json\/wp\/v2\/comments?post=490146"}],"version-history":[{"count":5,"href":"https:\/\/mp-2702.milesopedia.dev\/en\/wp-json\/wp\/v2\/pages\/490146\/revisions"}],"predecessor-version":[{"id":490163,"href":"https:\/\/mp-2702.milesopedia.dev\/en\/wp-json\/wp\/v2\/pages\/490146\/revisions\/490163"}],"up":[{"embeddable":true,"href":"https:\/\/mp-2702.milesopedia.dev\/en\/wp-json\/wp\/v2\/pages\/298968"}],"wp:featuredmedia":[{"embeddable":true,"href":"https:\/\/mp-2702.milesopedia.dev\/en\/wp-json\/wp\/v2\/media\/164116"}],"wp:attachment":[{"href":"https:\/\/mp-2702.milesopedia.dev\/en\/wp-json\/wp\/v2\/media?parent=490146"}],"wp:term":[{"taxonomy":"post_tag","embeddable":true,"href":"https:\/\/mp-2702.milesopedia.dev\/en\/wp-json\/wp\/v2\/tags?post=490146"},{"taxonomy":"mc_loyalty_program","embeddable":true,"href":"https:\/\/mp-2702.milesopedia.dev\/en\/wp-json\/wp\/v2\/mc_loyalty_program?post=490146"}],"curies":[{"name":"wp","href":"https:\/\/api.w.org\/{rel}","templated":true}]}}