{"id":48554,"date":"2026-05-01T00:04:00","date_gmt":"2026-05-01T04:04:00","guid":{"rendered":"https:\/\/mp-2702.milesopedia.dev\/all-credit-cards-in-canada\/triangle"},"modified":"2026-05-08T16:43:07","modified_gmt":"2026-05-08T16:43:07","slug":"triangle","status":"publish","type":"page","link":"https:\/\/mp-2702.milesopedia.dev\/en\/cards\/triangle\/","title":{"rendered":"The Best Triangle Credit Cards \u2013 May 2026"},"content":{"rendered":"<aside class=\"component component__deferred_contents wp-block-milesgutenberg-deferred-contents\">\n\t\t\t\t<div\n\t\t\t\tdata-template='compare'\n\t\t\t\tdata-post_type='card'\n\t\t\t\tdata-per_page='3'\n\t\t\t\tclass='deferred_container--preload container_card container_template--compare container_count--2'\n\n\t\t\t\t\t\t\t\t\tdata-tag=\"card_id\"\n\t\t\t\t\t\t\tdata-post_ids=\"22768,22766\"\n\t\t\t\t\t\t\tdata-utm=\"wpb\"\n\t\t\t\t\t\t\t>\n\t\t\n    <div class=\"card card-list card-list-header\">\n        <div class=\"shimmer shimmer-bar shimmer-dark shimmer-bar--short card-specs--title\"><\/div>\n        <div class=\"shimmer shimmer-bar shimmer-dark shimmer-bar--short card-specs--title\"><\/div>\n    <\/div>\n\n\n<div class=\"card card-list\">\n\n\t<div class=\"card-list--grid\">\n\n\t\t<div class=\"card-list--card\">\n\t\t\t<div class=\"card-graphic-cta shimmer shimmer-card\"><\/div>\n\t\t<\/div>\n\n\t\t<div class=\"card-list--title-offer\">\n\n\t\t\t<div class=\"card--title\">\n\t\t\t\t<div class=\"shimmer shimmer-bar\"><\/div>\n\t\t\t<\/div>\n\n\t\t\t<div class=\"card-list--offer\">\n\t\t\t\t<div class=\"shimmer shimmer-bar\"><\/div>\n\t\t\t<\/div>\n\n\t\t<\/div>\n\n\t\t<div>\n\t\t\t<div class=\"card--apply\">\n\t\t\t\t<div class=\"shimmer shimmer-btn\"><\/div>\n\t\t\t<\/div>\n\t\t<\/div>\n\n\t<\/div>\n\n<\/div>\n<div class=\"card card-list\">\n\n\t<div class=\"card-list--grid\">\n\n\t\t<div class=\"card-list--card\">\n\t\t\t<div class=\"card-graphic-cta shimmer shimmer-card\"><\/div>\n\t\t<\/div>\n\n\t\t<div class=\"card-list--title-offer\">\n\n\t\t\t<div class=\"card--title\">\n\t\t\t\t<div class=\"shimmer shimmer-bar\"><\/div>\n\t\t\t<\/div>\n\n\t\t\t<div class=\"card-list--offer\">\n\t\t\t\t<div class=\"shimmer shimmer-bar\"><\/div>\n\t\t\t<\/div>\n\n\t\t<\/div>\n\n\t\t<div>\n\t\t\t<div class=\"card--apply\">\n\t\t\t\t<div class=\"shimmer shimmer-btn\"><\/div>\n\t\t\t<\/div>\n\t\t<\/div>\n\n\t<\/div>\n\n<\/div>\t\t<\/div>\n\n\t\t<\/aside>\n\n\n\n<h2 class=\"wp-block-heading\" id=\"h-frequent-asked-questions-about-credit-cards\">Frequent Asked Questions about credit cards<\/h2>\n\n\n\n<p>Here are some frequently asked questions in <a target=\"_blank\" class=\"thirstylink\" title=\"the milesopedia facebook group\" href=\"\/go\/fbgroupe\/\" rel=\"nofollow noindex\">the milesopedia community<\/a> about credit cards in Canada.<\/p>\n\n\n<aside class=\"component component__faq wp-block-milesgutenberg-faq\">\n\t\n<div class=\"component component__faq__item component__faq__item--opened wp-block-milesgutenberg-faq-item\">\n\t<div class=\"component__faq__item__title\">\n\t\t<h4 id=\"what_apos_s_the_best_credit_card_in_canada_\" class=\"toc_exclude component__faq__item__title__heading\">\n\t\t\tWhat&apos;s the best credit card in Canada?\t\t<\/h4>\n\t\t<i class=\"fas fa-chevron-down\"><\/i>\n\t<\/div>\n\t<div class=\"component__faq__item__content\">\n\t\t<div class=\"component__faq__item__content__inner\">\n\t\t\t\n\n<p>There are over 200 credit cards in Canada. There is no &#8220;one best credit card&#8221; in Canada.<\/p>\n\n\n\n<p>Several credit cards can match your needs:<\/p>\n\n\n\n<div class=\"component component__list\"><ul class=\"wp-block-list\">\n<li><a href=\"https:\/\/mp-2702.milesopedia.dev\/en\/best-credit-cards-in-canada\/cash-back\/\">Best Cash Back Credit Cards<\/a><\/li>\n\n\n\n<li>Best AIR MILES Credit Cards<\/li>\n\n\n\n<li><a href=\"https:\/\/mp-2702.milesopedia.dev\/en\/best-credit-cards-in-canada\/insurance\/\">Best Credit Cards With Insurance<\/a><\/li>\n\n\n\n<li><a href=\"https:\/\/mp-2702.milesopedia.dev\/en\/best-credit-cards-in-canada\/airbnb\/\">The Best Credit cards For Airbnb<\/a><\/li>\n\n\n\n<li><a href=\"https:\/\/mp-2702.milesopedia.dev\/en\/best-credit-cards-in-canada\/hotels\/\">Best Credit Cards For Hotels<\/a><\/li>\n<\/ul><\/div>\n\n\t\t<\/div>\n\t<\/div>\n<\/div>\n\n\n<div class=\"component component__faq__item component__faq__item--opened wp-block-milesgutenberg-faq-item\">\n\t<div class=\"component__faq__item__title\">\n\t\t<h4 id=\"which_is_the_best_american_express_credit_card_in_canada_\" class=\"toc_exclude component__faq__item__title__heading\">\n\t\t\tWhich is the best American Express credit card in Canada?\t\t<\/h4>\n\t\t<i class=\"fas fa-chevron-down\"><\/i>\n\t<\/div>\n\t<div class=\"component__faq__item__content\">\n\t\t<div class=\"component__faq__item__content__inner\">\n\t\t\t\n\n<p>There are more than 30 American Express credit cards in Canada. Check out our best <a href=\"https:\/\/mp-2702.milesopedia.dev\/en\/best-credit-cards-in-canada\/amex\/\">American Express Credit Cards page<\/a>.<\/p>\n\n\t\t<\/div>\n\t<\/div>\n<\/div>\n\n\n<div class=\"component component__faq__item component__faq__item--opened wp-block-milesgutenberg-faq-item\">\n\t<div class=\"component__faq__item__title\">\n\t\t<h4 id=\"what_apos_s_the_best_mastercard_credit_card_in_canada_\" class=\"toc_exclude component__faq__item__title__heading\">\n\t\t\tWhat&apos;s the best Mastercard credit card in Canada?\t\t<\/h4>\n\t\t<i class=\"fas fa-chevron-down\"><\/i>\n\t<\/div>\n\t<div class=\"component__faq__item__content\">\n\t\t<div class=\"component__faq__item__content__inner\">\n\t\t\t\n\n<p>There are over 90 Mastercard credit cards in Canada. Check out our <a href=\"https:\/\/mp-2702.milesopedia.dev\/en\/best-credit-cards-in-canada\/mastercard\/\">Best Mastercard Credit Cards page.<\/a><\/p>\n\n\t\t<\/div>\n\t<\/div>\n<\/div>\n\n\n<div class=\"component component__faq__item component__faq__item--opened wp-block-milesgutenberg-faq-item\">\n\t<div class=\"component__faq__item__title\">\n\t\t<h4 id=\"what_apos_s_the_best_visa_credit_card_in_canada_\" class=\"toc_exclude component__faq__item__title__heading\">\n\t\t\tWhat&apos;s the best Visa credit card in Canada?\t\t<\/h4>\n\t\t<i class=\"fas fa-chevron-down\"><\/i>\n\t<\/div>\n\t<div class=\"component__faq__item__content\">\n\t\t<div class=\"component__faq__item__content__inner\">\n\t\t\t\n\n<p>There are over 80 Visa credit cards in Canada. Check out our <a href=\"https:\/\/mp-2702.milesopedia.dev\/en\/best-credit-cards-in-canada\/visa\/\">Best Visa Credit Cards page.<\/a><\/p>\n\n\t\t<\/div>\n\t<\/div>\n<\/div>\n\n<\/aside>","protected":false},"excerpt":{"rendered":"<p>Frequent Asked Questions about credit cards Here are some frequently asked questions in the milesopedia community about credit cards in Canada.<\/p>","protected":false},"author":3,"featured_media":430801,"parent":207239,"menu_order":0,"comment_status":"closed","ping_status":"closed","template":"page-toc.php","meta":{"_acf_changed":false,"_relevanssi_hide_post":"","_relevanssi_hide_content":"","_relevanssi_pin_for_all":"","_relevanssi_pin_keywords":"","_relevanssi_unpin_keywords":"","_relevanssi_related_keywords":"","_relevanssi_related_include_ids":"","_relevanssi_related_exclude_ids":"","_relevanssi_related_no_append":"","_relevanssi_related_not_related":"","_relevanssi_related_posts":"","_relevanssi_noindex_reason":"","footnotes":""},"tags":[],"mc_loyalty_program":[],"class_list":["post-48554","page","type-page","status-publish","has-post-thumbnail","hentry"],"acf":[],"yoast_head":"<!-- This site is optimized with the Yoast SEO Premium plugin v27.5 (Yoast SEO v27.5) - https:\/\/yoast.com\/product\/yoast-seo-premium-wordpress\/ -->\n<title>The Best Triangle Credit Cards \u2013 May 2026 | Milesopedia<\/title>\n<meta name=\"description\" content=\"Compare the best Triangle credit cards. Offers and tips for May 2026 on Milesopedia.\" \/>\n<meta name=\"robots\" content=\"index, follow, max-snippet:-1, max-image-preview:large, max-video-preview:-1\" \/>\n<link rel=\"canonical\" href=\"https:\/\/mp-2702.milesopedia.dev\/en\/cards\/triangle\/\" \/>\n<meta property=\"og:locale\" content=\"en_US\" \/>\n<meta property=\"og:type\" content=\"article\" \/>\n<meta property=\"og:title\" content=\"The Best Triangle Credit Cards \u2013 May 2026\" \/>\n<meta property=\"og:description\" content=\"Compare the best Triangle credit cards. Offers and tips for May 2026 on Milesopedia.\" \/>\n<meta property=\"og:url\" content=\"https:\/\/mp-2702.milesopedia.dev\/en\/cards\/triangle\/\" \/>\n<meta property=\"og:site_name\" content=\"Milesopedia\" \/>\n<meta property=\"article:modified_time\" content=\"2026-05-08T16:43:07+00:00\" \/>\n<meta property=\"og:image\" content=\"https:\/\/milesopedia.com\/wp-content\/uploads\/2025\/02\/Banque-Canada-Triangle-1024x538-1.jpg\" \/>\n\t<meta property=\"og:image:width\" content=\"1024\" \/>\n\t<meta property=\"og:image:height\" content=\"538\" \/>\n\t<meta property=\"og:image:type\" content=\"image\/jpeg\" \/>\n<meta name=\"twitter:card\" content=\"summary_large_image\" \/>\n<meta name=\"twitter:label1\" content=\"Est. reading time\" \/>\n\t<meta name=\"twitter:data1\" content=\"1 minute\" \/>\n<script type=\"application\/ld+json\" class=\"yoast-schema-graph\">{\"@context\":\"https:\\\/\\\/schema.org\",\"@graph\":[{\"@type\":\"WebPage\",\"@id\":\"https:\\\/\\\/mp-2702.milesopedia.dev\\\/en\\\/cards\\\/triangle\\\/\",\"url\":\"https:\\\/\\\/mp-2702.milesopedia.dev\\\/en\\\/cards\\\/triangle\\\/\",\"name\":\"Best Triangle Credit Cards - May 2026 - Milesopedia\",\"isPartOf\":{\"@id\":\"https:\\\/\\\/mp-2702.milesopedia.dev\\\/en\\\/#website\"},\"primaryImageOfPage\":{\"@id\":\"https:\\\/\\\/mp-2702.milesopedia.dev\\\/en\\\/cards\\\/triangle\\\/#primaryimage\"},\"image\":{\"@id\":\"https:\\\/\\\/mp-2702.milesopedia.dev\\\/en\\\/cards\\\/triangle\\\/#primaryimage\"},\"thumbnailUrl\":\"https:\\\/\\\/mp-2702.milesopedia.dev\\\/wp-content\\\/uploads\\\/2025\\\/02\\\/Banque-Canada-Triangle-1024x538-1.jpg\",\"datePublished\":\"2026-05-01T04:04:00+00:00\",\"dateModified\":\"2026-05-08T16:43:07+00:00\",\"description\":\"Compare the best Triangle credit cards. Offers and tips for May 2026 on Milesopedia.\",\"inLanguage\":\"en-CA\",\"potentialAction\":[{\"@type\":\"ReadAction\",\"target\":[\"https:\\\/\\\/mp-2702.milesopedia.dev\\\/en\\\/cards\\\/triangle\\\/\"]}]},{\"@type\":\"ImageObject\",\"inLanguage\":\"en-CA\",\"@id\":\"https:\\\/\\\/mp-2702.milesopedia.dev\\\/en\\\/cards\\\/triangle\\\/#primaryimage\",\"url\":\"https:\\\/\\\/mp-2702.milesopedia.dev\\\/wp-content\\\/uploads\\\/2025\\\/02\\\/Banque-Canada-Triangle-1024x538-1.jpg\",\"contentUrl\":\"https:\\\/\\\/mp-2702.milesopedia.dev\\\/wp-content\\\/uploads\\\/2025\\\/02\\\/Banque-Canada-Triangle-1024x538-1.jpg\",\"width\":1024,\"height\":538,\"caption\":\"The Best Triangle Credit Cards \u2013 May 2026 - Triangle\"},{\"@type\":\"WebSite\",\"@id\":\"https:\\\/\\\/mp-2702.milesopedia.dev\\\/en\\\/#website\",\"url\":\"https:\\\/\\\/mp-2702.milesopedia.dev\\\/en\\\/\",\"name\":\"Milesopedia\",\"description\":\"Programmes de fid\u00e9lit\u00e9 et cartes de cr\u00e9dit au Canada\",\"publisher\":{\"@id\":\"https:\\\/\\\/mp-2702.milesopedia.dev\\\/en\\\/#organization\"},\"potentialAction\":[{\"@type\":\"SearchAction\",\"target\":{\"@type\":\"EntryPoint\",\"urlTemplate\":\"https:\\\/\\\/mp-2702.milesopedia.dev\\\/en\\\/?s={search_term_string}\"},\"query-input\":{\"@type\":\"PropertyValueSpecification\",\"valueRequired\":true,\"valueName\":\"search_term_string\"}}],\"inLanguage\":\"en-CA\"},{\"@type\":\"Organization\",\"@id\":\"https:\\\/\\\/mp-2702.milesopedia.dev\\\/en\\\/#organization\",\"name\":\"Milesopedia\",\"url\":\"https:\\\/\\\/mp-2702.milesopedia.dev\\\/en\\\/\",\"logo\":{\"@type\":\"ImageObject\",\"inLanguage\":\"en-CA\",\"@id\":\"https:\\\/\\\/mp-2702.milesopedia.dev\\\/en\\\/#\\\/schema\\\/logo\\\/image\\\/\",\"url\":\"https:\\\/\\\/mp-2702.milesopedia.dev\\\/wp-content\\\/uploads\\\/2025\\\/08\\\/Milesopedia-CANADA.png\",\"contentUrl\":\"https:\\\/\\\/mp-2702.milesopedia.dev\\\/wp-content\\\/uploads\\\/2025\\\/08\\\/Milesopedia-CANADA.png\",\"width\":884,\"height\":203,\"caption\":\"Milesopedia\"},\"image\":{\"@id\":\"https:\\\/\\\/mp-2702.milesopedia.dev\\\/en\\\/#\\\/schema\\\/logo\\\/image\\\/\"}}]}<\/script>\n<!-- \/ Yoast SEO Premium plugin. -->","yoast_head_json":{"title":"The Best Triangle Credit Cards \u2013 May 2026 | Milesopedia","description":"Compare the best Triangle credit cards. Offers and tips for May 2026 on Milesopedia.","robots":{"index":"index","follow":"follow","max-snippet":"max-snippet:-1","max-image-preview":"max-image-preview:large","max-video-preview":"max-video-preview:-1"},"canonical":"https:\/\/mp-2702.milesopedia.dev\/en\/cards\/triangle\/","og_locale":"en_US","og_type":"article","og_title":"The Best Triangle Credit Cards \u2013 May 2026","og_description":"Compare the best Triangle credit cards. Offers and tips for May 2026 on Milesopedia.","og_url":"https:\/\/mp-2702.milesopedia.dev\/en\/cards\/triangle\/","og_site_name":"Milesopedia","article_modified_time":"2026-05-08T16:43:07+00:00","og_image":[{"width":1024,"height":538,"url":"https:\/\/milesopedia.com\/wp-content\/uploads\/2025\/02\/Banque-Canada-Triangle-1024x538-1.jpg","type":"image\/jpeg"}],"twitter_card":"summary_large_image","twitter_misc":{"Est. reading time":"1 minute"},"schema":{"@context":"https:\/\/schema.org","@graph":[{"@type":"WebPage","@id":"https:\/\/mp-2702.milesopedia.dev\/en\/cards\/triangle\/","url":"https:\/\/mp-2702.milesopedia.dev\/en\/cards\/triangle\/","name":"Best Triangle Credit Cards - May 2026 - Milesopedia","isPartOf":{"@id":"https:\/\/mp-2702.milesopedia.dev\/en\/#website"},"primaryImageOfPage":{"@id":"https:\/\/mp-2702.milesopedia.dev\/en\/cards\/triangle\/#primaryimage"},"image":{"@id":"https:\/\/mp-2702.milesopedia.dev\/en\/cards\/triangle\/#primaryimage"},"thumbnailUrl":"https:\/\/mp-2702.milesopedia.dev\/wp-content\/uploads\/2025\/02\/Banque-Canada-Triangle-1024x538-1.jpg","datePublished":"2026-05-01T04:04:00+00:00","dateModified":"2026-05-08T16:43:07+00:00","description":"Compare the best Triangle credit cards. Offers and tips for May 2026 on Milesopedia.","inLanguage":"en-CA","potentialAction":[{"@type":"ReadAction","target":["https:\/\/mp-2702.milesopedia.dev\/en\/cards\/triangle\/"]}]},{"@type":"ImageObject","inLanguage":"en-CA","@id":"https:\/\/mp-2702.milesopedia.dev\/en\/cards\/triangle\/#primaryimage","url":"https:\/\/mp-2702.milesopedia.dev\/wp-content\/uploads\/2025\/02\/Banque-Canada-Triangle-1024x538-1.jpg","contentUrl":"https:\/\/mp-2702.milesopedia.dev\/wp-content\/uploads\/2025\/02\/Banque-Canada-Triangle-1024x538-1.jpg","width":1024,"height":538,"caption":"The Best Triangle Credit Cards \u2013 May 2026 - Triangle"},{"@type":"WebSite","@id":"https:\/\/mp-2702.milesopedia.dev\/en\/#website","url":"https:\/\/mp-2702.milesopedia.dev\/en\/","name":"Milesopedia","description":"Programmes de fid\u00e9lit\u00e9 et cartes de cr\u00e9dit au Canada","publisher":{"@id":"https:\/\/mp-2702.milesopedia.dev\/en\/#organization"},"potentialAction":[{"@type":"SearchAction","target":{"@type":"EntryPoint","urlTemplate":"https:\/\/mp-2702.milesopedia.dev\/en\/?s={search_term_string}"},"query-input":{"@type":"PropertyValueSpecification","valueRequired":true,"valueName":"search_term_string"}}],"inLanguage":"en-CA"},{"@type":"Organization","@id":"https:\/\/mp-2702.milesopedia.dev\/en\/#organization","name":"Milesopedia","url":"https:\/\/mp-2702.milesopedia.dev\/en\/","logo":{"@type":"ImageObject","inLanguage":"en-CA","@id":"https:\/\/mp-2702.milesopedia.dev\/en\/#\/schema\/logo\/image\/","url":"https:\/\/mp-2702.milesopedia.dev\/wp-content\/uploads\/2025\/08\/Milesopedia-CANADA.png","contentUrl":"https:\/\/mp-2702.milesopedia.dev\/wp-content\/uploads\/2025\/08\/Milesopedia-CANADA.png","width":884,"height":203,"caption":"Milesopedia"},"image":{"@id":"https:\/\/mp-2702.milesopedia.dev\/en\/#\/schema\/logo\/image\/"}}]}},"_links":{"self":[{"href":"https:\/\/mp-2702.milesopedia.dev\/en\/wp-json\/wp\/v2\/pages\/48554","targetHints":{"allow":["GET"]}}],"collection":[{"href":"https:\/\/mp-2702.milesopedia.dev\/en\/wp-json\/wp\/v2\/pages"}],"about":[{"href":"https:\/\/mp-2702.milesopedia.dev\/en\/wp-json\/wp\/v2\/types\/page"}],"author":[{"embeddable":true,"href":"https:\/\/mp-2702.milesopedia.dev\/en\/wp-json\/wp\/v2\/users\/3"}],"replies":[{"embeddable":true,"href":"https:\/\/mp-2702.milesopedia.dev\/en\/wp-json\/wp\/v2\/comments?post=48554"}],"version-history":[{"count":5,"href":"https:\/\/mp-2702.milesopedia.dev\/en\/wp-json\/wp\/v2\/pages\/48554\/revisions"}],"predecessor-version":[{"id":495438,"href":"https:\/\/mp-2702.milesopedia.dev\/en\/wp-json\/wp\/v2\/pages\/48554\/revisions\/495438"}],"up":[{"embeddable":true,"href":"https:\/\/mp-2702.milesopedia.dev\/en\/wp-json\/wp\/v2\/pages\/207239"}],"wp:featuredmedia":[{"embeddable":true,"href":"https:\/\/mp-2702.milesopedia.dev\/en\/wp-json\/wp\/v2\/media\/430801"}],"wp:attachment":[{"href":"https:\/\/mp-2702.milesopedia.dev\/en\/wp-json\/wp\/v2\/media?parent=48554"}],"wp:term":[{"taxonomy":"post_tag","embeddable":true,"href":"https:\/\/mp-2702.milesopedia.dev\/en\/wp-json\/wp\/v2\/tags?post=48554"},{"taxonomy":"mc_loyalty_program","embeddable":true,"href":"https:\/\/mp-2702.milesopedia.dev\/en\/wp-json\/wp\/v2\/mc_loyalty_program?post=48554"}],"curies":[{"name":"wp","href":"https:\/\/api.w.org\/{rel}","templated":true}]}}