{"id":384898,"date":"2024-05-28T22:05:00","date_gmt":"2024-05-29T02:05:00","guid":{"rendered":"https:\/\/mp-2702.milesopedia.dev\/compare\/mortgage-rates\/"},"modified":"2026-05-08T16:43:07","modified_gmt":"2026-05-08T16:43:07","slug":"compare-mortgage-rates","status":"publish","type":"page","link":"https:\/\/mp-2702.milesopedia.dev\/en\/compare-mortgage-rates\/","title":{"rendered":"Compare mortgage rates from banks in Canada"},"content":{"rendered":"<aside class=\"component component__deferred_contents wp-block-milesgutenberg-deferred-contents\">\n\t\t\t\t<div\n\t\t\t\tdata-template='l'\n\t\t\t\tdata-post_type='post'\n\t\t\t\tdata-per_page='4'\n\t\t\t\tclass='deferred_container--preload container_post container_template--l container_count--1'\n\n\t\t\t\t\t\t\t\t\tdata-tag=\"post_id\"\n\t\t\t\t\t\t\tdata-post_ids=\"313442\"\n\t\t\t\t\t\t\t>\n\t\t<article class=\"post-preview\">\n\n    <div class=\"post-preview-thumbnail\">\n\t    <div class=\"shimmer shimmer-dark shimmer-image\"><\/div>\n    <\/div>\n\n    <div class=\"post-preview-content shimmer-post-preview-content\">\n        <div class=\"simmer-bar-group\">\n            <div class=\"shimmer shimmer-dark shimmer-bar\"><\/div>\n            <div class=\"shimmer shimmer-dark shimmer-bar\"><\/div>\n            <div class=\"shimmer shimmer-dark shimmer-bar\"><\/div>\n        <\/div>\n\n    <\/div>\n<\/article>\t\t<\/div>\n\n\t\t<\/aside>\n\n\n<aside class=\"component component__deferred_contents wp-block-milesgutenberg-deferred-contents\">\n\t\t\t\t<div\n\t\t\t\tdata-template='m'\n\t\t\t\tdata-post_type='post'\n\t\t\t\tdata-per_page='30'\n\t\t\t\tclass='deferred_container--preload container_post container_template--m container_count--18 container_count--lots'\n\n\t\t\t\t\t\t\t\t\tdata-tag=\"post_id\"\n\t\t\t\t\t\t\tdata-post_ids=\"348132,210648,210644,210645,210643,210588,210587,210599,210597,210598,210600,232198,210602,210603,210606,210604,210605,210627\"\n\t\t\t\t\t\t\t>\n\t\t<article class=\"post-preview\">\n\n<div class=\"post-preview-thumbnail\">\n\t<div class=\"shimmer shimmer-image\"><\/div>\n<\/div>\n\n<div class=\"post-preview-content\" style=\"top: 1em;\">\n\t<div class=\"simmer-bar-group\">\n\t\t<div class=\"shimmer shimmer-bar\"><\/div>\n\t\t<div class=\"shimmer shimmer-bar\"><\/div>\n\t\t<div class=\"shimmer shimmer-bar\"><\/div>\n\t<\/div>\n<\/div>\n<\/article><article class=\"post-preview\">\n\n<div class=\"post-preview-thumbnail\">\n\t<div class=\"shimmer shimmer-image\"><\/div>\n<\/div>\n\n<div class=\"post-preview-content\" style=\"top: 1em;\">\n\t<div class=\"simmer-bar-group\">\n\t\t<div class=\"shimmer shimmer-bar\"><\/div>\n\t\t<div class=\"shimmer shimmer-bar\"><\/div>\n\t\t<div class=\"shimmer shimmer-bar\"><\/div>\n\t<\/div>\n<\/div>\n<\/article><article class=\"post-preview\">\n\n<div class=\"post-preview-thumbnail\">\n\t<div class=\"shimmer shimmer-image\"><\/div>\n<\/div>\n\n<div class=\"post-preview-content\" style=\"top: 1em;\">\n\t<div class=\"simmer-bar-group\">\n\t\t<div class=\"shimmer shimmer-bar\"><\/div>\n\t\t<div class=\"shimmer shimmer-bar\"><\/div>\n\t\t<div class=\"shimmer shimmer-bar\"><\/div>\n\t<\/div>\n<\/div>\n<\/article><article class=\"post-preview\">\n\n<div class=\"post-preview-thumbnail\">\n\t<div class=\"shimmer shimmer-image\"><\/div>\n<\/div>\n\n<div class=\"post-preview-content\" style=\"top: 1em;\">\n\t<div class=\"simmer-bar-group\">\n\t\t<div class=\"shimmer shimmer-bar\"><\/div>\n\t\t<div class=\"shimmer shimmer-bar\"><\/div>\n\t\t<div class=\"shimmer shimmer-bar\"><\/div>\n\t<\/div>\n<\/div>\n<\/article><article class=\"post-preview\">\n\n<div class=\"post-preview-thumbnail\">\n\t<div class=\"shimmer shimmer-image\"><\/div>\n<\/div>\n\n<div class=\"post-preview-content\" style=\"top: 1em;\">\n\t<div class=\"simmer-bar-group\">\n\t\t<div class=\"shimmer shimmer-bar\"><\/div>\n\t\t<div class=\"shimmer shimmer-bar\"><\/div>\n\t\t<div class=\"shimmer shimmer-bar\"><\/div>\n\t<\/div>\n<\/div>\n<\/article><article class=\"post-preview\">\n\n<div class=\"post-preview-thumbnail\">\n\t<div class=\"shimmer shimmer-image\"><\/div>\n<\/div>\n\n<div class=\"post-preview-content\" style=\"top: 1em;\">\n\t<div class=\"simmer-bar-group\">\n\t\t<div class=\"shimmer shimmer-bar\"><\/div>\n\t\t<div class=\"shimmer shimmer-bar\"><\/div>\n\t\t<div class=\"shimmer shimmer-bar\"><\/div>\n\t<\/div>\n<\/div>\n<\/article><article class=\"post-preview\">\n\n<div class=\"post-preview-thumbnail\">\n\t<div class=\"shimmer shimmer-image\"><\/div>\n<\/div>\n\n<div class=\"post-preview-content\" style=\"top: 1em;\">\n\t<div class=\"simmer-bar-group\">\n\t\t<div class=\"shimmer shimmer-bar\"><\/div>\n\t\t<div class=\"shimmer shimmer-bar\"><\/div>\n\t\t<div class=\"shimmer shimmer-bar\"><\/div>\n\t<\/div>\n<\/div>\n<\/article><article class=\"post-preview\">\n\n<div class=\"post-preview-thumbnail\">\n\t<div class=\"shimmer shimmer-image\"><\/div>\n<\/div>\n\n<div class=\"post-preview-content\" style=\"top: 1em;\">\n\t<div class=\"simmer-bar-group\">\n\t\t<div class=\"shimmer shimmer-bar\"><\/div>\n\t\t<div class=\"shimmer shimmer-bar\"><\/div>\n\t\t<div class=\"shimmer shimmer-bar\"><\/div>\n\t<\/div>\n<\/div>\n<\/article><article class=\"post-preview\">\n\n<div class=\"post-preview-thumbnail\">\n\t<div class=\"shimmer shimmer-image\"><\/div>\n<\/div>\n\n<div class=\"post-preview-content\" style=\"top: 1em;\">\n\t<div class=\"simmer-bar-group\">\n\t\t<div class=\"shimmer shimmer-bar\"><\/div>\n\t\t<div class=\"shimmer shimmer-bar\"><\/div>\n\t\t<div class=\"shimmer shimmer-bar\"><\/div>\n\t<\/div>\n<\/div>\n<\/article><article class=\"post-preview\">\n\n<div class=\"post-preview-thumbnail\">\n\t<div class=\"shimmer shimmer-image\"><\/div>\n<\/div>\n\n<div class=\"post-preview-content\" style=\"top: 1em;\">\n\t<div class=\"simmer-bar-group\">\n\t\t<div class=\"shimmer shimmer-bar\"><\/div>\n\t\t<div class=\"shimmer shimmer-bar\"><\/div>\n\t\t<div class=\"shimmer shimmer-bar\"><\/div>\n\t<\/div>\n<\/div>\n<\/article><article class=\"post-preview\">\n\n<div class=\"post-preview-thumbnail\">\n\t<div class=\"shimmer shimmer-image\"><\/div>\n<\/div>\n\n<div class=\"post-preview-content\" style=\"top: 1em;\">\n\t<div class=\"simmer-bar-group\">\n\t\t<div class=\"shimmer shimmer-bar\"><\/div>\n\t\t<div class=\"shimmer shimmer-bar\"><\/div>\n\t\t<div class=\"shimmer shimmer-bar\"><\/div>\n\t<\/div>\n<\/div>\n<\/article><article class=\"post-preview\">\n\n<div class=\"post-preview-thumbnail\">\n\t<div class=\"shimmer shimmer-image\"><\/div>\n<\/div>\n\n<div class=\"post-preview-content\" style=\"top: 1em;\">\n\t<div class=\"simmer-bar-group\">\n\t\t<div class=\"shimmer shimmer-bar\"><\/div>\n\t\t<div class=\"shimmer shimmer-bar\"><\/div>\n\t\t<div class=\"shimmer shimmer-bar\"><\/div>\n\t<\/div>\n<\/div>\n<\/article><article class=\"post-preview\">\n\n<div class=\"post-preview-thumbnail\">\n\t<div class=\"shimmer shimmer-image\"><\/div>\n<\/div>\n\n<div class=\"post-preview-content\" style=\"top: 1em;\">\n\t<div class=\"simmer-bar-group\">\n\t\t<div class=\"shimmer shimmer-bar\"><\/div>\n\t\t<div class=\"shimmer shimmer-bar\"><\/div>\n\t\t<div class=\"shimmer shimmer-bar\"><\/div>\n\t<\/div>\n<\/div>\n<\/article><article class=\"post-preview\">\n\n<div class=\"post-preview-thumbnail\">\n\t<div class=\"shimmer shimmer-image\"><\/div>\n<\/div>\n\n<div class=\"post-preview-content\" style=\"top: 1em;\">\n\t<div class=\"simmer-bar-group\">\n\t\t<div class=\"shimmer shimmer-bar\"><\/div>\n\t\t<div class=\"shimmer shimmer-bar\"><\/div>\n\t\t<div class=\"shimmer shimmer-bar\"><\/div>\n\t<\/div>\n<\/div>\n<\/article><article class=\"post-preview\">\n\n<div class=\"post-preview-thumbnail\">\n\t<div class=\"shimmer shimmer-image\"><\/div>\n<\/div>\n\n<div class=\"post-preview-content\" style=\"top: 1em;\">\n\t<div class=\"simmer-bar-group\">\n\t\t<div class=\"shimmer shimmer-bar\"><\/div>\n\t\t<div class=\"shimmer shimmer-bar\"><\/div>\n\t\t<div class=\"shimmer shimmer-bar\"><\/div>\n\t<\/div>\n<\/div>\n<\/article><article class=\"post-preview\">\n\n<div class=\"post-preview-thumbnail\">\n\t<div class=\"shimmer shimmer-image\"><\/div>\n<\/div>\n\n<div class=\"post-preview-content\" style=\"top: 1em;\">\n\t<div class=\"simmer-bar-group\">\n\t\t<div class=\"shimmer shimmer-bar\"><\/div>\n\t\t<div class=\"shimmer shimmer-bar\"><\/div>\n\t\t<div class=\"shimmer shimmer-bar\"><\/div>\n\t<\/div>\n<\/div>\n<\/article><article class=\"post-preview\">\n\n<div class=\"post-preview-thumbnail\">\n\t<div class=\"shimmer shimmer-image\"><\/div>\n<\/div>\n\n<div class=\"post-preview-content\" style=\"top: 1em;\">\n\t<div class=\"simmer-bar-group\">\n\t\t<div class=\"shimmer shimmer-bar\"><\/div>\n\t\t<div class=\"shimmer shimmer-bar\"><\/div>\n\t\t<div class=\"shimmer shimmer-bar\"><\/div>\n\t<\/div>\n<\/div>\n<\/article><article class=\"post-preview\">\n\n<div class=\"post-preview-thumbnail\">\n\t<div class=\"shimmer shimmer-image\"><\/div>\n<\/div>\n\n<div class=\"post-preview-content\" style=\"top: 1em;\">\n\t<div class=\"simmer-bar-group\">\n\t\t<div class=\"shimmer shimmer-bar\"><\/div>\n\t\t<div class=\"shimmer shimmer-bar\"><\/div>\n\t\t<div class=\"shimmer shimmer-bar\"><\/div>\n\t<\/div>\n<\/div>\n<\/article>\t\t<\/div>\n\n\t\t<\/aside>\n\n\n\n<h2 class=\"wp-block-heading\" id=\"h-frequently-asked-questions-about-mortgage-rates-in-canada\">Frequently asked questions about mortgage rates in Canada<\/h2>\n\n\n<aside class=\"component component__faq wp-block-milesgutenberg-faq\">\n\t\n<div class=\"component component__faq__item component__faq__item--opened wp-block-milesgutenberg-faq-item\">\n\t<div class=\"component__faq__item__title\">\n\t\t<h4 id=\"what_is_a_mortgage_rate_and_how_does_it_work_\" class=\"toc_exclude component__faq__item__title__heading\">\n\t\t\tWhat is a mortgage rate and how does it work?\t\t<\/h4>\n\t\t<i class=\"fas fa-chevron-down\"><\/i>\n\t<\/div>\n\t<div class=\"component__faq__item__content\">\n\t\t<div class=\"component__faq__item__content__inner\">\n\t\t\t\n\n<p>A mortgage rate is the percentage that lenders charge on the amount borrowed to purchase a property. This rate determines the amount of interest you will pay in addition to the principal. Rates can be fixed, where they remain constant throughout the term of the loan, or variable, where they can fluctuate based on market conditions.<\/p>\n\n\t\t<\/div>\n\t<\/div>\n<\/div>\n\n\n<div class=\"component component__faq__item component__faq__item--opened wp-block-milesgutenberg-faq-item\">\n\t<div class=\"component__faq__item__title\">\n\t\t<h4 id=\"what_types_of_mortgage_rates_are_available_in_canada_\" class=\"toc_exclude component__faq__item__title__heading\">\n\t\t\tWhat types of mortgage rates are available in Canada?\t\t<\/h4>\n\t\t<i class=\"fas fa-chevron-down\"><\/i>\n\t<\/div>\n\t<div class=\"component__faq__item__content\">\n\t\t<div class=\"component__faq__item__content__inner\">\n\t\t\t\n\n<p>In <a class=\"wpil_keyword_link\" href=\"https:\/\/mp-2702.milesopedia.dev\/en\/news\/canada-strong-pass\/\" title=\"Stronger Frontiers Pass: How to save on your Canadian adventures this summer\" data-wpil-keyword-link=\"linked\" data-wpil-monitor-id=\"951\">Canada<\/a>, the main types of mortgage rates are fixed and variable rates. A fixed rate remains the same for the entire mortgage term, while a <a class=\"wpil_keyword_link\" href=\"https:\/\/mp-2702.milesopedia.dev\/en\/personal-finance\/mortgages\/variable-and-fixed-rate-mortgages-in-canada\/\" title=\"Mortgages: Variable and fixed-rate mortgages in Canada\" data-wpil-keyword-link=\"linked\" data-wpil-monitor-id=\"952\">variable rate<\/a> can change based on fluctuations in the banks&#8217; prime rate.<\/p>\n\n\t\t<\/div>\n\t<\/div>\n<\/div>\n\n\n<div class=\"component component__faq__item component__faq__item--opened wp-block-milesgutenberg-faq-item\">\n\t<div class=\"component__faq__item__title\">\n\t\t<h4 id=\"how_can_i_get_the_best_mortgage_rate_\" class=\"toc_exclude component__faq__item__title__heading\">\n\t\t\tHow can I get the best mortgage rate?\t\t<\/h4>\n\t\t<i class=\"fas fa-chevron-down\"><\/i>\n\t<\/div>\n\t<div class=\"component__faq__item__content\">\n\t\t<div class=\"component__faq__item__content__inner\">\n\t\t\t\n\n<p>To get the best <a class=\"wpil_keyword_link\" href=\"https:\/\/mp-2702.milesopedia.dev\/en\/personal-finance\/mortgages\/nesto-best-morgage-rates\/\" title=\"nesto: How to get the best mortgage rates in Canada\" data-wpil-keyword-link=\"linked\" data-wpil-monitor-id=\"950\">mortgage rate<\/a>, compare offers from different lenders, improve your credit score, increase your down payment, and consider consulting a mortgage broker who can negotiate on your behalf. Also, keep an eye out for promotions and special offers from lenders.<\/p>\n\n\t\t<\/div>\n\t<\/div>\n<\/div>\n\n\n<div class=\"component component__faq__item component__faq__item--opened wp-block-milesgutenberg-faq-item\">\n\t<div class=\"component__faq__item__title\">\n\t\t<h4 id=\"what_is_the_difference_between_a_fixed_mortgage_rate_and_a_variable_mortgage_rate_\" class=\"toc_exclude component__faq__item__title__heading\">\n\t\t\tWhat is the difference between a fixed mortgage rate and a variable mortgage rate?\t\t<\/h4>\n\t\t<i class=\"fas fa-chevron-down\"><\/i>\n\t<\/div>\n\t<div class=\"component__faq__item__content\">\n\t\t<div class=\"component__faq__item__content__inner\">\n\t\t\t\n\n<p>A fixed mortgage rate remains constant throughout the term of the loan, offering predictable monthly payments. In contrast, a <a class=\"wpil_keyword_link\" href=\"https:\/\/mp-2702.milesopedia.dev\/en\/personal-finance\/mortgages\/mortgage-premium-fixed-rate-variable-canada\/\" title=\"Mortgages: Should you get a fixed or variable mortgage in Canada?\" data-wpil-keyword-link=\"linked\" data-wpil-monitor-id=\"953\">variable mortgage rate<\/a> can change periodically based on fluctuations in the banks&#8217; prime rate, which can lead to varying monthly payments.<\/p>\n\n\t\t<\/div>\n\t<\/div>\n<\/div>\n\n\n<div class=\"component component__faq__item component__faq__item--opened wp-block-milesgutenberg-faq-item\">\n\t<div class=\"component__faq__item__title\">\n\t\t<h4 id=\"what_is_a_promotional_mortgage_rate_and_how_does_it_differ_from_standard_rates_\" class=\"toc_exclude component__faq__item__title__heading\">\n\t\t\tWhat is a promotional mortgage rate and how does it differ from standard rates?\t\t<\/h4>\n\t\t<i class=\"fas fa-chevron-down\"><\/i>\n\t<\/div>\n\t<div class=\"component__faq__item__content\">\n\t\t<div class=\"component__faq__item__content__inner\">\n\t\t\t\n\n<p>A promotional mortgage rate is a discounted rate offered by lenders for a limited time to attract new customers. These rates are typically lower than standard rates but may revert to a higher rate after the promotional period.  Understanding the conditions and duration of the promotion before committing is essential.<\/p>\n\n\t\t<\/div>\n\t<\/div>\n<\/div>\n\n\n<div class=\"component component__faq__item component__faq__item--opened wp-block-milesgutenberg-faq-item\">\n\t<div class=\"component__faq__item__title\">\n\t\t<h4 id=\"where_to_get_the_best_mortgage_rates_in_canada_\" class=\"toc_exclude component__faq__item__title__heading\">\n\t\t\tWhere to get the best mortgage rates in Canada?\t\t<\/h4>\n\t\t<i class=\"fas fa-chevron-down\"><\/i>\n\t<\/div>\n\t<div class=\"component__faq__item__content\">\n\t\t<div class=\"component__faq__item__content__inner\">\n\t\t\t\n\n<p>You can compare the best mortgage rates online using our <a title=\"Nesto\" href=\"https:\/\/mp-2702.milesopedia.dev\/en\/go\/nesto\/\" rel=\"noindex\">mortgage rate comparison tool<\/a>.<\/p>\n\n\t\t<\/div>\n\t<\/div>\n<\/div>\n\n<\/aside>","protected":false},"excerpt":{"rendered":"<p>Frequently asked questions about mortgage rates in Canada<\/p>","protected":false},"author":3,"featured_media":0,"parent":0,"menu_order":0,"comment_status":"closed","ping_status":"closed","template":"page-landing.php","meta":{"_acf_changed":false,"_relevanssi_hide_post":"","_relevanssi_hide_content":"","_relevanssi_pin_for_all":"","_relevanssi_pin_keywords":"","_relevanssi_unpin_keywords":"","_relevanssi_related_keywords":"","_relevanssi_related_include_ids":"","_relevanssi_related_exclude_ids":"","_relevanssi_related_no_append":"","_relevanssi_related_not_related":"","_relevanssi_related_posts":"","_relevanssi_noindex_reason":"","footnotes":""},"tags":[],"mc_loyalty_program":[],"class_list":["post-384898","page","type-page","status-publish","hentry"],"acf":[],"yoast_head":"<!-- This site is optimized with the Yoast SEO Premium plugin v27.5 (Yoast SEO v27.5) - https:\/\/yoast.com\/product\/yoast-seo-premium-wordpress\/ -->\n<title>Compare mortgage rates from banks in Canada | Milesopedia<\/title>\n<meta name=\"description\" content=\"Compare the best mortgage rates from major banks in Canada and find the ideal option to finance your property purchase.\" \/>\n<meta name=\"robots\" content=\"index, follow, max-snippet:-1, max-image-preview:large, max-video-preview:-1\" \/>\n<link rel=\"canonical\" href=\"https:\/\/mp-2702.milesopedia.dev\/en\/compare-mortgage-rates\/\" \/>\n<meta property=\"og:locale\" content=\"en_US\" \/>\n<meta property=\"og:type\" content=\"article\" \/>\n<meta property=\"og:title\" content=\"Compare mortgage rates from banks in Canada\" \/>\n<meta property=\"og:description\" content=\"Compare the best mortgage rates from major banks in Canada and find the ideal option to finance your property purchase.\" \/>\n<meta property=\"og:url\" content=\"https:\/\/mp-2702.milesopedia.dev\/en\/compare-mortgage-rates\/\" \/>\n<meta property=\"og:site_name\" content=\"Milesopedia\" \/>\n<meta property=\"article:modified_time\" content=\"2026-05-08T16:43:07+00:00\" \/>\n<meta name=\"twitter:card\" content=\"summary_large_image\" \/>\n<meta name=\"twitter:label1\" content=\"Est. reading time\" \/>\n\t<meta name=\"twitter:data1\" content=\"2 minutes\" \/>\n<script type=\"application\/ld+json\" class=\"yoast-schema-graph\">{\"@context\":\"https:\\\/\\\/schema.org\",\"@graph\":[{\"@type\":\"WebPage\",\"@id\":\"https:\\\/\\\/mp-2702.milesopedia.dev\\\/en\\\/compare-mortgage-rates\\\/\",\"url\":\"https:\\\/\\\/mp-2702.milesopedia.dev\\\/en\\\/compare-mortgage-rates\\\/\",\"name\":\"Compare mortgage rates from banks in Canada - Milesopedia\",\"isPartOf\":{\"@id\":\"https:\\\/\\\/mp-2702.milesopedia.dev\\\/en\\\/#website\"},\"datePublished\":\"2024-05-29T02:05:00+00:00\",\"dateModified\":\"2026-05-08T16:43:07+00:00\",\"description\":\"Compare the best mortgage rates from major banks in Canada and find the ideal option to finance your property purchase.\",\"inLanguage\":\"en-CA\",\"potentialAction\":[{\"@type\":\"ReadAction\",\"target\":[\"https:\\\/\\\/mp-2702.milesopedia.dev\\\/en\\\/compare-mortgage-rates\\\/\"]}]},{\"@type\":\"WebSite\",\"@id\":\"https:\\\/\\\/mp-2702.milesopedia.dev\\\/en\\\/#website\",\"url\":\"https:\\\/\\\/mp-2702.milesopedia.dev\\\/en\\\/\",\"name\":\"Milesopedia\",\"description\":\"Programmes de fid\u00e9lit\u00e9 et cartes de cr\u00e9dit au Canada\",\"publisher\":{\"@id\":\"https:\\\/\\\/mp-2702.milesopedia.dev\\\/en\\\/#organization\"},\"potentialAction\":[{\"@type\":\"SearchAction\",\"target\":{\"@type\":\"EntryPoint\",\"urlTemplate\":\"https:\\\/\\\/mp-2702.milesopedia.dev\\\/en\\\/?s={search_term_string}\"},\"query-input\":{\"@type\":\"PropertyValueSpecification\",\"valueRequired\":true,\"valueName\":\"search_term_string\"}}],\"inLanguage\":\"en-CA\"},{\"@type\":\"Organization\",\"@id\":\"https:\\\/\\\/mp-2702.milesopedia.dev\\\/en\\\/#organization\",\"name\":\"Milesopedia\",\"url\":\"https:\\\/\\\/mp-2702.milesopedia.dev\\\/en\\\/\",\"logo\":{\"@type\":\"ImageObject\",\"inLanguage\":\"en-CA\",\"@id\":\"https:\\\/\\\/mp-2702.milesopedia.dev\\\/en\\\/#\\\/schema\\\/logo\\\/image\\\/\",\"url\":\"https:\\\/\\\/mp-2702.milesopedia.dev\\\/wp-content\\\/uploads\\\/2025\\\/08\\\/Milesopedia-CANADA.png\",\"contentUrl\":\"https:\\\/\\\/mp-2702.milesopedia.dev\\\/wp-content\\\/uploads\\\/2025\\\/08\\\/Milesopedia-CANADA.png\",\"width\":884,\"height\":203,\"caption\":\"Milesopedia\"},\"image\":{\"@id\":\"https:\\\/\\\/mp-2702.milesopedia.dev\\\/en\\\/#\\\/schema\\\/logo\\\/image\\\/\"}}]}<\/script>\n<!-- \/ Yoast SEO Premium plugin. -->","yoast_head_json":{"title":"Compare mortgage rates from banks in Canada | Milesopedia","description":"Compare the best mortgage rates from major banks in Canada and find the ideal option to finance your property purchase.","robots":{"index":"index","follow":"follow","max-snippet":"max-snippet:-1","max-image-preview":"max-image-preview:large","max-video-preview":"max-video-preview:-1"},"canonical":"https:\/\/mp-2702.milesopedia.dev\/en\/compare-mortgage-rates\/","og_locale":"en_US","og_type":"article","og_title":"Compare mortgage rates from banks in Canada","og_description":"Compare the best mortgage rates from major banks in Canada and find the ideal option to finance your property purchase.","og_url":"https:\/\/mp-2702.milesopedia.dev\/en\/compare-mortgage-rates\/","og_site_name":"Milesopedia","article_modified_time":"2026-05-08T16:43:07+00:00","twitter_card":"summary_large_image","twitter_misc":{"Est. reading time":"2 minutes"},"schema":{"@context":"https:\/\/schema.org","@graph":[{"@type":"WebPage","@id":"https:\/\/mp-2702.milesopedia.dev\/en\/compare-mortgage-rates\/","url":"https:\/\/mp-2702.milesopedia.dev\/en\/compare-mortgage-rates\/","name":"Compare mortgage rates from banks in Canada - Milesopedia","isPartOf":{"@id":"https:\/\/mp-2702.milesopedia.dev\/en\/#website"},"datePublished":"2024-05-29T02:05:00+00:00","dateModified":"2026-05-08T16:43:07+00:00","description":"Compare the best mortgage rates from major banks in Canada and find the ideal option to finance your property purchase.","inLanguage":"en-CA","potentialAction":[{"@type":"ReadAction","target":["https:\/\/mp-2702.milesopedia.dev\/en\/compare-mortgage-rates\/"]}]},{"@type":"WebSite","@id":"https:\/\/mp-2702.milesopedia.dev\/en\/#website","url":"https:\/\/mp-2702.milesopedia.dev\/en\/","name":"Milesopedia","description":"Programmes de fid\u00e9lit\u00e9 et cartes de cr\u00e9dit au Canada","publisher":{"@id":"https:\/\/mp-2702.milesopedia.dev\/en\/#organization"},"potentialAction":[{"@type":"SearchAction","target":{"@type":"EntryPoint","urlTemplate":"https:\/\/mp-2702.milesopedia.dev\/en\/?s={search_term_string}"},"query-input":{"@type":"PropertyValueSpecification","valueRequired":true,"valueName":"search_term_string"}}],"inLanguage":"en-CA"},{"@type":"Organization","@id":"https:\/\/mp-2702.milesopedia.dev\/en\/#organization","name":"Milesopedia","url":"https:\/\/mp-2702.milesopedia.dev\/en\/","logo":{"@type":"ImageObject","inLanguage":"en-CA","@id":"https:\/\/mp-2702.milesopedia.dev\/en\/#\/schema\/logo\/image\/","url":"https:\/\/mp-2702.milesopedia.dev\/wp-content\/uploads\/2025\/08\/Milesopedia-CANADA.png","contentUrl":"https:\/\/mp-2702.milesopedia.dev\/wp-content\/uploads\/2025\/08\/Milesopedia-CANADA.png","width":884,"height":203,"caption":"Milesopedia"},"image":{"@id":"https:\/\/mp-2702.milesopedia.dev\/en\/#\/schema\/logo\/image\/"}}]}},"_links":{"self":[{"href":"https:\/\/mp-2702.milesopedia.dev\/en\/wp-json\/wp\/v2\/pages\/384898","targetHints":{"allow":["GET"]}}],"collection":[{"href":"https:\/\/mp-2702.milesopedia.dev\/en\/wp-json\/wp\/v2\/pages"}],"about":[{"href":"https:\/\/mp-2702.milesopedia.dev\/en\/wp-json\/wp\/v2\/types\/page"}],"author":[{"embeddable":true,"href":"https:\/\/mp-2702.milesopedia.dev\/en\/wp-json\/wp\/v2\/users\/3"}],"replies":[{"embeddable":true,"href":"https:\/\/mp-2702.milesopedia.dev\/en\/wp-json\/wp\/v2\/comments?post=384898"}],"version-history":[{"count":1,"href":"https:\/\/mp-2702.milesopedia.dev\/en\/wp-json\/wp\/v2\/pages\/384898\/revisions"}],"predecessor-version":[{"id":490275,"href":"https:\/\/mp-2702.milesopedia.dev\/en\/wp-json\/wp\/v2\/pages\/384898\/revisions\/490275"}],"wp:attachment":[{"href":"https:\/\/mp-2702.milesopedia.dev\/en\/wp-json\/wp\/v2\/media?parent=384898"}],"wp:term":[{"taxonomy":"post_tag","embeddable":true,"href":"https:\/\/mp-2702.milesopedia.dev\/en\/wp-json\/wp\/v2\/tags?post=384898"},{"taxonomy":"mc_loyalty_program","embeddable":true,"href":"https:\/\/mp-2702.milesopedia.dev\/en\/wp-json\/wp\/v2\/mc_loyalty_program?post=384898"}],"curies":[{"name":"wp","href":"https:\/\/api.w.org\/{rel}","templated":true}]}}