{"id":383695,"date":"2024-05-28T01:11:00","date_gmt":"2024-05-28T05:11:00","guid":{"rendered":"https:\/\/mp-2702.milesopedia.dev\/compare\/travel-insurance\/"},"modified":"2026-05-08T16:43:07","modified_gmt":"2026-05-08T16:43:07","slug":"compare-travel-insurance","status":"publish","type":"page","link":"https:\/\/mp-2702.milesopedia.dev\/en\/compare-travel-insurance\/","title":{"rendered":"Compare Travel Insurance"},"content":{"rendered":"<aside class=\"component component__deferred_contents wp-block-milesgutenberg-deferred-contents\">\n\t\t\t\t<div\n\t\t\t\tdata-template='l'\n\t\t\t\tdata-post_type='post'\n\t\t\t\tdata-per_page='4'\n\t\t\t\tclass='deferred_container--preload container_post container_template--l container_count--1'\n\n\t\t\t\t\t\t\t\t\tdata-tag=\"post_id\"\n\t\t\t\t\t\t\tdata-post_ids=\"291252\"\n\t\t\t\t\t\t\t>\n\t\t<article class=\"post-preview\">\n\n    <div class=\"post-preview-thumbnail\">\n\t    <div class=\"shimmer shimmer-dark shimmer-image\"><\/div>\n    <\/div>\n\n    <div class=\"post-preview-content shimmer-post-preview-content\">\n        <div class=\"simmer-bar-group\">\n            <div class=\"shimmer shimmer-dark shimmer-bar\"><\/div>\n            <div class=\"shimmer shimmer-dark shimmer-bar\"><\/div>\n            <div class=\"shimmer shimmer-dark shimmer-bar\"><\/div>\n        <\/div>\n\n    <\/div>\n<\/article>\t\t<\/div>\n\n\t\t<\/aside>\n\n\n<aside class=\"component component__deferred_contents wp-block-milesgutenberg-deferred-contents\">\n\t\t\t\t<div\n\t\t\t\tdata-template='m'\n\t\t\t\tdata-post_type='post'\n\t\t\t\tdata-per_page='12'\n\t\t\t\tclass='deferred_container--preload container_post container_template--m container_count--11 container_count--lots'\n\n\t\t\t\t\t\t\t\t\tdata-tag=\"post_id\"\n\t\t\t\t\t\t\tdata-post_ids=\"258298,210637,210623,210632,195766,130338,183275,192394,87931,191103,164421\"\n\t\t\t\t\t\t\t>\n\t\t<article class=\"post-preview\">\n\n<div class=\"post-preview-thumbnail\">\n\t<div class=\"shimmer shimmer-image\"><\/div>\n<\/div>\n\n<div class=\"post-preview-content\" style=\"top: 1em;\">\n\t<div class=\"simmer-bar-group\">\n\t\t<div class=\"shimmer shimmer-bar\"><\/div>\n\t\t<div class=\"shimmer shimmer-bar\"><\/div>\n\t\t<div class=\"shimmer shimmer-bar\"><\/div>\n\t<\/div>\n<\/div>\n<\/article><article class=\"post-preview\">\n\n<div class=\"post-preview-thumbnail\">\n\t<div class=\"shimmer shimmer-image\"><\/div>\n<\/div>\n\n<div class=\"post-preview-content\" style=\"top: 1em;\">\n\t<div class=\"simmer-bar-group\">\n\t\t<div class=\"shimmer shimmer-bar\"><\/div>\n\t\t<div class=\"shimmer shimmer-bar\"><\/div>\n\t\t<div class=\"shimmer shimmer-bar\"><\/div>\n\t<\/div>\n<\/div>\n<\/article><article class=\"post-preview\">\n\n<div class=\"post-preview-thumbnail\">\n\t<div class=\"shimmer shimmer-image\"><\/div>\n<\/div>\n\n<div class=\"post-preview-content\" style=\"top: 1em;\">\n\t<div class=\"simmer-bar-group\">\n\t\t<div class=\"shimmer shimmer-bar\"><\/div>\n\t\t<div class=\"shimmer shimmer-bar\"><\/div>\n\t\t<div class=\"shimmer shimmer-bar\"><\/div>\n\t<\/div>\n<\/div>\n<\/article><article class=\"post-preview\">\n\n<div class=\"post-preview-thumbnail\">\n\t<div class=\"shimmer shimmer-image\"><\/div>\n<\/div>\n\n<div class=\"post-preview-content\" style=\"top: 1em;\">\n\t<div class=\"simmer-bar-group\">\n\t\t<div class=\"shimmer shimmer-bar\"><\/div>\n\t\t<div class=\"shimmer shimmer-bar\"><\/div>\n\t\t<div class=\"shimmer shimmer-bar\"><\/div>\n\t<\/div>\n<\/div>\n<\/article><article class=\"post-preview\">\n\n<div class=\"post-preview-thumbnail\">\n\t<div class=\"shimmer shimmer-image\"><\/div>\n<\/div>\n\n<div class=\"post-preview-content\" style=\"top: 1em;\">\n\t<div class=\"simmer-bar-group\">\n\t\t<div class=\"shimmer shimmer-bar\"><\/div>\n\t\t<div class=\"shimmer shimmer-bar\"><\/div>\n\t\t<div class=\"shimmer shimmer-bar\"><\/div>\n\t<\/div>\n<\/div>\n<\/article><article class=\"post-preview\">\n\n<div class=\"post-preview-thumbnail\">\n\t<div class=\"shimmer shimmer-image\"><\/div>\n<\/div>\n\n<div class=\"post-preview-content\" style=\"top: 1em;\">\n\t<div class=\"simmer-bar-group\">\n\t\t<div class=\"shimmer shimmer-bar\"><\/div>\n\t\t<div class=\"shimmer shimmer-bar\"><\/div>\n\t\t<div class=\"shimmer shimmer-bar\"><\/div>\n\t<\/div>\n<\/div>\n<\/article><article class=\"post-preview\">\n\n<div class=\"post-preview-thumbnail\">\n\t<div class=\"shimmer shimmer-image\"><\/div>\n<\/div>\n\n<div class=\"post-preview-content\" style=\"top: 1em;\">\n\t<div class=\"simmer-bar-group\">\n\t\t<div class=\"shimmer shimmer-bar\"><\/div>\n\t\t<div class=\"shimmer shimmer-bar\"><\/div>\n\t\t<div class=\"shimmer shimmer-bar\"><\/div>\n\t<\/div>\n<\/div>\n<\/article><article class=\"post-preview\">\n\n<div class=\"post-preview-thumbnail\">\n\t<div class=\"shimmer shimmer-image\"><\/div>\n<\/div>\n\n<div class=\"post-preview-content\" style=\"top: 1em;\">\n\t<div class=\"simmer-bar-group\">\n\t\t<div class=\"shimmer shimmer-bar\"><\/div>\n\t\t<div class=\"shimmer shimmer-bar\"><\/div>\n\t\t<div class=\"shimmer shimmer-bar\"><\/div>\n\t<\/div>\n<\/div>\n<\/article><article class=\"post-preview\">\n\n<div class=\"post-preview-thumbnail\">\n\t<div class=\"shimmer shimmer-image\"><\/div>\n<\/div>\n\n<div class=\"post-preview-content\" style=\"top: 1em;\">\n\t<div class=\"simmer-bar-group\">\n\t\t<div class=\"shimmer shimmer-bar\"><\/div>\n\t\t<div class=\"shimmer shimmer-bar\"><\/div>\n\t\t<div class=\"shimmer shimmer-bar\"><\/div>\n\t<\/div>\n<\/div>\n<\/article><article class=\"post-preview\">\n\n<div class=\"post-preview-thumbnail\">\n\t<div class=\"shimmer shimmer-image\"><\/div>\n<\/div>\n\n<div class=\"post-preview-content\" style=\"top: 1em;\">\n\t<div class=\"simmer-bar-group\">\n\t\t<div class=\"shimmer shimmer-bar\"><\/div>\n\t\t<div class=\"shimmer shimmer-bar\"><\/div>\n\t\t<div class=\"shimmer shimmer-bar\"><\/div>\n\t<\/div>\n<\/div>\n<\/article><article class=\"post-preview\">\n\n<div class=\"post-preview-thumbnail\">\n\t<div class=\"shimmer shimmer-image\"><\/div>\n<\/div>\n\n<div class=\"post-preview-content\" style=\"top: 1em;\">\n\t<div class=\"simmer-bar-group\">\n\t\t<div class=\"shimmer shimmer-bar\"><\/div>\n\t\t<div class=\"shimmer shimmer-bar\"><\/div>\n\t\t<div class=\"shimmer shimmer-bar\"><\/div>\n\t<\/div>\n<\/div>\n<\/article>\t\t<\/div>\n\n\t\t<\/aside>\n\n\n\n<h2 class=\"wp-block-heading\" id=\"h-frequently-asked-questions-about-travel-insurance\">Frequently asked questions about travel insurance<\/h2>\n\n\n<aside class=\"component component__faq wp-block-milesgutenberg-faq\">\n\t\n<div class=\"component component__faq__item component__faq__item--opened wp-block-milesgutenberg-faq-item\">\n\t<div class=\"component__faq__item__title\">\n\t\t<h4 id=\"what_does_travel_insurance_generally_cover_in_canada_\" class=\"toc_exclude component__faq__item__title__heading\">\n\t\t\tWhat does travel insurance generally cover in Canada?\t\t<\/h4>\n\t\t<i class=\"fas fa-chevron-down\"><\/i>\n\t<\/div>\n\t<div class=\"component__faq__item__content\">\n\t\t<div class=\"component__faq__item__content__inner\">\n\t\t\t\n\n<p>Travel insurance in Canada generally covers emergency medical expenses, trip cancellation or interruption, lost or stolen baggage, and flight delays. Some policies may also include coverage for sports or adventure activities.<\/p>\n\n\t\t<\/div>\n\t<\/div>\n<\/div>\n\n\n<div class=\"component component__faq__item component__faq__item--opened wp-block-milesgutenberg-faq-item\">\n\t<div class=\"component__faq__item__title\">\n\t\t<h4 id=\"is_travel_insurance_mandatory_when_traveling_abroad_\" class=\"toc_exclude component__faq__item__title__heading\">\n\t\t\tIs travel insurance mandatory when traveling abroad?\t\t<\/h4>\n\t\t<i class=\"fas fa-chevron-down\"><\/i>\n\t<\/div>\n\t<div class=\"component__faq__item__content\">\n\t\t<div class=\"component__faq__item__content__inner\">\n\t\t\t\n\n<p>Travel insurance is not mandatory for travel abroad, but it is strongly recommended. It offers financial protection against unforeseen circumstances that may arise before or during your trip, saving you from potentially high costs.<\/p>\n\n\t\t<\/div>\n\t<\/div>\n<\/div>\n\n\n<div class=\"component component__faq__item component__faq__item--opened wp-block-milesgutenberg-faq-item\">\n\t<div class=\"component__faq__item__title\">\n\t\t<h4 id=\"how_do_i_choose_the_right_travel_insurance_for_my_needs_\" class=\"toc_exclude component__faq__item__title__heading\">\n\t\t\tHow do I choose the right travel insurance for my needs?\t\t<\/h4>\n\t\t<i class=\"fas fa-chevron-down\"><\/i>\n\t<\/div>\n\t<div class=\"component__faq__item__content\">\n\t\t<div class=\"component__faq__item__content__inner\">\n\t\t\t\n\n<p>To choose the right travel <a class=\"wpil_keyword_link\" href=\"https:\/\/mp-2702.milesopedia.dev\/en\/guide\/strategy\/family-travel-school-breaks-canada\/\" title=\"Family Travel and School Holidays: Destinations and Points Strategies\" data-wpil-keyword-link=\"linked\" data-wpil-monitor-id=\"956\">insurance<\/a>, assess your specific needs such as trip duration, destination, planned activities, and your health status. Compare insurance policies for coverage, exclusions, deductibles and reimbursement limits. Read user <a class=\"wpil_keyword_link\" href=\"https:\/\/mp-2702.milesopedia.dev\/en\/category\/reviews\/\" title=\"Review\" data-wpil-keyword-link=\"linked\" data-wpil-monitor-id=\"957\">reviews<\/a> and consult expert recommendations.<\/p>\n\n\t\t<\/div>\n\t<\/div>\n<\/div>\n\n\n<div class=\"component component__faq__item component__faq__item--opened wp-block-milesgutenberg-faq-item\">\n\t<div class=\"component__faq__item__title\">\n\t\t<h4 id=\"what_is_trip_cancellation_in_a_travel_insurance_policy_\" class=\"toc_exclude component__faq__item__title__heading\">\n\t\t\tWhat is trip cancellation in a travel insurance policy?\t\t<\/h4>\n\t\t<i class=\"fas fa-chevron-down\"><\/i>\n\t<\/div>\n\t<div class=\"component__faq__item__content\">\n\t\t<div class=\"component__faq__item__content__inner\">\n\t\t\t\n\n<p>Trip cancellation in a travel insurance policy covers non-refundable expenses if you have to cancel your trip for covered reasons, such as sudden illness, death in the family, or a business emergency. This can include airline tickets, hotel reservations, and prepaid tours.<\/p>\n\n\t\t<\/div>\n\t<\/div>\n<\/div>\n\n\n<div class=\"component component__faq__item component__faq__item--opened wp-block-milesgutenberg-faq-item\">\n\t<div class=\"component__faq__item__title\">\n\t\t<h4 id=\"what_should_i_do_in_case_of_a_medical_problem_abroad_to_file_a_claim_with_my_insurer_\" class=\"toc_exclude component__faq__item__title__heading\">\n\t\t\tWhat should I do in case of a medical problem abroad to file a claim with my insurer?\t\t<\/h4>\n\t\t<i class=\"fas fa-chevron-down\"><\/i>\n\t<\/div>\n\t<div class=\"component__faq__item__content\">\n\t\t<div class=\"component__faq__item__content__inner\">\n\t\t\t\n\n<p>In the event of a medical problem abroad, contact your insurance company immediately for specific instructions. Keep all receipts and medical documents, including diagnoses and prescriptions. If possible, pay medical expenses with a <a class=\"wpil_keyword_link\" href=\"https:\/\/mp-2702.milesopedia.dev\/en\/best-credit-cards-in-canada\/hotels\/\" title=\"The Best Credit Cards for Hotels \u2013 July 2025\" data-wpil-keyword-link=\"linked\" data-wpil-monitor-id=\"954\">credit card<\/a> to have a clear record of expenses. Follow your insurer&#8217;s claims procedures upon your return to <a class=\"wpil_keyword_link\" href=\"https:\/\/mp-2702.milesopedia.dev\/en\/region\/canada-en\/\" title=\"Milesopedia&nbsp;: Reward programs &amp; Credit cards\" data-wpil-keyword-link=\"linked\" data-wpil-monitor-id=\"955\">Canada<\/a> to obtain reimbursement.<\/p>\n\n\t\t<\/div>\n\t<\/div>\n<\/div>\n\n\n<div class=\"component component__faq__item component__faq__item--opened wp-block-milesgutenberg-faq-item\">\n\t<div class=\"component__faq__item__title\">\n\t\t<h4 id=\"where_to_buy_travel_insurance_in_canada_\" class=\"toc_exclude component__faq__item__title__heading\">\n\t\t\tWhere to buy travel insurance in Canada?\t\t<\/h4>\n\t\t<i class=\"fas fa-chevron-down\"><\/i>\n\t<\/div>\n\t<div class=\"component__faq__item__content\">\n\t\t<div class=\"component__faq__item__content__inner\">\n\t\t\t\n\n<p>You can purchase travel insurance online, by phone, or directly through your insurance broker. Take the time to <a title=\"soNomad\" href=\"https:\/\/mp-2702.milesopedia.dev\/en\/go\/sonomad\/\" rel=\"noindex\">compare the different travel insurance contracts<\/a> before you decide, to get the best price.<\/p>\n\n\t\t<\/div>\n\t<\/div>\n<\/div>\n\n<\/aside>","protected":false},"excerpt":{"rendered":"<p>Frequently asked questions about travel insurance<\/p>","protected":false},"author":3,"featured_media":0,"parent":0,"menu_order":0,"comment_status":"closed","ping_status":"closed","template":"page-landing.php","meta":{"_acf_changed":false,"_relevanssi_hide_post":"","_relevanssi_hide_content":"","_relevanssi_pin_for_all":"","_relevanssi_pin_keywords":"","_relevanssi_unpin_keywords":"","_relevanssi_related_keywords":"","_relevanssi_related_include_ids":"","_relevanssi_related_exclude_ids":"","_relevanssi_related_no_append":"","_relevanssi_related_not_related":"","_relevanssi_related_posts":"","_relevanssi_noindex_reason":"","footnotes":""},"tags":[],"mc_loyalty_program":[],"class_list":["post-383695","page","type-page","status-publish","hentry"],"acf":[],"yoast_head":"<!-- This site is optimized with the Yoast SEO Premium plugin v27.5 (Yoast SEO v27.5) - https:\/\/yoast.com\/product\/yoast-seo-premium-wordpress\/ -->\n<title>Compare Travel Insurance | Milesopedia<\/title>\n<meta name=\"robots\" content=\"index, follow, max-snippet:-1, max-image-preview:large, max-video-preview:-1\" \/>\n<link rel=\"canonical\" href=\"https:\/\/mp-2702.milesopedia.dev\/en\/compare-travel-insurance\/\" \/>\n<meta property=\"og:locale\" content=\"en_US\" \/>\n<meta property=\"og:type\" content=\"article\" \/>\n<meta property=\"og:title\" content=\"Compare Travel Insurance\" \/>\n<meta property=\"og:description\" content=\"Frequently asked questions about travel insurance\" \/>\n<meta property=\"og:url\" content=\"https:\/\/mp-2702.milesopedia.dev\/en\/compare-travel-insurance\/\" \/>\n<meta property=\"og:site_name\" content=\"Milesopedia\" \/>\n<meta property=\"article:modified_time\" content=\"2026-05-08T16:43:07+00:00\" \/>\n<meta name=\"twitter:card\" content=\"summary_large_image\" \/>\n<meta name=\"twitter:label1\" content=\"Est. reading time\" \/>\n\t<meta name=\"twitter:data1\" content=\"2 minutes\" \/>\n<script type=\"application\/ld+json\" class=\"yoast-schema-graph\">{\"@context\":\"https:\\\/\\\/schema.org\",\"@graph\":[{\"@type\":\"WebPage\",\"@id\":\"https:\\\/\\\/mp-2702.milesopedia.dev\\\/en\\\/compare-travel-insurance\\\/\",\"url\":\"https:\\\/\\\/mp-2702.milesopedia.dev\\\/en\\\/compare-travel-insurance\\\/\",\"name\":\"Compare Travel Insurance - Milesopedia\",\"isPartOf\":{\"@id\":\"https:\\\/\\\/mp-2702.milesopedia.dev\\\/en\\\/#website\"},\"datePublished\":\"2024-05-28T05:11:00+00:00\",\"dateModified\":\"2026-05-08T16:43:07+00:00\",\"inLanguage\":\"en-CA\",\"potentialAction\":[{\"@type\":\"ReadAction\",\"target\":[\"https:\\\/\\\/mp-2702.milesopedia.dev\\\/en\\\/compare-travel-insurance\\\/\"]}]},{\"@type\":\"WebSite\",\"@id\":\"https:\\\/\\\/mp-2702.milesopedia.dev\\\/en\\\/#website\",\"url\":\"https:\\\/\\\/mp-2702.milesopedia.dev\\\/en\\\/\",\"name\":\"Milesopedia\",\"description\":\"Programmes de fid\u00e9lit\u00e9 et cartes de cr\u00e9dit au Canada\",\"publisher\":{\"@id\":\"https:\\\/\\\/mp-2702.milesopedia.dev\\\/en\\\/#organization\"},\"potentialAction\":[{\"@type\":\"SearchAction\",\"target\":{\"@type\":\"EntryPoint\",\"urlTemplate\":\"https:\\\/\\\/mp-2702.milesopedia.dev\\\/en\\\/?s={search_term_string}\"},\"query-input\":{\"@type\":\"PropertyValueSpecification\",\"valueRequired\":true,\"valueName\":\"search_term_string\"}}],\"inLanguage\":\"en-CA\"},{\"@type\":\"Organization\",\"@id\":\"https:\\\/\\\/mp-2702.milesopedia.dev\\\/en\\\/#organization\",\"name\":\"Milesopedia\",\"url\":\"https:\\\/\\\/mp-2702.milesopedia.dev\\\/en\\\/\",\"logo\":{\"@type\":\"ImageObject\",\"inLanguage\":\"en-CA\",\"@id\":\"https:\\\/\\\/mp-2702.milesopedia.dev\\\/en\\\/#\\\/schema\\\/logo\\\/image\\\/\",\"url\":\"https:\\\/\\\/mp-2702.milesopedia.dev\\\/wp-content\\\/uploads\\\/2025\\\/08\\\/Milesopedia-CANADA.png\",\"contentUrl\":\"https:\\\/\\\/mp-2702.milesopedia.dev\\\/wp-content\\\/uploads\\\/2025\\\/08\\\/Milesopedia-CANADA.png\",\"width\":884,\"height\":203,\"caption\":\"Milesopedia\"},\"image\":{\"@id\":\"https:\\\/\\\/mp-2702.milesopedia.dev\\\/en\\\/#\\\/schema\\\/logo\\\/image\\\/\"}}]}<\/script>\n<!-- \/ Yoast SEO Premium plugin. -->","yoast_head_json":{"title":"Compare Travel Insurance | Milesopedia","robots":{"index":"index","follow":"follow","max-snippet":"max-snippet:-1","max-image-preview":"max-image-preview:large","max-video-preview":"max-video-preview:-1"},"canonical":"https:\/\/mp-2702.milesopedia.dev\/en\/compare-travel-insurance\/","og_locale":"en_US","og_type":"article","og_title":"Compare Travel Insurance","og_description":"Frequently asked questions about travel insurance","og_url":"https:\/\/mp-2702.milesopedia.dev\/en\/compare-travel-insurance\/","og_site_name":"Milesopedia","article_modified_time":"2026-05-08T16:43:07+00:00","twitter_card":"summary_large_image","twitter_misc":{"Est. reading time":"2 minutes"},"schema":{"@context":"https:\/\/schema.org","@graph":[{"@type":"WebPage","@id":"https:\/\/mp-2702.milesopedia.dev\/en\/compare-travel-insurance\/","url":"https:\/\/mp-2702.milesopedia.dev\/en\/compare-travel-insurance\/","name":"Compare Travel Insurance - Milesopedia","isPartOf":{"@id":"https:\/\/mp-2702.milesopedia.dev\/en\/#website"},"datePublished":"2024-05-28T05:11:00+00:00","dateModified":"2026-05-08T16:43:07+00:00","inLanguage":"en-CA","potentialAction":[{"@type":"ReadAction","target":["https:\/\/mp-2702.milesopedia.dev\/en\/compare-travel-insurance\/"]}]},{"@type":"WebSite","@id":"https:\/\/mp-2702.milesopedia.dev\/en\/#website","url":"https:\/\/mp-2702.milesopedia.dev\/en\/","name":"Milesopedia","description":"Programmes de fid\u00e9lit\u00e9 et cartes de cr\u00e9dit au Canada","publisher":{"@id":"https:\/\/mp-2702.milesopedia.dev\/en\/#organization"},"potentialAction":[{"@type":"SearchAction","target":{"@type":"EntryPoint","urlTemplate":"https:\/\/mp-2702.milesopedia.dev\/en\/?s={search_term_string}"},"query-input":{"@type":"PropertyValueSpecification","valueRequired":true,"valueName":"search_term_string"}}],"inLanguage":"en-CA"},{"@type":"Organization","@id":"https:\/\/mp-2702.milesopedia.dev\/en\/#organization","name":"Milesopedia","url":"https:\/\/mp-2702.milesopedia.dev\/en\/","logo":{"@type":"ImageObject","inLanguage":"en-CA","@id":"https:\/\/mp-2702.milesopedia.dev\/en\/#\/schema\/logo\/image\/","url":"https:\/\/mp-2702.milesopedia.dev\/wp-content\/uploads\/2025\/08\/Milesopedia-CANADA.png","contentUrl":"https:\/\/mp-2702.milesopedia.dev\/wp-content\/uploads\/2025\/08\/Milesopedia-CANADA.png","width":884,"height":203,"caption":"Milesopedia"},"image":{"@id":"https:\/\/mp-2702.milesopedia.dev\/en\/#\/schema\/logo\/image\/"}}]}},"_links":{"self":[{"href":"https:\/\/mp-2702.milesopedia.dev\/en\/wp-json\/wp\/v2\/pages\/383695","targetHints":{"allow":["GET"]}}],"collection":[{"href":"https:\/\/mp-2702.milesopedia.dev\/en\/wp-json\/wp\/v2\/pages"}],"about":[{"href":"https:\/\/mp-2702.milesopedia.dev\/en\/wp-json\/wp\/v2\/types\/page"}],"author":[{"embeddable":true,"href":"https:\/\/mp-2702.milesopedia.dev\/en\/wp-json\/wp\/v2\/users\/3"}],"replies":[{"embeddable":true,"href":"https:\/\/mp-2702.milesopedia.dev\/en\/wp-json\/wp\/v2\/comments?post=383695"}],"version-history":[{"count":1,"href":"https:\/\/mp-2702.milesopedia.dev\/en\/wp-json\/wp\/v2\/pages\/383695\/revisions"}],"predecessor-version":[{"id":490266,"href":"https:\/\/mp-2702.milesopedia.dev\/en\/wp-json\/wp\/v2\/pages\/383695\/revisions\/490266"}],"wp:attachment":[{"href":"https:\/\/mp-2702.milesopedia.dev\/en\/wp-json\/wp\/v2\/media?parent=383695"}],"wp:term":[{"taxonomy":"post_tag","embeddable":true,"href":"https:\/\/mp-2702.milesopedia.dev\/en\/wp-json\/wp\/v2\/tags?post=383695"},{"taxonomy":"mc_loyalty_program","embeddable":true,"href":"https:\/\/mp-2702.milesopedia.dev\/en\/wp-json\/wp\/v2\/mc_loyalty_program?post=383695"}],"curies":[{"name":"wp","href":"https:\/\/api.w.org\/{rel}","templated":true}]}}