{"id":34584,"date":"2026-05-01T00:04:00","date_gmt":"2026-05-01T04:04:00","guid":{"rendered":"https:\/\/mp-2702.milesopedia.dev\/?page_id=34584"},"modified":"2026-05-08T16:43:07","modified_gmt":"2026-05-08T16:43:07","slug":"capital-one","status":"publish","type":"page","link":"https:\/\/mp-2702.milesopedia.dev\/en\/cards\/capital-one\/","title":{"rendered":"The Best Capital One Credit Cards \u2013 May 2026"},"content":{"rendered":"\n<p>Below you will find <strong>the best credit card offers from Capital One<\/strong>.<\/p>\n\n\n\n<p>Here is a table summarizing the different offers. For more details, read on or click on the name of a card. For each Capital One credit card, you will find <strong>an alternative credit card in Canada<\/strong> offering a welcome bonus.<\/p>\n\n\n<aside class=\"component component__deferred_contents wp-block-milesgutenberg-deferred-contents\">\n\t\t\t\t<div\n\t\t\t\tdata-template='compare'\n\t\t\t\tdata-post_type='card'\n\t\t\t\tdata-per_page='6'\n\t\t\t\tclass='deferred_container--preload container_card container_template--compare container_count--5 container_count--lots'\n\n\t\t\t\t\t\t\t\t\tdata-tag=\"card_id\"\n\t\t\t\t\t\t\tdata-post_ids=\"136404,136400,136398,136396,394481\"\n\t\t\t\t\t\t\tdata-utm=\"wpb\"\n\t\t\t\t\t\t\t>\n\t\t\n    <div class=\"card card-list card-list-header\">\n        <div class=\"shimmer shimmer-bar shimmer-dark shimmer-bar--short card-specs--title\"><\/div>\n        <div class=\"shimmer shimmer-bar shimmer-dark shimmer-bar--short card-specs--title\"><\/div>\n    <\/div>\n\n\n<div class=\"card card-list\">\n\n\t<div class=\"card-list--grid\">\n\n\t\t<div class=\"card-list--card\">\n\t\t\t<div class=\"card-graphic-cta shimmer shimmer-card\"><\/div>\n\t\t<\/div>\n\n\t\t<div class=\"card-list--title-offer\">\n\n\t\t\t<div class=\"card--title\">\n\t\t\t\t<div class=\"shimmer shimmer-bar\"><\/div>\n\t\t\t<\/div>\n\n\t\t\t<div class=\"card-list--offer\">\n\t\t\t\t<div class=\"shimmer shimmer-bar\"><\/div>\n\t\t\t<\/div>\n\n\t\t<\/div>\n\n\t\t<div>\n\t\t\t<div class=\"card--apply\">\n\t\t\t\t<div class=\"shimmer shimmer-btn\"><\/div>\n\t\t\t<\/div>\n\t\t<\/div>\n\n\t<\/div>\n\n<\/div>\n<div class=\"card card-list\">\n\n\t<div class=\"card-list--grid\">\n\n\t\t<div class=\"card-list--card\">\n\t\t\t<div class=\"card-graphic-cta shimmer shimmer-card\"><\/div>\n\t\t<\/div>\n\n\t\t<div class=\"card-list--title-offer\">\n\n\t\t\t<div class=\"card--title\">\n\t\t\t\t<div class=\"shimmer shimmer-bar\"><\/div>\n\t\t\t<\/div>\n\n\t\t\t<div class=\"card-list--offer\">\n\t\t\t\t<div class=\"shimmer shimmer-bar\"><\/div>\n\t\t\t<\/div>\n\n\t\t<\/div>\n\n\t\t<div>\n\t\t\t<div class=\"card--apply\">\n\t\t\t\t<div class=\"shimmer shimmer-btn\"><\/div>\n\t\t\t<\/div>\n\t\t<\/div>\n\n\t<\/div>\n\n<\/div>\n<div class=\"card card-list\">\n\n\t<div class=\"card-list--grid\">\n\n\t\t<div class=\"card-list--card\">\n\t\t\t<div class=\"card-graphic-cta shimmer shimmer-card\"><\/div>\n\t\t<\/div>\n\n\t\t<div class=\"card-list--title-offer\">\n\n\t\t\t<div class=\"card--title\">\n\t\t\t\t<div class=\"shimmer shimmer-bar\"><\/div>\n\t\t\t<\/div>\n\n\t\t\t<div class=\"card-list--offer\">\n\t\t\t\t<div class=\"shimmer shimmer-bar\"><\/div>\n\t\t\t<\/div>\n\n\t\t<\/div>\n\n\t\t<div>\n\t\t\t<div class=\"card--apply\">\n\t\t\t\t<div class=\"shimmer shimmer-btn\"><\/div>\n\t\t\t<\/div>\n\t\t<\/div>\n\n\t<\/div>\n\n<\/div>\n<div class=\"card card-list\">\n\n\t<div class=\"card-list--grid\">\n\n\t\t<div class=\"card-list--card\">\n\t\t\t<div class=\"card-graphic-cta shimmer shimmer-card\"><\/div>\n\t\t<\/div>\n\n\t\t<div class=\"card-list--title-offer\">\n\n\t\t\t<div class=\"card--title\">\n\t\t\t\t<div class=\"shimmer shimmer-bar\"><\/div>\n\t\t\t<\/div>\n\n\t\t\t<div class=\"card-list--offer\">\n\t\t\t\t<div class=\"shimmer shimmer-bar\"><\/div>\n\t\t\t<\/div>\n\n\t\t<\/div>\n\n\t\t<div>\n\t\t\t<div class=\"card--apply\">\n\t\t\t\t<div class=\"shimmer shimmer-btn\"><\/div>\n\t\t\t<\/div>\n\t\t<\/div>\n\n\t<\/div>\n\n<\/div>\n<div class=\"card card-list\">\n\n\t<div class=\"card-list--grid\">\n\n\t\t<div class=\"card-list--card\">\n\t\t\t<div class=\"card-graphic-cta shimmer shimmer-card\"><\/div>\n\t\t<\/div>\n\n\t\t<div class=\"card-list--title-offer\">\n\n\t\t\t<div class=\"card--title\">\n\t\t\t\t<div class=\"shimmer shimmer-bar\"><\/div>\n\t\t\t<\/div>\n\n\t\t\t<div class=\"card-list--offer\">\n\t\t\t\t<div class=\"shimmer shimmer-bar\"><\/div>\n\t\t\t<\/div>\n\n\t\t<\/div>\n\n\t\t<div>\n\t\t\t<div class=\"card--apply\">\n\t\t\t\t<div class=\"shimmer shimmer-btn\"><\/div>\n\t\t\t<\/div>\n\t\t<\/div>\n\n\t<\/div>\n\n<\/div>\t\t<\/div>\n\n\t\t<\/aside>\n\n\n\n<h3 class=\"wp-block-heading\" id=\"h-capital-one-aspire-cashtm-platinum-mastercard\">Capital One<sup>&reg;<\/sup> Aspire Cash\u2122 Platinum Mastercard<sup>&reg;<\/sup><\/h3>\n\n\n\n<p>The <a href=\"https:\/\/mp-2702.milesopedia.dev\/en\/credit-cards\/capital-one-aspire-cash-platinum-mastercard\/\">Capital One<sup>&reg;<\/sup> Aspire Cash\u2122 Platinum Mastercard<sup>&reg;<\/sup><\/a> is a no-annual-fee, cash-back credit card.<\/p>\n\n\n\n<p>With this card, you can earn <strong>1% cash back on all your purchases<\/strong>.<\/p>\n\n\n<aside class=\"component component__deferred_contents wp-block-milesgutenberg-deferred-contents\">\n\t\t\t\t<div\n\t\t\t\tdata-template='xs'\n\t\t\t\tdata-post_type='card'\n\t\t\t\tdata-per_page='1'\n\t\t\t\tclass='deferred_container--preload container_card container_template--xs container_count--1'\n\n\t\t\t\t\t\t\t\t\tdata-tag=\"card_id\"\n\t\t\t\t\t\t\tdata-post_ids=\"136398\"\n\t\t\t\t\t\t\tdata-utm=\"wpb\"\n\t\t\t\t\t\t\t>\n\t\t<div class=\"card\">\n\t<div class=\"card--grid\">\n\n\t\t<div class=\"card--img-outer\">\n\t\t\t<div class=\"card--img\">\n\t\t\t\t<div class=\"shimmer shimmer-card\"><\/div>\n\t\t\t<\/div>\n\t\t<\/div>\n\n\t\t<div class=\"card--title-offer-selling\">\n\t\t\t<div class=\"card--title-offer\">\n\t\t\t\t<div class=\"shimmer shimmer-bar\"><\/div>\n\t\t\t\t<div class=\"shimmer shimmer-bar\"><\/div>\n\t\t\t<\/div>\n\t\t\t<div class=\"card--selling-points\">\n\t\t\t\t<div class=\"shimmer shimmer-bar shimmer-bar--short\"><\/div>\n\t\t\t\t<div class=\"shimmer shimmer-bar shimmer-bar--short\"><\/div>\n\t\t\t\t<div class=\"shimmer shimmer-bar shimmer-bar--short\"><\/div>\n\t\t\t<\/div>\n\t\t<\/div>\n\n\t\t<div class=\"card--apply\">\n\t\t\t<div class=\"apply-btn\">\n\t\t\t\t<div class=\"shimmer shimmer-btn\"><\/div>\n\t\t\t<\/div>\n\t\t<\/div>\n\n\t<\/div>\n<\/div>\t\t<\/div>\n\n\t\t<\/aside>\n\n\n\n<h3 class=\"wp-block-heading\" id=\"h-alternative-map-mbna-smart-cash-platinum-plus-mastercard\">Alternative map: MBNA Smart Cash Platinum Plus<sup>&reg;<\/sup> Mastercard<sup>&reg;<\/sup><\/h3>\n\n\n\n<p>The <a class=\"thirstylink\" title=\"MBNA Smart Cash Platinum Plus<sup>&reg;<\/sup> Mastercard<sup>&reg;<\/sup> (Quebec)\" href=\"https:\/\/mp-2702.milesopedia.dev\/en\/credit-cards\/mbna-smart-cash-platinum-plus-mastercard-qc\/\" rel=\"nofollow noindex\">MBNA Smart Cash Platinum Plus<sup>&reg;<\/sup> Mastercard<sup>&reg;<\/sup><\/a> is one of the <strong>best cash back credit cards with no annual fee<\/strong> in Canada.<\/p>\n\n\n\n<p>With this card you can get <strong>2%<\/strong> for some purchases:<\/p>\n\n\n\n<div class=\"component component__list\"><ul class=\"wp-block-list\">\n<li>gas purchases<\/li>\n\n\n\n<li>grocery stores<\/li>\n<\/ul><\/div>\n\n\n\n<p>Until the total gas and grocery purchases in the applicable month reaches $500. And 0.5% everywhere else.<\/p>\n\n\n\n<p>For a limited time, you can get <strong>5% cash back <\/strong>for the first 6 months, <strong>up to $150<\/strong>.<\/p>\n\n\n<aside class=\"component component__deferred_contents wp-block-milesgutenberg-deferred-contents\">\n\t\t\t\t<div\n\t\t\t\tdata-template='m-h'\n\t\t\t\tdata-post_type='card'\n\t\t\t\tdata-per_page='1'\n\t\t\t\tclass='deferred_container--preload container_card container_template--m-h container_count--1'\n\n\t\t\t\t\t\t\t\t\tdata-tag=\"card_id\"\n\t\t\t\t\t\t\tdata-post_ids=\"22683\"\n\t\t\t\t\t\t\tdata-utm=\"wpb\"\n\t\t\t\t\t\t\t>\n\t\t<div class=\"card\">\n\t<div class=\"card--grid\">\n\n\t\t<div class=\"card--img-outer\">\n\t\t\t<div class=\"card--img\">\n\t\t\t\t<div class=\"shimmer shimmer-card\"><\/div>\n\t\t\t<\/div>\n\t\t<\/div>\n\n\t\t<div class=\"card--title-offer-selling\">\n\t\t\t<div class=\"card--title-offer\">\n\t\t\t\t<div class=\"shimmer shimmer-bar\"><\/div>\n\t\t\t\t<div class=\"shimmer shimmer-bar\"><\/div>\n\t\t\t<\/div>\n\t\t\t<div class=\"card--selling-points\">\n\t\t\t\t<div class=\"shimmer shimmer-bar shimmer-bar--short\"><\/div>\n\t\t\t\t<div class=\"shimmer shimmer-bar shimmer-bar--short\"><\/div>\n\t\t\t\t<div class=\"shimmer shimmer-bar shimmer-bar--short\"><\/div>\n\t\t\t<\/div>\n\t\t<\/div>\n\n\t\t<div class=\"card--apply\">\n\t\t\t<div class=\"apply-btn\">\n\t\t\t\t<div class=\"shimmer shimmer-btn\"><\/div>\n\t\t\t<\/div>\n\t\t<\/div>\n\n\t<\/div>\n<\/div>\t\t<\/div>\n\n\t\t<\/aside>\n\n\n\n<h3 class=\"wp-block-heading\" id=\"h-capital-one-aspire-traveltm-platinum-mastercard\">Capital One<sup>&reg;<\/sup> Aspire Travel\u2122 Platinum Mastercard<sup>&reg;<\/sup><\/h3>\n\n\n\n<p>The <a href=\"https:\/\/mp-2702.milesopedia.dev\/en\/credit-cards\/capital-one-aspire-travel-platinum-mastercard\/\">VoyagesPlus Platinum Mastercard<sup>MD<\/sup> Capital One<sup>&reg;<\/sup><\/a> is a no-annual-fee credit card with travel rewards.<\/p>\n\n\n\n<p>With this card, you can earn <strong>1% travel rewards on all your purchases<\/strong>.<\/p>\n\n\n<aside class=\"component component__deferred_contents wp-block-milesgutenberg-deferred-contents\">\n\t\t\t\t<div\n\t\t\t\tdata-template='xs'\n\t\t\t\tdata-post_type='card'\n\t\t\t\tdata-per_page='1'\n\t\t\t\tclass='deferred_container--preload container_card container_template--xs container_count--1'\n\n\t\t\t\t\t\t\t\t\tdata-tag=\"card_id\"\n\t\t\t\t\t\t\tdata-post_ids=\"136396\"\n\t\t\t\t\t\t\tdata-utm=\"wpb\"\n\t\t\t\t\t\t\t>\n\t\t<div class=\"card\">\n\t<div class=\"card--grid\">\n\n\t\t<div class=\"card--img-outer\">\n\t\t\t<div class=\"card--img\">\n\t\t\t\t<div class=\"shimmer shimmer-card\"><\/div>\n\t\t\t<\/div>\n\t\t<\/div>\n\n\t\t<div class=\"card--title-offer-selling\">\n\t\t\t<div class=\"card--title-offer\">\n\t\t\t\t<div class=\"shimmer shimmer-bar\"><\/div>\n\t\t\t\t<div class=\"shimmer shimmer-bar\"><\/div>\n\t\t\t<\/div>\n\t\t\t<div class=\"card--selling-points\">\n\t\t\t\t<div class=\"shimmer shimmer-bar shimmer-bar--short\"><\/div>\n\t\t\t\t<div class=\"shimmer shimmer-bar shimmer-bar--short\"><\/div>\n\t\t\t\t<div class=\"shimmer shimmer-bar shimmer-bar--short\"><\/div>\n\t\t\t<\/div>\n\t\t<\/div>\n\n\t\t<div class=\"card--apply\">\n\t\t\t<div class=\"apply-btn\">\n\t\t\t\t<div class=\"shimmer shimmer-btn\"><\/div>\n\t\t\t<\/div>\n\t\t<\/div>\n\n\t<\/div>\n<\/div>\t\t<\/div>\n\n\t\t<\/aside>\n\n\n\n<h3 class=\"wp-block-heading\" id=\"h-alternative-card-mbna-rewards-platinum-plus-mastercard\">Alternative card: MBNA Rewards Platinum Plus<sup>&reg;<\/sup> Mastercard<sup>&reg;<\/sup><\/h3>\n\n\n\n<p>The <a class=\"thirstylink\" title=\"MBNA Rewards Platinum Plus<sup>&reg;<\/sup> Mastercard<sup>&reg;<\/sup>\" href=\"https:\/\/mp-2702.milesopedia.dev\/en\/credit-cards\/mbna-rewards-platinum-plus-mastercard-qc\/\" rel=\"nofollow noindex\">MBNA Rewards Platinum Plus<sup>&reg;<\/sup> Mastercard<sup>&reg;<\/sup><\/a> is one of the <strong>best no annual fee credit cards<\/strong> in Canada.<\/p>\n\n\n\n<p>With this card, you earn <strong> 2 points per dollar <\/strong> on some purchases:<\/p>\n\n\n\n<div class=\"component component__list\"><ul class=\"wp-block-list\">\n<li>gas purchases<\/li>\n\n\n\n<li>grocery stores<\/li>\n\n\n\n<li>restaurant<\/li>\n<\/ul><\/div>\n\n\n\n<p>One caveat: there is a $5,000 max annual spend per category. And 1 point per dollar everywhere else.<\/p>\n\n<p>For a limited time, you can earn <strong>10,000 bonus points as a welcome bonus, a $100 value <\/strong>for travel purchases charged to your account.\n\n<aside class=\"component component__deferred_contents wp-block-milesgutenberg-deferred-contents\">\n\t\t\t\t<div\n\t\t\t\tdata-template='m-h'\n\t\t\t\tdata-post_type='card'\n\t\t\t\tdata-per_page='1'\n\t\t\t\tclass='deferred_container--preload container_card container_template--m-h container_count--1'\n\n\t\t\t\t\t\t\t\t\tdata-tag=\"card_id\"\n\t\t\t\t\t\t\tdata-post_ids=\"22681\"\n\t\t\t\t\t\t\tdata-utm=\"wpb\"\n\t\t\t\t\t\t\t>\n\t\t<div class=\"card\">\n\t<div class=\"card--grid\">\n\n\t\t<div class=\"card--img-outer\">\n\t\t\t<div class=\"card--img\">\n\t\t\t\t<div class=\"shimmer shimmer-card\"><\/div>\n\t\t\t<\/div>\n\t\t<\/div>\n\n\t\t<div class=\"card--title-offer-selling\">\n\t\t\t<div class=\"card--title-offer\">\n\t\t\t\t<div class=\"shimmer shimmer-bar\"><\/div>\n\t\t\t\t<div class=\"shimmer shimmer-bar\"><\/div>\n\t\t\t<\/div>\n\t\t\t<div class=\"card--selling-points\">\n\t\t\t\t<div class=\"shimmer shimmer-bar shimmer-bar--short\"><\/div>\n\t\t\t\t<div class=\"shimmer shimmer-bar shimmer-bar--short\"><\/div>\n\t\t\t\t<div class=\"shimmer shimmer-bar shimmer-bar--short\"><\/div>\n\t\t\t<\/div>\n\t\t<\/div>\n\n\t\t<div class=\"card--apply\">\n\t\t\t<div class=\"apply-btn\">\n\t\t\t\t<div class=\"shimmer shimmer-btn\"><\/div>\n\t\t\t<\/div>\n\t\t<\/div>\n\n\t<\/div>\n<\/div>\t\t<\/div>\n\n\t\t<\/aside>","protected":false},"excerpt":{"rendered":"<p>Below you will find the best credit card offers from Capital One. Here is a table summarizing the different offers. For more details, read on or click on the name of a card. For each Capital One credit card, you will find an alternative credit card in Canada offering a welcome bonus. Capital One&reg; Aspire [&hellip;]<\/p>","protected":false},"author":3,"featured_media":430768,"parent":207239,"menu_order":0,"comment_status":"closed","ping_status":"closed","template":"page-toc.php","meta":{"_acf_changed":false,"_relevanssi_hide_post":"","_relevanssi_hide_content":"","_relevanssi_pin_for_all":"","_relevanssi_pin_keywords":"","_relevanssi_unpin_keywords":"","_relevanssi_related_keywords":"","_relevanssi_related_include_ids":"","_relevanssi_related_exclude_ids":"","_relevanssi_related_no_append":"","_relevanssi_related_not_related":"","_relevanssi_related_posts":"","_relevanssi_noindex_reason":"","footnotes":""},"tags":[],"mc_loyalty_program":[],"class_list":["post-34584","page","type-page","status-publish","has-post-thumbnail","hentry"],"acf":[],"yoast_head":"<!-- This site is optimized with the Yoast SEO Premium plugin v27.5 (Yoast SEO v27.5) - https:\/\/yoast.com\/product\/yoast-seo-premium-wordpress\/ -->\n<title>The Best Capital One Credit Cards \u2013 May 2026 | Milesopedia<\/title>\n<meta name=\"description\" content=\"The best Capital One credit cards. Here is our selection of credit cards to save at the grocery store.\" \/>\n<meta name=\"robots\" content=\"index, follow, max-snippet:-1, max-image-preview:large, max-video-preview:-1\" \/>\n<link rel=\"canonical\" href=\"https:\/\/mp-2702.milesopedia.dev\/en\/cards\/capital-one\/\" \/>\n<meta property=\"og:locale\" content=\"en_US\" \/>\n<meta property=\"og:type\" content=\"article\" \/>\n<meta property=\"og:title\" content=\"The Best Capital One Credit Cards \u2013 May 2026\" \/>\n<meta property=\"og:description\" content=\"The best Capital One credit cards. Here is our selection of credit cards to save at the grocery store.\" \/>\n<meta property=\"og:url\" content=\"https:\/\/mp-2702.milesopedia.dev\/en\/cards\/capital-one\/\" \/>\n<meta property=\"og:site_name\" content=\"Milesopedia\" \/>\n<meta property=\"article:modified_time\" content=\"2026-05-08T16:43:07+00:00\" \/>\n<meta property=\"og:image\" content=\"https:\/\/milesopedia.com\/wp-content\/uploads\/2025\/02\/Banque-Canada-CapitalOne-1024x538-1.jpg\" \/>\n\t<meta property=\"og:image:width\" content=\"1024\" \/>\n\t<meta property=\"og:image:height\" content=\"538\" \/>\n\t<meta property=\"og:image:type\" content=\"image\/jpeg\" \/>\n<meta name=\"twitter:card\" content=\"summary_large_image\" \/>\n<meta name=\"twitter:label1\" content=\"Est. reading time\" \/>\n\t<meta name=\"twitter:data1\" content=\"1 minute\" \/>\n<script type=\"application\/ld+json\" class=\"yoast-schema-graph\">{\"@context\":\"https:\\\/\\\/schema.org\",\"@graph\":[{\"@type\":\"WebPage\",\"@id\":\"https:\\\/\\\/mp-2702.milesopedia.dev\\\/en\\\/cards\\\/capital-one\\\/\",\"url\":\"https:\\\/\\\/mp-2702.milesopedia.dev\\\/en\\\/cards\\\/capital-one\\\/\",\"name\":\"Best Capital One Credit Cards - May 2026 - Milesopedia\",\"isPartOf\":{\"@id\":\"https:\\\/\\\/mp-2702.milesopedia.dev\\\/en\\\/#website\"},\"primaryImageOfPage\":{\"@id\":\"https:\\\/\\\/mp-2702.milesopedia.dev\\\/en\\\/cards\\\/capital-one\\\/#primaryimage\"},\"image\":{\"@id\":\"https:\\\/\\\/mp-2702.milesopedia.dev\\\/en\\\/cards\\\/capital-one\\\/#primaryimage\"},\"thumbnailUrl\":\"https:\\\/\\\/mp-2702.milesopedia.dev\\\/wp-content\\\/uploads\\\/2025\\\/02\\\/Banque-Canada-CapitalOne-1024x538-1.jpg\",\"datePublished\":\"2026-05-01T04:04:00+00:00\",\"dateModified\":\"2026-05-08T16:43:07+00:00\",\"description\":\"The best Capital One credit cards. Here is our selection of credit cards to save at the grocery store.\",\"inLanguage\":\"en-CA\",\"potentialAction\":[{\"@type\":\"ReadAction\",\"target\":[\"https:\\\/\\\/mp-2702.milesopedia.dev\\\/en\\\/cards\\\/capital-one\\\/\"]}]},{\"@type\":\"ImageObject\",\"inLanguage\":\"en-CA\",\"@id\":\"https:\\\/\\\/mp-2702.milesopedia.dev\\\/en\\\/cards\\\/capital-one\\\/#primaryimage\",\"url\":\"https:\\\/\\\/mp-2702.milesopedia.dev\\\/wp-content\\\/uploads\\\/2025\\\/02\\\/Banque-Canada-CapitalOne-1024x538-1.jpg\",\"contentUrl\":\"https:\\\/\\\/mp-2702.milesopedia.dev\\\/wp-content\\\/uploads\\\/2025\\\/02\\\/Banque-Canada-CapitalOne-1024x538-1.jpg\",\"width\":1024,\"height\":538,\"caption\":\"The Best Capital One Credit Cards \u2013 May 2026 - Capital One\"},{\"@type\":\"WebSite\",\"@id\":\"https:\\\/\\\/mp-2702.milesopedia.dev\\\/en\\\/#website\",\"url\":\"https:\\\/\\\/mp-2702.milesopedia.dev\\\/en\\\/\",\"name\":\"Milesopedia\",\"description\":\"Programmes de fid\u00e9lit\u00e9 et cartes de cr\u00e9dit au Canada\",\"publisher\":{\"@id\":\"https:\\\/\\\/mp-2702.milesopedia.dev\\\/en\\\/#organization\"},\"potentialAction\":[{\"@type\":\"SearchAction\",\"target\":{\"@type\":\"EntryPoint\",\"urlTemplate\":\"https:\\\/\\\/mp-2702.milesopedia.dev\\\/en\\\/?s={search_term_string}\"},\"query-input\":{\"@type\":\"PropertyValueSpecification\",\"valueRequired\":true,\"valueName\":\"search_term_string\"}}],\"inLanguage\":\"en-CA\"},{\"@type\":\"Organization\",\"@id\":\"https:\\\/\\\/mp-2702.milesopedia.dev\\\/en\\\/#organization\",\"name\":\"Milesopedia\",\"url\":\"https:\\\/\\\/mp-2702.milesopedia.dev\\\/en\\\/\",\"logo\":{\"@type\":\"ImageObject\",\"inLanguage\":\"en-CA\",\"@id\":\"https:\\\/\\\/mp-2702.milesopedia.dev\\\/en\\\/#\\\/schema\\\/logo\\\/image\\\/\",\"url\":\"https:\\\/\\\/mp-2702.milesopedia.dev\\\/wp-content\\\/uploads\\\/2025\\\/08\\\/Milesopedia-CANADA.png\",\"contentUrl\":\"https:\\\/\\\/mp-2702.milesopedia.dev\\\/wp-content\\\/uploads\\\/2025\\\/08\\\/Milesopedia-CANADA.png\",\"width\":884,\"height\":203,\"caption\":\"Milesopedia\"},\"image\":{\"@id\":\"https:\\\/\\\/mp-2702.milesopedia.dev\\\/en\\\/#\\\/schema\\\/logo\\\/image\\\/\"}}]}<\/script>\n<!-- \/ Yoast SEO Premium plugin. -->","yoast_head_json":{"title":"The Best Capital One Credit Cards \u2013 May 2026 | Milesopedia","description":"The best Capital One credit cards. Here is our selection of credit cards to save at the grocery store.","robots":{"index":"index","follow":"follow","max-snippet":"max-snippet:-1","max-image-preview":"max-image-preview:large","max-video-preview":"max-video-preview:-1"},"canonical":"https:\/\/mp-2702.milesopedia.dev\/en\/cards\/capital-one\/","og_locale":"en_US","og_type":"article","og_title":"The Best Capital One Credit Cards \u2013 May 2026","og_description":"The best Capital One credit cards. Here is our selection of credit cards to save at the grocery store.","og_url":"https:\/\/mp-2702.milesopedia.dev\/en\/cards\/capital-one\/","og_site_name":"Milesopedia","article_modified_time":"2026-05-08T16:43:07+00:00","og_image":[{"width":1024,"height":538,"url":"https:\/\/milesopedia.com\/wp-content\/uploads\/2025\/02\/Banque-Canada-CapitalOne-1024x538-1.jpg","type":"image\/jpeg"}],"twitter_card":"summary_large_image","twitter_misc":{"Est. reading time":"1 minute"},"schema":{"@context":"https:\/\/schema.org","@graph":[{"@type":"WebPage","@id":"https:\/\/mp-2702.milesopedia.dev\/en\/cards\/capital-one\/","url":"https:\/\/mp-2702.milesopedia.dev\/en\/cards\/capital-one\/","name":"Best Capital One Credit Cards - May 2026 - Milesopedia","isPartOf":{"@id":"https:\/\/mp-2702.milesopedia.dev\/en\/#website"},"primaryImageOfPage":{"@id":"https:\/\/mp-2702.milesopedia.dev\/en\/cards\/capital-one\/#primaryimage"},"image":{"@id":"https:\/\/mp-2702.milesopedia.dev\/en\/cards\/capital-one\/#primaryimage"},"thumbnailUrl":"https:\/\/mp-2702.milesopedia.dev\/wp-content\/uploads\/2025\/02\/Banque-Canada-CapitalOne-1024x538-1.jpg","datePublished":"2026-05-01T04:04:00+00:00","dateModified":"2026-05-08T16:43:07+00:00","description":"The best Capital One credit cards. Here is our selection of credit cards to save at the grocery store.","inLanguage":"en-CA","potentialAction":[{"@type":"ReadAction","target":["https:\/\/mp-2702.milesopedia.dev\/en\/cards\/capital-one\/"]}]},{"@type":"ImageObject","inLanguage":"en-CA","@id":"https:\/\/mp-2702.milesopedia.dev\/en\/cards\/capital-one\/#primaryimage","url":"https:\/\/mp-2702.milesopedia.dev\/wp-content\/uploads\/2025\/02\/Banque-Canada-CapitalOne-1024x538-1.jpg","contentUrl":"https:\/\/mp-2702.milesopedia.dev\/wp-content\/uploads\/2025\/02\/Banque-Canada-CapitalOne-1024x538-1.jpg","width":1024,"height":538,"caption":"The Best Capital One Credit Cards \u2013 May 2026 - Capital One"},{"@type":"WebSite","@id":"https:\/\/mp-2702.milesopedia.dev\/en\/#website","url":"https:\/\/mp-2702.milesopedia.dev\/en\/","name":"Milesopedia","description":"Programmes de fid\u00e9lit\u00e9 et cartes de cr\u00e9dit au Canada","publisher":{"@id":"https:\/\/mp-2702.milesopedia.dev\/en\/#organization"},"potentialAction":[{"@type":"SearchAction","target":{"@type":"EntryPoint","urlTemplate":"https:\/\/mp-2702.milesopedia.dev\/en\/?s={search_term_string}"},"query-input":{"@type":"PropertyValueSpecification","valueRequired":true,"valueName":"search_term_string"}}],"inLanguage":"en-CA"},{"@type":"Organization","@id":"https:\/\/mp-2702.milesopedia.dev\/en\/#organization","name":"Milesopedia","url":"https:\/\/mp-2702.milesopedia.dev\/en\/","logo":{"@type":"ImageObject","inLanguage":"en-CA","@id":"https:\/\/mp-2702.milesopedia.dev\/en\/#\/schema\/logo\/image\/","url":"https:\/\/mp-2702.milesopedia.dev\/wp-content\/uploads\/2025\/08\/Milesopedia-CANADA.png","contentUrl":"https:\/\/mp-2702.milesopedia.dev\/wp-content\/uploads\/2025\/08\/Milesopedia-CANADA.png","width":884,"height":203,"caption":"Milesopedia"},"image":{"@id":"https:\/\/mp-2702.milesopedia.dev\/en\/#\/schema\/logo\/image\/"}}]}},"_links":{"self":[{"href":"https:\/\/mp-2702.milesopedia.dev\/en\/wp-json\/wp\/v2\/pages\/34584","targetHints":{"allow":["GET"]}}],"collection":[{"href":"https:\/\/mp-2702.milesopedia.dev\/en\/wp-json\/wp\/v2\/pages"}],"about":[{"href":"https:\/\/mp-2702.milesopedia.dev\/en\/wp-json\/wp\/v2\/types\/page"}],"author":[{"embeddable":true,"href":"https:\/\/mp-2702.milesopedia.dev\/en\/wp-json\/wp\/v2\/users\/3"}],"replies":[{"embeddable":true,"href":"https:\/\/mp-2702.milesopedia.dev\/en\/wp-json\/wp\/v2\/comments?post=34584"}],"version-history":[{"count":5,"href":"https:\/\/mp-2702.milesopedia.dev\/en\/wp-json\/wp\/v2\/pages\/34584\/revisions"}],"predecessor-version":[{"id":495461,"href":"https:\/\/mp-2702.milesopedia.dev\/en\/wp-json\/wp\/v2\/pages\/34584\/revisions\/495461"}],"up":[{"embeddable":true,"href":"https:\/\/mp-2702.milesopedia.dev\/en\/wp-json\/wp\/v2\/pages\/207239"}],"wp:featuredmedia":[{"embeddable":true,"href":"https:\/\/mp-2702.milesopedia.dev\/en\/wp-json\/wp\/v2\/media\/430768"}],"wp:attachment":[{"href":"https:\/\/mp-2702.milesopedia.dev\/en\/wp-json\/wp\/v2\/media?parent=34584"}],"wp:term":[{"taxonomy":"post_tag","embeddable":true,"href":"https:\/\/mp-2702.milesopedia.dev\/en\/wp-json\/wp\/v2\/tags?post=34584"},{"taxonomy":"mc_loyalty_program","embeddable":true,"href":"https:\/\/mp-2702.milesopedia.dev\/en\/wp-json\/wp\/v2\/mc_loyalty_program?post=34584"}],"curies":[{"name":"wp","href":"https:\/\/api.w.org\/{rel}","templated":true}]}}