{"id":304422,"date":"2026-05-01T00:03:00","date_gmt":"2026-05-01T04:03:00","guid":{"rendered":"https:\/\/mp-2702.milesopedia.dev\/?page_id=304422"},"modified":"2026-05-08T16:43:07","modified_gmt":"2026-05-08T16:43:07","slug":"no-annual-fee","status":"publish","type":"page","link":"https:\/\/mp-2702.milesopedia.dev\/en\/offers\/no-annual-fee\/","title":{"rendered":"Top 3 \u2013 Best Credit Cards with No Annual Fees \u2013 May 2026"},"content":{"rendered":"\n<p>Here are our 3 best no annual fee credit card offers:<\/p>\n\n\n<aside class=\"component component__deferred_contents wp-block-milesgutenberg-deferred-contents\">\n\t\t\t\t<div\n\t\t\t\tdata-template='compare'\n\t\t\t\tdata-post_type='card'\n\t\t\t\tdata-per_page='14'\n\t\t\t\tclass='deferred_container--preload container_card container_template--compare container_count--3'\n\n\t\t\t\t\t\t\t\t\tdata-tag=\"card_id\"\n\t\t\t\t\t\t\tdata-post_ids=\"22740,22697,71355\"\n\t\t\t\t\t\t\tdata-utm=\"wpb\"\n\t\t\t\t\t\t\t>\n\t\t\n    <div class=\"card card-list card-list-header\">\n        <div class=\"shimmer shimmer-bar shimmer-dark shimmer-bar--short card-specs--title\"><\/div>\n        <div class=\"shimmer shimmer-bar shimmer-dark shimmer-bar--short card-specs--title\"><\/div>\n    <\/div>\n\n\n<div class=\"card card-list\">\n\n\t<div class=\"card-list--grid\">\n\n\t\t<div class=\"card-list--card\">\n\t\t\t<div class=\"card-graphic-cta shimmer shimmer-card\"><\/div>\n\t\t<\/div>\n\n\t\t<div class=\"card-list--title-offer\">\n\n\t\t\t<div class=\"card--title\">\n\t\t\t\t<div class=\"shimmer shimmer-bar\"><\/div>\n\t\t\t<\/div>\n\n\t\t\t<div class=\"card-list--offer\">\n\t\t\t\t<div class=\"shimmer shimmer-bar\"><\/div>\n\t\t\t<\/div>\n\n\t\t<\/div>\n\n\t\t<div>\n\t\t\t<div class=\"card--apply\">\n\t\t\t\t<div class=\"shimmer shimmer-btn\"><\/div>\n\t\t\t<\/div>\n\t\t<\/div>\n\n\t<\/div>\n\n<\/div>\n<div class=\"card card-list\">\n\n\t<div class=\"card-list--grid\">\n\n\t\t<div class=\"card-list--card\">\n\t\t\t<div class=\"card-graphic-cta shimmer shimmer-card\"><\/div>\n\t\t<\/div>\n\n\t\t<div class=\"card-list--title-offer\">\n\n\t\t\t<div class=\"card--title\">\n\t\t\t\t<div class=\"shimmer shimmer-bar\"><\/div>\n\t\t\t<\/div>\n\n\t\t\t<div class=\"card-list--offer\">\n\t\t\t\t<div class=\"shimmer shimmer-bar\"><\/div>\n\t\t\t<\/div>\n\n\t\t<\/div>\n\n\t\t<div>\n\t\t\t<div class=\"card--apply\">\n\t\t\t\t<div class=\"shimmer shimmer-btn\"><\/div>\n\t\t\t<\/div>\n\t\t<\/div>\n\n\t<\/div>\n\n<\/div>\n<div class=\"card card-list\">\n\n\t<div class=\"card-list--grid\">\n\n\t\t<div class=\"card-list--card\">\n\t\t\t<div class=\"card-graphic-cta shimmer shimmer-card\"><\/div>\n\t\t<\/div>\n\n\t\t<div class=\"card-list--title-offer\">\n\n\t\t\t<div class=\"card--title\">\n\t\t\t\t<div class=\"shimmer shimmer-bar\"><\/div>\n\t\t\t<\/div>\n\n\t\t\t<div class=\"card-list--offer\">\n\t\t\t\t<div class=\"shimmer shimmer-bar\"><\/div>\n\t\t\t<\/div>\n\n\t\t<\/div>\n\n\t\t<div>\n\t\t\t<div class=\"card--apply\">\n\t\t\t\t<div class=\"shimmer shimmer-btn\"><\/div>\n\t\t\t<\/div>\n\t\t<\/div>\n\n\t<\/div>\n\n<\/div>\t\t<\/div>\n\n\t\t<\/aside>\n\n\n<aside class=\"component component__deferred_contents wp-block-milesgutenberg-deferred-contents\">\n\t\t\t\t\t\t\t<h2 id=\"tangerine_money-back_world_mastercard_\">Tangerine&reg; Money-Back World Mastercard&reg;*<\/h2>\n\t\t\t\t<p>If you have an individual income of $60,000 or a household income of $80,000, you can choose the Tangerine<sup>&reg;<\/sup> Money-Back World Mastercard<sup>&reg;<\/sup>*.<\/p>\n<p>This credit card has <strong>no annual fee<\/strong> and allows you to earn cash back on your everyday purchases. With the current offer, you can get <strong>$100<\/strong> when you spend <strong>$1,500 within your first three months<\/strong><sup>\u2020\u2020<\/sup>. <\/p>\n<p>You get <strong>2% unlimited cash back<\/strong> in 2 categories of your choice and <strong>0.5% on all your other purchases<\/strong>. Plus, you can <strong>unlock a third 2% category<\/strong> when your cash back is deposited into a Tangerine Savings Account. <\/p>\n<p>Choose from <strong>13 spending categories<\/strong> (groceries, gas, restaurants, and more) and change them every 90 days to match your habits<sup>\u25ca<\/sup>.<\/p>\n<p>The card also includes useful protections, including <strong>purchase assurance and extended warranty<\/strong><sup>5<\/sup>, as well as <strong>mobile device insurance<\/strong> and coverage for <strong>rental vehicles<\/strong><sup>5<\/sup>.<\/p>\n<p>Finally, you can transfer high-interest credit card balances and enjoy a <strong>promotional rate of 1.95% for 6 months<\/strong> (a 1% transfer fee applies)<sup>11<\/sup>.<\/p>\n\t\t\t\t<div\n\t\t\t\tdata-template='m-h'\n\t\t\t\tdata-post_type='card'\n\t\t\t\tdata-per_page='1'\n\t\t\t\tclass='deferred_container--preload container_card container_template--m-h container_count--1'\n\n\t\t\t\t\t\t\t\t\tdata-tag=\"card_id\"\n\t\t\t\t\t\t\tdata-post_ids=\"71355\"\n\t\t\t\t\t\t\tdata-utm=\"wpb\"\n\t\t\t\t\t\t\t>\n\t\t<div class=\"card\">\n\t<div class=\"card--grid\">\n\n\t\t<div class=\"card--img-outer\">\n\t\t\t<div class=\"card--img\">\n\t\t\t\t<div class=\"shimmer shimmer-card\"><\/div>\n\t\t\t<\/div>\n\t\t<\/div>\n\n\t\t<div class=\"card--title-offer-selling\">\n\t\t\t<div class=\"card--title-offer\">\n\t\t\t\t<div class=\"shimmer shimmer-bar\"><\/div>\n\t\t\t\t<div class=\"shimmer shimmer-bar\"><\/div>\n\t\t\t<\/div>\n\t\t\t<div class=\"card--selling-points\">\n\t\t\t\t<div class=\"shimmer shimmer-bar shimmer-bar--short\"><\/div>\n\t\t\t\t<div class=\"shimmer shimmer-bar shimmer-bar--short\"><\/div>\n\t\t\t\t<div class=\"shimmer shimmer-bar shimmer-bar--short\"><\/div>\n\t\t\t<\/div>\n\t\t<\/div>\n\n\t\t<div class=\"card--apply\">\n\t\t\t<div class=\"apply-btn\">\n\t\t\t\t<div class=\"shimmer shimmer-btn\"><\/div>\n\t\t\t<\/div>\n\t\t<\/div>\n\n\t<\/div>\n<\/div>\t\t<\/div>\n\n\t\t<\/aside>\n\n\n<aside class=\"component component__deferred_contents wp-block-milesgutenberg-deferred-contents\">\n\t\t\t\t\t\t\t<h2 id=\"rbc_ion_visa_card\">RBC ION Visa Card<\/h2>\n\t\t\t\t<p>With the <strong>RBC ION Visa<\/strong> card, get <strong>7,000 Avion points<\/strong> upon approval<sup>^<\/sup>, worth approximately <strong>$50 in gift cards<\/strong><sup>+!<\/sup>.<\/p>\n<p>This RBC credit card <strong>with no annual fee<\/strong> lets you earn <strong>1.5X Avion points per dollar<\/strong> in the following categories<sup>1<\/sup>:<\/p>\n<ul>\n<li>Groceries<\/li>\n<li>Transit, gas, and electric vehicle charging<\/li>\n<li>Streaming, digital games, and subscriptions<\/li>\n<\/ul>\n<p>You also earn <strong>1 Avion point per dollar<\/strong> on all other eligible purchases<sup>1<\/sup>.<\/p>\n<p>Plus, save 3\u00a2 per litre on fuel at Petro-Canada and get 20% more points when you pay with an eligible linked RBC card<sup>4<\/sup>.<\/p>\n\t\t\t\t<div\n\t\t\t\tdata-template='m-h'\n\t\t\t\tdata-post_type='card'\n\t\t\t\tdata-per_page='3'\n\t\t\t\tclass='deferred_container--preload container_card container_template--m-h container_count--1'\n\n\t\t\t\t\t\t\t\t\tdata-tag=\"card_id\"\n\t\t\t\t\t\t\tdata-post_ids=\"22740\"\n\t\t\t\t\t\t\tdata-utm=\"wpb\"\n\t\t\t\t\t\t\t>\n\t\t<div class=\"card\">\n\t<div class=\"card--grid\">\n\n\t\t<div class=\"card--img-outer\">\n\t\t\t<div class=\"card--img\">\n\t\t\t\t<div class=\"shimmer shimmer-card\"><\/div>\n\t\t\t<\/div>\n\t\t<\/div>\n\n\t\t<div class=\"card--title-offer-selling\">\n\t\t\t<div class=\"card--title-offer\">\n\t\t\t\t<div class=\"shimmer shimmer-bar\"><\/div>\n\t\t\t\t<div class=\"shimmer shimmer-bar\"><\/div>\n\t\t\t<\/div>\n\t\t\t<div class=\"card--selling-points\">\n\t\t\t\t<div class=\"shimmer shimmer-bar shimmer-bar--short\"><\/div>\n\t\t\t\t<div class=\"shimmer shimmer-bar shimmer-bar--short\"><\/div>\n\t\t\t\t<div class=\"shimmer shimmer-bar shimmer-bar--short\"><\/div>\n\t\t\t<\/div>\n\t\t<\/div>\n\n\t\t<div class=\"card--apply\">\n\t\t\t<div class=\"apply-btn\">\n\t\t\t\t<div class=\"shimmer shimmer-btn\"><\/div>\n\t\t\t<\/div>\n\t\t<\/div>\n\n\t<\/div>\n<\/div>\t\t<\/div>\n\n\t\t<\/aside>\n\n\n<aside class=\"component component__deferred_contents wp-block-milesgutenberg-deferred-contents\">\n\t\t\t\t\t\t\t<h2 id=\"cibc_dividend_visa_card\">CIBC Dividend&reg; Visa* Card<\/h2>\n\t\t\t\t<p>The CIBC Dividend<sup>&reg;<\/sup> Visa* Card is one of the <strong>best no-fee<\/strong> <strong>cash-back<\/strong> Visa credit cards in Canada.<\/p>\n<p>For a limited time, earn <strong><span class=\"nowrap\">5%<\/span> cash back<\/strong> (up to <span class=\"nowrap\"><strong>100&nbsp;$<\/strong><\/span>) during the period covered by your first 4 monthly statements.<\/p>\n<p>Plus, get&nbsp;:<\/p>\n<ul>\n<li><span class=\"nowrap\">2%<\/span> cash back on eligible grocery purchases<sup>\u2020<\/sup><\/li>\n<li><span class=\"nowrap\">1%<\/span> cash back on eligible gas, electric vehicle charging, transportation, and dining purchases and on eligible recurring payments<sup>\u2020<\/sup><\/li>\n<li><span class=\"nowrap\">0.5%<\/span> cash back on all other purchases<sup>\u2020<\/sup><\/li>\n<\/ul>\n<p>This no-annual-fee CIBC credit card offers <strong>certain insurance coverages: <\/strong><\/p>\n<ul>\n<li>Purchase Security and Extended Protection Insurance<\/li>\n<\/ul>\n\t\t\t\t<div\n\t\t\t\tdata-template='m-h'\n\t\t\t\tdata-post_type='card'\n\t\t\t\tdata-per_page='3'\n\t\t\t\tclass='deferred_container--preload container_card container_template--m-h container_count--1'\n\n\t\t\t\t\t\t\t\t\tdata-tag=\"card_id\"\n\t\t\t\t\t\t\tdata-post_ids=\"22697\"\n\t\t\t\t\t\t\tdata-utm=\"wpb\"\n\t\t\t\t\t\t\t>\n\t\t<div class=\"card\">\n\t<div class=\"card--grid\">\n\n\t\t<div class=\"card--img-outer\">\n\t\t\t<div class=\"card--img\">\n\t\t\t\t<div class=\"shimmer shimmer-card\"><\/div>\n\t\t\t<\/div>\n\t\t<\/div>\n\n\t\t<div class=\"card--title-offer-selling\">\n\t\t\t<div class=\"card--title-offer\">\n\t\t\t\t<div class=\"shimmer shimmer-bar\"><\/div>\n\t\t\t\t<div class=\"shimmer shimmer-bar\"><\/div>\n\t\t\t<\/div>\n\t\t\t<div class=\"card--selling-points\">\n\t\t\t\t<div class=\"shimmer shimmer-bar shimmer-bar--short\"><\/div>\n\t\t\t\t<div class=\"shimmer shimmer-bar shimmer-bar--short\"><\/div>\n\t\t\t\t<div class=\"shimmer shimmer-bar shimmer-bar--short\"><\/div>\n\t\t\t<\/div>\n\t\t<\/div>\n\n\t\t<div class=\"card--apply\">\n\t\t\t<div class=\"apply-btn\">\n\t\t\t\t<div class=\"shimmer shimmer-btn\"><\/div>\n\t\t\t<\/div>\n\t\t<\/div>\n\n\t<\/div>\n<\/div>\t\t<\/div>\n\n\t\t<\/aside>","protected":false},"excerpt":{"rendered":"<p>Here are our 3 best no annual fee credit card offers:<\/p>","protected":false},"author":3,"featured_media":0,"parent":304409,"menu_order":0,"comment_status":"closed","ping_status":"closed","template":"page-ads.php","meta":{"_acf_changed":false,"_relevanssi_hide_post":"","_relevanssi_hide_content":"","_relevanssi_pin_for_all":"","_relevanssi_pin_keywords":"","_relevanssi_unpin_keywords":"","_relevanssi_related_keywords":"","_relevanssi_related_include_ids":"","_relevanssi_related_exclude_ids":"","_relevanssi_related_no_append":"","_relevanssi_related_not_related":"","_relevanssi_related_posts":"","_relevanssi_noindex_reason":"Yoast SEO Relevanssi index exclude","footnotes":""},"tags":[],"mc_loyalty_program":[],"class_list":["post-304422","page","type-page","status-publish","hentry"],"acf":[],"yoast_head":"<!-- This site is optimized with the Yoast SEO Premium plugin v27.5 (Yoast SEO v27.5) - https:\/\/yoast.com\/product\/yoast-seo-premium-wordpress\/ -->\n<title>Top 3 \u2013 Best Credit Cards with No Annual Fees \u2013 May 2026 | Milesopedia<\/title>\n<meta name=\"description\" content=\"Looking for a no-annual-fee credit card in Canada? Here&#039;s our selection of the best no-fee credit cards in Canada.\" \/>\n<meta name=\"robots\" content=\"noindex, nofollow\" \/>\n<meta property=\"og:locale\" content=\"en_US\" \/>\n<meta property=\"og:type\" content=\"article\" \/>\n<meta property=\"og:title\" content=\"Top 3 \u2013 Best Credit Cards with No Annual Fees \u2013 May 2026\" \/>\n<meta property=\"og:description\" content=\"Looking for a no-annual-fee credit card in Canada? Here&#039;s our selection of the best no-fee credit cards in Canada.\" \/>\n<meta property=\"og:url\" content=\"https:\/\/mp-2702.milesopedia.dev\/en\/offers\/no-annual-fee\/\" \/>\n<meta property=\"og:site_name\" content=\"Milesopedia\" \/>\n<meta property=\"article:modified_time\" content=\"2026-05-08T16:43:07+00:00\" \/>\n<meta name=\"twitter:card\" content=\"summary_large_image\" \/>\n<meta name=\"twitter:label1\" content=\"Est. reading time\" \/>\n\t<meta name=\"twitter:data1\" content=\"1 minute\" \/>\n<script type=\"application\/ld+json\" class=\"yoast-schema-graph\">{\"@context\":\"https:\\\/\\\/schema.org\",\"@graph\":[{\"@type\":\"WebPage\",\"@id\":\"https:\\\/\\\/mp-2702.milesopedia.dev\\\/en\\\/offers\\\/no-annual-fee\\\/\",\"url\":\"https:\\\/\\\/mp-2702.milesopedia.dev\\\/en\\\/offers\\\/no-annual-fee\\\/\",\"name\":\"Best No-Fee Credit Cards in Canada - May 2026 - Milesopedia\",\"isPartOf\":{\"@id\":\"https:\\\/\\\/mp-2702.milesopedia.dev\\\/en\\\/#website\"},\"datePublished\":\"2026-05-01T04:03:00+00:00\",\"dateModified\":\"2026-05-08T16:43:07+00:00\",\"description\":\"Looking for a no-annual-fee credit card in Canada? Here's our selection of the best no-fee credit cards in Canada.\",\"inLanguage\":\"en-CA\",\"potentialAction\":[{\"@type\":\"ReadAction\",\"target\":[\"https:\\\/\\\/mp-2702.milesopedia.dev\\\/en\\\/offers\\\/no-annual-fee\\\/\"]}]},{\"@type\":\"WebSite\",\"@id\":\"https:\\\/\\\/mp-2702.milesopedia.dev\\\/en\\\/#website\",\"url\":\"https:\\\/\\\/mp-2702.milesopedia.dev\\\/en\\\/\",\"name\":\"Milesopedia\",\"description\":\"Programmes de fid\u00e9lit\u00e9 et cartes de cr\u00e9dit au Canada\",\"publisher\":{\"@id\":\"https:\\\/\\\/mp-2702.milesopedia.dev\\\/en\\\/#organization\"},\"potentialAction\":[{\"@type\":\"SearchAction\",\"target\":{\"@type\":\"EntryPoint\",\"urlTemplate\":\"https:\\\/\\\/mp-2702.milesopedia.dev\\\/en\\\/?s={search_term_string}\"},\"query-input\":{\"@type\":\"PropertyValueSpecification\",\"valueRequired\":true,\"valueName\":\"search_term_string\"}}],\"inLanguage\":\"en-CA\"},{\"@type\":\"Organization\",\"@id\":\"https:\\\/\\\/mp-2702.milesopedia.dev\\\/en\\\/#organization\",\"name\":\"Milesopedia\",\"url\":\"https:\\\/\\\/mp-2702.milesopedia.dev\\\/en\\\/\",\"logo\":{\"@type\":\"ImageObject\",\"inLanguage\":\"en-CA\",\"@id\":\"https:\\\/\\\/mp-2702.milesopedia.dev\\\/en\\\/#\\\/schema\\\/logo\\\/image\\\/\",\"url\":\"https:\\\/\\\/mp-2702.milesopedia.dev\\\/wp-content\\\/uploads\\\/2025\\\/08\\\/Milesopedia-CANADA.png\",\"contentUrl\":\"https:\\\/\\\/mp-2702.milesopedia.dev\\\/wp-content\\\/uploads\\\/2025\\\/08\\\/Milesopedia-CANADA.png\",\"width\":884,\"height\":203,\"caption\":\"Milesopedia\"},\"image\":{\"@id\":\"https:\\\/\\\/mp-2702.milesopedia.dev\\\/en\\\/#\\\/schema\\\/logo\\\/image\\\/\"}}]}<\/script>\n<!-- \/ Yoast SEO Premium plugin. -->","yoast_head_json":{"title":"Top 3 \u2013 Best Credit Cards with No Annual Fees \u2013 May 2026 | Milesopedia","description":"Looking for a no-annual-fee credit card in Canada? Here's our selection of the best no-fee credit cards in Canada.","robots":{"index":"noindex","follow":"nofollow"},"og_locale":"en_US","og_type":"article","og_title":"Top 3 \u2013 Best Credit Cards with No Annual Fees \u2013 May 2026","og_description":"Looking for a no-annual-fee credit card in Canada? Here's our selection of the best no-fee credit cards in Canada.","og_url":"https:\/\/mp-2702.milesopedia.dev\/en\/offers\/no-annual-fee\/","og_site_name":"Milesopedia","article_modified_time":"2026-05-08T16:43:07+00:00","twitter_card":"summary_large_image","twitter_misc":{"Est. reading time":"1 minute"},"schema":{"@context":"https:\/\/schema.org","@graph":[{"@type":"WebPage","@id":"https:\/\/mp-2702.milesopedia.dev\/en\/offers\/no-annual-fee\/","url":"https:\/\/mp-2702.milesopedia.dev\/en\/offers\/no-annual-fee\/","name":"Best No-Fee Credit Cards in Canada - May 2026 - Milesopedia","isPartOf":{"@id":"https:\/\/mp-2702.milesopedia.dev\/en\/#website"},"datePublished":"2026-05-01T04:03:00+00:00","dateModified":"2026-05-08T16:43:07+00:00","description":"Looking for a no-annual-fee credit card in Canada? Here's our selection of the best no-fee credit cards in Canada.","inLanguage":"en-CA","potentialAction":[{"@type":"ReadAction","target":["https:\/\/mp-2702.milesopedia.dev\/en\/offers\/no-annual-fee\/"]}]},{"@type":"WebSite","@id":"https:\/\/mp-2702.milesopedia.dev\/en\/#website","url":"https:\/\/mp-2702.milesopedia.dev\/en\/","name":"Milesopedia","description":"Programmes de fid\u00e9lit\u00e9 et cartes de cr\u00e9dit au Canada","publisher":{"@id":"https:\/\/mp-2702.milesopedia.dev\/en\/#organization"},"potentialAction":[{"@type":"SearchAction","target":{"@type":"EntryPoint","urlTemplate":"https:\/\/mp-2702.milesopedia.dev\/en\/?s={search_term_string}"},"query-input":{"@type":"PropertyValueSpecification","valueRequired":true,"valueName":"search_term_string"}}],"inLanguage":"en-CA"},{"@type":"Organization","@id":"https:\/\/mp-2702.milesopedia.dev\/en\/#organization","name":"Milesopedia","url":"https:\/\/mp-2702.milesopedia.dev\/en\/","logo":{"@type":"ImageObject","inLanguage":"en-CA","@id":"https:\/\/mp-2702.milesopedia.dev\/en\/#\/schema\/logo\/image\/","url":"https:\/\/mp-2702.milesopedia.dev\/wp-content\/uploads\/2025\/08\/Milesopedia-CANADA.png","contentUrl":"https:\/\/mp-2702.milesopedia.dev\/wp-content\/uploads\/2025\/08\/Milesopedia-CANADA.png","width":884,"height":203,"caption":"Milesopedia"},"image":{"@id":"https:\/\/mp-2702.milesopedia.dev\/en\/#\/schema\/logo\/image\/"}}]}},"_links":{"self":[{"href":"https:\/\/mp-2702.milesopedia.dev\/en\/wp-json\/wp\/v2\/pages\/304422","targetHints":{"allow":["GET"]}}],"collection":[{"href":"https:\/\/mp-2702.milesopedia.dev\/en\/wp-json\/wp\/v2\/pages"}],"about":[{"href":"https:\/\/mp-2702.milesopedia.dev\/en\/wp-json\/wp\/v2\/types\/page"}],"author":[{"embeddable":true,"href":"https:\/\/mp-2702.milesopedia.dev\/en\/wp-json\/wp\/v2\/users\/3"}],"replies":[{"embeddable":true,"href":"https:\/\/mp-2702.milesopedia.dev\/en\/wp-json\/wp\/v2\/comments?post=304422"}],"version-history":[{"count":5,"href":"https:\/\/mp-2702.milesopedia.dev\/en\/wp-json\/wp\/v2\/pages\/304422\/revisions"}],"predecessor-version":[{"id":495275,"href":"https:\/\/mp-2702.milesopedia.dev\/en\/wp-json\/wp\/v2\/pages\/304422\/revisions\/495275"}],"up":[{"embeddable":true,"href":"https:\/\/mp-2702.milesopedia.dev\/en\/wp-json\/wp\/v2\/pages\/304409"}],"wp:attachment":[{"href":"https:\/\/mp-2702.milesopedia.dev\/en\/wp-json\/wp\/v2\/media?parent=304422"}],"wp:term":[{"taxonomy":"post_tag","embeddable":true,"href":"https:\/\/mp-2702.milesopedia.dev\/en\/wp-json\/wp\/v2\/tags?post=304422"},{"taxonomy":"mc_loyalty_program","embeddable":true,"href":"https:\/\/mp-2702.milesopedia.dev\/en\/wp-json\/wp\/v2\/mc_loyalty_program?post=304422"}],"curies":[{"name":"wp","href":"https:\/\/api.w.org\/{rel}","templated":true}]}}