{"id":304409,"date":"2026-05-01T00:03:00","date_gmt":"2026-05-01T04:03:00","guid":{"rendered":"https:\/\/mp-2702.milesopedia.dev\/offers\/"},"modified":"2026-05-08T16:43:07","modified_gmt":"2026-05-08T16:43:07","slug":"offers","status":"publish","type":"page","link":"https:\/\/mp-2702.milesopedia.dev\/en\/offers\/","title":{"rendered":"Top 3 \u2013 Best welcome offers \u2013 May 2026"},"content":{"rendered":"\n<p>Here are the <strong>three best credit card offers<\/strong> right now:<\/p>\n\n\n<aside class=\"component component__deferred_contents wp-block-milesgutenberg-deferred-contents\">\n\t\t\t\t<div\n\t\t\t\tdata-template='compare'\n\t\t\t\tdata-post_type='card'\n\t\t\t\tdata-per_page='12'\n\t\t\t\tclass='deferred_container--preload container_card container_template--compare container_count--3'\n\n\t\t\t\t\t\t\t\t\tdata-tag=\"card_id\"\n\t\t\t\t\t\t\tdata-post_ids=\"153316,22724,401432\"\n\t\t\t\t\t\t\tdata-utm=\"wpb\"\n\t\t\t\t\t\t\t>\n\t\t\n    <div class=\"card card-list card-list-header\">\n        <div class=\"shimmer shimmer-bar shimmer-dark shimmer-bar--short card-specs--title\"><\/div>\n        <div class=\"shimmer shimmer-bar shimmer-dark shimmer-bar--short card-specs--title\"><\/div>\n    <\/div>\n\n\n<div class=\"card card-list\">\n\n\t<div class=\"card-list--grid\">\n\n\t\t<div class=\"card-list--card\">\n\t\t\t<div class=\"card-graphic-cta shimmer shimmer-card\"><\/div>\n\t\t<\/div>\n\n\t\t<div class=\"card-list--title-offer\">\n\n\t\t\t<div class=\"card--title\">\n\t\t\t\t<div class=\"shimmer shimmer-bar\"><\/div>\n\t\t\t<\/div>\n\n\t\t\t<div class=\"card-list--offer\">\n\t\t\t\t<div class=\"shimmer shimmer-bar\"><\/div>\n\t\t\t<\/div>\n\n\t\t<\/div>\n\n\t\t<div>\n\t\t\t<div class=\"card--apply\">\n\t\t\t\t<div class=\"shimmer shimmer-btn\"><\/div>\n\t\t\t<\/div>\n\t\t<\/div>\n\n\t<\/div>\n\n<\/div>\n<div class=\"card card-list\">\n\n\t<div class=\"card-list--grid\">\n\n\t\t<div class=\"card-list--card\">\n\t\t\t<div class=\"card-graphic-cta shimmer shimmer-card\"><\/div>\n\t\t<\/div>\n\n\t\t<div class=\"card-list--title-offer\">\n\n\t\t\t<div class=\"card--title\">\n\t\t\t\t<div class=\"shimmer shimmer-bar\"><\/div>\n\t\t\t<\/div>\n\n\t\t\t<div class=\"card-list--offer\">\n\t\t\t\t<div class=\"shimmer shimmer-bar\"><\/div>\n\t\t\t<\/div>\n\n\t\t<\/div>\n\n\t\t<div>\n\t\t\t<div class=\"card--apply\">\n\t\t\t\t<div class=\"shimmer shimmer-btn\"><\/div>\n\t\t\t<\/div>\n\t\t<\/div>\n\n\t<\/div>\n\n<\/div>\n<div class=\"card card-list\">\n\n\t<div class=\"card-list--grid\">\n\n\t\t<div class=\"card-list--card\">\n\t\t\t<div class=\"card-graphic-cta shimmer shimmer-card\"><\/div>\n\t\t<\/div>\n\n\t\t<div class=\"card-list--title-offer\">\n\n\t\t\t<div class=\"card--title\">\n\t\t\t\t<div class=\"shimmer shimmer-bar\"><\/div>\n\t\t\t<\/div>\n\n\t\t\t<div class=\"card-list--offer\">\n\t\t\t\t<div class=\"shimmer shimmer-bar\"><\/div>\n\t\t\t<\/div>\n\n\t\t<\/div>\n\n\t\t<div>\n\t\t\t<div class=\"card--apply\">\n\t\t\t\t<div class=\"shimmer shimmer-btn\"><\/div>\n\t\t\t<\/div>\n\t\t<\/div>\n\n\t<\/div>\n\n<\/div>\t\t<\/div>\n\n\t\t<\/aside>\n\n\n<aside class=\"component component__deferred_contents wp-block-milesgutenberg-deferred-contents\">\n\t\t\t\t\t\t\t<h2 id=\"cibc_aventura_visa_infinite_card\">CIBC Aventura&reg; Visa Infinite* Card<\/h2>\n\t\t\t\t<p>The CIBC Aventura<sup>&reg;<\/sup> Visa Infinite* Card is one of the <strong>best Visa credit cards with travel rewards<\/strong>. <\/p>\n<p>CIBC has an <strong>offer<\/strong> with which you can earn up to <strong><span class=\"nowrap\">45,000<\/span> Aventura points:<\/strong><\/p>\n<ul>\n<li>15,000 Aventura Points when you make your first purchase<sup>\u2020<\/sup><\/li>\n<li>30,000 Aventura Points if you spend <span class=\"nowrap\">$3,000<\/span> or more in the first 4 monthly statement periods<sup>\u2020<\/sup><\/li>\n<\/ul>\n<p>In addition, you can benefit from a <strong>rebate on the first year\u2019s annual fee for the primary card holder<\/strong> (<span class=\"nowrap\">$139<\/span> value) and <strong>up to three authorized users<\/strong> (<span class=\"nowrap\">$50<\/span> each).<\/p>\n<p>With this CIBC Aventura Credit Card, you get:<\/p>\n<ul>\n<li>2 points for every $1 spent on travel purchased through the CIBC Rewards Centre<sup>\u2020<\/sup><\/li>\n<li>1.5 points for every $1 spent at eligible gas stations, EV charging, grocery stores and drug stores<sup>\u2020<\/sup><\/li>\n<li>1 point for every $1 spent on all other purchases<sup>\u2020 <\/sup><\/li>\n<\/ul>\n<p>The CIBC Aventura<sup>&reg;<\/sup> Visa Infinite* Card also offers:<\/p>\n<ul>\n<li>Airport lounges access: Visa Airport Companion Program membership with 4 complimentary visits per year<\/li>\n<li>Reimbursement of NEXUS membership fees ( <span class=\"nowrap\">$160<\/span> value)<\/li>\n<\/ul>\n<p>The minimum annual income required for this card is <span class=\"nowrap\">$60,000<\/span> (personal) or <span class=\"nowrap\">$100,000<\/span> (household).<\/p>\n\t\t\t\t<div\n\t\t\t\tdata-template='m-h'\n\t\t\t\tdata-post_type='card'\n\t\t\t\tdata-per_page='3'\n\t\t\t\tclass='deferred_container--preload container_card container_template--m-h container_count--1'\n\n\t\t\t\t\t\t\t\t\tdata-tag=\"card_id\"\n\t\t\t\t\t\t\tdata-post_ids=\"153316\"\n\t\t\t\t\t\t\tdata-utm=\"wpb\"\n\t\t\t\t\t\t\t>\n\t\t<div class=\"card\">\n\t<div class=\"card--grid\">\n\n\t\t<div class=\"card--img-outer\">\n\t\t\t<div class=\"card--img\">\n\t\t\t\t<div class=\"shimmer shimmer-card\"><\/div>\n\t\t\t<\/div>\n\t\t<\/div>\n\n\t\t<div class=\"card--title-offer-selling\">\n\t\t\t<div class=\"card--title-offer\">\n\t\t\t\t<div class=\"shimmer shimmer-bar\"><\/div>\n\t\t\t\t<div class=\"shimmer shimmer-bar\"><\/div>\n\t\t\t<\/div>\n\t\t\t<div class=\"card--selling-points\">\n\t\t\t\t<div class=\"shimmer shimmer-bar shimmer-bar--short\"><\/div>\n\t\t\t\t<div class=\"shimmer shimmer-bar shimmer-bar--short\"><\/div>\n\t\t\t\t<div class=\"shimmer shimmer-bar shimmer-bar--short\"><\/div>\n\t\t\t<\/div>\n\t\t<\/div>\n\n\t\t<div class=\"card--apply\">\n\t\t\t<div class=\"apply-btn\">\n\t\t\t\t<div class=\"shimmer shimmer-btn\"><\/div>\n\t\t\t<\/div>\n\t\t<\/div>\n\n\t<\/div>\n<\/div>\t\t<\/div>\n\n\t\t<\/aside>\n\n\n<aside class=\"component component__deferred_contents wp-block-milesgutenberg-deferred-contents\">\n\t\t\t\t\t\t\t<h2 id=\"td_first_class_travel_visa_infinite_card\">TD First Class Travel&reg; Visa Infinite* Card<\/h2>\n\t\t\t\t<p>With the TD First Class Travel<sup>&reg;<\/sup> Visa Infinite* Card, you can get up to <span class=\"nowrap\"><strong>165,<\/strong><strong>000 TD<\/strong><\/span><strong> Rewards points<\/strong><sup>\u2020 <\/sup>and a <strong>rebate on the annual fee for the first year<\/strong>:<\/p>\n<ul>\n<li><strong><span class=\"nowrap\">20,000<\/span> TD Rewards points<\/strong> for the first purchase made with your Card<sup>\u2020<\/sup><\/li>\n<li><strong><span class=\"nowrap\">145,000<\/span> TD Rewards points<\/strong> if you spend <span class=\"nowrap\">$7,500<\/span> within 180 days of opening<sup>\u2020<\/sup><\/li>\n<li>A birthday bonus of up to <strong>10,000 TD Rewards points<\/strong><sup>\u2020<\/sup><\/li>\n<\/ul>\n<p>Plus, get an <strong>Annual Fee Rebate<\/strong> for the first year.<sup>\u2020<\/sup> This is <strong>the highest offer<\/strong> we have ever seen!<\/p>\n<p>With the TD First Class Travel<sup>&reg;<\/sup> Visa Infinite* Card, you earn:<\/p>\n<ul>\n<li><strong>8 TD Rewards Points<sup>\u2020<\/sup><\/strong> for every $1 you spend when you book travel through Expedia<sup>&reg;<\/sup> For TD<sup>\u2020<\/sup><\/li>\n<li><strong>6 TD Rewards Points<\/strong> for every $1 you spend on Groceries, Dining, and Public Transit<sup>\u2020<\/sup><\/li>\n<li><strong>4 TD Rewards Points<\/strong> for every $1 you spend on Recurring Bill Payments and Streaming, Digital Gaming &#038; Media<sup>\u2020<\/sup><\/li>\n<li><strong>2 TD Rewards Points<\/strong> for every $1 you spend on other Purchases made using your Card<sup>\u2020<\/sup><\/li>\n<\/ul>\n<p>This TD credit card is one of the best TD travel rewards cards. As of April 30, 2025, it now offers <strong>access to airport lounges with 4 free visits per year<\/strong>.<\/p>\n\t\t\t\t<div\n\t\t\t\tdata-template='m-h'\n\t\t\t\tdata-post_type='card'\n\t\t\t\tdata-per_page='3'\n\t\t\t\tclass='deferred_container--preload container_card container_template--m-h container_count--1'\n\n\t\t\t\t\t\t\t\t\tdata-tag=\"card_id\"\n\t\t\t\t\t\t\tdata-post_ids=\"22724\"\n\t\t\t\t\t\t\tdata-utm=\"wpb\"\n\t\t\t\t\t\t\t>\n\t\t<div class=\"card\">\n\t<div class=\"card--grid\">\n\n\t\t<div class=\"card--img-outer\">\n\t\t\t<div class=\"card--img\">\n\t\t\t\t<div class=\"shimmer shimmer-card\"><\/div>\n\t\t\t<\/div>\n\t\t<\/div>\n\n\t\t<div class=\"card--title-offer-selling\">\n\t\t\t<div class=\"card--title-offer\">\n\t\t\t\t<div class=\"shimmer shimmer-bar\"><\/div>\n\t\t\t\t<div class=\"shimmer shimmer-bar\"><\/div>\n\t\t\t<\/div>\n\t\t\t<div class=\"card--selling-points\">\n\t\t\t\t<div class=\"shimmer shimmer-bar shimmer-bar--short\"><\/div>\n\t\t\t\t<div class=\"shimmer shimmer-bar shimmer-bar--short\"><\/div>\n\t\t\t\t<div class=\"shimmer shimmer-bar shimmer-bar--short\"><\/div>\n\t\t\t<\/div>\n\t\t<\/div>\n\n\t\t<div class=\"card--apply\">\n\t\t\t<div class=\"apply-btn\">\n\t\t\t\t<div class=\"shimmer shimmer-btn\"><\/div>\n\t\t\t<\/div>\n\t\t<\/div>\n\n\t<\/div>\n<\/div>\t\t<\/div>\n\n\t\t<\/aside>\n\n\n<aside class=\"component component__deferred_contents wp-block-milesgutenberg-deferred-contents\">\n\t\t\t\t\t\t\t<h2 id=\"national_bank_world_elite_mastercard\">National Bank World Elite Mastercard<\/h2>\n\t\t\t\t<p>With Milesopedia, <strong>enjoy an exclusive offer to get up to 50,000 points<\/strong> with the National Bank World Elite Mastercard. This offer is <strong>exclusively available through the Milesopedia network<\/strong> and allows you to quickly earn points by following these steps:<\/p>\n<ul>\n<li><strong>10,000 reward points<\/strong> upon enrollment in your credit card payment protection, for a minimum of 3 months of membership.<\/li>\n<li><strong>10,000 points<\/strong> when you make $5,000 in net purchases within the first 3 months.<\/li>\n<li><strong>20,000 points<\/strong> when you reach $20,000 in purchases within the first 12 months.<\/li>\n<li><strong>10,000 points<\/strong> when you combine your credit card with the opening of your first current account within 7 days of your credit card application.<\/li>\n<\/ul>\n<p>The <strong>National Bank World Elite Mastercard<\/strong> is the best Mastercard credit card offered by NBC.<\/p>\n<p>With this card, you earn up to <strong>5 points per dollar<\/strong> on your purchases:<\/p>\n<ul>\n<li>5 points per dollar for groceries and restaurants<\/li>\n<li>2 points per dollar on gas and electric recharge purchases<\/li>\n<li>2 points per dollar on recurring bills<\/li>\n<li>2 points per dollar on \u00c0 la carte Travel<\/li>\n<li>1 point per dollar for all other purchases<\/li>\n<\/ul>\n<p>And since it&rsquo;s an NBC mycredit <strong>Mastercard<\/strong>, you can use it at Costco.<\/p>\n<p>With this card, you have access to a <strong>$150 annual travel credit<\/strong> that you can use in any of these categories:<\/p>\n<ul>\n<li>Airport parking<\/li>\n<li>Baggage fees<\/li>\n<li>Seat selection<\/li>\n<li>Access to Airport Lounges<\/li>\n<li>Flight upgrades<\/li>\n<\/ul>\n<p>What&rsquo;s more, you can enjoy access to DragonPass airport lounges and unlimited access to the National Bank Lounge at Montreal-Trudeau.<\/p>\n<p>Finally, Milesopedia has named the National Bank World Elite Mastercard as the <strong>Best Travel Credit Card<\/strong> in 2023, 2024, 2025, and 2026.<\/p>\n\t\t\t\t<div\n\t\t\t\tdata-template='m-h'\n\t\t\t\tdata-post_type='card'\n\t\t\t\tdata-per_page='5'\n\t\t\t\tclass='deferred_container--preload container_card container_template--m-h container_count--1'\n\n\t\t\t\t\t\t\t\t\tdata-tag=\"card_id\"\n\t\t\t\t\t\t\tdata-post_ids=\"401432\"\n\t\t\t\t\t\t\tdata-utm=\"wpb\"\n\t\t\t\t\t\t\t>\n\t\t<div class=\"card\">\n\t<div class=\"card--grid\">\n\n\t\t<div class=\"card--img-outer\">\n\t\t\t<div class=\"card--img\">\n\t\t\t\t<div class=\"shimmer shimmer-card\"><\/div>\n\t\t\t<\/div>\n\t\t<\/div>\n\n\t\t<div class=\"card--title-offer-selling\">\n\t\t\t<div class=\"card--title-offer\">\n\t\t\t\t<div class=\"shimmer shimmer-bar\"><\/div>\n\t\t\t\t<div class=\"shimmer shimmer-bar\"><\/div>\n\t\t\t<\/div>\n\t\t\t<div class=\"card--selling-points\">\n\t\t\t\t<div class=\"shimmer shimmer-bar shimmer-bar--short\"><\/div>\n\t\t\t\t<div class=\"shimmer shimmer-bar shimmer-bar--short\"><\/div>\n\t\t\t\t<div class=\"shimmer shimmer-bar shimmer-bar--short\"><\/div>\n\t\t\t<\/div>\n\t\t<\/div>\n\n\t\t<div class=\"card--apply\">\n\t\t\t<div class=\"apply-btn\">\n\t\t\t\t<div class=\"shimmer shimmer-btn\"><\/div>\n\t\t\t<\/div>\n\t\t<\/div>\n\n\t<\/div>\n<\/div>\t\t<\/div>\n\n\t\t<\/aside>","protected":false},"excerpt":{"rendered":"<p>Here are the three best credit card offers right now:<\/p>","protected":false},"author":3,"featured_media":0,"parent":0,"menu_order":0,"comment_status":"closed","ping_status":"closed","template":"page-ads.php","meta":{"_acf_changed":false,"_relevanssi_hide_post":"","_relevanssi_hide_content":"","_relevanssi_pin_for_all":"","_relevanssi_pin_keywords":"","_relevanssi_unpin_keywords":"","_relevanssi_related_keywords":"","_relevanssi_related_include_ids":"","_relevanssi_related_exclude_ids":"","_relevanssi_related_no_append":"","_relevanssi_related_not_related":"","_relevanssi_related_posts":"","_relevanssi_noindex_reason":"Yoast SEO Relevanssi index exclude","footnotes":""},"tags":[],"mc_loyalty_program":[],"class_list":["post-304409","page","type-page","status-publish","hentry"],"acf":[],"yoast_head":"<!-- This site is optimized with the Yoast SEO Premium plugin v27.5 (Yoast SEO v27.5) - https:\/\/yoast.com\/product\/yoast-seo-premium-wordpress\/ -->\n<title>Top 3 \u2013 Best welcome offers \u2013 May 2026 | Milesopedia<\/title>\n<meta name=\"robots\" content=\"noindex, nofollow\" \/>\n<meta property=\"og:locale\" content=\"en_US\" \/>\n<meta property=\"og:type\" content=\"article\" \/>\n<meta property=\"og:title\" content=\"Top 3 \u2013 Best welcome offers \u2013 May 2026\" \/>\n<meta property=\"og:description\" content=\"Here are the three best credit card offers right now:\" \/>\n<meta property=\"og:url\" content=\"https:\/\/mp-2702.milesopedia.dev\/en\/offers\/\" \/>\n<meta property=\"og:site_name\" content=\"Milesopedia\" \/>\n<meta property=\"article:modified_time\" content=\"2026-05-08T16:43:07+00:00\" \/>\n<meta name=\"twitter:card\" content=\"summary_large_image\" \/>\n<script type=\"application\/ld+json\" class=\"yoast-schema-graph\">{\"@context\":\"https:\\\/\\\/schema.org\",\"@graph\":[{\"@type\":\"WebPage\",\"@id\":\"https:\\\/\\\/mp-2702.milesopedia.dev\\\/en\\\/offers\\\/\",\"url\":\"https:\\\/\\\/mp-2702.milesopedia.dev\\\/en\\\/offers\\\/\",\"name\":\"Top 3 \u2013 Best welcome offers \u2013 May 2026 - Milesopedia\",\"isPartOf\":{\"@id\":\"https:\\\/\\\/mp-2702.milesopedia.dev\\\/en\\\/#website\"},\"datePublished\":\"2026-05-01T04:03:00+00:00\",\"dateModified\":\"2026-05-08T16:43:07+00:00\",\"inLanguage\":\"en-CA\",\"potentialAction\":[{\"@type\":\"ReadAction\",\"target\":[\"https:\\\/\\\/mp-2702.milesopedia.dev\\\/en\\\/offers\\\/\"]}]},{\"@type\":\"WebSite\",\"@id\":\"https:\\\/\\\/mp-2702.milesopedia.dev\\\/en\\\/#website\",\"url\":\"https:\\\/\\\/mp-2702.milesopedia.dev\\\/en\\\/\",\"name\":\"Milesopedia\",\"description\":\"Programmes de fid\u00e9lit\u00e9 et cartes de cr\u00e9dit au Canada\",\"publisher\":{\"@id\":\"https:\\\/\\\/mp-2702.milesopedia.dev\\\/en\\\/#organization\"},\"potentialAction\":[{\"@type\":\"SearchAction\",\"target\":{\"@type\":\"EntryPoint\",\"urlTemplate\":\"https:\\\/\\\/mp-2702.milesopedia.dev\\\/en\\\/?s={search_term_string}\"},\"query-input\":{\"@type\":\"PropertyValueSpecification\",\"valueRequired\":true,\"valueName\":\"search_term_string\"}}],\"inLanguage\":\"en-CA\"},{\"@type\":\"Organization\",\"@id\":\"https:\\\/\\\/mp-2702.milesopedia.dev\\\/en\\\/#organization\",\"name\":\"Milesopedia\",\"url\":\"https:\\\/\\\/mp-2702.milesopedia.dev\\\/en\\\/\",\"logo\":{\"@type\":\"ImageObject\",\"inLanguage\":\"en-CA\",\"@id\":\"https:\\\/\\\/mp-2702.milesopedia.dev\\\/en\\\/#\\\/schema\\\/logo\\\/image\\\/\",\"url\":\"https:\\\/\\\/mp-2702.milesopedia.dev\\\/wp-content\\\/uploads\\\/2025\\\/08\\\/Milesopedia-CANADA.png\",\"contentUrl\":\"https:\\\/\\\/mp-2702.milesopedia.dev\\\/wp-content\\\/uploads\\\/2025\\\/08\\\/Milesopedia-CANADA.png\",\"width\":884,\"height\":203,\"caption\":\"Milesopedia\"},\"image\":{\"@id\":\"https:\\\/\\\/mp-2702.milesopedia.dev\\\/en\\\/#\\\/schema\\\/logo\\\/image\\\/\"}}]}<\/script>\n<!-- \/ Yoast SEO Premium plugin. -->","yoast_head_json":{"title":"Top 3 \u2013 Best welcome offers \u2013 May 2026 | Milesopedia","robots":{"index":"noindex","follow":"nofollow"},"og_locale":"en_US","og_type":"article","og_title":"Top 3 \u2013 Best welcome offers \u2013 May 2026","og_description":"Here are the three best credit card offers right now:","og_url":"https:\/\/mp-2702.milesopedia.dev\/en\/offers\/","og_site_name":"Milesopedia","article_modified_time":"2026-05-08T16:43:07+00:00","twitter_card":"summary_large_image","schema":{"@context":"https:\/\/schema.org","@graph":[{"@type":"WebPage","@id":"https:\/\/mp-2702.milesopedia.dev\/en\/offers\/","url":"https:\/\/mp-2702.milesopedia.dev\/en\/offers\/","name":"Top 3 \u2013 Best welcome offers \u2013 May 2026 - Milesopedia","isPartOf":{"@id":"https:\/\/mp-2702.milesopedia.dev\/en\/#website"},"datePublished":"2026-05-01T04:03:00+00:00","dateModified":"2026-05-08T16:43:07+00:00","inLanguage":"en-CA","potentialAction":[{"@type":"ReadAction","target":["https:\/\/mp-2702.milesopedia.dev\/en\/offers\/"]}]},{"@type":"WebSite","@id":"https:\/\/mp-2702.milesopedia.dev\/en\/#website","url":"https:\/\/mp-2702.milesopedia.dev\/en\/","name":"Milesopedia","description":"Programmes de fid\u00e9lit\u00e9 et cartes de cr\u00e9dit au Canada","publisher":{"@id":"https:\/\/mp-2702.milesopedia.dev\/en\/#organization"},"potentialAction":[{"@type":"SearchAction","target":{"@type":"EntryPoint","urlTemplate":"https:\/\/mp-2702.milesopedia.dev\/en\/?s={search_term_string}"},"query-input":{"@type":"PropertyValueSpecification","valueRequired":true,"valueName":"search_term_string"}}],"inLanguage":"en-CA"},{"@type":"Organization","@id":"https:\/\/mp-2702.milesopedia.dev\/en\/#organization","name":"Milesopedia","url":"https:\/\/mp-2702.milesopedia.dev\/en\/","logo":{"@type":"ImageObject","inLanguage":"en-CA","@id":"https:\/\/mp-2702.milesopedia.dev\/en\/#\/schema\/logo\/image\/","url":"https:\/\/mp-2702.milesopedia.dev\/wp-content\/uploads\/2025\/08\/Milesopedia-CANADA.png","contentUrl":"https:\/\/mp-2702.milesopedia.dev\/wp-content\/uploads\/2025\/08\/Milesopedia-CANADA.png","width":884,"height":203,"caption":"Milesopedia"},"image":{"@id":"https:\/\/mp-2702.milesopedia.dev\/en\/#\/schema\/logo\/image\/"}}]}},"_links":{"self":[{"href":"https:\/\/mp-2702.milesopedia.dev\/en\/wp-json\/wp\/v2\/pages\/304409","targetHints":{"allow":["GET"]}}],"collection":[{"href":"https:\/\/mp-2702.milesopedia.dev\/en\/wp-json\/wp\/v2\/pages"}],"about":[{"href":"https:\/\/mp-2702.milesopedia.dev\/en\/wp-json\/wp\/v2\/types\/page"}],"author":[{"embeddable":true,"href":"https:\/\/mp-2702.milesopedia.dev\/en\/wp-json\/wp\/v2\/users\/3"}],"replies":[{"embeddable":true,"href":"https:\/\/mp-2702.milesopedia.dev\/en\/wp-json\/wp\/v2\/comments?post=304409"}],"version-history":[{"count":5,"href":"https:\/\/mp-2702.milesopedia.dev\/en\/wp-json\/wp\/v2\/pages\/304409\/revisions"}],"predecessor-version":[{"id":495290,"href":"https:\/\/mp-2702.milesopedia.dev\/en\/wp-json\/wp\/v2\/pages\/304409\/revisions\/495290"}],"wp:attachment":[{"href":"https:\/\/mp-2702.milesopedia.dev\/en\/wp-json\/wp\/v2\/media?parent=304409"}],"wp:term":[{"taxonomy":"post_tag","embeddable":true,"href":"https:\/\/mp-2702.milesopedia.dev\/en\/wp-json\/wp\/v2\/tags?post=304409"},{"taxonomy":"mc_loyalty_program","embeddable":true,"href":"https:\/\/mp-2702.milesopedia.dev\/en\/wp-json\/wp\/v2\/mc_loyalty_program?post=304409"}],"curies":[{"name":"wp","href":"https:\/\/api.w.org\/{rel}","templated":true}]}}