{"id":302931,"date":"2026-05-01T00:03:00","date_gmt":"2026-05-01T04:03:00","guid":{"rendered":"https:\/\/mp-2702.milesopedia.dev\/?page_id=302931"},"modified":"2026-05-08T16:43:07","modified_gmt":"2026-05-08T16:43:07","slug":"no-foreign-transaction-fee","status":"publish","type":"page","link":"https:\/\/mp-2702.milesopedia.dev\/en\/offers\/no-foreign-transaction-fee\/","title":{"rendered":"Top 3 \u2013 Best Credit Cards with No Foreign Transaction Fees \u2013 May 2026"},"content":{"rendered":"\n<p>Here are our top 3 credit cards with no foreign transaction fees:<\/p>\n\n\n<aside class=\"component component__deferred_contents wp-block-milesgutenberg-deferred-contents\">\n\t\t\t\t<div\n\t\t\t\tdata-template='compare'\n\t\t\t\tdata-post_type='card'\n\t\t\t\tdata-per_page='5'\n\t\t\t\tclass='deferred_container--preload container_card container_template--compare container_count--3'\n\n\t\t\t\t\t\t\t\t\tdata-tag=\"card_id\"\n\t\t\t\t\t\t\tdata-post_ids=\"22642,22640,22641\"\n\t\t\t\t\t\t\tdata-utm=\"wpb\"\n\t\t\t\t\t\t\t>\n\t\t\n    <div class=\"card card-list card-list-header\">\n        <div class=\"shimmer shimmer-bar shimmer-dark shimmer-bar--short card-specs--title\"><\/div>\n        <div class=\"shimmer shimmer-bar shimmer-dark shimmer-bar--short card-specs--title\"><\/div>\n    <\/div>\n\n\n<div class=\"card card-list\">\n\n\t<div class=\"card-list--grid\">\n\n\t\t<div class=\"card-list--card\">\n\t\t\t<div class=\"card-graphic-cta shimmer shimmer-card\"><\/div>\n\t\t<\/div>\n\n\t\t<div class=\"card-list--title-offer\">\n\n\t\t\t<div class=\"card--title\">\n\t\t\t\t<div class=\"shimmer shimmer-bar\"><\/div>\n\t\t\t<\/div>\n\n\t\t\t<div class=\"card-list--offer\">\n\t\t\t\t<div class=\"shimmer shimmer-bar\"><\/div>\n\t\t\t<\/div>\n\n\t\t<\/div>\n\n\t\t<div>\n\t\t\t<div class=\"card--apply\">\n\t\t\t\t<div class=\"shimmer shimmer-btn\"><\/div>\n\t\t\t<\/div>\n\t\t<\/div>\n\n\t<\/div>\n\n<\/div>\n<div class=\"card card-list\">\n\n\t<div class=\"card-list--grid\">\n\n\t\t<div class=\"card-list--card\">\n\t\t\t<div class=\"card-graphic-cta shimmer shimmer-card\"><\/div>\n\t\t<\/div>\n\n\t\t<div class=\"card-list--title-offer\">\n\n\t\t\t<div class=\"card--title\">\n\t\t\t\t<div class=\"shimmer shimmer-bar\"><\/div>\n\t\t\t<\/div>\n\n\t\t\t<div class=\"card-list--offer\">\n\t\t\t\t<div class=\"shimmer shimmer-bar\"><\/div>\n\t\t\t<\/div>\n\n\t\t<\/div>\n\n\t\t<div>\n\t\t\t<div class=\"card--apply\">\n\t\t\t\t<div class=\"shimmer shimmer-btn\"><\/div>\n\t\t\t<\/div>\n\t\t<\/div>\n\n\t<\/div>\n\n<\/div>\n<div class=\"card card-list\">\n\n\t<div class=\"card-list--grid\">\n\n\t\t<div class=\"card-list--card\">\n\t\t\t<div class=\"card-graphic-cta shimmer shimmer-card\"><\/div>\n\t\t<\/div>\n\n\t\t<div class=\"card-list--title-offer\">\n\n\t\t\t<div class=\"card--title\">\n\t\t\t\t<div class=\"shimmer shimmer-bar\"><\/div>\n\t\t\t<\/div>\n\n\t\t\t<div class=\"card-list--offer\">\n\t\t\t\t<div class=\"shimmer shimmer-bar\"><\/div>\n\t\t\t<\/div>\n\n\t\t<\/div>\n\n\t\t<div>\n\t\t\t<div class=\"card--apply\">\n\t\t\t\t<div class=\"shimmer shimmer-btn\"><\/div>\n\t\t\t<\/div>\n\t\t<\/div>\n\n\t<\/div>\n\n<\/div>\t\t<\/div>\n\n\t\t<\/aside>\n\n\n<aside class=\"component component__deferred_contents wp-block-milesgutenberg-deferred-contents\">\n\t\t\t\t\t\t\t<h2 id=\"scotiabank_passport_visa_infinite_card\">Scotiabank Passport&trade; Visa Infinite +* Card<\/h2>\n\t\t\t\t<p>With this welcome offer for the <strong>Scotiabank Visa Infinite <sup>+*<\/sup> Passport<sup>MC<\/sup> Card<\/strong>, you get up to <strong>60,000 Scene+ points as a welcome bonus<\/strong> (a <strong>value of $600<\/strong>):<\/p>\n<ul>\n<li><strong>40,000 points<\/strong> after $2,000 in purchases within the first three months<\/li>\n<li><strong>10,000 points<\/strong> after $10,000 in purchases within the first six months<\/li>\n<li>10,000 points after $40,000 in purchases in the first year<\/li>\n<\/ul>\n<p>Then, each year, if you make at least $40,000 in purchases on the card, you&rsquo;ll earn an annual bonus of at least 10,000 points, which represents <strong>a $100 value<\/strong>.<\/p>\n<p>With the Scotiabank Visa Infinite +* Passport<sup>MD<\/sup> Card, you earn <strong>3 points per dollar spent<\/strong> at Sobeys, <strong>IGA<\/strong>, Safeway, Foodland, FreshCo, Voil\u00e0 by Sobeys, Voil\u00e0 par IGA, Voil\u00e0 by Safeway, Chalo! grocery stores. FreshCo, Thrifty Foods, IGA West, Les March\u00e9s Tradition, Rachelle B\u00e9ry and Co-Op.<\/p>\n<p>You also earn <strong>2 points per dollar spent<\/strong>, including on foreign purchases, in the following categories:<\/p>\n<ul>\n<li>Grocery shopping<\/li>\n<li>Restaurants<\/li>\n<li>Entertainment centers<\/li>\n<li>Transit<\/li>\n<\/ul>\n<p>The Scotiabank Visa Infinite +* Passport<sup>MD<\/sup> Card is an excellent Visa credit card for these types of purchases.<\/p>\n<p>These points can be used for any travel purchase at a rate of <strong>1,000 points = $10<\/strong> (flights, hotels, all-inclusive packages, and even Airbnb). You can also redeem your points as cash back with Scene+, for example, at your grocery store checkout at the same rate of <strong>1,000 points = $10<\/strong>. <\/p>\n<p>The Scotiabank Visa Infinite +* Passport<sup>MD<\/sup> Card also offers:<\/p>\n<ul>\n<li><strong>No fees for foreign currency transactions<\/strong><\/li>\n<li>6 access to VIP airport lounges<\/li>\n<li>Excellent insurance for your travels and purchases<\/li>\n<li>Concierge service<\/li>\n<li><strong>Travel with confidence with 10 GB of free GigSky global mobile data for 15 days<\/strong>, plus access to GigSky Travel Essentials for essential apps on the go.<\/li>\n<li>Cardholders also receive a free 1 GB\/15-day GigSky global mobile data package annually, plus a 20% discount on future GigSky purchases.<\/li>\n<\/ul>\n<p>We have named this credit card the <strong>Best Credit Card with No Foreign Transaction Fees<\/strong> in 2024, 2025, and 2026.<\/p>\n\t\t\t\t<div\n\t\t\t\tdata-template='m-h'\n\t\t\t\tdata-post_type='card'\n\t\t\t\tdata-per_page='3'\n\t\t\t\tclass='deferred_container--preload container_card container_template--m-h container_count--1'\n\n\t\t\t\t\t\t\t\t\tdata-tag=\"card_id\"\n\t\t\t\t\t\t\tdata-post_ids=\"22642\"\n\t\t\t\t\t\t\tdata-utm=\"wpb\"\n\t\t\t\t\t\t\t>\n\t\t<div class=\"card\">\n\t<div class=\"card--grid\">\n\n\t\t<div class=\"card--img-outer\">\n\t\t\t<div class=\"card--img\">\n\t\t\t\t<div class=\"shimmer shimmer-card\"><\/div>\n\t\t\t<\/div>\n\t\t<\/div>\n\n\t\t<div class=\"card--title-offer-selling\">\n\t\t\t<div class=\"card--title-offer\">\n\t\t\t\t<div class=\"shimmer shimmer-bar\"><\/div>\n\t\t\t\t<div class=\"shimmer shimmer-bar\"><\/div>\n\t\t\t<\/div>\n\t\t\t<div class=\"card--selling-points\">\n\t\t\t\t<div class=\"shimmer shimmer-bar shimmer-bar--short\"><\/div>\n\t\t\t\t<div class=\"shimmer shimmer-bar shimmer-bar--short\"><\/div>\n\t\t\t\t<div class=\"shimmer shimmer-bar shimmer-bar--short\"><\/div>\n\t\t\t<\/div>\n\t\t<\/div>\n\n\t\t<div class=\"card--apply\">\n\t\t\t<div class=\"apply-btn\">\n\t\t\t\t<div class=\"shimmer shimmer-btn\"><\/div>\n\t\t\t<\/div>\n\t\t<\/div>\n\n\t<\/div>\n<\/div>\t\t<\/div>\n\n\t\t<\/aside>\n\n\n<aside class=\"component component__deferred_contents wp-block-milesgutenberg-deferred-contents\">\n\t\t\t\t\t\t\t<h2 id=\"scotiabank_gold_american_express_card\">Scotiabank Gold American Express&reg; Card<\/h2>\n\t\t\t\t<p>The <strong>Scotiabank Gold American Express Card<\/strong> offers an excellent welcome bonus.<\/p>\n<p><strong>Until July 1, 2026<\/strong>, you can get up to <strong>45,000 Scene+ points<\/strong> as a bonus, distributed as follows:<\/p>\n<ul>\n<li><strong>25,000 Scene+ points<\/strong> by spending $2,000 on the card within the first 3 months<\/li>\n<li><strong>20,000 Scene+ points<\/strong> by making $7,500 in purchases on the card in the first year<\/li>\n<\/ul>\n<p>This represents <strong>a value of up to $450<\/strong> for travel (including Airbnb). <\/p>\n<p>With the Scotiabank Gold American Express Card, you earn <strong>6 points per dollar spent<\/strong> at Sobeys, IGA, Safeway, Foodland, FreshCo, Voil\u00e0 by Sobeys, Voil\u00e0 par IGA, Voil\u00e0 by Safeway, Chalo! grocery stores. FreshCo, Thrifty Foods, IGA West, Les March\u00e9s Tradition, Rachelle B\u00e9ry and Co-Op.<\/p>\n<p>Also, you earn <strong>5 points per dollar<\/strong> for:<\/p>\n<ul>\n<li>Grocery stores<\/li>\n<li>Restaurants<\/li>\n<li>Entertainment centers<\/li>\n<\/ul>\n<p>And <strong>3 points per dollar<\/strong> on gas, transit and streaming services purchases.<\/p>\n<p>You can redeem your points on travel purchases (flights, hotels, all-inclusive and even Airbnb). You can also use your points as cash back rewards with Scene+.<\/p>\n<p>The Scotiabank Gold American Express Card also offers <strong>no foreign transaction fees<\/strong>, excellent insurance for your travel or purchases, concierge service, exclusive American Express benefits like the Front of the Line program.<\/p>\n\t\t\t\t<div\n\t\t\t\tdata-template='m-h'\n\t\t\t\tdata-post_type='card'\n\t\t\t\tdata-per_page='3'\n\t\t\t\tclass='deferred_container--preload container_card container_template--m-h container_count--1'\n\n\t\t\t\t\t\t\t\t\tdata-tag=\"card_id\"\n\t\t\t\t\t\t\tdata-post_ids=\"22640\"\n\t\t\t\t\t\t\tdata-utm=\"wpb\"\n\t\t\t\t\t\t\t>\n\t\t<div class=\"card\">\n\t<div class=\"card--grid\">\n\n\t\t<div class=\"card--img-outer\">\n\t\t\t<div class=\"card--img\">\n\t\t\t\t<div class=\"shimmer shimmer-card\"><\/div>\n\t\t\t<\/div>\n\t\t<\/div>\n\n\t\t<div class=\"card--title-offer-selling\">\n\t\t\t<div class=\"card--title-offer\">\n\t\t\t\t<div class=\"shimmer shimmer-bar\"><\/div>\n\t\t\t\t<div class=\"shimmer shimmer-bar\"><\/div>\n\t\t\t<\/div>\n\t\t\t<div class=\"card--selling-points\">\n\t\t\t\t<div class=\"shimmer shimmer-bar shimmer-bar--short\"><\/div>\n\t\t\t\t<div class=\"shimmer shimmer-bar shimmer-bar--short\"><\/div>\n\t\t\t\t<div class=\"shimmer shimmer-bar shimmer-bar--short\"><\/div>\n\t\t\t<\/div>\n\t\t<\/div>\n\n\t\t<div class=\"card--apply\">\n\t\t\t<div class=\"apply-btn\">\n\t\t\t\t<div class=\"shimmer shimmer-btn\"><\/div>\n\t\t\t<\/div>\n\t\t<\/div>\n\n\t<\/div>\n<\/div>\t\t<\/div>\n\n\t\t<\/aside>\n\n\n<aside class=\"component component__deferred_contents wp-block-milesgutenberg-deferred-contents\">\n\t\t\t\t\t\t\t<h2 id=\"scotiabank_platinum_american_express_card\">Scotiabank&reg;* Platinum American Express&reg; Card<\/h2>\n\t\t\t\t<p>For a limited time, by subscribing to Scotiabank Platinum American Express<sup>&reg;<\/sup> Card, you can earn up to <strong>80,000 points<\/strong>. That&rsquo;s <strong>a value of $800<\/strong> for trips including Airbnb.<\/p>\n<p>With Scotiabank Platinum American Express<sup>&reg;<\/sup> Card, you earn <strong>2 points per dollar spent on all your purchases<\/strong>. You can redeem your points on travel purchases (flights, hotels, all-inclusive and even Airbnb). And you can also use them for other rewards in the Scene+ program, such as cash back.<\/p>\n<p>What&rsquo;s more, with this card you pay <strong>no fees for foreign currency transactions<\/strong>, and you get 10 free accesses to airport VIP lounges like Priority Pass and Premium Plaza.<\/p>\n<p>And you get excellent insurance for your travels or purchases, concierge service, and exclusive American Express Offers (American Express Invites Program).<\/p>\n\t\t\t\t<div\n\t\t\t\tdata-template='m-h'\n\t\t\t\tdata-post_type='card'\n\t\t\t\tdata-per_page='3'\n\t\t\t\tclass='deferred_container--preload container_card container_template--m-h container_count--1'\n\n\t\t\t\t\t\t\t\t\tdata-tag=\"card_id\"\n\t\t\t\t\t\t\tdata-post_ids=\"22641\"\n\t\t\t\t\t\t\tdata-utm=\"wpb\"\n\t\t\t\t\t\t\t>\n\t\t<div class=\"card\">\n\t<div class=\"card--grid\">\n\n\t\t<div class=\"card--img-outer\">\n\t\t\t<div class=\"card--img\">\n\t\t\t\t<div class=\"shimmer shimmer-card\"><\/div>\n\t\t\t<\/div>\n\t\t<\/div>\n\n\t\t<div class=\"card--title-offer-selling\">\n\t\t\t<div class=\"card--title-offer\">\n\t\t\t\t<div class=\"shimmer shimmer-bar\"><\/div>\n\t\t\t\t<div class=\"shimmer shimmer-bar\"><\/div>\n\t\t\t<\/div>\n\t\t\t<div class=\"card--selling-points\">\n\t\t\t\t<div class=\"shimmer shimmer-bar shimmer-bar--short\"><\/div>\n\t\t\t\t<div class=\"shimmer shimmer-bar shimmer-bar--short\"><\/div>\n\t\t\t\t<div class=\"shimmer shimmer-bar shimmer-bar--short\"><\/div>\n\t\t\t<\/div>\n\t\t<\/div>\n\n\t\t<div class=\"card--apply\">\n\t\t\t<div class=\"apply-btn\">\n\t\t\t\t<div class=\"shimmer shimmer-btn\"><\/div>\n\t\t\t<\/div>\n\t\t<\/div>\n\n\t<\/div>\n<\/div>\t\t<\/div>\n\n\t\t<\/aside>","protected":false},"excerpt":{"rendered":"<p>Here are our top 3 credit cards with no foreign transaction fees:<\/p>","protected":false},"author":3,"featured_media":0,"parent":304409,"menu_order":0,"comment_status":"closed","ping_status":"closed","template":"page-ads.php","meta":{"_acf_changed":false,"_relevanssi_hide_post":"","_relevanssi_hide_content":"","_relevanssi_pin_for_all":"","_relevanssi_pin_keywords":"","_relevanssi_unpin_keywords":"","_relevanssi_related_keywords":"","_relevanssi_related_include_ids":"","_relevanssi_related_exclude_ids":"","_relevanssi_related_no_append":"","_relevanssi_related_not_related":"","_relevanssi_related_posts":"","_relevanssi_noindex_reason":"Yoast SEO Relevanssi index exclude","footnotes":""},"tags":[],"mc_loyalty_program":[],"class_list":["post-302931","page","type-page","status-publish","hentry"],"acf":[],"yoast_head":"<!-- This site is optimized with the Yoast SEO Premium plugin v27.5 (Yoast SEO v27.5) - https:\/\/yoast.com\/product\/yoast-seo-premium-wordpress\/ -->\n<title>Top 3 \u2013 Best Credit Cards with No Foreign Transaction Fees \u2013 May 2026 | Milesopedia<\/title>\n<meta name=\"description\" content=\"Are you looking for the best credit cards with no foreign transaction fee? Avoid paying a 2.5% foreign transaction fee with these credit cards\" \/>\n<meta name=\"robots\" content=\"noindex, nofollow\" \/>\n<meta property=\"og:locale\" content=\"en_US\" \/>\n<meta property=\"og:type\" content=\"article\" \/>\n<meta property=\"og:title\" content=\"Top 3 \u2013 Best Credit Cards with No Foreign Transaction Fees \u2013 May 2026\" \/>\n<meta property=\"og:description\" content=\"Are you looking for the best credit cards with no foreign transaction fee? Avoid paying a 2.5% foreign transaction fee with these credit cards\" \/>\n<meta property=\"og:url\" content=\"https:\/\/mp-2702.milesopedia.dev\/en\/offers\/no-foreign-transaction-fee\/\" \/>\n<meta property=\"og:site_name\" content=\"Milesopedia\" \/>\n<meta property=\"article:modified_time\" content=\"2026-05-08T16:43:07+00:00\" \/>\n<meta name=\"twitter:card\" content=\"summary_large_image\" \/>\n<meta name=\"twitter:label1\" content=\"Est. reading time\" \/>\n\t<meta name=\"twitter:data1\" content=\"1 minute\" \/>\n<script type=\"application\/ld+json\" class=\"yoast-schema-graph\">{\"@context\":\"https:\\\/\\\/schema.org\",\"@graph\":[{\"@type\":\"WebPage\",\"@id\":\"https:\\\/\\\/mp-2702.milesopedia.dev\\\/en\\\/offers\\\/no-foreign-transaction-fee\\\/\",\"url\":\"https:\\\/\\\/mp-2702.milesopedia.dev\\\/en\\\/offers\\\/no-foreign-transaction-fee\\\/\",\"name\":\"Best No Foreign Transaction Fee Credit Cards - May 2026 - Milesopedia\",\"isPartOf\":{\"@id\":\"https:\\\/\\\/mp-2702.milesopedia.dev\\\/en\\\/#website\"},\"datePublished\":\"2026-05-01T04:03:00+00:00\",\"dateModified\":\"2026-05-08T16:43:07+00:00\",\"description\":\"Are you looking for the best credit cards with no foreign transaction fee? Avoid paying a 2.5% foreign transaction fee with these credit cards\",\"inLanguage\":\"en-CA\",\"potentialAction\":[{\"@type\":\"ReadAction\",\"target\":[\"https:\\\/\\\/mp-2702.milesopedia.dev\\\/en\\\/offers\\\/no-foreign-transaction-fee\\\/\"]}]},{\"@type\":\"WebSite\",\"@id\":\"https:\\\/\\\/mp-2702.milesopedia.dev\\\/en\\\/#website\",\"url\":\"https:\\\/\\\/mp-2702.milesopedia.dev\\\/en\\\/\",\"name\":\"Milesopedia\",\"description\":\"Programmes de fid\u00e9lit\u00e9 et cartes de cr\u00e9dit au Canada\",\"publisher\":{\"@id\":\"https:\\\/\\\/mp-2702.milesopedia.dev\\\/en\\\/#organization\"},\"potentialAction\":[{\"@type\":\"SearchAction\",\"target\":{\"@type\":\"EntryPoint\",\"urlTemplate\":\"https:\\\/\\\/mp-2702.milesopedia.dev\\\/en\\\/?s={search_term_string}\"},\"query-input\":{\"@type\":\"PropertyValueSpecification\",\"valueRequired\":true,\"valueName\":\"search_term_string\"}}],\"inLanguage\":\"en-CA\"},{\"@type\":\"Organization\",\"@id\":\"https:\\\/\\\/mp-2702.milesopedia.dev\\\/en\\\/#organization\",\"name\":\"Milesopedia\",\"url\":\"https:\\\/\\\/mp-2702.milesopedia.dev\\\/en\\\/\",\"logo\":{\"@type\":\"ImageObject\",\"inLanguage\":\"en-CA\",\"@id\":\"https:\\\/\\\/mp-2702.milesopedia.dev\\\/en\\\/#\\\/schema\\\/logo\\\/image\\\/\",\"url\":\"https:\\\/\\\/mp-2702.milesopedia.dev\\\/wp-content\\\/uploads\\\/2025\\\/08\\\/Milesopedia-CANADA.png\",\"contentUrl\":\"https:\\\/\\\/mp-2702.milesopedia.dev\\\/wp-content\\\/uploads\\\/2025\\\/08\\\/Milesopedia-CANADA.png\",\"width\":884,\"height\":203,\"caption\":\"Milesopedia\"},\"image\":{\"@id\":\"https:\\\/\\\/mp-2702.milesopedia.dev\\\/en\\\/#\\\/schema\\\/logo\\\/image\\\/\"}}]}<\/script>\n<!-- \/ Yoast SEO Premium plugin. -->","yoast_head_json":{"title":"Top 3 \u2013 Best Credit Cards with No Foreign Transaction Fees \u2013 May 2026 | Milesopedia","description":"Are you looking for the best credit cards with no foreign transaction fee? Avoid paying a 2.5% foreign transaction fee with these credit cards","robots":{"index":"noindex","follow":"nofollow"},"og_locale":"en_US","og_type":"article","og_title":"Top 3 \u2013 Best Credit Cards with No Foreign Transaction Fees \u2013 May 2026","og_description":"Are you looking for the best credit cards with no foreign transaction fee? Avoid paying a 2.5% foreign transaction fee with these credit cards","og_url":"https:\/\/mp-2702.milesopedia.dev\/en\/offers\/no-foreign-transaction-fee\/","og_site_name":"Milesopedia","article_modified_time":"2026-05-08T16:43:07+00:00","twitter_card":"summary_large_image","twitter_misc":{"Est. reading time":"1 minute"},"schema":{"@context":"https:\/\/schema.org","@graph":[{"@type":"WebPage","@id":"https:\/\/mp-2702.milesopedia.dev\/en\/offers\/no-foreign-transaction-fee\/","url":"https:\/\/mp-2702.milesopedia.dev\/en\/offers\/no-foreign-transaction-fee\/","name":"Best No Foreign Transaction Fee Credit Cards - May 2026 - Milesopedia","isPartOf":{"@id":"https:\/\/mp-2702.milesopedia.dev\/en\/#website"},"datePublished":"2026-05-01T04:03:00+00:00","dateModified":"2026-05-08T16:43:07+00:00","description":"Are you looking for the best credit cards with no foreign transaction fee? Avoid paying a 2.5% foreign transaction fee with these credit cards","inLanguage":"en-CA","potentialAction":[{"@type":"ReadAction","target":["https:\/\/mp-2702.milesopedia.dev\/en\/offers\/no-foreign-transaction-fee\/"]}]},{"@type":"WebSite","@id":"https:\/\/mp-2702.milesopedia.dev\/en\/#website","url":"https:\/\/mp-2702.milesopedia.dev\/en\/","name":"Milesopedia","description":"Programmes de fid\u00e9lit\u00e9 et cartes de cr\u00e9dit au Canada","publisher":{"@id":"https:\/\/mp-2702.milesopedia.dev\/en\/#organization"},"potentialAction":[{"@type":"SearchAction","target":{"@type":"EntryPoint","urlTemplate":"https:\/\/mp-2702.milesopedia.dev\/en\/?s={search_term_string}"},"query-input":{"@type":"PropertyValueSpecification","valueRequired":true,"valueName":"search_term_string"}}],"inLanguage":"en-CA"},{"@type":"Organization","@id":"https:\/\/mp-2702.milesopedia.dev\/en\/#organization","name":"Milesopedia","url":"https:\/\/mp-2702.milesopedia.dev\/en\/","logo":{"@type":"ImageObject","inLanguage":"en-CA","@id":"https:\/\/mp-2702.milesopedia.dev\/en\/#\/schema\/logo\/image\/","url":"https:\/\/mp-2702.milesopedia.dev\/wp-content\/uploads\/2025\/08\/Milesopedia-CANADA.png","contentUrl":"https:\/\/mp-2702.milesopedia.dev\/wp-content\/uploads\/2025\/08\/Milesopedia-CANADA.png","width":884,"height":203,"caption":"Milesopedia"},"image":{"@id":"https:\/\/mp-2702.milesopedia.dev\/en\/#\/schema\/logo\/image\/"}}]}},"_links":{"self":[{"href":"https:\/\/mp-2702.milesopedia.dev\/en\/wp-json\/wp\/v2\/pages\/302931","targetHints":{"allow":["GET"]}}],"collection":[{"href":"https:\/\/mp-2702.milesopedia.dev\/en\/wp-json\/wp\/v2\/pages"}],"about":[{"href":"https:\/\/mp-2702.milesopedia.dev\/en\/wp-json\/wp\/v2\/types\/page"}],"author":[{"embeddable":true,"href":"https:\/\/mp-2702.milesopedia.dev\/en\/wp-json\/wp\/v2\/users\/3"}],"replies":[{"embeddable":true,"href":"https:\/\/mp-2702.milesopedia.dev\/en\/wp-json\/wp\/v2\/comments?post=302931"}],"version-history":[{"count":3,"href":"https:\/\/mp-2702.milesopedia.dev\/en\/wp-json\/wp\/v2\/pages\/302931\/revisions"}],"predecessor-version":[{"id":495582,"href":"https:\/\/mp-2702.milesopedia.dev\/en\/wp-json\/wp\/v2\/pages\/302931\/revisions\/495582"}],"up":[{"embeddable":true,"href":"https:\/\/mp-2702.milesopedia.dev\/en\/wp-json\/wp\/v2\/pages\/304409"}],"wp:attachment":[{"href":"https:\/\/mp-2702.milesopedia.dev\/en\/wp-json\/wp\/v2\/media?parent=302931"}],"wp:term":[{"taxonomy":"post_tag","embeddable":true,"href":"https:\/\/mp-2702.milesopedia.dev\/en\/wp-json\/wp\/v2\/tags?post=302931"},{"taxonomy":"mc_loyalty_program","embeddable":true,"href":"https:\/\/mp-2702.milesopedia.dev\/en\/wp-json\/wp\/v2\/mc_loyalty_program?post=302931"}],"curies":[{"name":"wp","href":"https:\/\/api.w.org\/{rel}","templated":true}]}}