{"id":298968,"date":"2021-09-30T20:00:00","date_gmt":"2021-10-01T00:00:00","guid":{"rendered":"https:\/\/mp-2702.milesopedia.dev\/careers\/"},"modified":"2026-05-08T16:43:07","modified_gmt":"2026-05-08T16:43:07","slug":"careers","status":"publish","type":"page","link":"https:\/\/mp-2702.milesopedia.dev\/en\/careers\/","title":{"rendered":"Careers"},"content":{"rendered":"\n<h2 class=\"wp-block-heading\" id=\"h-who-we-are\">Who we are<\/h2>\n\n\n\n<p>Milesopedia is the reference media for credit card and rewards programs in Canada. We&#8217;re proud to inform consumers about their points, so they can optimize the way they earn and spend them! We also write a variety of travel-related content and features.<\/p>\n\n\n\n<div class=\"component component__list\"><ul class=\"wp-block-list\">\n<li>A family business<\/li>\n\n\n\n<li>Proudly founded in 2015 at Montreal, Quebec, Canada<\/li>\n\n\n\n<li>100% in remote work<\/li>\n\n\n\n<li>High-quality content creator<\/li>\n\n\n\n<li>Specialized in credit cards and loyalty programs<\/li>\n<\/ul><\/div>\n\n\n\n<p>As we grow, we&#8217;re looking for people who are ready to make a difference in our team!<\/p>\n\n\n\n<p>Take a look at our current vacancies or send us your resume to <a target=\"_blank\" href=\"mailto:cv@milesopedia.com\">cv@milesopedia.com<\/a>.<\/p>\n\n\n\n<p><strong>Important note<\/strong>: To apply for a position on our team, please send us your resume by e-mail. By submitting your resume, you <strong>consent<\/strong> to Milesopedia having access to this personal information. You have the right to access this data and to modify it if necessary by contacting us at this same e-mail address, as well as to withdraw your consent at any time. Your Resume and other documents sent will be shared with a very limited number of people at Milesopedia, who are responsible for recruiting personnel and selecting successful candidates. This personal information may be received and transmitted outside Quebec, when these people work outside the province. If your application is unsuccessful, we will keep your resume on file for 6 months, in case we have another suitable position for you.<\/p>\n\n\n\n<h2 class=\"wp-block-heading\" id=\"h-our-available-offers\">Our available offers<\/h2>\n\n\n\n<p>We are looking for&nbsp;:<\/p>\n\n\n\n<p><strong>Content creator specialized in<\/strong>:<\/p>\n\n\n\n<div class=\"component component__list\"><ul class=\"wp-block-list\">\n<li>loyalty programs<\/li>\n\n\n\n<li>credit cards<\/li>\n\n\n\n<li>and\/or travel-saving strategies with points<\/li>\n<\/ul><\/div>\n\n\n\n<p>Please message us at <a target=\"_blank\" href=\"mailto:cv@milesopedia.com\">cv@milesopedia.com<\/a> with your availability and suggestions for topics.<\/p>","protected":false},"excerpt":{"rendered":"<p>Who we are Milesopedia is the reference media for credit card and rewards programs in Canada. We&#8217;re proud to inform consumers about their points, so they can optimize the way they earn and spend them! We also write a variety of travel-related content and features. As we grow, we&#8217;re looking for people who are ready [&hellip;]<\/p>","protected":false},"author":3,"featured_media":164112,"parent":0,"menu_order":0,"comment_status":"closed","ping_status":"closed","template":"","meta":{"_acf_changed":false,"_relevanssi_hide_post":"","_relevanssi_hide_content":"","_relevanssi_pin_for_all":"","_relevanssi_pin_keywords":"","_relevanssi_unpin_keywords":"","_relevanssi_related_keywords":"","_relevanssi_related_include_ids":"","_relevanssi_related_exclude_ids":"","_relevanssi_related_no_append":"","_relevanssi_related_not_related":"","_relevanssi_related_posts":"","_relevanssi_noindex_reason":"","footnotes":""},"tags":[],"mc_loyalty_program":[],"class_list":["post-298968","page","type-page","status-publish","has-post-thumbnail","hentry"],"acf":[],"yoast_head":"<!-- This site is optimized with the Yoast SEO Premium plugin v27.5 (Yoast SEO v27.5) - https:\/\/yoast.com\/product\/yoast-seo-premium-wordpress\/ -->\n<title>Careers | Milesopedia<\/title>\n<meta name=\"description\" content=\"Join the Milesopedia team! Discover our career opportunities and be part of our passion for travel and rewards.\" \/>\n<meta name=\"robots\" content=\"index, follow, max-snippet:-1, max-image-preview:large, max-video-preview:-1\" \/>\n<link rel=\"canonical\" href=\"https:\/\/mp-2702.milesopedia.dev\/en\/careers\/\" \/>\n<meta property=\"og:locale\" content=\"en_US\" \/>\n<meta property=\"og:type\" content=\"article\" \/>\n<meta property=\"og:title\" content=\"Careers\" \/>\n<meta property=\"og:description\" content=\"Join the Milesopedia team! Discover our career opportunities and be part of our passion for travel and rewards.\" \/>\n<meta property=\"og:url\" content=\"https:\/\/mp-2702.milesopedia.dev\/en\/careers\/\" \/>\n<meta property=\"og:site_name\" content=\"Milesopedia\" \/>\n<meta property=\"article:modified_time\" content=\"2026-05-08T16:43:07+00:00\" \/>\n<meta property=\"og:image\" content=\"https:\/\/milesopedia.com\/wp-content\/uploads\/2021\/08\/emploi-milesopedia.jpg\" \/>\n\t<meta property=\"og:image:width\" content=\"1600\" \/>\n\t<meta property=\"og:image:height\" content=\"840\" \/>\n\t<meta property=\"og:image:type\" content=\"image\/jpeg\" \/>\n<meta name=\"twitter:card\" content=\"summary_large_image\" \/>\n<meta name=\"twitter:label1\" content=\"Est. reading time\" \/>\n\t<meta name=\"twitter:data1\" content=\"1 minute\" \/>\n<script type=\"application\/ld+json\" class=\"yoast-schema-graph\">{\"@context\":\"https:\\\/\\\/schema.org\",\"@graph\":[{\"@type\":\"WebPage\",\"@id\":\"https:\\\/\\\/mp-2702.milesopedia.dev\\\/en\\\/careers\\\/\",\"url\":\"https:\\\/\\\/mp-2702.milesopedia.dev\\\/en\\\/careers\\\/\",\"name\":\"Careers - Milesopedia\",\"isPartOf\":{\"@id\":\"https:\\\/\\\/mp-2702.milesopedia.dev\\\/en\\\/#website\"},\"primaryImageOfPage\":{\"@id\":\"https:\\\/\\\/mp-2702.milesopedia.dev\\\/en\\\/careers\\\/#primaryimage\"},\"image\":{\"@id\":\"https:\\\/\\\/mp-2702.milesopedia.dev\\\/en\\\/careers\\\/#primaryimage\"},\"thumbnailUrl\":\"https:\\\/\\\/mp-2702.milesopedia.dev\\\/wp-content\\\/uploads\\\/2021\\\/08\\\/emploi-milesopedia.jpg\",\"datePublished\":\"2021-10-01T00:00:00+00:00\",\"dateModified\":\"2026-05-08T16:43:07+00:00\",\"description\":\"Join the Milesopedia team! Discover our career opportunities and be part of our passion for travel and rewards.\",\"inLanguage\":\"en-CA\",\"potentialAction\":[{\"@type\":\"ReadAction\",\"target\":[\"https:\\\/\\\/mp-2702.milesopedia.dev\\\/en\\\/careers\\\/\"]}]},{\"@type\":\"ImageObject\",\"inLanguage\":\"en-CA\",\"@id\":\"https:\\\/\\\/mp-2702.milesopedia.dev\\\/en\\\/careers\\\/#primaryimage\",\"url\":\"https:\\\/\\\/mp-2702.milesopedia.dev\\\/wp-content\\\/uploads\\\/2021\\\/08\\\/emploi-milesopedia.jpg\",\"contentUrl\":\"https:\\\/\\\/mp-2702.milesopedia.dev\\\/wp-content\\\/uploads\\\/2021\\\/08\\\/emploi-milesopedia.jpg\",\"width\":1600,\"height\":840,\"caption\":\"Careers - Milesopedia job\"},{\"@type\":\"WebSite\",\"@id\":\"https:\\\/\\\/mp-2702.milesopedia.dev\\\/en\\\/#website\",\"url\":\"https:\\\/\\\/mp-2702.milesopedia.dev\\\/en\\\/\",\"name\":\"Milesopedia\",\"description\":\"Programmes de fid\u00e9lit\u00e9 et cartes de cr\u00e9dit au Canada\",\"publisher\":{\"@id\":\"https:\\\/\\\/mp-2702.milesopedia.dev\\\/en\\\/#organization\"},\"potentialAction\":[{\"@type\":\"SearchAction\",\"target\":{\"@type\":\"EntryPoint\",\"urlTemplate\":\"https:\\\/\\\/mp-2702.milesopedia.dev\\\/en\\\/?s={search_term_string}\"},\"query-input\":{\"@type\":\"PropertyValueSpecification\",\"valueRequired\":true,\"valueName\":\"search_term_string\"}}],\"inLanguage\":\"en-CA\"},{\"@type\":\"Organization\",\"@id\":\"https:\\\/\\\/mp-2702.milesopedia.dev\\\/en\\\/#organization\",\"name\":\"Milesopedia\",\"url\":\"https:\\\/\\\/mp-2702.milesopedia.dev\\\/en\\\/\",\"logo\":{\"@type\":\"ImageObject\",\"inLanguage\":\"en-CA\",\"@id\":\"https:\\\/\\\/mp-2702.milesopedia.dev\\\/en\\\/#\\\/schema\\\/logo\\\/image\\\/\",\"url\":\"https:\\\/\\\/mp-2702.milesopedia.dev\\\/wp-content\\\/uploads\\\/2025\\\/08\\\/Milesopedia-CANADA.png\",\"contentUrl\":\"https:\\\/\\\/mp-2702.milesopedia.dev\\\/wp-content\\\/uploads\\\/2025\\\/08\\\/Milesopedia-CANADA.png\",\"width\":884,\"height\":203,\"caption\":\"Milesopedia\"},\"image\":{\"@id\":\"https:\\\/\\\/mp-2702.milesopedia.dev\\\/en\\\/#\\\/schema\\\/logo\\\/image\\\/\"}}]}<\/script>\n<!-- \/ Yoast SEO Premium plugin. -->","yoast_head_json":{"title":"Careers | Milesopedia","description":"Join the Milesopedia team! Discover our career opportunities and be part of our passion for travel and rewards.","robots":{"index":"index","follow":"follow","max-snippet":"max-snippet:-1","max-image-preview":"max-image-preview:large","max-video-preview":"max-video-preview:-1"},"canonical":"https:\/\/mp-2702.milesopedia.dev\/en\/careers\/","og_locale":"en_US","og_type":"article","og_title":"Careers","og_description":"Join the Milesopedia team! Discover our career opportunities and be part of our passion for travel and rewards.","og_url":"https:\/\/mp-2702.milesopedia.dev\/en\/careers\/","og_site_name":"Milesopedia","article_modified_time":"2026-05-08T16:43:07+00:00","og_image":[{"width":1600,"height":840,"url":"https:\/\/milesopedia.com\/wp-content\/uploads\/2021\/08\/emploi-milesopedia.jpg","type":"image\/jpeg"}],"twitter_card":"summary_large_image","twitter_misc":{"Est. reading time":"1 minute"},"schema":{"@context":"https:\/\/schema.org","@graph":[{"@type":"WebPage","@id":"https:\/\/mp-2702.milesopedia.dev\/en\/careers\/","url":"https:\/\/mp-2702.milesopedia.dev\/en\/careers\/","name":"Careers - Milesopedia","isPartOf":{"@id":"https:\/\/mp-2702.milesopedia.dev\/en\/#website"},"primaryImageOfPage":{"@id":"https:\/\/mp-2702.milesopedia.dev\/en\/careers\/#primaryimage"},"image":{"@id":"https:\/\/mp-2702.milesopedia.dev\/en\/careers\/#primaryimage"},"thumbnailUrl":"https:\/\/mp-2702.milesopedia.dev\/wp-content\/uploads\/2021\/08\/emploi-milesopedia.jpg","datePublished":"2021-10-01T00:00:00+00:00","dateModified":"2026-05-08T16:43:07+00:00","description":"Join the Milesopedia team! Discover our career opportunities and be part of our passion for travel and rewards.","inLanguage":"en-CA","potentialAction":[{"@type":"ReadAction","target":["https:\/\/mp-2702.milesopedia.dev\/en\/careers\/"]}]},{"@type":"ImageObject","inLanguage":"en-CA","@id":"https:\/\/mp-2702.milesopedia.dev\/en\/careers\/#primaryimage","url":"https:\/\/mp-2702.milesopedia.dev\/wp-content\/uploads\/2021\/08\/emploi-milesopedia.jpg","contentUrl":"https:\/\/mp-2702.milesopedia.dev\/wp-content\/uploads\/2021\/08\/emploi-milesopedia.jpg","width":1600,"height":840,"caption":"Careers - Milesopedia job"},{"@type":"WebSite","@id":"https:\/\/mp-2702.milesopedia.dev\/en\/#website","url":"https:\/\/mp-2702.milesopedia.dev\/en\/","name":"Milesopedia","description":"Programmes de fid\u00e9lit\u00e9 et cartes de cr\u00e9dit au Canada","publisher":{"@id":"https:\/\/mp-2702.milesopedia.dev\/en\/#organization"},"potentialAction":[{"@type":"SearchAction","target":{"@type":"EntryPoint","urlTemplate":"https:\/\/mp-2702.milesopedia.dev\/en\/?s={search_term_string}"},"query-input":{"@type":"PropertyValueSpecification","valueRequired":true,"valueName":"search_term_string"}}],"inLanguage":"en-CA"},{"@type":"Organization","@id":"https:\/\/mp-2702.milesopedia.dev\/en\/#organization","name":"Milesopedia","url":"https:\/\/mp-2702.milesopedia.dev\/en\/","logo":{"@type":"ImageObject","inLanguage":"en-CA","@id":"https:\/\/mp-2702.milesopedia.dev\/en\/#\/schema\/logo\/image\/","url":"https:\/\/mp-2702.milesopedia.dev\/wp-content\/uploads\/2025\/08\/Milesopedia-CANADA.png","contentUrl":"https:\/\/mp-2702.milesopedia.dev\/wp-content\/uploads\/2025\/08\/Milesopedia-CANADA.png","width":884,"height":203,"caption":"Milesopedia"},"image":{"@id":"https:\/\/mp-2702.milesopedia.dev\/en\/#\/schema\/logo\/image\/"}}]}},"_links":{"self":[{"href":"https:\/\/mp-2702.milesopedia.dev\/en\/wp-json\/wp\/v2\/pages\/298968","targetHints":{"allow":["GET"]}}],"collection":[{"href":"https:\/\/mp-2702.milesopedia.dev\/en\/wp-json\/wp\/v2\/pages"}],"about":[{"href":"https:\/\/mp-2702.milesopedia.dev\/en\/wp-json\/wp\/v2\/types\/page"}],"author":[{"embeddable":true,"href":"https:\/\/mp-2702.milesopedia.dev\/en\/wp-json\/wp\/v2\/users\/3"}],"replies":[{"embeddable":true,"href":"https:\/\/mp-2702.milesopedia.dev\/en\/wp-json\/wp\/v2\/comments?post=298968"}],"version-history":[{"count":5,"href":"https:\/\/mp-2702.milesopedia.dev\/en\/wp-json\/wp\/v2\/pages\/298968\/revisions"}],"predecessor-version":[{"id":478421,"href":"https:\/\/mp-2702.milesopedia.dev\/en\/wp-json\/wp\/v2\/pages\/298968\/revisions\/478421"}],"wp:featuredmedia":[{"embeddable":true,"href":"https:\/\/mp-2702.milesopedia.dev\/en\/wp-json\/wp\/v2\/media\/164112"}],"wp:attachment":[{"href":"https:\/\/mp-2702.milesopedia.dev\/en\/wp-json\/wp\/v2\/media?parent=298968"}],"wp:term":[{"taxonomy":"post_tag","embeddable":true,"href":"https:\/\/mp-2702.milesopedia.dev\/en\/wp-json\/wp\/v2\/tags?post=298968"},{"taxonomy":"mc_loyalty_program","embeddable":true,"href":"https:\/\/mp-2702.milesopedia.dev\/en\/wp-json\/wp\/v2\/mc_loyalty_program?post=298968"}],"curies":[{"name":"wp","href":"https:\/\/api.w.org\/{rel}","templated":true}]}}