{"id":273480,"date":"2025-08-31T20:06:00","date_gmt":"2025-09-01T00:06:00","guid":{"rendered":"https:\/\/mp-2702.milesopedia.dev\/toolbox-organize-finances-and-rewards\/"},"modified":"2026-05-09T15:55:40","modified_gmt":"2026-05-09T19:55:40","slug":"toolbox-organize-finances-and-rewards","status":"publish","type":"page","link":"https:\/\/mp-2702.milesopedia.dev\/en\/toolbox-organize-finances-and-rewards\/","title":{"rendered":"Our toolbox: organize your finances and your points"},"content":{"rendered":"\n<p>Do you dream of managing your portfolios efficiently and keeping track of your credit cards and rewards points?<\/p>\n\n<p><strong>Download our tools<\/strong> specially prepared by our team! They complement our <a href=\"https:\/\/mp-2702.milesopedia.dev\/en\/compare\/credit-cards\/\" type=\"link\" id=\"https:\/\/mp-2702.milesopedia.dev\/comparer\/cartes-de-credit\/\">credit card comparison tool<\/a>. These tools will help you when shopping for groceries, gas or travel.<\/p>\n\n<p><strong>With a bit of organization and investment, and thanks to our tools, you will finally be able to take it to the next level!<\/strong><\/p>\n\n<p><a target=\"_blank\" href=\"https:\/\/3e8f290f.sibforms.com\/serve\/MUIFAP2Vhguwoz52NF6xGiYERMLaJdU7cgSSyFQvWXWTNZelyVAD-nVW0-QgnOaeJvt4cMR7RsfbgSCh8lTCwtNYkjx4Ac_Jor-T3CkKMTKwzI_9q2cgNjrxnq2W3gEmBCKBecRhTad1ADDqZiFC795VqC46zipy_m32T3g6ciOmqGhJsnZatCxe9WBn_4Dot5SK4H7MLpl-LfUbJw==\">In this file<\/a>, you will find <a href=\"https:\/\/mp-2702.milesopedia.dev\/en\/best-credit-cards-in-canada\/\">the best credit card<\/a> based on your spending in Canada and abroad.<\/p>\n\n<h2 class=\"wp-block-heading\" id=\"h-la-bonne-carte-de-credit-par-categorie-de-depenses\">The right credit card by spending category<\/h2>\n\n<p>We have listed <strong>various <a target=\"_blank\" href=\"https:\/\/3e8f290f.sibforms.com\/serve\/MUIFAP2Vhguwoz52NF6xGiYERMLaJdU7cgSSyFQvWXWTNZelyVAD-nVW0-QgnOaeJvt4cMR7RsfbgSCh8lTCwtNYkjx4Ac_Jor-T3CkKMTKwzI_9q2cgNjrxnq2W3gEmBCKBecRhTad1ADDqZiFC795VqC46zipy_m32T3g6ciOmqGhJsnZatCxe9WBn_4Dot5SK4H7MLpl-LfUbJw==\">categories of purchases<\/a><\/strong> (groceries, restaurants, gas, etc.), and you can <strong>set your own<\/strong> <a title=\"Traveling with points &amp; miles &#x2013; Vancouver trip report\" data-wpil-keyword-link=\"linked\" data-wpil-monitor-id=\"1385\" href=\"https:\/\/mp-2702.milesopedia.dev\/guides\/voyager-points-miles-bilan-vancouver\/\" class=\"wpil_keyword_link\">point<\/a> and mile values. The <a title=\"Best Credit Card Offers in Canada &#x2013; July 2025\" data-wpil-keyword-link=\"linked\" data-wpil-monitor-id=\"1384\" href=\"https:\/\/mp-2702.milesopedia.dev\/en\/offers\/cards\/best-offers-this-month\/\" class=\"wpil_keyword_link\">Milesopedia<\/a> valuation is provided as an example.<\/p>\n<figure class=\"component component__image has-text-align-center wp-block-milesgutenberg-image\">\n\t\t\t<a target=\"_blank\" \n\t\t\thref=\"https:\/\/3e8f290f.sibforms.com\/serve\/MUIFAOdzrzYt_fGFoCdJysdaLDMI58YS1nJbvtNGQ1U5aiPsS9Ngf6Z1vNzoQRrOV0D2mwNCvdy1G8js7ZDpb4O69quWBGrkL94HJLIWmZZV-XKYYKN_S0N6ZvkFPZuAealc4D5cqE5Z-QLp9Q32HpQAH4b2mFOfnUsFOKWj_WI7Inglm2wLzVdpwT0fiABlxp08grbrMKUwqzcjOw==\"\n\t\t\t\t\t>\n\t\t\t\t<img decoding=\"async\" class=\"miles_img img-medium\" src=\"https:\/\/mp-2702.milesopedia.dev\/wp-content\/uploads\/2024\/04\/Outils-Milesopedia-675x675-Budget-dynamique-ENG-450x450.png\" alt=\"Our toolbox: organize your finances and your points - Milesopedia Tools 675x675 Dynamic budget\" loading=\"lazy\" width=\"450\" height=\"450\">\n\t\t\t<\/a>\n\t\t<\/figure>\n\n<h2 class=\"wp-block-heading\" id=\"h-budget-dynamique\">Dynamic budget<\/h2>\n\n<p>Aline designed <a target=\"_blank\" href=\"https:\/\/3e8f290f.sibforms.com\/serve\/MUIFAPMAuWHX_gqqPjiolQZHo3tW0Bg1dX_SI9NgoAMwlJe-HKDuMr8DTLpu06907uE39ikP_5ZNEeL1Fd3t57AvugpLDyvrrWOG5t_pLF7867TV2_gwJj_pvCPv83kfiGxEhQpTt10a9ToxGkyAdvEfms8iePOqRBEFQ3XwdxvOQHG-MVMkAqhJrDJX146s-TLEOybJ_vjwT57dUw==\">this dynamic budgeting tool.<\/a> You will be able to track your expenses over time efficiently!<\/p>\n<figure class=\"component component__image has-text-align-center wp-block-milesgutenberg-image\">\n\t\t\t<a target=\"_blank\" \n\t\t\thref=\"https:\/\/3e8f290f.sibforms.com\/serve\/MUIFAMTF2yD50Gi_BYZrUdIs7ubhDl2wKXEO5SYawycBnJxCqkQAMq6HOgC2XBWV9azEgDgqxltl4KCMIp0UYJAdp1POmeQmnG-6Ud-l23f7DT14XeA4MkXUvh1Yo2IlYEgzQ5pTpMYIaQ2fr4RAnV9LOpromeRMnpd_nG-bPll68Qy20ZiTGSUv1eXtU24C7qz4xft4iR18zRbgiQ==\"\n\t\t\t\t\t>\n\t\t\t\t<img decoding=\"async\" class=\"miles_img img-medium\" src=\"https:\/\/mp-2702.milesopedia.dev\/wp-content\/uploads\/2024\/04\/Outils-Milesopedia-675x675-Budget-dynamique-ENG-450x450.png\" alt=\"Our toolbox: organize your finances and your points - Milesopedia Tools 675x675 Dynamic budget\" loading=\"lazy\" width=\"450\" height=\"450\">\n\t\t\t<\/a>\n\t\t<\/figure>\n\n<h2 class=\"wp-block-heading\" id=\"h-liste-ultime-des-voyageurs\">Ultimate Travelers List<\/h2>\n\n<p>We&#8217;ve put together <a target=\"_blank\" href=\"https:\/\/3e8f290f.sibforms.com\/serve\/MUIFAC8UARysS5f4e6GWOm3N-uCXT54XrTfWdlItDPcjWOkmZLsZOs27X8vw5j_8jl9Z1-znZwTdkfwEhEAaZzxsvdu1Ci80bkcRjUOcTi6TXfzT-96Y47FNOR04QrQyPWDXB5AB3lb9phnNO8Xa-z02Pd9aJK-NGmJSKLpG4mdhdukhNThj-I0Kmw1ZmeRgipVTbH2qraGabzdKQQ==\">this checklist<\/a> for you so that you can find the significant Milesopedia articles that can help you save money and ensure you don&#8217;t forget anything <a title=\"What to do before your international trip\" data-wpil-keyword-link=\"linked\" data-wpil-monitor-id=\"1386\" href=\"https:\/\/mp-2702.milesopedia.dev\/en\/guide\/what-to-do-before-your-international-trip\/\" class=\"wpil_keyword_link\">before you go on vacation<\/a>!<\/p>\n\n<p>You will also find our tips for families and ideas to keep your children busy while traveling.<\/p>\n<figure class=\"component component__image has-text-align-center wp-block-milesgutenberg-image\">\n\t\t\t<a target=\"_blank\" \n\t\t\thref=\"https:\/\/3e8f290f.sibforms.com\/serve\/MUIFAFoD0OxwR3a-TZL7PggxPL_gy8kXKy4V0ZUoLi5ZPBtXS8LCqbH60b1XigR1p-RLTies5PQBqDxchGxEVzTO2ZQCPXU6JGx_wNvkaMwoXR7QUXrYSt8ikw0IojGC6X5iHe1nXRN7xjHZasj1GDba2-W_JSqeH_6imLs_zOee4NjYEif8n1my5GDPX06XJkSAI__8owp7TFQQwA==\"\n\t\t\t\t\t>\n\t\t\t\t<img decoding=\"async\" class=\"miles_img img-medium\" src=\"https:\/\/mp-2702.milesopedia.dev\/wp-content\/uploads\/2024\/04\/Outils-Milesopedia-675x675-Liste-Ultime-Voyageurs-ENG-450x450.png\" alt=\"Guide: My Tips for Air Travel With or Without Children - Ultimate Traveller List\" loading=\"lazy\" width=\"450\" height=\"450\">\n\t\t\t<\/a>\n\t\t<\/figure>","protected":false},"excerpt":{"rendered":"<p>Do you dream of managing your portfolios efficiently and keeping track of your credit cards and rewards points? Download our tools specially prepared by our team! They complement our credit card comparison tool. These tools will help you when shopping for groceries, gas or travel. With a bit of organization and investment, and thanks to [&hellip;]<\/p>","protected":false},"author":4,"featured_media":363939,"parent":0,"menu_order":0,"comment_status":"closed","ping_status":"closed","template":"","meta":{"_acf_changed":false,"_relevanssi_hide_post":"","_relevanssi_hide_content":"","_relevanssi_pin_for_all":"","_relevanssi_pin_keywords":"","_relevanssi_unpin_keywords":"","_relevanssi_related_keywords":"","_relevanssi_related_include_ids":"","_relevanssi_related_exclude_ids":"","_relevanssi_related_no_append":"","_relevanssi_related_not_related":"","_relevanssi_related_posts":"","_relevanssi_noindex_reason":"","footnotes":""},"tags":[],"mc_loyalty_program":[],"class_list":["post-273480","page","type-page","status-publish","has-post-thumbnail","hentry"],"acf":[],"yoast_head":"<!-- This site is optimized with the Yoast SEO Premium plugin v27.5 (Yoast SEO v27.5) - https:\/\/yoast.com\/product\/yoast-seo-premium-wordpress\/ -->\n<title>Our toolbox: organize your finances and your points | Milesopedia<\/title>\n<meta name=\"description\" content=\"Use the Milesopedia Toolbox! Find practical resources, tips and guides to make your travels and rewards easier.\" \/>\n<meta name=\"robots\" content=\"index, follow, max-snippet:-1, max-image-preview:large, max-video-preview:-1\" \/>\n<link rel=\"canonical\" href=\"https:\/\/mp-2702.milesopedia.dev\/en\/toolbox-organize-finances-and-rewards\/\" \/>\n<meta property=\"og:locale\" content=\"en_US\" \/>\n<meta property=\"og:type\" content=\"article\" \/>\n<meta property=\"og:title\" content=\"Our toolbox: organize your finances and your points\" \/>\n<meta property=\"og:description\" content=\"Use the Milesopedia Toolbox! Find practical resources, tips and guides to make your travels and rewards easier.\" \/>\n<meta property=\"og:url\" content=\"https:\/\/mp-2702.milesopedia.dev\/en\/toolbox-organize-finances-and-rewards\/\" \/>\n<meta property=\"og:site_name\" content=\"Milesopedia\" \/>\n<meta property=\"article:modified_time\" content=\"2026-05-09T19:55:40+00:00\" \/>\n<meta property=\"og:image\" content=\"https:\/\/milesopedia.com\/wp-content\/uploads\/2024\/04\/Outils-Milesopedia-2400x1260-1.jpg\" \/>\n\t<meta property=\"og:image:width\" content=\"1600\" \/>\n\t<meta property=\"og:image:height\" content=\"840\" \/>\n\t<meta property=\"og:image:type\" content=\"image\/jpeg\" \/>\n<meta name=\"twitter:card\" content=\"summary_large_image\" \/>\n<meta name=\"twitter:label1\" content=\"Est. reading time\" \/>\n\t<meta name=\"twitter:data1\" content=\"3 minutes\" \/>\n<script type=\"application\/ld+json\" class=\"yoast-schema-graph\">{\"@context\":\"https:\\\/\\\/schema.org\",\"@graph\":[{\"@type\":\"WebPage\",\"@id\":\"https:\\\/\\\/mp-2702.milesopedia.dev\\\/en\\\/toolbox-organize-finances-and-rewards\\\/\",\"url\":\"https:\\\/\\\/mp-2702.milesopedia.dev\\\/en\\\/toolbox-organize-finances-and-rewards\\\/\",\"name\":\"Our toolbox: organize your finances and your points - Milesopedia\",\"isPartOf\":{\"@id\":\"https:\\\/\\\/mp-2702.milesopedia.dev\\\/en\\\/#website\"},\"primaryImageOfPage\":{\"@id\":\"https:\\\/\\\/mp-2702.milesopedia.dev\\\/en\\\/toolbox-organize-finances-and-rewards\\\/#primaryimage\"},\"image\":{\"@id\":\"https:\\\/\\\/mp-2702.milesopedia.dev\\\/en\\\/toolbox-organize-finances-and-rewards\\\/#primaryimage\"},\"thumbnailUrl\":\"https:\\\/\\\/mp-2702.milesopedia.dev\\\/wp-content\\\/uploads\\\/2024\\\/04\\\/Outils-Milesopedia-2400x1260-1.jpg\",\"datePublished\":\"2025-09-01T00:06:00+00:00\",\"dateModified\":\"2026-05-09T19:55:40+00:00\",\"description\":\"Use the Milesopedia Toolbox! Find practical resources, tips and guides to make your travels and rewards easier.\",\"inLanguage\":\"en-CA\",\"potentialAction\":[{\"@type\":\"ReadAction\",\"target\":[\"https:\\\/\\\/mp-2702.milesopedia.dev\\\/en\\\/toolbox-organize-finances-and-rewards\\\/\"]}]},{\"@type\":\"ImageObject\",\"inLanguage\":\"en-CA\",\"@id\":\"https:\\\/\\\/mp-2702.milesopedia.dev\\\/en\\\/toolbox-organize-finances-and-rewards\\\/#primaryimage\",\"url\":\"https:\\\/\\\/mp-2702.milesopedia.dev\\\/wp-content\\\/uploads\\\/2024\\\/04\\\/Outils-Milesopedia-2400x1260-1.jpg\",\"contentUrl\":\"https:\\\/\\\/mp-2702.milesopedia.dev\\\/wp-content\\\/uploads\\\/2024\\\/04\\\/Outils-Milesopedia-2400x1260-1.jpg\",\"width\":1600,\"height\":840,\"caption\":\"Our Toolbox: Organize Your Finances and Your Points - Milesopedia Tools 2400x1260\"},{\"@type\":\"WebSite\",\"@id\":\"https:\\\/\\\/mp-2702.milesopedia.dev\\\/en\\\/#website\",\"url\":\"https:\\\/\\\/mp-2702.milesopedia.dev\\\/en\\\/\",\"name\":\"Milesopedia\",\"description\":\"Programmes de fid\u00e9lit\u00e9 et cartes de cr\u00e9dit au Canada\",\"publisher\":{\"@id\":\"https:\\\/\\\/mp-2702.milesopedia.dev\\\/en\\\/#organization\"},\"potentialAction\":[{\"@type\":\"SearchAction\",\"target\":{\"@type\":\"EntryPoint\",\"urlTemplate\":\"https:\\\/\\\/mp-2702.milesopedia.dev\\\/en\\\/?s={search_term_string}\"},\"query-input\":{\"@type\":\"PropertyValueSpecification\",\"valueRequired\":true,\"valueName\":\"search_term_string\"}}],\"inLanguage\":\"en-CA\"},{\"@type\":\"Organization\",\"@id\":\"https:\\\/\\\/mp-2702.milesopedia.dev\\\/en\\\/#organization\",\"name\":\"Milesopedia\",\"url\":\"https:\\\/\\\/mp-2702.milesopedia.dev\\\/en\\\/\",\"logo\":{\"@type\":\"ImageObject\",\"inLanguage\":\"en-CA\",\"@id\":\"https:\\\/\\\/mp-2702.milesopedia.dev\\\/en\\\/#\\\/schema\\\/logo\\\/image\\\/\",\"url\":\"https:\\\/\\\/mp-2702.milesopedia.dev\\\/wp-content\\\/uploads\\\/2025\\\/08\\\/Milesopedia-CANADA.png\",\"contentUrl\":\"https:\\\/\\\/mp-2702.milesopedia.dev\\\/wp-content\\\/uploads\\\/2025\\\/08\\\/Milesopedia-CANADA.png\",\"width\":884,\"height\":203,\"caption\":\"Milesopedia\"},\"image\":{\"@id\":\"https:\\\/\\\/mp-2702.milesopedia.dev\\\/en\\\/#\\\/schema\\\/logo\\\/image\\\/\"}}]}<\/script>\n<!-- \/ Yoast SEO Premium plugin. -->","yoast_head_json":{"title":"Our toolbox: organize your finances and your points | Milesopedia","description":"Use the Milesopedia Toolbox! Find practical resources, tips and guides to make your travels and rewards easier.","robots":{"index":"index","follow":"follow","max-snippet":"max-snippet:-1","max-image-preview":"max-image-preview:large","max-video-preview":"max-video-preview:-1"},"canonical":"https:\/\/mp-2702.milesopedia.dev\/en\/toolbox-organize-finances-and-rewards\/","og_locale":"en_US","og_type":"article","og_title":"Our toolbox: organize your finances and your points","og_description":"Use the Milesopedia Toolbox! Find practical resources, tips and guides to make your travels and rewards easier.","og_url":"https:\/\/mp-2702.milesopedia.dev\/en\/toolbox-organize-finances-and-rewards\/","og_site_name":"Milesopedia","article_modified_time":"2026-05-09T19:55:40+00:00","og_image":[{"width":1600,"height":840,"url":"https:\/\/milesopedia.com\/wp-content\/uploads\/2024\/04\/Outils-Milesopedia-2400x1260-1.jpg","type":"image\/jpeg"}],"twitter_card":"summary_large_image","twitter_misc":{"Est. reading time":"3 minutes"},"schema":{"@context":"https:\/\/schema.org","@graph":[{"@type":"WebPage","@id":"https:\/\/mp-2702.milesopedia.dev\/en\/toolbox-organize-finances-and-rewards\/","url":"https:\/\/mp-2702.milesopedia.dev\/en\/toolbox-organize-finances-and-rewards\/","name":"Our toolbox: organize your finances and your points - Milesopedia","isPartOf":{"@id":"https:\/\/mp-2702.milesopedia.dev\/en\/#website"},"primaryImageOfPage":{"@id":"https:\/\/mp-2702.milesopedia.dev\/en\/toolbox-organize-finances-and-rewards\/#primaryimage"},"image":{"@id":"https:\/\/mp-2702.milesopedia.dev\/en\/toolbox-organize-finances-and-rewards\/#primaryimage"},"thumbnailUrl":"https:\/\/mp-2702.milesopedia.dev\/wp-content\/uploads\/2024\/04\/Outils-Milesopedia-2400x1260-1.jpg","datePublished":"2025-09-01T00:06:00+00:00","dateModified":"2026-05-09T19:55:40+00:00","description":"Use the Milesopedia Toolbox! Find practical resources, tips and guides to make your travels and rewards easier.","inLanguage":"en-CA","potentialAction":[{"@type":"ReadAction","target":["https:\/\/mp-2702.milesopedia.dev\/en\/toolbox-organize-finances-and-rewards\/"]}]},{"@type":"ImageObject","inLanguage":"en-CA","@id":"https:\/\/mp-2702.milesopedia.dev\/en\/toolbox-organize-finances-and-rewards\/#primaryimage","url":"https:\/\/mp-2702.milesopedia.dev\/wp-content\/uploads\/2024\/04\/Outils-Milesopedia-2400x1260-1.jpg","contentUrl":"https:\/\/mp-2702.milesopedia.dev\/wp-content\/uploads\/2024\/04\/Outils-Milesopedia-2400x1260-1.jpg","width":1600,"height":840,"caption":"Our Toolbox: Organize Your Finances and Your Points - Milesopedia Tools 2400x1260"},{"@type":"WebSite","@id":"https:\/\/mp-2702.milesopedia.dev\/en\/#website","url":"https:\/\/mp-2702.milesopedia.dev\/en\/","name":"Milesopedia","description":"Programmes de fid\u00e9lit\u00e9 et cartes de cr\u00e9dit au Canada","publisher":{"@id":"https:\/\/mp-2702.milesopedia.dev\/en\/#organization"},"potentialAction":[{"@type":"SearchAction","target":{"@type":"EntryPoint","urlTemplate":"https:\/\/mp-2702.milesopedia.dev\/en\/?s={search_term_string}"},"query-input":{"@type":"PropertyValueSpecification","valueRequired":true,"valueName":"search_term_string"}}],"inLanguage":"en-CA"},{"@type":"Organization","@id":"https:\/\/mp-2702.milesopedia.dev\/en\/#organization","name":"Milesopedia","url":"https:\/\/mp-2702.milesopedia.dev\/en\/","logo":{"@type":"ImageObject","inLanguage":"en-CA","@id":"https:\/\/mp-2702.milesopedia.dev\/en\/#\/schema\/logo\/image\/","url":"https:\/\/mp-2702.milesopedia.dev\/wp-content\/uploads\/2025\/08\/Milesopedia-CANADA.png","contentUrl":"https:\/\/mp-2702.milesopedia.dev\/wp-content\/uploads\/2025\/08\/Milesopedia-CANADA.png","width":884,"height":203,"caption":"Milesopedia"},"image":{"@id":"https:\/\/mp-2702.milesopedia.dev\/en\/#\/schema\/logo\/image\/"}}]}},"_links":{"self":[{"href":"https:\/\/mp-2702.milesopedia.dev\/en\/wp-json\/wp\/v2\/pages\/273480","targetHints":{"allow":["GET"]}}],"collection":[{"href":"https:\/\/mp-2702.milesopedia.dev\/en\/wp-json\/wp\/v2\/pages"}],"about":[{"href":"https:\/\/mp-2702.milesopedia.dev\/en\/wp-json\/wp\/v2\/types\/page"}],"author":[{"embeddable":true,"href":"https:\/\/mp-2702.milesopedia.dev\/en\/wp-json\/wp\/v2\/users\/4"}],"replies":[{"embeddable":true,"href":"https:\/\/mp-2702.milesopedia.dev\/en\/wp-json\/wp\/v2\/comments?post=273480"}],"version-history":[{"count":5,"href":"https:\/\/mp-2702.milesopedia.dev\/en\/wp-json\/wp\/v2\/pages\/273480\/revisions"}],"predecessor-version":[{"id":497773,"href":"https:\/\/mp-2702.milesopedia.dev\/en\/wp-json\/wp\/v2\/pages\/273480\/revisions\/497773"}],"wp:featuredmedia":[{"embeddable":true,"href":"https:\/\/mp-2702.milesopedia.dev\/en\/wp-json\/wp\/v2\/media\/363939"}],"wp:attachment":[{"href":"https:\/\/mp-2702.milesopedia.dev\/en\/wp-json\/wp\/v2\/media?parent=273480"}],"wp:term":[{"taxonomy":"post_tag","embeddable":true,"href":"https:\/\/mp-2702.milesopedia.dev\/en\/wp-json\/wp\/v2\/tags?post=273480"},{"taxonomy":"mc_loyalty_program","embeddable":true,"href":"https:\/\/mp-2702.milesopedia.dev\/en\/wp-json\/wp\/v2\/mc_loyalty_program?post=273480"}],"curies":[{"name":"wp","href":"https:\/\/api.w.org\/{rel}","templated":true}]}}