{"id":207470,"date":"2026-01-15T05:41:00","date_gmt":"2026-01-15T10:41:00","guid":{"rendered":"https:\/\/mp-2702.milesopedia.dev\/testimonials\/"},"modified":"2026-05-09T05:30:10","modified_gmt":"2026-05-09T05:30:10","slug":"testimonials","status":"publish","type":"page","link":"https:\/\/mp-2702.milesopedia.dev\/en\/testimonials\/","title":{"rendered":"Testimonials"},"content":{"rendered":"\n<p>Members of the Milesopedia community travel around the world <a href=\"https:\/\/mp-2702.milesopedia.dev\/en\/rewards-strategies\/\">thanks to the strategies<\/a> they learned on the site and by taking advantage of the <a href=\"https:\/\/mp-2702.milesopedia.dev\/en\/best-credit-cards-in-canada\/\">best credit card welcome offers<\/a>.<\/p>\n\n\n\n<p>Read their inspiring testimonials:<\/p>\n\n\n\n<div class=\"wp-block-columns is-layout-flex wp-container-core-columns-is-layout-9d6595d7 wp-block-columns-is-layout-flex\">\n\n<div class=\"wp-block-column is-layout-flow wp-block-column-is-layout-flow\">\n\n<aside class=\"component component__quote wp-block-milesgutenberg-quote\">\n\t<div class=\"component__quote__icon\">\n\t\t<i class=\"fa-solid fa-quote-left\"><\/i>\n\t<\/div>\n\t<div class=\"component__quote__content\">\n\t\t<div class=\"component__quote__content__inner\">\n\t\t\t\n\n<p>I just booked 5 nights in Boston for the Marathon for only CA$540 instead of CA$4,308! Thank you milesopedia!<\/p>\n\n\n\n<p>\n<pre>Jos\u00e9e M. May 20, 2019\n<a target=\"_blank\" href=\"https:\/\/www.facebook.com\/groups\/milesopedia\/permalink\/2428275457406414\/\">Facebook Group<\/a><\/pre>\n<\/p>\n\n\t\t<\/div>\n\t\t\t<\/div>\n<\/aside>\n\n\n<\/div>\n\n\n\n<div class=\"wp-block-column is-layout-flow wp-block-column-is-layout-flow\">\n\n<aside class=\"component component__quote wp-block-milesgutenberg-quote\">\n\t<div class=\"component__quote__icon\">\n\t\t<i class=\"fa-solid fa-quote-left\"><\/i>\n\t<\/div>\n\t<div class=\"component__quote__content\">\n\t\t<div class=\"component__quote__content__inner\">\n\t\t\t\n\n<p>I&#8217;ve earned enough AIR MILES bonus miles to get 4 free 7-day passes to Disney World Thank you milesopedia!<\/p>\n\n\n\n<p>\n<pre>S\u00e9bastien M. February 20, 2019\n<a target=\"_blank\" href=\"https:\/\/www.facebook.com\/groups\/milesopedia\/permalink\/2370767119823915\/\">Facebook Group<\/a><\/pre>\n<\/p>\n\n\t\t<\/div>\n\t\t\t<\/div>\n<\/aside>\n\n\n<\/div>\n\n\n\n<div class=\"wp-block-column is-layout-flow wp-block-column-is-layout-flow\">\n\n<aside class=\"component component__quote wp-block-milesgutenberg-quote\">\n\t<div class=\"component__quote__icon\">\n\t\t<i class=\"fa-solid fa-quote-left\"><\/i>\n\t<\/div>\n\t<div class=\"component__quote__content\">\n\t\t<div class=\"component__quote__content__inner\">\n\t\t\t\n\n<p>A wonderful trip to Lisbon with Aeroplan miles and using points for Airbnb! Thank you milesopedia!<\/p>\n\n\n\n<p>\n<pre>Myri V. August 8, 2019\n<a target=\"_blank\" href=\"https:\/\/www.facebook.com\/groups\/milesopedia\/permalink\/2428275457406414\/\">Facebook Group<\/a><\/pre>\n<\/p>\n\n\t\t<\/div>\n\t\t\t<\/div>\n<\/aside>\n\n\n<\/div>\n\n<\/div>\n\n\n\n<div class=\"wp-block-columns is-layout-flex wp-container-core-columns-is-layout-9d6595d7 wp-block-columns-is-layout-flex\">\n\n<div class=\"wp-block-column is-layout-flow wp-block-column-is-layout-flow\">\n\n<aside class=\"component component__quote wp-block-milesgutenberg-quote\">\n\t<div class=\"component__quote__icon\">\n\t\t<i class=\"fa-solid fa-quote-left\"><\/i>\n\t<\/div>\n\t<div class=\"component__quote__content\">\n\t\t<div class=\"component__quote__content__inner\">\n\t\t\t\n\n<p>A multi-destination plane ticket for only 25,000 Aeroplan miles to visit Hawaii and San Francisco on the same trip! Thank you milesopedia!<\/p>\n\n\n\n<p>\n<pre>M\u00e9lanie - December 2, 2018\n<a href=\"https:\/\/mp-2702.milesopedia.dev\/en\/testimonials\/west-american-and-honolulu-with-points-miles\/\">Testimonial on Milesopedia<\/a><\/pre>\n<\/p>\n\n\t\t<\/div>\n\t\t\t<\/div>\n<\/aside>\n\n\n<\/div>\n\n\n\n<div class=\"wp-block-column is-layout-flow wp-block-column-is-layout-flow\">\n\n<aside class=\"component component__quote wp-block-milesgutenberg-quote\">\n\t<div class=\"component__quote__icon\">\n\t\t<i class=\"fa-solid fa-quote-left\"><\/i>\n\t<\/div>\n\t<div class=\"component__quote__content\">\n\t\t<div class=\"component__quote__content__inner\">\n\t\t\t\n\n<p>I will have the opportunity to visit these three destinations with my boys next summer for $127 per person (yes, you have to add $1,050 in credit card fees): Istanbul, Beijing, and Bali! Thank you milesopedia!<\/p>\n\n\n\n<p>\n<pre>St\u00e9phane P. August 22, 2019\n<a target=\"_blank\" href=\"https:\/\/www.facebook.com\/groups\/milesopedia\/permalink\/2497766073790685\/\">Facebook Group<\/a><\/pre>\n<\/p>\n\n\t\t<\/div>\n\t\t\t<\/div>\n<\/aside>\n\n\n<\/div>\n\n\n\n<div class=\"wp-block-column is-layout-flow wp-block-column-is-layout-flow\">\n\n<aside class=\"component component__quote wp-block-milesgutenberg-quote\">\n\t<div class=\"component__quote__icon\">\n\t\t<i class=\"fa-solid fa-quote-left\"><\/i>\n\t<\/div>\n\t<div class=\"component__quote__content\">\n\t\t<div class=\"component__quote__content__inner\">\n\t\t\t\n\n<p>A round-the-world trip for only 90,000 Aeroplan miles and $368: France, Australia, South Africa, Brazil! Thank you milesopedia!<\/p>\n\n\n\n<p>\n<pre>Virginie J. August 2, 2019\n<a target=\"_blank\" href=\"https:\/\/www.facebook.com\/groups\/milesopedia\/permalink\/2483582038542422\/\">Facebook Group<\/a><\/pre>\n<\/p>\n\n\t\t<\/div>\n\t\t\t<\/div>\n<\/aside>\n\n\n<\/div>\n\n<\/div>\n\n\n\n<div class=\"wp-block-columns is-layout-flex wp-container-core-columns-is-layout-9d6595d7 wp-block-columns-is-layout-flex\">\n\n<div class=\"wp-block-column is-layout-flow wp-block-column-is-layout-flow\">\n\n<aside class=\"component component__quote wp-block-milesgutenberg-quote\">\n\t<div class=\"component__quote__icon\">\n\t\t<i class=\"fa-solid fa-quote-left\"><\/i>\n\t<\/div>\n\t<div class=\"component__quote__content\">\n\t\t<div class=\"component__quote__content__inner\">\n\t\t\t\n\n<p>I did a round the world tour in business class with my wife and our two children: Switzerland, Israel and Australia! Thank you milesopedia!<\/p>\n\n\n\n<p>\n<pre>Gautier L. - July 13, 2019\n<a target=\"_blank\" href=\"https:\/\/www.facebook.com\/groups\/milesopedia\/permalink\/2469017833332176\/\">Facebook Group<\/a><\/pre>\n<\/p>\n\n\t\t<\/div>\n\t\t\t<\/div>\n<\/aside>\n\n\n<\/div>\n\n\n\n<div class=\"wp-block-column is-layout-flow wp-block-column-is-layout-flow\">\n\n<aside class=\"component component__quote wp-block-milesgutenberg-quote\">\n\t<div class=\"component__quote__icon\">\n\t\t<i class=\"fa-solid fa-quote-left\"><\/i>\n\t<\/div>\n\t<div class=\"component__quote__content\">\n\t\t<div class=\"component__quote__content__inner\">\n\t\t\t\n\n<p>I just booked two tickets to New Orleans! A wonderful girls\u2019 trip for our 40th birthdays thanks to AIR MILES miles. Thank you milesopedia!<\/p>\n\n\n\n<p>\n<pre>Genevi\u00e8ve R. June 2, 2019\n<a target=\"_blank\" href=\"https:\/\/www.facebook.com\/groups\/milesopedia\/permalink\/2437088279858465\/\">Facebook Group<\/a><\/pre>\n<\/p>\n\n\t\t<\/div>\n\t\t\t<\/div>\n<\/aside>\n\n\n<\/div>\n\n\n\n<div class=\"wp-block-column is-layout-flow wp-block-column-is-layout-flow\">\n\n<aside class=\"component component__quote wp-block-milesgutenberg-quote\">\n\t<div class=\"component__quote__icon\">\n\t\t<i class=\"fa-solid fa-quote-left\"><\/i>\n\t<\/div>\n\t<div class=\"component__quote__content\">\n\t\t<div class=\"component__quote__content__inner\">\n\t\t\t\n\n<p>I will travel to the Iles de la Madeleine for only 1,190 AIR MILES bonus miles and $109. Thank you milesopedia!<\/p>\n\n\n\n<p>\n<pre>Marc B. May 30, 2019\n<a target=\"_blank\" href=\"https:\/\/www.facebook.com\/groups\/milesopedia\/permalink\/2434711953429431\/\">Facebook Group<\/a><\/pre>\n<\/p>\n\n\t\t<\/div>\n\t\t\t<\/div>\n<\/aside>\n\n\n<\/div>\n\n<\/div>\n\n\n\n<div class=\"wp-block-columns is-layout-flex wp-container-core-columns-is-layout-9d6595d7 wp-block-columns-is-layout-flex\">\n\n<div class=\"wp-block-column is-layout-flow wp-block-column-is-layout-flow\">\n\n<aside class=\"component component__quote wp-block-milesgutenberg-quote\">\n\t<div class=\"component__quote__icon\">\n\t\t<i class=\"fa-solid fa-quote-left\"><\/i>\n\t<\/div>\n\t<div class=\"component__quote__content\">\n\t\t<div class=\"component__quote__content__inner\">\n\t\t\t\n\n<p>An amazing round-the-world trip in First Class with my Aeroplan miles: South Korea, Australia, Thailand! Thank you milesopedia!<\/p>\n\n\n\n<p>\n<pre>Jean-Francois L. - May 3, 2019\n<a target=\"_blank\" href=\"https:\/\/www.facebook.com\/groups\/milesopedia\/permalink\/2415833238650636\/\">Facebook Group<\/a><\/pre>\n<\/p>\n\n\t\t<\/div>\n\t\t\t<\/div>\n<\/aside>\n\n\n<\/div>\n\n\n\n<div class=\"wp-block-column is-layout-flow wp-block-column-is-layout-flow\">\n\n<aside class=\"component component__quote wp-block-milesgutenberg-quote\">\n\t<div class=\"component__quote__icon\">\n\t\t<i class=\"fa-solid fa-quote-left\"><\/i>\n\t<\/div>\n\t<div class=\"component__quote__content\">\n\t\t<div class=\"component__quote__content__inner\">\n\t\t\t\n\n<p>An upgrade to the presidential suite in Istanbul&#8230; for a free stay with my Best Western points! Thank you milesopedia!<\/p>\n\n\n\n<p>\n<pre>Na\u00efm M. April 25, 2019\n<a target=\"_blank\" href=\"https:\/\/www.facebook.com\/groups\/milesopedia\/permalink\/2410857552481538\/\">Facebook Group<\/a><\/pre>\n<\/p>\n\n\t\t<\/div>\n\t\t\t<\/div>\n<\/aside>\n\n\n<\/div>\n\n\n\n<div class=\"wp-block-column is-layout-flow wp-block-column-is-layout-flow\">\n\n<aside class=\"component component__quote wp-block-milesgutenberg-quote\">\n\t<div class=\"component__quote__icon\">\n\t\t<i class=\"fa-solid fa-quote-left\"><\/i>\n\t<\/div>\n\t<div class=\"component__quote__content\">\n\t\t<div class=\"component__quote__content__inner\">\n\t\t\t\n\n<p>The experience of a lifetime: a First Class trip on Lufthansa for 70,000 Aeroplan miles. Thank you milesopedia!<\/p>\n\n\n\n<p>\n<pre>Audrey V. November 18, 2018\n<a href=\"https:\/\/mp-2702.milesopedia.dev\/en\/reviews\/flights\/lufthansa-first-class-b748\/\">Testimonial on Milesopedia<\/a><\/pre>\n<\/p>\n\n\t\t<\/div>\n\t\t\t<\/div>\n<\/aside>\n\n\n<\/div>\n\n<\/div>","protected":false},"excerpt":{"rendered":"<p>Members of the Milesopedia community travel around the world thanks to the strategies they learned on the site and by taking advantage of the best credit card welcome offers. Read their inspiring testimonials:<\/p>","protected":false},"author":3,"featured_media":25933,"parent":0,"menu_order":0,"comment_status":"closed","ping_status":"closed","template":"","meta":{"_acf_changed":false,"_relevanssi_hide_post":"","_relevanssi_hide_content":"","_relevanssi_pin_for_all":"","_relevanssi_pin_keywords":"","_relevanssi_unpin_keywords":"","_relevanssi_related_keywords":"","_relevanssi_related_include_ids":"","_relevanssi_related_exclude_ids":"","_relevanssi_related_no_append":"","_relevanssi_related_not_related":"","_relevanssi_related_posts":"","_relevanssi_noindex_reason":"","footnotes":""},"tags":[],"mc_loyalty_program":[],"class_list":["post-207470","page","type-page","status-publish","has-post-thumbnail","hentry"],"acf":[],"yoast_head":"<!-- This site is optimized with the Yoast SEO Premium plugin v27.5 (Yoast SEO v27.5) - https:\/\/yoast.com\/product\/yoast-seo-premium-wordpress\/ -->\n<title>Testimonials | Milesopedia<\/title>\n<meta name=\"description\" content=\"Members of the Milesopedia community thank us for the trips they were able to treat themselves to thanks to our tips! Here are their testimonials!\" \/>\n<meta name=\"robots\" content=\"index, follow, max-snippet:-1, max-image-preview:large, max-video-preview:-1\" \/>\n<link rel=\"canonical\" href=\"https:\/\/mp-2702.milesopedia.dev\/en\/testimonials\/\" \/>\n<meta property=\"og:locale\" content=\"en_US\" \/>\n<meta property=\"og:type\" content=\"article\" \/>\n<meta property=\"og:title\" content=\"Testimonials\" \/>\n<meta property=\"og:description\" content=\"Members of the Milesopedia community thank us for the trips they were able to treat themselves to thanks to our tips! Here are their testimonials!\" \/>\n<meta property=\"og:url\" content=\"https:\/\/mp-2702.milesopedia.dev\/en\/testimonials\/\" \/>\n<meta property=\"og:site_name\" content=\"Milesopedia\" \/>\n<meta property=\"article:modified_time\" content=\"2026-05-09T05:30:10+00:00\" \/>\n<meta property=\"og:image\" content=\"https:\/\/milesopedia.com\/wp-content\/uploads\/2019\/05\/communaute-temoignage-2.jpg\" \/>\n\t<meta property=\"og:image:width\" content=\"2286\" \/>\n\t<meta property=\"og:image:height\" content=\"1200\" \/>\n\t<meta property=\"og:image:type\" content=\"image\/png\" \/>\n<meta name=\"twitter:card\" content=\"summary_large_image\" \/>\n<meta name=\"twitter:label1\" content=\"Est. reading time\" \/>\n\t<meta name=\"twitter:data1\" content=\"2 minutes\" \/>\n<script type=\"application\/ld+json\" class=\"yoast-schema-graph\">{\"@context\":\"https:\\\/\\\/schema.org\",\"@graph\":[{\"@type\":\"WebPage\",\"@id\":\"https:\\\/\\\/mp-2702.milesopedia.dev\\\/en\\\/testimonials\\\/\",\"url\":\"https:\\\/\\\/mp-2702.milesopedia.dev\\\/en\\\/testimonials\\\/\",\"name\":\"Testimonials - Milesopedia\",\"isPartOf\":{\"@id\":\"https:\\\/\\\/mp-2702.milesopedia.dev\\\/en\\\/#website\"},\"primaryImageOfPage\":{\"@id\":\"https:\\\/\\\/mp-2702.milesopedia.dev\\\/en\\\/testimonials\\\/#primaryimage\"},\"image\":{\"@id\":\"https:\\\/\\\/mp-2702.milesopedia.dev\\\/en\\\/testimonials\\\/#primaryimage\"},\"thumbnailUrl\":\"https:\\\/\\\/mp-2702.milesopedia.dev\\\/wp-content\\\/uploads\\\/2019\\\/05\\\/communaute-temoignage-2.jpg\",\"datePublished\":\"2026-01-15T10:41:00+00:00\",\"dateModified\":\"2026-05-09T05:30:10+00:00\",\"description\":\"Members of the Milesopedia community thank us for the trips they were able to treat themselves to thanks to our tips! Here are their testimonials!\",\"inLanguage\":\"en-CA\",\"potentialAction\":[{\"@type\":\"ReadAction\",\"target\":[\"https:\\\/\\\/mp-2702.milesopedia.dev\\\/en\\\/testimonials\\\/\"]}]},{\"@type\":\"ImageObject\",\"inLanguage\":\"en-CA\",\"@id\":\"https:\\\/\\\/mp-2702.milesopedia.dev\\\/en\\\/testimonials\\\/#primaryimage\",\"url\":\"https:\\\/\\\/mp-2702.milesopedia.dev\\\/wp-content\\\/uploads\\\/2019\\\/05\\\/communaute-temoignage-2.jpg\",\"contentUrl\":\"https:\\\/\\\/mp-2702.milesopedia.dev\\\/wp-content\\\/uploads\\\/2019\\\/05\\\/communaute-temoignage-2.jpg\",\"width\":2286,\"height\":1200,\"caption\":\"Portrait of a young airline pilot in Canada - Community Testimonial\"},{\"@type\":\"WebSite\",\"@id\":\"https:\\\/\\\/mp-2702.milesopedia.dev\\\/en\\\/#website\",\"url\":\"https:\\\/\\\/mp-2702.milesopedia.dev\\\/en\\\/\",\"name\":\"Milesopedia\",\"description\":\"Programmes de fid\u00e9lit\u00e9 et cartes de cr\u00e9dit au Canada\",\"publisher\":{\"@id\":\"https:\\\/\\\/mp-2702.milesopedia.dev\\\/en\\\/#organization\"},\"potentialAction\":[{\"@type\":\"SearchAction\",\"target\":{\"@type\":\"EntryPoint\",\"urlTemplate\":\"https:\\\/\\\/mp-2702.milesopedia.dev\\\/en\\\/?s={search_term_string}\"},\"query-input\":{\"@type\":\"PropertyValueSpecification\",\"valueRequired\":true,\"valueName\":\"search_term_string\"}}],\"inLanguage\":\"en-CA\"},{\"@type\":\"Organization\",\"@id\":\"https:\\\/\\\/mp-2702.milesopedia.dev\\\/en\\\/#organization\",\"name\":\"Milesopedia\",\"url\":\"https:\\\/\\\/mp-2702.milesopedia.dev\\\/en\\\/\",\"logo\":{\"@type\":\"ImageObject\",\"inLanguage\":\"en-CA\",\"@id\":\"https:\\\/\\\/mp-2702.milesopedia.dev\\\/en\\\/#\\\/schema\\\/logo\\\/image\\\/\",\"url\":\"https:\\\/\\\/mp-2702.milesopedia.dev\\\/wp-content\\\/uploads\\\/2025\\\/08\\\/Milesopedia-CANADA.png\",\"contentUrl\":\"https:\\\/\\\/mp-2702.milesopedia.dev\\\/wp-content\\\/uploads\\\/2025\\\/08\\\/Milesopedia-CANADA.png\",\"width\":884,\"height\":203,\"caption\":\"Milesopedia\"},\"image\":{\"@id\":\"https:\\\/\\\/mp-2702.milesopedia.dev\\\/en\\\/#\\\/schema\\\/logo\\\/image\\\/\"}}]}<\/script>\n<!-- \/ Yoast SEO Premium plugin. -->","yoast_head_json":{"title":"Testimonials | Milesopedia","description":"Members of the Milesopedia community thank us for the trips they were able to treat themselves to thanks to our tips! Here are their testimonials!","robots":{"index":"index","follow":"follow","max-snippet":"max-snippet:-1","max-image-preview":"max-image-preview:large","max-video-preview":"max-video-preview:-1"},"canonical":"https:\/\/mp-2702.milesopedia.dev\/en\/testimonials\/","og_locale":"en_US","og_type":"article","og_title":"Testimonials","og_description":"Members of the Milesopedia community thank us for the trips they were able to treat themselves to thanks to our tips! Here are their testimonials!","og_url":"https:\/\/mp-2702.milesopedia.dev\/en\/testimonials\/","og_site_name":"Milesopedia","article_modified_time":"2026-05-09T05:30:10+00:00","og_image":[{"width":2286,"height":1200,"url":"https:\/\/milesopedia.com\/wp-content\/uploads\/2019\/05\/communaute-temoignage-2.jpg","type":"image\/png"}],"twitter_card":"summary_large_image","twitter_misc":{"Est. reading time":"2 minutes"},"schema":{"@context":"https:\/\/schema.org","@graph":[{"@type":"WebPage","@id":"https:\/\/mp-2702.milesopedia.dev\/en\/testimonials\/","url":"https:\/\/mp-2702.milesopedia.dev\/en\/testimonials\/","name":"Testimonials - Milesopedia","isPartOf":{"@id":"https:\/\/mp-2702.milesopedia.dev\/en\/#website"},"primaryImageOfPage":{"@id":"https:\/\/mp-2702.milesopedia.dev\/en\/testimonials\/#primaryimage"},"image":{"@id":"https:\/\/mp-2702.milesopedia.dev\/en\/testimonials\/#primaryimage"},"thumbnailUrl":"https:\/\/mp-2702.milesopedia.dev\/wp-content\/uploads\/2019\/05\/communaute-temoignage-2.jpg","datePublished":"2026-01-15T10:41:00+00:00","dateModified":"2026-05-09T05:30:10+00:00","description":"Members of the Milesopedia community thank us for the trips they were able to treat themselves to thanks to our tips! Here are their testimonials!","inLanguage":"en-CA","potentialAction":[{"@type":"ReadAction","target":["https:\/\/mp-2702.milesopedia.dev\/en\/testimonials\/"]}]},{"@type":"ImageObject","inLanguage":"en-CA","@id":"https:\/\/mp-2702.milesopedia.dev\/en\/testimonials\/#primaryimage","url":"https:\/\/mp-2702.milesopedia.dev\/wp-content\/uploads\/2019\/05\/communaute-temoignage-2.jpg","contentUrl":"https:\/\/mp-2702.milesopedia.dev\/wp-content\/uploads\/2019\/05\/communaute-temoignage-2.jpg","width":2286,"height":1200,"caption":"Portrait of a young airline pilot in Canada - Community Testimonial"},{"@type":"WebSite","@id":"https:\/\/mp-2702.milesopedia.dev\/en\/#website","url":"https:\/\/mp-2702.milesopedia.dev\/en\/","name":"Milesopedia","description":"Programmes de fid\u00e9lit\u00e9 et cartes de cr\u00e9dit au Canada","publisher":{"@id":"https:\/\/mp-2702.milesopedia.dev\/en\/#organization"},"potentialAction":[{"@type":"SearchAction","target":{"@type":"EntryPoint","urlTemplate":"https:\/\/mp-2702.milesopedia.dev\/en\/?s={search_term_string}"},"query-input":{"@type":"PropertyValueSpecification","valueRequired":true,"valueName":"search_term_string"}}],"inLanguage":"en-CA"},{"@type":"Organization","@id":"https:\/\/mp-2702.milesopedia.dev\/en\/#organization","name":"Milesopedia","url":"https:\/\/mp-2702.milesopedia.dev\/en\/","logo":{"@type":"ImageObject","inLanguage":"en-CA","@id":"https:\/\/mp-2702.milesopedia.dev\/en\/#\/schema\/logo\/image\/","url":"https:\/\/mp-2702.milesopedia.dev\/wp-content\/uploads\/2025\/08\/Milesopedia-CANADA.png","contentUrl":"https:\/\/mp-2702.milesopedia.dev\/wp-content\/uploads\/2025\/08\/Milesopedia-CANADA.png","width":884,"height":203,"caption":"Milesopedia"},"image":{"@id":"https:\/\/mp-2702.milesopedia.dev\/en\/#\/schema\/logo\/image\/"}}]}},"_links":{"self":[{"href":"https:\/\/mp-2702.milesopedia.dev\/en\/wp-json\/wp\/v2\/pages\/207470","targetHints":{"allow":["GET"]}}],"collection":[{"href":"https:\/\/mp-2702.milesopedia.dev\/en\/wp-json\/wp\/v2\/pages"}],"about":[{"href":"https:\/\/mp-2702.milesopedia.dev\/en\/wp-json\/wp\/v2\/types\/page"}],"author":[{"embeddable":true,"href":"https:\/\/mp-2702.milesopedia.dev\/en\/wp-json\/wp\/v2\/users\/3"}],"replies":[{"embeddable":true,"href":"https:\/\/mp-2702.milesopedia.dev\/en\/wp-json\/wp\/v2\/comments?post=207470"}],"version-history":[{"count":5,"href":"https:\/\/mp-2702.milesopedia.dev\/en\/wp-json\/wp\/v2\/pages\/207470\/revisions"}],"predecessor-version":[{"id":490319,"href":"https:\/\/mp-2702.milesopedia.dev\/en\/wp-json\/wp\/v2\/pages\/207470\/revisions\/490319"}],"wp:featuredmedia":[{"embeddable":true,"href":"https:\/\/mp-2702.milesopedia.dev\/en\/wp-json\/wp\/v2\/media\/25933"}],"wp:attachment":[{"href":"https:\/\/mp-2702.milesopedia.dev\/en\/wp-json\/wp\/v2\/media?parent=207470"}],"wp:term":[{"taxonomy":"post_tag","embeddable":true,"href":"https:\/\/mp-2702.milesopedia.dev\/en\/wp-json\/wp\/v2\/tags?post=207470"},{"taxonomy":"mc_loyalty_program","embeddable":true,"href":"https:\/\/mp-2702.milesopedia.dev\/en\/wp-json\/wp\/v2\/mc_loyalty_program?post=207470"}],"curies":[{"name":"wp","href":"https:\/\/api.w.org\/{rel}","templated":true}]}}