{"id":207405,"date":"2026-05-01T00:04:00","date_gmt":"2026-05-01T04:04:00","guid":{"rendered":"https:\/\/mp-2702.milesopedia.dev\/best-banking-offers-canada\/"},"modified":"2026-05-08T16:43:07","modified_gmt":"2026-05-08T16:43:07","slug":"best-banking-offers-canada","status":"publish","type":"page","link":"https:\/\/mp-2702.milesopedia.dev\/en\/best-banking-offers-canada\/","title":{"rendered":"The Best Bank Account Offers in Canada"},"content":{"rendered":"<p>In Canada, there are many banking institutions that offer chequing and savings accounts. Discover the features and the different current offers for each institution.\n\n\n<h2 class=\"wp-block-heading\" id=\"h-national-bank\">National Bank<\/h2>\n\n\n<aside class=\"component component__deferred_contents wp-block-milesgutenberg-deferred-contents\">\n\t\t\t\t<div\n\t\t\t\tdata-template='compare-simple'\n\t\t\t\tdata-post_type='bank_account'\n\t\t\t\tdata-per_page='8'\n\t\t\t\tclass='deferred_container--preload container_bank_account container_template--compare-simple container_count--4'\n\n\t\t\t\t\t\t\t\t\tdata-tag=\"bank_account_id\"\n\t\t\t\t\t\t\tdata-post_ids=\"393820,0,393849,393846,393826\"\n\t\t\t\t\t\t\t>\n\t\t\n\t<div class=\"card card-list card-list-header\">\n\t\t<div class=\"shimmer shimmer-bar shimmer-dark shimmer-bar--short card-specs--title\"><\/div>\n\t<\/div>\n\n\n<div class=\"card card-list\">\n\n\t<div class=\"card-list--grid\">\n\n\t\t<div class=\"card-list--card\">\n\t\t\t<div class=\"card-graphic-cta shimmer shimmer-card\"><\/div>\n\t\t<\/div>\n\n\t\t<div class=\"card-list--title-offer\">\n\n\t\t\t<div class=\"card--title\">\n\t\t\t\t<div class=\"shimmer shimmer-bar\"><\/div>\n\t\t\t\t<div class=\"shimmer shimmer-bar\"><\/div>\n\t\t\t<\/div>\n\n\t\t<\/div>\n\n\t\t<div>\n\t\t\t<div class=\"card--apply\">\n\t\t\t\t<div class=\"shimmer shimmer-btn\"><\/div>\n\t\t\t<\/div>\n\t\t<\/div>\n\n\t<\/div>\n\n<\/div>\n\n<div class=\"card card-list\">\n\n\t<div class=\"card-list--grid\">\n\n\t\t<div class=\"card-list--card\">\n\t\t\t<div class=\"card-graphic-cta shimmer shimmer-card\"><\/div>\n\t\t<\/div>\n\n\t\t<div class=\"card-list--title-offer\">\n\n\t\t\t<div class=\"card--title\">\n\t\t\t\t<div class=\"shimmer shimmer-bar\"><\/div>\n\t\t\t\t<div class=\"shimmer shimmer-bar\"><\/div>\n\t\t\t<\/div>\n\n\t\t<\/div>\n\n\t\t<div>\n\t\t\t<div class=\"card--apply\">\n\t\t\t\t<div class=\"shimmer shimmer-btn\"><\/div>\n\t\t\t<\/div>\n\t\t<\/div>\n\n\t<\/div>\n\n<\/div>\n\n<div class=\"card card-list\">\n\n\t<div class=\"card-list--grid\">\n\n\t\t<div class=\"card-list--card\">\n\t\t\t<div class=\"card-graphic-cta shimmer shimmer-card\"><\/div>\n\t\t<\/div>\n\n\t\t<div class=\"card-list--title-offer\">\n\n\t\t\t<div class=\"card--title\">\n\t\t\t\t<div class=\"shimmer shimmer-bar\"><\/div>\n\t\t\t\t<div class=\"shimmer shimmer-bar\"><\/div>\n\t\t\t<\/div>\n\n\t\t<\/div>\n\n\t\t<div>\n\t\t\t<div class=\"card--apply\">\n\t\t\t\t<div class=\"shimmer shimmer-btn\"><\/div>\n\t\t\t<\/div>\n\t\t<\/div>\n\n\t<\/div>\n\n<\/div>\n\n<div class=\"card card-list\">\n\n\t<div class=\"card-list--grid\">\n\n\t\t<div class=\"card-list--card\">\n\t\t\t<div class=\"card-graphic-cta shimmer shimmer-card\"><\/div>\n\t\t<\/div>\n\n\t\t<div class=\"card-list--title-offer\">\n\n\t\t\t<div class=\"card--title\">\n\t\t\t\t<div class=\"shimmer shimmer-bar\"><\/div>\n\t\t\t\t<div class=\"shimmer shimmer-bar\"><\/div>\n\t\t\t<\/div>\n\n\t\t<\/div>\n\n\t\t<div>\n\t\t\t<div class=\"card--apply\">\n\t\t\t\t<div class=\"shimmer shimmer-btn\"><\/div>\n\t\t\t<\/div>\n\t\t<\/div>\n\n\t<\/div>\n\n<\/div>\n\t\t<\/div>\n\n\t\t<\/aside>\n\n\n<aside class=\"component component__deferred_contents wp-block-milesgutenberg-deferred-contents\">\n\t\t\t\t<div\n\t\t\t\tdata-template='l'\n\t\t\t\tdata-post_type='post'\n\t\t\t\tdata-per_page='4'\n\t\t\t\tclass='deferred_container--preload container_post container_template--l container_count--1'\n\n\t\t\t\t\t\t\t\t\tdata-tag=\"post_id\"\n\t\t\t\t\t\t\tdata-post_ids=\"86706\"\n\t\t\t\t\t\t\t>\n\t\t<article class=\"post-preview\">\n\n    <div class=\"post-preview-thumbnail\">\n\t    <div class=\"shimmer shimmer-dark shimmer-image\"><\/div>\n    <\/div>\n\n    <div class=\"post-preview-content shimmer-post-preview-content\">\n        <div class=\"simmer-bar-group\">\n            <div class=\"shimmer shimmer-dark shimmer-bar\"><\/div>\n            <div class=\"shimmer shimmer-dark shimmer-bar\"><\/div>\n            <div class=\"shimmer shimmer-dark shimmer-bar\"><\/div>\n        <\/div>\n\n    <\/div>\n<\/article>\t\t<\/div>\n\n\t\t<\/aside>\n\n\n\n<h2 class=\"wp-block-heading\" id=\"h-bmo-bank-of-montreal\">BMO &#8211; Bank of Montreal<\/h2>\n\n\n<aside class=\"component component__deferred_contents wp-block-milesgutenberg-deferred-contents\">\n\t\t\t\t<div\n\t\t\t\tdata-template='compare-simple'\n\t\t\t\tdata-post_type='bank_account'\n\t\t\t\tdata-per_page='8'\n\t\t\t\tclass='deferred_container--preload container_bank_account container_template--compare-simple container_count--4'\n\n\t\t\t\t\t\t\t\t\tdata-tag=\"bank_account_id\"\n\t\t\t\t\t\t\tdata-post_ids=\"393827,393824,393822,393825\"\n\t\t\t\t\t\t\t>\n\t\t\n<div class=\"card card-list\">\n\n\t<div class=\"card-list--grid\">\n\n\t\t<div class=\"card-list--card\">\n\t\t\t<div class=\"card-graphic-cta shimmer shimmer-card\"><\/div>\n\t\t<\/div>\n\n\t\t<div class=\"card-list--title-offer\">\n\n\t\t\t<div class=\"card--title\">\n\t\t\t\t<div class=\"shimmer shimmer-bar\"><\/div>\n\t\t\t\t<div class=\"shimmer shimmer-bar\"><\/div>\n\t\t\t<\/div>\n\n\t\t<\/div>\n\n\t\t<div>\n\t\t\t<div class=\"card--apply\">\n\t\t\t\t<div class=\"shimmer shimmer-btn\"><\/div>\n\t\t\t<\/div>\n\t\t<\/div>\n\n\t<\/div>\n\n<\/div>\n\n<div class=\"card card-list\">\n\n\t<div class=\"card-list--grid\">\n\n\t\t<div class=\"card-list--card\">\n\t\t\t<div class=\"card-graphic-cta shimmer shimmer-card\"><\/div>\n\t\t<\/div>\n\n\t\t<div class=\"card-list--title-offer\">\n\n\t\t\t<div class=\"card--title\">\n\t\t\t\t<div class=\"shimmer shimmer-bar\"><\/div>\n\t\t\t\t<div class=\"shimmer shimmer-bar\"><\/div>\n\t\t\t<\/div>\n\n\t\t<\/div>\n\n\t\t<div>\n\t\t\t<div class=\"card--apply\">\n\t\t\t\t<div class=\"shimmer shimmer-btn\"><\/div>\n\t\t\t<\/div>\n\t\t<\/div>\n\n\t<\/div>\n\n<\/div>\n\n<div class=\"card card-list\">\n\n\t<div class=\"card-list--grid\">\n\n\t\t<div class=\"card-list--card\">\n\t\t\t<div class=\"card-graphic-cta shimmer shimmer-card\"><\/div>\n\t\t<\/div>\n\n\t\t<div class=\"card-list--title-offer\">\n\n\t\t\t<div class=\"card--title\">\n\t\t\t\t<div class=\"shimmer shimmer-bar\"><\/div>\n\t\t\t\t<div class=\"shimmer shimmer-bar\"><\/div>\n\t\t\t<\/div>\n\n\t\t<\/div>\n\n\t\t<div>\n\t\t\t<div class=\"card--apply\">\n\t\t\t\t<div class=\"shimmer shimmer-btn\"><\/div>\n\t\t\t<\/div>\n\t\t<\/div>\n\n\t<\/div>\n\n<\/div>\n\n<div class=\"card card-list\">\n\n\t<div class=\"card-list--grid\">\n\n\t\t<div class=\"card-list--card\">\n\t\t\t<div class=\"card-graphic-cta shimmer shimmer-card\"><\/div>\n\t\t<\/div>\n\n\t\t<div class=\"card-list--title-offer\">\n\n\t\t\t<div class=\"card--title\">\n\t\t\t\t<div class=\"shimmer shimmer-bar\"><\/div>\n\t\t\t\t<div class=\"shimmer shimmer-bar\"><\/div>\n\t\t\t<\/div>\n\n\t\t<\/div>\n\n\t\t<div>\n\t\t\t<div class=\"card--apply\">\n\t\t\t\t<div class=\"shimmer shimmer-btn\"><\/div>\n\t\t\t<\/div>\n\t\t<\/div>\n\n\t<\/div>\n\n<\/div>\n\t\t<\/div>\n\n\t\t<\/aside>\n\n\n<aside class=\"component component__deferred_contents wp-block-milesgutenberg-deferred-contents\">\n\t\t\t\t<div\n\t\t\t\tdata-template='s-h'\n\t\t\t\tdata-post_type='post'\n\t\t\t\tdata-per_page='4'\n\t\t\t\tclass='deferred_container--preload container_post container_template--s-h container_count--1'\n\n\t\t\t\t\t\t\t\t\tdata-tag=\"post_id\"\n\t\t\t\t\t\t\tdata-post_ids=\"289143\"\n\t\t\t\t\t\t\t>\n\t\t<article class=\"post-preview\">\n\t<div class=\"post-preview-thumbnail\">\n\t\t<div class=\"shimmer shimmer-image\"><\/div>\n\t<\/div>\n\t<div class=\"post-preview-content\">\n\t\t<div class=\"simmer-bar-group\">\n\t\t\t<div class=\"shimmer shimmer-bar\"><\/div>\n\t\t\t<div class=\"shimmer shimmer-bar\"><\/div>\n\t\t<\/div>\n\t<\/div>\n<\/article>\t\t<\/div>\n\n\t\t<\/aside>\n\n\n\n<h2 class=\"wp-block-heading\" id=\"h-scotiabank\">Scotiabank<\/h2>\n\n\n<aside class=\"component component__deferred_contents wp-block-milesgutenberg-deferred-contents\">\n\t\t\t\t<div\n\t\t\t\tdata-template='compare-simple'\n\t\t\t\tdata-post_type='bank_account'\n\t\t\t\tdata-per_page='8'\n\t\t\t\tclass='deferred_container--preload container_bank_account container_template--compare-simple container_count--5 container_count--lots'\n\n\t\t\t\t\t\t\t\t\tdata-tag=\"bank_account_id\"\n\t\t\t\t\t\t\tdata-post_ids=\"393821,393814,393823,393819,393817\"\n\t\t\t\t\t\t\t>\n\t\t\n<div class=\"card card-list\">\n\n\t<div class=\"card-list--grid\">\n\n\t\t<div class=\"card-list--card\">\n\t\t\t<div class=\"card-graphic-cta shimmer shimmer-card\"><\/div>\n\t\t<\/div>\n\n\t\t<div class=\"card-list--title-offer\">\n\n\t\t\t<div class=\"card--title\">\n\t\t\t\t<div class=\"shimmer shimmer-bar\"><\/div>\n\t\t\t\t<div class=\"shimmer shimmer-bar\"><\/div>\n\t\t\t<\/div>\n\n\t\t<\/div>\n\n\t\t<div>\n\t\t\t<div class=\"card--apply\">\n\t\t\t\t<div class=\"shimmer shimmer-btn\"><\/div>\n\t\t\t<\/div>\n\t\t<\/div>\n\n\t<\/div>\n\n<\/div>\n\n<div class=\"card card-list\">\n\n\t<div class=\"card-list--grid\">\n\n\t\t<div class=\"card-list--card\">\n\t\t\t<div class=\"card-graphic-cta shimmer shimmer-card\"><\/div>\n\t\t<\/div>\n\n\t\t<div class=\"card-list--title-offer\">\n\n\t\t\t<div class=\"card--title\">\n\t\t\t\t<div class=\"shimmer shimmer-bar\"><\/div>\n\t\t\t\t<div class=\"shimmer shimmer-bar\"><\/div>\n\t\t\t<\/div>\n\n\t\t<\/div>\n\n\t\t<div>\n\t\t\t<div class=\"card--apply\">\n\t\t\t\t<div class=\"shimmer shimmer-btn\"><\/div>\n\t\t\t<\/div>\n\t\t<\/div>\n\n\t<\/div>\n\n<\/div>\n\n<div class=\"card card-list\">\n\n\t<div class=\"card-list--grid\">\n\n\t\t<div class=\"card-list--card\">\n\t\t\t<div class=\"card-graphic-cta shimmer shimmer-card\"><\/div>\n\t\t<\/div>\n\n\t\t<div class=\"card-list--title-offer\">\n\n\t\t\t<div class=\"card--title\">\n\t\t\t\t<div class=\"shimmer shimmer-bar\"><\/div>\n\t\t\t\t<div class=\"shimmer shimmer-bar\"><\/div>\n\t\t\t<\/div>\n\n\t\t<\/div>\n\n\t\t<div>\n\t\t\t<div class=\"card--apply\">\n\t\t\t\t<div class=\"shimmer shimmer-btn\"><\/div>\n\t\t\t<\/div>\n\t\t<\/div>\n\n\t<\/div>\n\n<\/div>\n\n<div class=\"card card-list\">\n\n\t<div class=\"card-list--grid\">\n\n\t\t<div class=\"card-list--card\">\n\t\t\t<div class=\"card-graphic-cta shimmer shimmer-card\"><\/div>\n\t\t<\/div>\n\n\t\t<div class=\"card-list--title-offer\">\n\n\t\t\t<div class=\"card--title\">\n\t\t\t\t<div class=\"shimmer shimmer-bar\"><\/div>\n\t\t\t\t<div class=\"shimmer shimmer-bar\"><\/div>\n\t\t\t<\/div>\n\n\t\t<\/div>\n\n\t\t<div>\n\t\t\t<div class=\"card--apply\">\n\t\t\t\t<div class=\"shimmer shimmer-btn\"><\/div>\n\t\t\t<\/div>\n\t\t<\/div>\n\n\t<\/div>\n\n<\/div>\n\n<div class=\"card card-list\">\n\n\t<div class=\"card-list--grid\">\n\n\t\t<div class=\"card-list--card\">\n\t\t\t<div class=\"card-graphic-cta shimmer shimmer-card\"><\/div>\n\t\t<\/div>\n\n\t\t<div class=\"card-list--title-offer\">\n\n\t\t\t<div class=\"card--title\">\n\t\t\t\t<div class=\"shimmer shimmer-bar\"><\/div>\n\t\t\t\t<div class=\"shimmer shimmer-bar\"><\/div>\n\t\t\t<\/div>\n\n\t\t<\/div>\n\n\t\t<div>\n\t\t\t<div class=\"card--apply\">\n\t\t\t\t<div class=\"shimmer shimmer-btn\"><\/div>\n\t\t\t<\/div>\n\t\t<\/div>\n\n\t<\/div>\n\n<\/div>\n\t\t<\/div>\n\n\t\t<\/aside>\n\n\n<aside class=\"component component__deferred_contents wp-block-milesgutenberg-deferred-contents\">\n\t\t\t\t<div\n\t\t\t\tdata-template='l'\n\t\t\t\tdata-post_type='post'\n\t\t\t\tdata-per_page='4'\n\t\t\t\tclass='deferred_container--preload container_post container_template--l container_count--1'\n\n\t\t\t\t\t\t\t\t\tdata-tag=\"post_id\"\n\t\t\t\t\t\t\tdata-post_ids=\"84496\"\n\t\t\t\t\t\t\t>\n\t\t<article class=\"post-preview\">\n\n    <div class=\"post-preview-thumbnail\">\n\t    <div class=\"shimmer shimmer-dark shimmer-image\"><\/div>\n    <\/div>\n\n    <div class=\"post-preview-content shimmer-post-preview-content\">\n        <div class=\"simmer-bar-group\">\n            <div class=\"shimmer shimmer-dark shimmer-bar\"><\/div>\n            <div class=\"shimmer shimmer-dark shimmer-bar\"><\/div>\n            <div class=\"shimmer shimmer-dark shimmer-bar\"><\/div>\n        <\/div>\n\n    <\/div>\n<\/article>\t\t<\/div>\n\n\t\t<\/aside>\n\n\n\n<h2 class=\"wp-block-heading\" id=\"h-all-institutions\">All institutions<\/h2>\n\n\n<aside class=\"component component__deferred_contents wp-block-milesgutenberg-deferred-contents\">\n\t\t\t\t<div\n\t\t\t\tdata-template='s-h'\n\t\t\t\tdata-post_type='page'\n\t\t\t\tdata-per_page='14'\n\t\t\t\tclass='deferred_container--preload container_page container_template--s-h container_count--3'\n\n\t\t\t\t\t\t\t\t\tdata-tag=\"page_id\"\n\t\t\t\t\t\t\tdata-post_ids=\"0,0,475319,475315,343890,0,0,0\"\n\t\t\t\t\t\t\t>\n\t\t<article class=\"post-preview\">\n\t<div class=\"post-preview-thumbnail\">\n\t\t<div class=\"shimmer shimmer-image\"><\/div>\n\t<\/div>\n\t<div class=\"post-preview-content\">\n\t\t<div class=\"simmer-bar-group\">\n\t\t\t<div class=\"shimmer shimmer-bar\"><\/div>\n\t\t\t<div class=\"shimmer shimmer-bar\"><\/div>\n\t\t<\/div>\n\t<\/div>\n<\/article><article class=\"post-preview\">\n\t<div class=\"post-preview-thumbnail\">\n\t\t<div class=\"shimmer shimmer-image\"><\/div>\n\t<\/div>\n\t<div class=\"post-preview-content\">\n\t\t<div class=\"simmer-bar-group\">\n\t\t\t<div class=\"shimmer shimmer-bar\"><\/div>\n\t\t\t<div class=\"shimmer shimmer-bar\"><\/div>\n\t\t<\/div>\n\t<\/div>\n<\/article><article class=\"post-preview\">\n\t<div class=\"post-preview-thumbnail\">\n\t\t<div class=\"shimmer shimmer-image\"><\/div>\n\t<\/div>\n\t<div class=\"post-preview-content\">\n\t\t<div class=\"simmer-bar-group\">\n\t\t\t<div class=\"shimmer shimmer-bar\"><\/div>\n\t\t\t<div class=\"shimmer shimmer-bar\"><\/div>\n\t\t<\/div>\n\t<\/div>\n<\/article>\t\t<\/div>\n\n\t\t<\/aside>","protected":false},"excerpt":{"rendered":"<p>In Canada, there are many banking institutions that offer chequing and savings accounts. Discover the features and the different current offers for each institution. National Bank BMO &#8211; Bank of Montreal Scotiabank All institutions<\/p>","protected":false},"author":3,"featured_media":93987,"parent":0,"menu_order":0,"comment_status":"closed","ping_status":"closed","template":"page-toc.php","meta":{"_acf_changed":false,"_relevanssi_hide_post":"","_relevanssi_hide_content":"","_relevanssi_pin_for_all":"","_relevanssi_pin_keywords":"","_relevanssi_unpin_keywords":"","_relevanssi_related_keywords":"","_relevanssi_related_include_ids":"","_relevanssi_related_exclude_ids":"","_relevanssi_related_no_append":"","_relevanssi_related_not_related":"","_relevanssi_related_posts":"","_relevanssi_noindex_reason":"","footnotes":""},"tags":[],"mc_loyalty_program":[],"class_list":["post-207405","page","type-page","status-publish","has-post-thumbnail","hentry"],"acf":[],"yoast_head":"<!-- This site is optimized with the Yoast SEO Premium plugin v27.5 (Yoast SEO v27.5) - https:\/\/yoast.com\/product\/yoast-seo-premium-wordpress\/ -->\n<title>The Best Bank Account Offers in Canada | Milesopedia<\/title>\n<meta name=\"description\" content=\"Are you looking for a bank account offer? Here is the list of all promotional offers in Canada, sorted by institution!\" \/>\n<meta name=\"robots\" content=\"index, follow, max-snippet:-1, max-image-preview:large, max-video-preview:-1\" \/>\n<link rel=\"canonical\" href=\"https:\/\/mp-2702.milesopedia.dev\/en\/best-banking-offers-canada\/\" \/>\n<meta property=\"og:locale\" content=\"en_US\" \/>\n<meta property=\"og:type\" content=\"article\" \/>\n<meta property=\"og:title\" content=\"The Best Bank Account Offers in Canada\" \/>\n<meta property=\"og:description\" content=\"Are you looking for a bank account offer? Here is the list of all promotional offers in Canada, sorted by institution!\" \/>\n<meta property=\"og:url\" content=\"https:\/\/mp-2702.milesopedia.dev\/en\/best-banking-offers-canada\/\" \/>\n<meta property=\"og:site_name\" content=\"Milesopedia\" \/>\n<meta property=\"article:modified_time\" content=\"2026-05-08T16:43:07+00:00\" \/>\n<meta property=\"og:image\" content=\"https:\/\/milesopedia.com\/wp-content\/uploads\/2020\/07\/dollar-.jpg\" \/>\n\t<meta property=\"og:image:width\" content=\"1800\" \/>\n\t<meta property=\"og:image:height\" content=\"1200\" \/>\n\t<meta property=\"og:image:type\" content=\"image\/jpeg\" \/>\n<meta name=\"twitter:card\" content=\"summary_large_image\" \/>\n<script type=\"application\/ld+json\" class=\"yoast-schema-graph\">{\"@context\":\"https:\\\/\\\/schema.org\",\"@graph\":[{\"@type\":\"WebPage\",\"@id\":\"https:\\\/\\\/mp-2702.milesopedia.dev\\\/en\\\/best-banking-offers-canada\\\/\",\"url\":\"https:\\\/\\\/mp-2702.milesopedia.dev\\\/en\\\/best-banking-offers-canada\\\/\",\"name\":\"Best Bank Account Offers in Canada - 2026 - Milesopedia\",\"isPartOf\":{\"@id\":\"https:\\\/\\\/mp-2702.milesopedia.dev\\\/en\\\/#website\"},\"primaryImageOfPage\":{\"@id\":\"https:\\\/\\\/mp-2702.milesopedia.dev\\\/en\\\/best-banking-offers-canada\\\/#primaryimage\"},\"image\":{\"@id\":\"https:\\\/\\\/mp-2702.milesopedia.dev\\\/en\\\/best-banking-offers-canada\\\/#primaryimage\"},\"thumbnailUrl\":\"https:\\\/\\\/mp-2702.milesopedia.dev\\\/wp-content\\\/uploads\\\/2020\\\/07\\\/dollar-.jpg\",\"datePublished\":\"2026-05-01T04:04:00+00:00\",\"dateModified\":\"2026-05-08T16:43:07+00:00\",\"description\":\"Are you looking for a bank account offer? Here is the list of all promotional offers in Canada, sorted by institution!\",\"inLanguage\":\"en-CA\",\"potentialAction\":[{\"@type\":\"ReadAction\",\"target\":[\"https:\\\/\\\/mp-2702.milesopedia.dev\\\/en\\\/best-banking-offers-canada\\\/\"]}]},{\"@type\":\"ImageObject\",\"inLanguage\":\"en-CA\",\"@id\":\"https:\\\/\\\/mp-2702.milesopedia.dev\\\/en\\\/best-banking-offers-canada\\\/#primaryimage\",\"url\":\"https:\\\/\\\/mp-2702.milesopedia.dev\\\/wp-content\\\/uploads\\\/2020\\\/07\\\/dollar-.jpg\",\"contentUrl\":\"https:\\\/\\\/mp-2702.milesopedia.dev\\\/wp-content\\\/uploads\\\/2020\\\/07\\\/dollar-.jpg\",\"width\":1800,\"height\":1200,\"caption\":\"Cash Vs Debit Card in Canada: Which is best for you? - Banking Accounts\"},{\"@type\":\"WebSite\",\"@id\":\"https:\\\/\\\/mp-2702.milesopedia.dev\\\/en\\\/#website\",\"url\":\"https:\\\/\\\/mp-2702.milesopedia.dev\\\/en\\\/\",\"name\":\"Milesopedia\",\"description\":\"Programmes de fid\u00e9lit\u00e9 et cartes de cr\u00e9dit au Canada\",\"publisher\":{\"@id\":\"https:\\\/\\\/mp-2702.milesopedia.dev\\\/en\\\/#organization\"},\"potentialAction\":[{\"@type\":\"SearchAction\",\"target\":{\"@type\":\"EntryPoint\",\"urlTemplate\":\"https:\\\/\\\/mp-2702.milesopedia.dev\\\/en\\\/?s={search_term_string}\"},\"query-input\":{\"@type\":\"PropertyValueSpecification\",\"valueRequired\":true,\"valueName\":\"search_term_string\"}}],\"inLanguage\":\"en-CA\"},{\"@type\":\"Organization\",\"@id\":\"https:\\\/\\\/mp-2702.milesopedia.dev\\\/en\\\/#organization\",\"name\":\"Milesopedia\",\"url\":\"https:\\\/\\\/mp-2702.milesopedia.dev\\\/en\\\/\",\"logo\":{\"@type\":\"ImageObject\",\"inLanguage\":\"en-CA\",\"@id\":\"https:\\\/\\\/mp-2702.milesopedia.dev\\\/en\\\/#\\\/schema\\\/logo\\\/image\\\/\",\"url\":\"https:\\\/\\\/mp-2702.milesopedia.dev\\\/wp-content\\\/uploads\\\/2025\\\/08\\\/Milesopedia-CANADA.png\",\"contentUrl\":\"https:\\\/\\\/mp-2702.milesopedia.dev\\\/wp-content\\\/uploads\\\/2025\\\/08\\\/Milesopedia-CANADA.png\",\"width\":884,\"height\":203,\"caption\":\"Milesopedia\"},\"image\":{\"@id\":\"https:\\\/\\\/mp-2702.milesopedia.dev\\\/en\\\/#\\\/schema\\\/logo\\\/image\\\/\"}}]}<\/script>\n<!-- \/ Yoast SEO Premium plugin. -->","yoast_head_json":{"title":"The Best Bank Account Offers in Canada | Milesopedia","description":"Are you looking for a bank account offer? Here is the list of all promotional offers in Canada, sorted by institution!","robots":{"index":"index","follow":"follow","max-snippet":"max-snippet:-1","max-image-preview":"max-image-preview:large","max-video-preview":"max-video-preview:-1"},"canonical":"https:\/\/mp-2702.milesopedia.dev\/en\/best-banking-offers-canada\/","og_locale":"en_US","og_type":"article","og_title":"The Best Bank Account Offers in Canada","og_description":"Are you looking for a bank account offer? Here is the list of all promotional offers in Canada, sorted by institution!","og_url":"https:\/\/mp-2702.milesopedia.dev\/en\/best-banking-offers-canada\/","og_site_name":"Milesopedia","article_modified_time":"2026-05-08T16:43:07+00:00","og_image":[{"width":1800,"height":1200,"url":"https:\/\/milesopedia.com\/wp-content\/uploads\/2020\/07\/dollar-.jpg","type":"image\/jpeg"}],"twitter_card":"summary_large_image","schema":{"@context":"https:\/\/schema.org","@graph":[{"@type":"WebPage","@id":"https:\/\/mp-2702.milesopedia.dev\/en\/best-banking-offers-canada\/","url":"https:\/\/mp-2702.milesopedia.dev\/en\/best-banking-offers-canada\/","name":"Best Bank Account Offers in Canada - 2026 - Milesopedia","isPartOf":{"@id":"https:\/\/mp-2702.milesopedia.dev\/en\/#website"},"primaryImageOfPage":{"@id":"https:\/\/mp-2702.milesopedia.dev\/en\/best-banking-offers-canada\/#primaryimage"},"image":{"@id":"https:\/\/mp-2702.milesopedia.dev\/en\/best-banking-offers-canada\/#primaryimage"},"thumbnailUrl":"https:\/\/mp-2702.milesopedia.dev\/wp-content\/uploads\/2020\/07\/dollar-.jpg","datePublished":"2026-05-01T04:04:00+00:00","dateModified":"2026-05-08T16:43:07+00:00","description":"Are you looking for a bank account offer? Here is the list of all promotional offers in Canada, sorted by institution!","inLanguage":"en-CA","potentialAction":[{"@type":"ReadAction","target":["https:\/\/mp-2702.milesopedia.dev\/en\/best-banking-offers-canada\/"]}]},{"@type":"ImageObject","inLanguage":"en-CA","@id":"https:\/\/mp-2702.milesopedia.dev\/en\/best-banking-offers-canada\/#primaryimage","url":"https:\/\/mp-2702.milesopedia.dev\/wp-content\/uploads\/2020\/07\/dollar-.jpg","contentUrl":"https:\/\/mp-2702.milesopedia.dev\/wp-content\/uploads\/2020\/07\/dollar-.jpg","width":1800,"height":1200,"caption":"Cash Vs Debit Card in Canada: Which is best for you? - Banking Accounts"},{"@type":"WebSite","@id":"https:\/\/mp-2702.milesopedia.dev\/en\/#website","url":"https:\/\/mp-2702.milesopedia.dev\/en\/","name":"Milesopedia","description":"Programmes de fid\u00e9lit\u00e9 et cartes de cr\u00e9dit au Canada","publisher":{"@id":"https:\/\/mp-2702.milesopedia.dev\/en\/#organization"},"potentialAction":[{"@type":"SearchAction","target":{"@type":"EntryPoint","urlTemplate":"https:\/\/mp-2702.milesopedia.dev\/en\/?s={search_term_string}"},"query-input":{"@type":"PropertyValueSpecification","valueRequired":true,"valueName":"search_term_string"}}],"inLanguage":"en-CA"},{"@type":"Organization","@id":"https:\/\/mp-2702.milesopedia.dev\/en\/#organization","name":"Milesopedia","url":"https:\/\/mp-2702.milesopedia.dev\/en\/","logo":{"@type":"ImageObject","inLanguage":"en-CA","@id":"https:\/\/mp-2702.milesopedia.dev\/en\/#\/schema\/logo\/image\/","url":"https:\/\/mp-2702.milesopedia.dev\/wp-content\/uploads\/2025\/08\/Milesopedia-CANADA.png","contentUrl":"https:\/\/mp-2702.milesopedia.dev\/wp-content\/uploads\/2025\/08\/Milesopedia-CANADA.png","width":884,"height":203,"caption":"Milesopedia"},"image":{"@id":"https:\/\/mp-2702.milesopedia.dev\/en\/#\/schema\/logo\/image\/"}}]}},"_links":{"self":[{"href":"https:\/\/mp-2702.milesopedia.dev\/en\/wp-json\/wp\/v2\/pages\/207405","targetHints":{"allow":["GET"]}}],"collection":[{"href":"https:\/\/mp-2702.milesopedia.dev\/en\/wp-json\/wp\/v2\/pages"}],"about":[{"href":"https:\/\/mp-2702.milesopedia.dev\/en\/wp-json\/wp\/v2\/types\/page"}],"author":[{"embeddable":true,"href":"https:\/\/mp-2702.milesopedia.dev\/en\/wp-json\/wp\/v2\/users\/3"}],"replies":[{"embeddable":true,"href":"https:\/\/mp-2702.milesopedia.dev\/en\/wp-json\/wp\/v2\/comments?post=207405"}],"version-history":[{"count":2,"href":"https:\/\/mp-2702.milesopedia.dev\/en\/wp-json\/wp\/v2\/pages\/207405\/revisions"}],"predecessor-version":[{"id":490432,"href":"https:\/\/mp-2702.milesopedia.dev\/en\/wp-json\/wp\/v2\/pages\/207405\/revisions\/490432"}],"wp:featuredmedia":[{"embeddable":true,"href":"https:\/\/mp-2702.milesopedia.dev\/en\/wp-json\/wp\/v2\/media\/93987"}],"wp:attachment":[{"href":"https:\/\/mp-2702.milesopedia.dev\/en\/wp-json\/wp\/v2\/media?parent=207405"}],"wp:term":[{"taxonomy":"post_tag","embeddable":true,"href":"https:\/\/mp-2702.milesopedia.dev\/en\/wp-json\/wp\/v2\/tags?post=207405"},{"taxonomy":"mc_loyalty_program","embeddable":true,"href":"https:\/\/mp-2702.milesopedia.dev\/en\/wp-json\/wp\/v2\/mc_loyalty_program?post=207405"}],"curies":[{"name":"wp","href":"https:\/\/api.w.org\/{rel}","templated":true}]}}