{"id":207354,"date":"2025-08-31T20:06:00","date_gmt":"2025-09-01T00:06:00","guid":{"rendered":"https:\/\/mp-2702.milesopedia.dev\/thanks\/"},"modified":"2026-05-09T05:30:10","modified_gmt":"2026-05-09T05:30:10","slug":"thanks","status":"publish","type":"page","link":"https:\/\/mp-2702.milesopedia.dev\/en\/thanks\/","title":{"rendered":"Thank you for joining the community!"},"content":{"rendered":"\n<h2 class=\"wp-block-heading\" id=\"h-thank-you-for-joining-the-milesopedia-community\">Thank you for joining the Milesopedia Community!<\/h2>\n\n\n\n<p>Welcome to the dynamic world of rewards programs and credit card expertise in Canada!<\/p>\n\n\n\n<p>I&#8217;m delighted to have you with us. My name is Jean-Maximilien Voisine and I&#8217;ve been navigating the exciting world of rewards programs and credit cards since 2015.<\/p>\n\n\n\n<p>Get ready to receive a weekly dose of valuable information straight to your inbox every Sunday morning.<\/p>\n\n\n\n<div class=\"wp-block-columns is-layout-flex wp-container-core-columns-is-layout-9d6595d7 wp-block-columns-is-layout-flex\">\n\n<div class=\"wp-block-column is-layout-flow wp-block-column-is-layout-flow\">\n\n<h3 class=\"wp-block-heading\" id=\"h-our-beginner-s-guides\">Our beginner&#039;s guides<\/h3>\n\n\n\n<div class=\"component component__list\"><ul class=\"wp-block-list\">\n<li><a href=\"https:\/\/mp-2702.milesopedia.dev\/en\/guide\/tutorials\/introduction\/\">Beginner&#8217;s Guide<\/a><\/li>\n\n\n\n<li><a href=\"https:\/\/mp-2702.milesopedia.dev\/en\/guide\/strategy\/choosing-best-credit-card\/\">How do I find the right credit card for my needs?<\/a><\/li>\n\n\n\n<li><a href=\"https:\/\/mp-2702.milesopedia.dev\/guides\/tutoriels\/earn-and-burn\/\">How do you earn and use points?<\/a><\/li>\n\n\n\n<li><a href=\"https:\/\/mp-2702.milesopedia.dev\/en\/rewards-strategies\/\">The strategy<\/a><\/li>\n<\/ul><\/div>\n\n<\/div>\n\n\n\n<div class=\"wp-block-column is-layout-flow wp-block-column-is-layout-flow\">\n\n<h3 class=\"wp-block-heading\" id=\"h-our-travel-hacking-strategies\">Our travel hacking strategies<\/h3>\n\n\n\n<div class=\"component component__list\"><ul class=\"wp-block-list\">\n<li><a href=\"https:\/\/mp-2702.milesopedia.dev\/en\/guide\/strategy\/free-airport-lounge-access\/\">Access airport lounges for free<\/a><\/li>\n\n\n\n<li><a href=\"https:\/\/mp-2702.milesopedia.dev\/en\/guide\/strategy\/save-foreign-currency\/\">How to save on foreign currency transactions<\/a><\/li>\n\n\n\n<li><a href=\"https:\/\/mp-2702.milesopedia.dev\/en\/guide\/save-tickets-disneyworld\/\">Save at Walt Disney World on your tickets<\/a><\/li>\n\n\n\n<li><a href=\"https:\/\/mp-2702.milesopedia.dev\/en\/guide\/strategy\/save-money-airbnb\/\">Save money on Airbnb with points<\/a><\/li>\n\n\n\n<li><a href=\"https:\/\/mp-2702.milesopedia.dev\/en\/guide\/strategy\/save-money-hotels\/\">Save on hotel nights with points<\/a><\/li>\n\n\n\n<li><a href=\"https:\/\/mp-2702.milesopedia.dev\/en\/guide\/strategy\/save-money-flights\/\">Save money on flights with points<\/a><\/li>\n<\/ul><\/div>\n\n<\/div>\n\n<\/div>\n\n\n\n<div class=\"wp-block-columns is-layout-flex wp-container-core-columns-is-layout-9d6595d7 wp-block-columns-is-layout-flex\">\n\n<div class=\"wp-block-column is-layout-flow wp-block-column-is-layout-flow\">\n\n<h3 class=\"wp-block-heading\" id=\"h-program-pages\">Program pages<\/h3>\n\n\n\n<div class=\"component component__list\"><ul class=\"wp-block-list\">\n<li><a href=\"https:\/\/mp-2702.milesopedia.dev\/en\/reward-program\/aeroplan\/\">Aeroplan<\/a><\/li>\n\n\n\n<li><a href=\"https:\/\/mp-2702.milesopedia.dev\/en\/reward-program\/airmiles\/\">AIR MILES<\/a><\/li>\n\n\n\n<li><a href=\"https:\/\/mp-2702.milesopedia.dev\/en\/reward-program\/marriott-bonvoy\/\">Marriott Bonvoy<\/a><\/li>\n\n\n\n<li><a href=\"https:\/\/mp-2702.milesopedia.dev\/en\/reward-program\/sceneplus\/\">Scene+<\/a><\/li>\n\n\n\n<li><a href=\"https:\/\/mp-2702.milesopedia.dev\/programme-fidelite\">All rewards programs<\/a><\/li>\n<\/ul><\/div>\n\n<\/div>\n\n\n\n<div class=\"wp-block-column is-layout-flow wp-block-column-is-layout-flow\">\n\n<h3 class=\"wp-block-heading\" id=\"h-our-financial-tools\">Our financial tools<\/h3>\n\n\n\n<div class=\"component component__list\"><ul class=\"wp-block-list\">\n<li><a href=\"https:\/\/mp-2702.milesopedia.dev\/en\/best-credit-cards-in-canada\/\">Ranking of the best credit card offers<\/a><\/li>\n\n\n\n<li><a href=\"https:\/\/mp-2702.milesopedia.dev\/en\/exclusive-credit-card-offers-milesopedia\/\">Milesopedia&#8217;s exclusive offers and current promotions<\/a><\/li>\n\n\n\n<li><a href=\"https:\/\/mp-2702.milesopedia.dev\/en\/compare\/credit-cards\/\">Our credit card comparison tool in Canada<\/a><\/li>\n\n\n\n<li><a href=\"https:\/\/mp-2702.milesopedia.dev\/en\/?p=393505\">Our bank account comparison tool in Canada<\/a><\/li>\n<\/ul><\/div>\n\n<\/div>\n\n<\/div>\n\n\n\n<h2 class=\"wp-block-heading\" id=\"h-join-the-community\">Join the community<\/h2>\n\n\n\n<p>Join our thriving community. Connect with thousands of like-minded members in our Facebook group. Here, we help each other out and are an invaluable resource for any questions you may have.<\/p>\n\n\n\n<div class=\"component component__list\"><ul class=\"wp-block-list\">\n<li><a target=\"_blank\" href=\"https:\/\/www.facebook.com\/groups\/milesopedia\/\">Join the facebook group<\/a><\/li>\n<\/ul><\/div>\n\n\n\n<p>This is just the beginning of an incredible journey. We are delighted to have you among us and look forward to sharing our passion for optimizing rewards and credit card benefits.<\/p>\n\n\n\n<p>Please feel free to contact us at any time with your questions or comments. We&#8217;re here to help you every step of the way.<\/p>\n\n\n\n<p>Let&#8217;s embark on a rewarding adventure together!<\/p>","protected":false},"excerpt":{"rendered":"<p>Thank you for joining the Milesopedia Community! Welcome to the dynamic world of rewards programs and credit card expertise in Canada! I&#8217;m delighted to have you with us. My name is Jean-Maximilien Voisine and I&#8217;ve been navigating the exciting world of rewards programs and credit cards since 2015. Get ready to receive a weekly dose [&hellip;]<\/p>","protected":false},"author":3,"featured_media":195217,"parent":0,"menu_order":0,"comment_status":"closed","ping_status":"closed","template":"page-toc.php","meta":{"_acf_changed":false,"_relevanssi_hide_post":"","_relevanssi_hide_content":"","_relevanssi_pin_for_all":"","_relevanssi_pin_keywords":"","_relevanssi_unpin_keywords":"","_relevanssi_related_keywords":"","_relevanssi_related_include_ids":"","_relevanssi_related_exclude_ids":"","_relevanssi_related_no_append":"","_relevanssi_related_not_related":"","_relevanssi_related_posts":"","_relevanssi_noindex_reason":"","footnotes":""},"tags":[],"mc_loyalty_program":[],"class_list":["post-207354","page","type-page","status-publish","has-post-thumbnail","hentry"],"acf":[],"yoast_head":"<!-- This site is optimized with the Yoast SEO Premium plugin v27.5 (Yoast SEO v27.5) - https:\/\/yoast.com\/product\/yoast-seo-premium-wordpress\/ -->\n<title>Thank you for joining the community! | Milesopedia<\/title>\n<meta name=\"description\" content=\"By becoming a Milesopedia member, you gain access to all the free, high-quality content you need to maximize your savings and reward points!\" \/>\n<meta name=\"robots\" content=\"index, follow, max-snippet:-1, max-image-preview:large, max-video-preview:-1\" \/>\n<link rel=\"canonical\" href=\"https:\/\/mp-2702.milesopedia.dev\/en\/thanks\/\" \/>\n<meta property=\"og:locale\" content=\"en_US\" \/>\n<meta property=\"og:type\" content=\"article\" \/>\n<meta property=\"og:title\" content=\"Thank you for joining the community!\" \/>\n<meta property=\"og:description\" content=\"By becoming a Milesopedia member, you gain access to all the free, high-quality content you need to maximize your savings and reward points!\" \/>\n<meta property=\"og:url\" content=\"https:\/\/mp-2702.milesopedia.dev\/en\/thanks\/\" \/>\n<meta property=\"og:site_name\" content=\"Milesopedia\" \/>\n<meta property=\"article:modified_time\" content=\"2026-05-09T05:30:10+00:00\" \/>\n<meta property=\"og:image\" content=\"https:\/\/milesopedia.com\/wp-content\/uploads\/2022\/02\/Voyage.jpg\" \/>\n\t<meta property=\"og:image:width\" content=\"1920\" \/>\n\t<meta property=\"og:image:height\" content=\"1231\" \/>\n\t<meta property=\"og:image:type\" content=\"image\/jpeg\" \/>\n<meta name=\"twitter:card\" content=\"summary_large_image\" \/>\n<meta name=\"twitter:label1\" content=\"Est. reading time\" \/>\n\t<meta name=\"twitter:data1\" content=\"2 minutes\" \/>\n<script type=\"application\/ld+json\" class=\"yoast-schema-graph\">{\"@context\":\"https:\\\/\\\/schema.org\",\"@graph\":[{\"@type\":\"WebPage\",\"@id\":\"https:\\\/\\\/mp-2702.milesopedia.dev\\\/en\\\/thanks\\\/\",\"url\":\"https:\\\/\\\/mp-2702.milesopedia.dev\\\/en\\\/thanks\\\/\",\"name\":\"Thank you for joining the community! - Milesopedia\",\"isPartOf\":{\"@id\":\"https:\\\/\\\/mp-2702.milesopedia.dev\\\/en\\\/#website\"},\"primaryImageOfPage\":{\"@id\":\"https:\\\/\\\/mp-2702.milesopedia.dev\\\/en\\\/thanks\\\/#primaryimage\"},\"image\":{\"@id\":\"https:\\\/\\\/mp-2702.milesopedia.dev\\\/en\\\/thanks\\\/#primaryimage\"},\"thumbnailUrl\":\"https:\\\/\\\/mp-2702.milesopedia.dev\\\/wp-content\\\/uploads\\\/2022\\\/02\\\/Voyage.jpg\",\"datePublished\":\"2025-09-01T00:06:00+00:00\",\"dateModified\":\"2026-05-09T05:30:10+00:00\",\"description\":\"By becoming a Milesopedia member, you gain access to all the free, high-quality content you need to maximize your savings and reward points!\",\"inLanguage\":\"en-CA\",\"potentialAction\":[{\"@type\":\"ReadAction\",\"target\":[\"https:\\\/\\\/mp-2702.milesopedia.dev\\\/en\\\/thanks\\\/\"]}]},{\"@type\":\"ImageObject\",\"inLanguage\":\"en-CA\",\"@id\":\"https:\\\/\\\/mp-2702.milesopedia.dev\\\/en\\\/thanks\\\/#primaryimage\",\"url\":\"https:\\\/\\\/mp-2702.milesopedia.dev\\\/wp-content\\\/uploads\\\/2022\\\/02\\\/Voyage.jpg\",\"contentUrl\":\"https:\\\/\\\/mp-2702.milesopedia.dev\\\/wp-content\\\/uploads\\\/2022\\\/02\\\/Voyage.jpg\",\"width\":1920,\"height\":1231,\"caption\":\"Scotiabank Platinum American Express\u00ae Card: A Card for Frequent Travellers - Travel\"},{\"@type\":\"WebSite\",\"@id\":\"https:\\\/\\\/mp-2702.milesopedia.dev\\\/en\\\/#website\",\"url\":\"https:\\\/\\\/mp-2702.milesopedia.dev\\\/en\\\/\",\"name\":\"Milesopedia\",\"description\":\"Programmes de fid\u00e9lit\u00e9 et cartes de cr\u00e9dit au Canada\",\"publisher\":{\"@id\":\"https:\\\/\\\/mp-2702.milesopedia.dev\\\/en\\\/#organization\"},\"potentialAction\":[{\"@type\":\"SearchAction\",\"target\":{\"@type\":\"EntryPoint\",\"urlTemplate\":\"https:\\\/\\\/mp-2702.milesopedia.dev\\\/en\\\/?s={search_term_string}\"},\"query-input\":{\"@type\":\"PropertyValueSpecification\",\"valueRequired\":true,\"valueName\":\"search_term_string\"}}],\"inLanguage\":\"en-CA\"},{\"@type\":\"Organization\",\"@id\":\"https:\\\/\\\/mp-2702.milesopedia.dev\\\/en\\\/#organization\",\"name\":\"Milesopedia\",\"url\":\"https:\\\/\\\/mp-2702.milesopedia.dev\\\/en\\\/\",\"logo\":{\"@type\":\"ImageObject\",\"inLanguage\":\"en-CA\",\"@id\":\"https:\\\/\\\/mp-2702.milesopedia.dev\\\/en\\\/#\\\/schema\\\/logo\\\/image\\\/\",\"url\":\"https:\\\/\\\/mp-2702.milesopedia.dev\\\/wp-content\\\/uploads\\\/2025\\\/08\\\/Milesopedia-CANADA.png\",\"contentUrl\":\"https:\\\/\\\/mp-2702.milesopedia.dev\\\/wp-content\\\/uploads\\\/2025\\\/08\\\/Milesopedia-CANADA.png\",\"width\":884,\"height\":203,\"caption\":\"Milesopedia\"},\"image\":{\"@id\":\"https:\\\/\\\/mp-2702.milesopedia.dev\\\/en\\\/#\\\/schema\\\/logo\\\/image\\\/\"}}]}<\/script>\n<!-- \/ Yoast SEO Premium plugin. -->","yoast_head_json":{"title":"Thank you for joining the community! | Milesopedia","description":"By becoming a Milesopedia member, you gain access to all the free, high-quality content you need to maximize your savings and reward points!","robots":{"index":"index","follow":"follow","max-snippet":"max-snippet:-1","max-image-preview":"max-image-preview:large","max-video-preview":"max-video-preview:-1"},"canonical":"https:\/\/mp-2702.milesopedia.dev\/en\/thanks\/","og_locale":"en_US","og_type":"article","og_title":"Thank you for joining the community!","og_description":"By becoming a Milesopedia member, you gain access to all the free, high-quality content you need to maximize your savings and reward points!","og_url":"https:\/\/mp-2702.milesopedia.dev\/en\/thanks\/","og_site_name":"Milesopedia","article_modified_time":"2026-05-09T05:30:10+00:00","og_image":[{"width":1920,"height":1231,"url":"https:\/\/milesopedia.com\/wp-content\/uploads\/2022\/02\/Voyage.jpg","type":"image\/jpeg"}],"twitter_card":"summary_large_image","twitter_misc":{"Est. reading time":"2 minutes"},"schema":{"@context":"https:\/\/schema.org","@graph":[{"@type":"WebPage","@id":"https:\/\/mp-2702.milesopedia.dev\/en\/thanks\/","url":"https:\/\/mp-2702.milesopedia.dev\/en\/thanks\/","name":"Thank you for joining the community! - Milesopedia","isPartOf":{"@id":"https:\/\/mp-2702.milesopedia.dev\/en\/#website"},"primaryImageOfPage":{"@id":"https:\/\/mp-2702.milesopedia.dev\/en\/thanks\/#primaryimage"},"image":{"@id":"https:\/\/mp-2702.milesopedia.dev\/en\/thanks\/#primaryimage"},"thumbnailUrl":"https:\/\/mp-2702.milesopedia.dev\/wp-content\/uploads\/2022\/02\/Voyage.jpg","datePublished":"2025-09-01T00:06:00+00:00","dateModified":"2026-05-09T05:30:10+00:00","description":"By becoming a Milesopedia member, you gain access to all the free, high-quality content you need to maximize your savings and reward points!","inLanguage":"en-CA","potentialAction":[{"@type":"ReadAction","target":["https:\/\/mp-2702.milesopedia.dev\/en\/thanks\/"]}]},{"@type":"ImageObject","inLanguage":"en-CA","@id":"https:\/\/mp-2702.milesopedia.dev\/en\/thanks\/#primaryimage","url":"https:\/\/mp-2702.milesopedia.dev\/wp-content\/uploads\/2022\/02\/Voyage.jpg","contentUrl":"https:\/\/mp-2702.milesopedia.dev\/wp-content\/uploads\/2022\/02\/Voyage.jpg","width":1920,"height":1231,"caption":"Scotiabank Platinum American Express\u00ae Card: A Card for Frequent Travellers - Travel"},{"@type":"WebSite","@id":"https:\/\/mp-2702.milesopedia.dev\/en\/#website","url":"https:\/\/mp-2702.milesopedia.dev\/en\/","name":"Milesopedia","description":"Programmes de fid\u00e9lit\u00e9 et cartes de cr\u00e9dit au Canada","publisher":{"@id":"https:\/\/mp-2702.milesopedia.dev\/en\/#organization"},"potentialAction":[{"@type":"SearchAction","target":{"@type":"EntryPoint","urlTemplate":"https:\/\/mp-2702.milesopedia.dev\/en\/?s={search_term_string}"},"query-input":{"@type":"PropertyValueSpecification","valueRequired":true,"valueName":"search_term_string"}}],"inLanguage":"en-CA"},{"@type":"Organization","@id":"https:\/\/mp-2702.milesopedia.dev\/en\/#organization","name":"Milesopedia","url":"https:\/\/mp-2702.milesopedia.dev\/en\/","logo":{"@type":"ImageObject","inLanguage":"en-CA","@id":"https:\/\/mp-2702.milesopedia.dev\/en\/#\/schema\/logo\/image\/","url":"https:\/\/mp-2702.milesopedia.dev\/wp-content\/uploads\/2025\/08\/Milesopedia-CANADA.png","contentUrl":"https:\/\/mp-2702.milesopedia.dev\/wp-content\/uploads\/2025\/08\/Milesopedia-CANADA.png","width":884,"height":203,"caption":"Milesopedia"},"image":{"@id":"https:\/\/mp-2702.milesopedia.dev\/en\/#\/schema\/logo\/image\/"}}]}},"_links":{"self":[{"href":"https:\/\/mp-2702.milesopedia.dev\/en\/wp-json\/wp\/v2\/pages\/207354","targetHints":{"allow":["GET"]}}],"collection":[{"href":"https:\/\/mp-2702.milesopedia.dev\/en\/wp-json\/wp\/v2\/pages"}],"about":[{"href":"https:\/\/mp-2702.milesopedia.dev\/en\/wp-json\/wp\/v2\/types\/page"}],"author":[{"embeddable":true,"href":"https:\/\/mp-2702.milesopedia.dev\/en\/wp-json\/wp\/v2\/users\/3"}],"replies":[{"embeddable":true,"href":"https:\/\/mp-2702.milesopedia.dev\/en\/wp-json\/wp\/v2\/comments?post=207354"}],"version-history":[{"count":5,"href":"https:\/\/mp-2702.milesopedia.dev\/en\/wp-json\/wp\/v2\/pages\/207354\/revisions"}],"predecessor-version":[{"id":490435,"href":"https:\/\/mp-2702.milesopedia.dev\/en\/wp-json\/wp\/v2\/pages\/207354\/revisions\/490435"}],"wp:featuredmedia":[{"embeddable":true,"href":"https:\/\/mp-2702.milesopedia.dev\/en\/wp-json\/wp\/v2\/media\/195217"}],"wp:attachment":[{"href":"https:\/\/mp-2702.milesopedia.dev\/en\/wp-json\/wp\/v2\/media?parent=207354"}],"wp:term":[{"taxonomy":"post_tag","embeddable":true,"href":"https:\/\/mp-2702.milesopedia.dev\/en\/wp-json\/wp\/v2\/tags?post=207354"},{"taxonomy":"mc_loyalty_program","embeddable":true,"href":"https:\/\/mp-2702.milesopedia.dev\/en\/wp-json\/wp\/v2\/mc_loyalty_program?post=207354"}],"curies":[{"name":"wp","href":"https:\/\/api.w.org\/{rel}","templated":true}]}}