{"id":148972,"date":"2021-06-15T07:48:00","date_gmt":"2021-06-15T11:48:00","guid":{"rendered":"https:\/\/mp-2702.milesopedia.dev\/working-together\/"},"modified":"2026-05-08T16:43:07","modified_gmt":"2026-05-08T16:43:07","slug":"working-together","status":"publish","type":"page","link":"https:\/\/mp-2702.milesopedia.dev\/en\/working-together\/","title":{"rendered":"Let&#8217;s Work Together!"},"content":{"rendered":"\n<p>Milesopedia.com is Canada&#8217;s leading reference on rewards and credit card programs, reaching tens of thousands of travelers every month.<\/p>\n\n\n\n<p>We regularly publish <a href=\"https:\/\/mp-2702.milesopedia.dev\/en\/category\/reviews\/\">reviews<\/a> on our experiences:<\/p>\n\n\n\n<div class=\"component component__list\"><ul class=\"wp-block-list\">\n<li><a href=\"https:\/\/mp-2702.milesopedia.dev\/en\/category\/reviews\/hotels\/\">Hotels<\/a><\/li>\n\n\n\n<li><a href=\"https:\/\/mp-2702.milesopedia.dev\/en\/category\/guide\/destination\/\">Destinations<\/a><\/li>\n\n\n\n<li><a href=\"https:\/\/mp-2702.milesopedia.dev\/en\/category\/reviews\/flights\/\">Airlines<\/a><\/li>\n\n\n\n<li><a href=\"https:\/\/mp-2702.milesopedia.dev\/en\/category\/reviews\/airport-lounges\/\">Airport lounges<\/a><\/li>\n\n\n\n<li><a href=\"https:\/\/mp-2702.milesopedia.dev\/en\/category\/reviews\/products\/\">Products<\/a><\/li>\n<\/ul><\/div>\n\n\n\n<p>Here are some of them:<\/p>\n\n\n\n<p>Currently, we accept:<\/p>\n\n\n\n<div class=\"component component__list\"><ul class=\"wp-block-list\">\n<li><strong>Affiliate partnerships<\/strong>: we specialize in affiliate marketing and do business with many financial institutions, airlines, travel agencies to promote their products on our site<\/li>\n\n\n\n<li><strong>Press trips<\/strong>: if you represent a tourist destination, hotel, business, restaurant, airline or would like us to cover your event on Milesopedia.com, please contact us!<\/li>\n\n\n\n<li><strong>Sponsored content<\/strong>: if you think your product can match Milesopedia&#8217;s brand image and its readers, we could realize sponsored content on our website or via our social networks.<\/li>\n<\/ul><\/div>\n\n\n\n<p>Would you like to work with us? Fill in this short form and we will get back to you very soon:<\/p>\n\n\n\n<p><iframe src=\"https:\/\/docs.google.com\/forms\/d\/e\/1FAIpQLSe4mrCZwUOsbwkKIxnkpeVZ2ZaSQ786SYfFW79QsmNGWVHLxA\/viewform?embedded=true&amp;hl=en\" width=\"640\" height=\"1300\" frameborder=\"0\" marginwidth=\"0\" marginheight=\"0\">Loading in progress&#8230;<\/iframe>\n\n<p><\/p>\n<\/p>","protected":false},"excerpt":{"rendered":"<p>Milesopedia.com is Canada&#8217;s leading reference on rewards and credit card programs, reaching tens of thousands of travelers every month. We regularly publish reviews on our experiences: Here are some of them: Currently, we accept: Would you like to work with us? Fill in this short form and we will get back to you very soon: [&hellip;]<\/p>","protected":false},"author":3,"featured_media":431974,"parent":0,"menu_order":0,"comment_status":"closed","ping_status":"closed","template":"","meta":{"_acf_changed":false,"_relevanssi_hide_post":"","_relevanssi_hide_content":"","_relevanssi_pin_for_all":"","_relevanssi_pin_keywords":"","_relevanssi_unpin_keywords":"","_relevanssi_related_keywords":"","_relevanssi_related_include_ids":"","_relevanssi_related_exclude_ids":"","_relevanssi_related_no_append":"","_relevanssi_related_not_related":"","_relevanssi_related_posts":"","_relevanssi_noindex_reason":"","footnotes":""},"tags":[],"mc_loyalty_program":[],"class_list":["post-148972","page","type-page","status-publish","has-post-thumbnail","hentry"],"acf":[],"yoast_head":"<!-- This site is optimized with the Yoast SEO Premium plugin v27.5 (Yoast SEO v27.5) - https:\/\/yoast.com\/product\/yoast-seo-premium-wordpress\/ -->\n<title>Let\u2019s Work Together! | Milesopedia<\/title>\n<meta name=\"description\" content=\"Do you want to reach tens of thousands of Canadians with your brand, services or products? Let&#039;s work together!\" \/>\n<meta name=\"robots\" content=\"index, follow, max-snippet:-1, max-image-preview:large, max-video-preview:-1\" \/>\n<link rel=\"canonical\" href=\"https:\/\/mp-2702.milesopedia.dev\/en\/working-together\/\" \/>\n<meta property=\"og:locale\" content=\"en_US\" \/>\n<meta property=\"og:type\" content=\"article\" \/>\n<meta property=\"og:title\" content=\"Let&#039;s Work Together!\" \/>\n<meta property=\"og:description\" content=\"Do you want to reach tens of thousands of Canadians with your brand, services or products? Let&#039;s work together!\" \/>\n<meta property=\"og:url\" content=\"https:\/\/mp-2702.milesopedia.dev\/en\/working-together\/\" \/>\n<meta property=\"og:site_name\" content=\"Milesopedia\" \/>\n<meta property=\"article:modified_time\" content=\"2026-05-08T16:43:07+00:00\" \/>\n<meta property=\"og:image\" content=\"https:\/\/milesopedia.com\/wp-content\/uploads\/2025\/02\/Ordinateur-1024x538-01-ENG.jpg\" \/>\n\t<meta property=\"og:image:width\" content=\"1024\" \/>\n\t<meta property=\"og:image:height\" content=\"538\" \/>\n\t<meta property=\"og:image:type\" content=\"image\/jpeg\" \/>\n<meta name=\"twitter:card\" content=\"summary_large_image\" \/>\n<meta name=\"twitter:label1\" content=\"Est. reading time\" \/>\n\t<meta name=\"twitter:data1\" content=\"1 minute\" \/>\n<script type=\"application\/ld+json\" class=\"yoast-schema-graph\">{\"@context\":\"https:\\\/\\\/schema.org\",\"@graph\":[{\"@type\":\"WebPage\",\"@id\":\"https:\\\/\\\/mp-2702.milesopedia.dev\\\/en\\\/working-together\\\/\",\"url\":\"https:\\\/\\\/mp-2702.milesopedia.dev\\\/en\\\/working-together\\\/\",\"name\":\"Let's Work Together! - Milesopedia\",\"isPartOf\":{\"@id\":\"https:\\\/\\\/mp-2702.milesopedia.dev\\\/en\\\/#website\"},\"primaryImageOfPage\":{\"@id\":\"https:\\\/\\\/mp-2702.milesopedia.dev\\\/en\\\/working-together\\\/#primaryimage\"},\"image\":{\"@id\":\"https:\\\/\\\/mp-2702.milesopedia.dev\\\/en\\\/working-together\\\/#primaryimage\"},\"thumbnailUrl\":\"https:\\\/\\\/mp-2702.milesopedia.dev\\\/wp-content\\\/uploads\\\/2025\\\/02\\\/Ordinateur-1024x538-01-ENG.jpg\",\"datePublished\":\"2021-06-15T11:48:00+00:00\",\"dateModified\":\"2026-05-08T16:43:07+00:00\",\"description\":\"Do you want to reach tens of thousands of Canadians with your brand, services or products? Let's work together!\",\"inLanguage\":\"en-CA\",\"potentialAction\":[{\"@type\":\"ReadAction\",\"target\":[\"https:\\\/\\\/mp-2702.milesopedia.dev\\\/en\\\/working-together\\\/\"]}]},{\"@type\":\"ImageObject\",\"inLanguage\":\"en-CA\",\"@id\":\"https:\\\/\\\/mp-2702.milesopedia.dev\\\/en\\\/working-together\\\/#primaryimage\",\"url\":\"https:\\\/\\\/mp-2702.milesopedia.dev\\\/wp-content\\\/uploads\\\/2025\\\/02\\\/Ordinateur-1024x538-01-ENG.jpg\",\"contentUrl\":\"https:\\\/\\\/mp-2702.milesopedia.dev\\\/wp-content\\\/uploads\\\/2025\\\/02\\\/Ordinateur-1024x538-01-ENG.jpg\",\"width\":1024,\"height\":538,\"caption\":\"Let's Work Together! - Milesopedia Computer\"},{\"@type\":\"WebSite\",\"@id\":\"https:\\\/\\\/mp-2702.milesopedia.dev\\\/en\\\/#website\",\"url\":\"https:\\\/\\\/mp-2702.milesopedia.dev\\\/en\\\/\",\"name\":\"Milesopedia\",\"description\":\"Programmes de fid\u00e9lit\u00e9 et cartes de cr\u00e9dit au Canada\",\"publisher\":{\"@id\":\"https:\\\/\\\/mp-2702.milesopedia.dev\\\/en\\\/#organization\"},\"potentialAction\":[{\"@type\":\"SearchAction\",\"target\":{\"@type\":\"EntryPoint\",\"urlTemplate\":\"https:\\\/\\\/mp-2702.milesopedia.dev\\\/en\\\/?s={search_term_string}\"},\"query-input\":{\"@type\":\"PropertyValueSpecification\",\"valueRequired\":true,\"valueName\":\"search_term_string\"}}],\"inLanguage\":\"en-CA\"},{\"@type\":\"Organization\",\"@id\":\"https:\\\/\\\/mp-2702.milesopedia.dev\\\/en\\\/#organization\",\"name\":\"Milesopedia\",\"url\":\"https:\\\/\\\/mp-2702.milesopedia.dev\\\/en\\\/\",\"logo\":{\"@type\":\"ImageObject\",\"inLanguage\":\"en-CA\",\"@id\":\"https:\\\/\\\/mp-2702.milesopedia.dev\\\/en\\\/#\\\/schema\\\/logo\\\/image\\\/\",\"url\":\"https:\\\/\\\/mp-2702.milesopedia.dev\\\/wp-content\\\/uploads\\\/2025\\\/08\\\/Milesopedia-CANADA.png\",\"contentUrl\":\"https:\\\/\\\/mp-2702.milesopedia.dev\\\/wp-content\\\/uploads\\\/2025\\\/08\\\/Milesopedia-CANADA.png\",\"width\":884,\"height\":203,\"caption\":\"Milesopedia\"},\"image\":{\"@id\":\"https:\\\/\\\/mp-2702.milesopedia.dev\\\/en\\\/#\\\/schema\\\/logo\\\/image\\\/\"}}]}<\/script>\n<!-- \/ Yoast SEO Premium plugin. -->","yoast_head_json":{"title":"Let\u2019s Work Together! | Milesopedia","description":"Do you want to reach tens of thousands of Canadians with your brand, services or products? Let's work together!","robots":{"index":"index","follow":"follow","max-snippet":"max-snippet:-1","max-image-preview":"max-image-preview:large","max-video-preview":"max-video-preview:-1"},"canonical":"https:\/\/mp-2702.milesopedia.dev\/en\/working-together\/","og_locale":"en_US","og_type":"article","og_title":"Let's Work Together!","og_description":"Do you want to reach tens of thousands of Canadians with your brand, services or products? Let's work together!","og_url":"https:\/\/mp-2702.milesopedia.dev\/en\/working-together\/","og_site_name":"Milesopedia","article_modified_time":"2026-05-08T16:43:07+00:00","og_image":[{"width":1024,"height":538,"url":"https:\/\/milesopedia.com\/wp-content\/uploads\/2025\/02\/Ordinateur-1024x538-01-ENG.jpg","type":"image\/jpeg"}],"twitter_card":"summary_large_image","twitter_misc":{"Est. reading time":"1 minute"},"schema":{"@context":"https:\/\/schema.org","@graph":[{"@type":"WebPage","@id":"https:\/\/mp-2702.milesopedia.dev\/en\/working-together\/","url":"https:\/\/mp-2702.milesopedia.dev\/en\/working-together\/","name":"Let's Work Together! - Milesopedia","isPartOf":{"@id":"https:\/\/mp-2702.milesopedia.dev\/en\/#website"},"primaryImageOfPage":{"@id":"https:\/\/mp-2702.milesopedia.dev\/en\/working-together\/#primaryimage"},"image":{"@id":"https:\/\/mp-2702.milesopedia.dev\/en\/working-together\/#primaryimage"},"thumbnailUrl":"https:\/\/mp-2702.milesopedia.dev\/wp-content\/uploads\/2025\/02\/Ordinateur-1024x538-01-ENG.jpg","datePublished":"2021-06-15T11:48:00+00:00","dateModified":"2026-05-08T16:43:07+00:00","description":"Do you want to reach tens of thousands of Canadians with your brand, services or products? Let's work together!","inLanguage":"en-CA","potentialAction":[{"@type":"ReadAction","target":["https:\/\/mp-2702.milesopedia.dev\/en\/working-together\/"]}]},{"@type":"ImageObject","inLanguage":"en-CA","@id":"https:\/\/mp-2702.milesopedia.dev\/en\/working-together\/#primaryimage","url":"https:\/\/mp-2702.milesopedia.dev\/wp-content\/uploads\/2025\/02\/Ordinateur-1024x538-01-ENG.jpg","contentUrl":"https:\/\/mp-2702.milesopedia.dev\/wp-content\/uploads\/2025\/02\/Ordinateur-1024x538-01-ENG.jpg","width":1024,"height":538,"caption":"Let's Work Together! - Milesopedia Computer"},{"@type":"WebSite","@id":"https:\/\/mp-2702.milesopedia.dev\/en\/#website","url":"https:\/\/mp-2702.milesopedia.dev\/en\/","name":"Milesopedia","description":"Programmes de fid\u00e9lit\u00e9 et cartes de cr\u00e9dit au Canada","publisher":{"@id":"https:\/\/mp-2702.milesopedia.dev\/en\/#organization"},"potentialAction":[{"@type":"SearchAction","target":{"@type":"EntryPoint","urlTemplate":"https:\/\/mp-2702.milesopedia.dev\/en\/?s={search_term_string}"},"query-input":{"@type":"PropertyValueSpecification","valueRequired":true,"valueName":"search_term_string"}}],"inLanguage":"en-CA"},{"@type":"Organization","@id":"https:\/\/mp-2702.milesopedia.dev\/en\/#organization","name":"Milesopedia","url":"https:\/\/mp-2702.milesopedia.dev\/en\/","logo":{"@type":"ImageObject","inLanguage":"en-CA","@id":"https:\/\/mp-2702.milesopedia.dev\/en\/#\/schema\/logo\/image\/","url":"https:\/\/mp-2702.milesopedia.dev\/wp-content\/uploads\/2025\/08\/Milesopedia-CANADA.png","contentUrl":"https:\/\/mp-2702.milesopedia.dev\/wp-content\/uploads\/2025\/08\/Milesopedia-CANADA.png","width":884,"height":203,"caption":"Milesopedia"},"image":{"@id":"https:\/\/mp-2702.milesopedia.dev\/en\/#\/schema\/logo\/image\/"}}]}},"_links":{"self":[{"href":"https:\/\/mp-2702.milesopedia.dev\/en\/wp-json\/wp\/v2\/pages\/148972","targetHints":{"allow":["GET"]}}],"collection":[{"href":"https:\/\/mp-2702.milesopedia.dev\/en\/wp-json\/wp\/v2\/pages"}],"about":[{"href":"https:\/\/mp-2702.milesopedia.dev\/en\/wp-json\/wp\/v2\/types\/page"}],"author":[{"embeddable":true,"href":"https:\/\/mp-2702.milesopedia.dev\/en\/wp-json\/wp\/v2\/users\/3"}],"replies":[{"embeddable":true,"href":"https:\/\/mp-2702.milesopedia.dev\/en\/wp-json\/wp\/v2\/comments?post=148972"}],"version-history":[{"count":5,"href":"https:\/\/mp-2702.milesopedia.dev\/en\/wp-json\/wp\/v2\/pages\/148972\/revisions"}],"predecessor-version":[{"id":495322,"href":"https:\/\/mp-2702.milesopedia.dev\/en\/wp-json\/wp\/v2\/pages\/148972\/revisions\/495322"}],"wp:featuredmedia":[{"embeddable":true,"href":"https:\/\/mp-2702.milesopedia.dev\/en\/wp-json\/wp\/v2\/media\/431974"}],"wp:attachment":[{"href":"https:\/\/mp-2702.milesopedia.dev\/en\/wp-json\/wp\/v2\/media?parent=148972"}],"wp:term":[{"taxonomy":"post_tag","embeddable":true,"href":"https:\/\/mp-2702.milesopedia.dev\/en\/wp-json\/wp\/v2\/tags?post=148972"},{"taxonomy":"mc_loyalty_program","embeddable":true,"href":"https:\/\/mp-2702.milesopedia.dev\/en\/wp-json\/wp\/v2\/mc_loyalty_program?post=148972"}],"curies":[{"name":"wp","href":"https:\/\/api.w.org\/{rel}","templated":true}]}}