{"id":126945,"date":"2026-01-15T05:41:00","date_gmt":"2026-01-15T10:41:00","guid":{"rendered":"https:\/\/mp-2702.milesopedia.dev\/buy-points-miles-offers\/"},"modified":"2026-05-09T05:30:10","modified_gmt":"2026-05-09T05:30:10","slug":"buy-points-miles-offers","status":"publish","type":"page","link":"https:\/\/mp-2702.milesopedia.dev\/en\/buy-points-miles-offers\/","title":{"rendered":"Best Offers for Buying Points &amp; Miles in Canada"},"content":{"rendered":"\n<p>Buying points and miles can be an interesting way to book the flight or hotel of your choice at a reduced rate.<\/p>\n\n\n\n<p>Here are the different links to access the points and miles purchase pages of the various programs:<\/p>\n\n\n\n<div class=\"wp-block-columns is-layout-flex wp-container-core-columns-is-layout-9d6595d7 wp-block-columns-is-layout-flex\">\n\n<div class=\"wp-block-column is-layout-flow wp-block-column-is-layout-flow\">\n\n<div class=\"component component__list\"><ul class=\"wp-block-list\">\n<li><a title=\"Buy Aeroplan points\" href=\"\/go\/buy-aeroplan-points\/\" rel=\"noindex\">Aeroplan &#8211; Air Canada<\/a><\/li>\n\n\n\n<li><a target=\"_blank\" title=\"Purchase Alaska Mileage Plan miles\" href=\"\/go\/points-alaska\/\" rel=\"nofollow sponsored\">Alaska Mileage Plan<\/a><\/li>\n\n\n\n<li><a target=\"_blank\" title=\"buy Avios from British Airways Club\" href=\"\/go\/points-british\/\" rel=\"nofollow sponsored\">British Airways Club<\/a><\/li>\n\n\n\n<li><a title=\"buy Flying Blue miles from Air France-KLM\" href=\"https:\/\/mp-2702.milesopedia.dev\/en\/go\/points-airfrance\/\" rel=\"nofollow sponsored\">Air France-KLM Flying Blue<\/a><\/li>\n\n\n\n<li><a href=\"https:\/\/mp-2702.milesopedia.dev\/en\/go\/achat-miles-etihad-guest\/\">Etihad Guest<\/a><\/li>\n\n\n\n<li><a href=\"https:\/\/mp-2702.milesopedia.dev\/en\/go\/achat-miles-jetblue-trueblue\/\">JetBlue TrueBlue<\/a><\/li>\n\n\n\n<li><a title=\"Lufthansa Miles\" href=\"https:\/\/mp-2702.milesopedia.dev\/en\/go\/lufthansa-miles\/\" rel=\"noindex\">Lufthansa Miles and More<\/a><\/li>\n\n\n\n<li><a title=\"buy SouthWest miles\" href=\"https:\/\/mp-2702.milesopedia.dev\/en\/go\/achat-miles-southwest\/\" rel=\"nofollow sponsored\">SouthWest<\/a><\/li>\n\n\n\n<li><a title=\"buy United MileagePlus miles\" href=\"https:\/\/mp-2702.milesopedia.dev\/en\/go\/achat-united-mileageplus\/\" rel=\"nofollow sponsored\">United MileagePlus<\/a><\/li>\n<\/ul><\/div>\n\n<\/div>\n\n\n\n<div class=\"wp-block-column is-layout-flow wp-block-column-is-layout-flow\">\n\n<div class=\"component component__list\"><ul class=\"wp-block-list\">\n<li><a title=\"buy Choice Hotels points\" href=\"https:\/\/mp-2702.milesopedia.dev\/en\/go\/achat-points-choice-hotels\/\" rel=\"nofollow sponsored\">Choice Hotels<\/a><\/li>\n\n\n\n<li><a target=\"_blank\" title=\"Buying Hilton Honors points\" href=\"\/go\/hilton-points\/\" rel=\"nofollow sponsored\">Hilton Honors<\/a><\/li>\n\n\n\n<li><a target=\"_blank\" title=\"buy IHG Rewards Club points\" href=\"\/go\/achat-points-ihg\/\" rel=\"nofollow sponsored\">IHG Rewards Club<\/a><\/li>\n\n\n\n<li><a title=\"buy Marriott Bonvoy points\" href=\"https:\/\/mp-2702.milesopedia.dev\/en\/go\/achat-points-marriott\/\" rel=\"nofollow sponsored\">Marriott Bonvoy<\/a><\/li>\n\n\n\n<li><a title=\"buy Radisson Rewards points\" href=\"https:\/\/mp-2702.milesopedia.dev\/en\/go\/achat-points-radisson-rewards\/\" rel=\"nofollow sponsored\">Radisson Rewards<\/a><\/li>\n\n\n\n<li><a href=\"https:\/\/mp-2702.milesopedia.dev\/en\/offers\/buy-points\/promotion-buy-westjet-points\/\">WestJet Rewards<\/a><\/li>\n\n\n\n<li><a target=\"_blank\" title=\"Purchase World of Hyatt points\" href=\"\/go\/points-hyatt\/\" rel=\"nofollow sponsored\">World Of Hyatt<\/a><\/li>\n\n\n\n<li><a href=\"https:\/\/mp-2702.milesopedia.dev\/en\/go\/achat-points-wyndham-rewards\/\">Wyndham Rewards<\/a><\/li>\n<\/ul><\/div>\n\n\n<p>\n<\/div>\n\n<\/div>\n\n\n\n<p>Here are the promotions to buy points and miles from the different loyalty programs:<\/p>","protected":false},"excerpt":{"rendered":"<p>Buying points and miles can be an interesting way to book the flight or hotel of your choice at a reduced rate. Here are the different links to access the points and miles purchase pages of the various programs: Here are the promotions to buy points and miles from the different loyalty programs:<\/p>","protected":false},"author":3,"featured_media":65216,"parent":0,"menu_order":0,"comment_status":"closed","ping_status":"closed","template":"","meta":{"_acf_changed":false,"_relevanssi_hide_post":"","_relevanssi_hide_content":"","_relevanssi_pin_for_all":"","_relevanssi_pin_keywords":"","_relevanssi_unpin_keywords":"","_relevanssi_related_keywords":"","_relevanssi_related_include_ids":"","_relevanssi_related_exclude_ids":"","_relevanssi_related_no_append":"","_relevanssi_related_not_related":"","_relevanssi_related_posts":"","_relevanssi_noindex_reason":"","footnotes":""},"tags":[],"mc_loyalty_program":[],"class_list":["post-126945","page","type-page","status-publish","has-post-thumbnail","hentry"],"acf":[],"yoast_head":"<!-- This site is optimized with the Yoast SEO Premium plugin v27.5 (Yoast SEO v27.5) - https:\/\/yoast.com\/product\/yoast-seo-premium-wordpress\/ -->\n<title>Best Offers for Buying Points &amp; Miles in Canada | Milesopedia<\/title>\n<meta name=\"description\" content=\"With these offers to buy points, you could get the airline ticket or hotel of your choice at a reduced rate.\" \/>\n<meta name=\"robots\" content=\"index, follow, max-snippet:-1, max-image-preview:large, max-video-preview:-1\" \/>\n<link rel=\"canonical\" href=\"https:\/\/mp-2702.milesopedia.dev\/en\/buy-points-miles-offers\/\" \/>\n<meta property=\"og:locale\" content=\"en_US\" \/>\n<meta property=\"og:type\" content=\"article\" \/>\n<meta property=\"og:title\" content=\"Best Offers for Buying Points &amp; Miles in Canada\" \/>\n<meta property=\"og:description\" content=\"With these offers to buy points, you could get the airline ticket or hotel of your choice at a reduced rate.\" \/>\n<meta property=\"og:url\" content=\"https:\/\/mp-2702.milesopedia.dev\/en\/buy-points-miles-offers\/\" \/>\n<meta property=\"og:site_name\" content=\"Milesopedia\" \/>\n<meta property=\"article:modified_time\" content=\"2026-05-09T05:30:10+00:00\" \/>\n<meta property=\"og:image\" content=\"https:\/\/milesopedia.com\/wp-content\/uploads\/2019\/10\/featured-mystique.jpg\" \/>\n\t<meta property=\"og:image:width\" content=\"1600\" \/>\n\t<meta property=\"og:image:height\" content=\"1200\" \/>\n\t<meta property=\"og:image:type\" content=\"image\/jpeg\" \/>\n<meta name=\"twitter:card\" content=\"summary_large_image\" \/>\n<script type=\"application\/ld+json\" class=\"yoast-schema-graph\">{\"@context\":\"https:\\\/\\\/schema.org\",\"@graph\":[{\"@type\":\"WebPage\",\"@id\":\"https:\\\/\\\/mp-2702.milesopedia.dev\\\/en\\\/buy-points-miles-offers\\\/\",\"url\":\"https:\\\/\\\/mp-2702.milesopedia.dev\\\/en\\\/buy-points-miles-offers\\\/\",\"name\":\"Best offers to Buy Points - May 2026 - Milesopedia\",\"isPartOf\":{\"@id\":\"https:\\\/\\\/mp-2702.milesopedia.dev\\\/en\\\/#website\"},\"primaryImageOfPage\":{\"@id\":\"https:\\\/\\\/mp-2702.milesopedia.dev\\\/en\\\/buy-points-miles-offers\\\/#primaryimage\"},\"image\":{\"@id\":\"https:\\\/\\\/mp-2702.milesopedia.dev\\\/en\\\/buy-points-miles-offers\\\/#primaryimage\"},\"thumbnailUrl\":\"https:\\\/\\\/mp-2702.milesopedia.dev\\\/wp-content\\\/uploads\\\/2019\\\/10\\\/featured-mystique.jpg\",\"datePublished\":\"2026-01-15T10:41:00+00:00\",\"dateModified\":\"2026-05-09T05:30:10+00:00\",\"description\":\"With these offers to buy points, you could get the airline ticket or hotel of your choice at a reduced rate.\",\"inLanguage\":\"en-CA\",\"potentialAction\":[{\"@type\":\"ReadAction\",\"target\":[\"https:\\\/\\\/mp-2702.milesopedia.dev\\\/en\\\/buy-points-miles-offers\\\/\"]}]},{\"@type\":\"ImageObject\",\"inLanguage\":\"en-CA\",\"@id\":\"https:\\\/\\\/mp-2702.milesopedia.dev\\\/en\\\/buy-points-miles-offers\\\/#primaryimage\",\"url\":\"https:\\\/\\\/mp-2702.milesopedia.dev\\\/wp-content\\\/uploads\\\/2019\\\/10\\\/featured-mystique.jpg\",\"contentUrl\":\"https:\\\/\\\/mp-2702.milesopedia.dev\\\/wp-content\\\/uploads\\\/2019\\\/10\\\/featured-mystique.jpg\",\"width\":1600,\"height\":1200,\"caption\":\"Review : Mystique, a Luxury Collection Hotel, Santorini | Marriott Bonvoy - featured mystic\"},{\"@type\":\"WebSite\",\"@id\":\"https:\\\/\\\/mp-2702.milesopedia.dev\\\/en\\\/#website\",\"url\":\"https:\\\/\\\/mp-2702.milesopedia.dev\\\/en\\\/\",\"name\":\"Milesopedia\",\"description\":\"Programmes de fid\u00e9lit\u00e9 et cartes de cr\u00e9dit au Canada\",\"publisher\":{\"@id\":\"https:\\\/\\\/mp-2702.milesopedia.dev\\\/en\\\/#organization\"},\"potentialAction\":[{\"@type\":\"SearchAction\",\"target\":{\"@type\":\"EntryPoint\",\"urlTemplate\":\"https:\\\/\\\/mp-2702.milesopedia.dev\\\/en\\\/?s={search_term_string}\"},\"query-input\":{\"@type\":\"PropertyValueSpecification\",\"valueRequired\":true,\"valueName\":\"search_term_string\"}}],\"inLanguage\":\"en-CA\"},{\"@type\":\"Organization\",\"@id\":\"https:\\\/\\\/mp-2702.milesopedia.dev\\\/en\\\/#organization\",\"name\":\"Milesopedia\",\"url\":\"https:\\\/\\\/mp-2702.milesopedia.dev\\\/en\\\/\",\"logo\":{\"@type\":\"ImageObject\",\"inLanguage\":\"en-CA\",\"@id\":\"https:\\\/\\\/mp-2702.milesopedia.dev\\\/en\\\/#\\\/schema\\\/logo\\\/image\\\/\",\"url\":\"https:\\\/\\\/mp-2702.milesopedia.dev\\\/wp-content\\\/uploads\\\/2025\\\/08\\\/Milesopedia-CANADA.png\",\"contentUrl\":\"https:\\\/\\\/mp-2702.milesopedia.dev\\\/wp-content\\\/uploads\\\/2025\\\/08\\\/Milesopedia-CANADA.png\",\"width\":884,\"height\":203,\"caption\":\"Milesopedia\"},\"image\":{\"@id\":\"https:\\\/\\\/mp-2702.milesopedia.dev\\\/en\\\/#\\\/schema\\\/logo\\\/image\\\/\"}}]}<\/script>\n<!-- \/ Yoast SEO Premium plugin. -->","yoast_head_json":{"title":"Best Offers for Buying Points &amp; Miles in Canada | Milesopedia","description":"With these offers to buy points, you could get the airline ticket or hotel of your choice at a reduced rate.","robots":{"index":"index","follow":"follow","max-snippet":"max-snippet:-1","max-image-preview":"max-image-preview:large","max-video-preview":"max-video-preview:-1"},"canonical":"https:\/\/mp-2702.milesopedia.dev\/en\/buy-points-miles-offers\/","og_locale":"en_US","og_type":"article","og_title":"Best Offers for Buying Points &amp; Miles in Canada","og_description":"With these offers to buy points, you could get the airline ticket or hotel of your choice at a reduced rate.","og_url":"https:\/\/mp-2702.milesopedia.dev\/en\/buy-points-miles-offers\/","og_site_name":"Milesopedia","article_modified_time":"2026-05-09T05:30:10+00:00","og_image":[{"width":1600,"height":1200,"url":"https:\/\/milesopedia.com\/wp-content\/uploads\/2019\/10\/featured-mystique.jpg","type":"image\/jpeg"}],"twitter_card":"summary_large_image","schema":{"@context":"https:\/\/schema.org","@graph":[{"@type":"WebPage","@id":"https:\/\/mp-2702.milesopedia.dev\/en\/buy-points-miles-offers\/","url":"https:\/\/mp-2702.milesopedia.dev\/en\/buy-points-miles-offers\/","name":"Best offers to Buy Points - May 2026 - Milesopedia","isPartOf":{"@id":"https:\/\/mp-2702.milesopedia.dev\/en\/#website"},"primaryImageOfPage":{"@id":"https:\/\/mp-2702.milesopedia.dev\/en\/buy-points-miles-offers\/#primaryimage"},"image":{"@id":"https:\/\/mp-2702.milesopedia.dev\/en\/buy-points-miles-offers\/#primaryimage"},"thumbnailUrl":"https:\/\/mp-2702.milesopedia.dev\/wp-content\/uploads\/2019\/10\/featured-mystique.jpg","datePublished":"2026-01-15T10:41:00+00:00","dateModified":"2026-05-09T05:30:10+00:00","description":"With these offers to buy points, you could get the airline ticket or hotel of your choice at a reduced rate.","inLanguage":"en-CA","potentialAction":[{"@type":"ReadAction","target":["https:\/\/mp-2702.milesopedia.dev\/en\/buy-points-miles-offers\/"]}]},{"@type":"ImageObject","inLanguage":"en-CA","@id":"https:\/\/mp-2702.milesopedia.dev\/en\/buy-points-miles-offers\/#primaryimage","url":"https:\/\/mp-2702.milesopedia.dev\/wp-content\/uploads\/2019\/10\/featured-mystique.jpg","contentUrl":"https:\/\/mp-2702.milesopedia.dev\/wp-content\/uploads\/2019\/10\/featured-mystique.jpg","width":1600,"height":1200,"caption":"Review : Mystique, a Luxury Collection Hotel, Santorini | Marriott Bonvoy - featured mystic"},{"@type":"WebSite","@id":"https:\/\/mp-2702.milesopedia.dev\/en\/#website","url":"https:\/\/mp-2702.milesopedia.dev\/en\/","name":"Milesopedia","description":"Programmes de fid\u00e9lit\u00e9 et cartes de cr\u00e9dit au Canada","publisher":{"@id":"https:\/\/mp-2702.milesopedia.dev\/en\/#organization"},"potentialAction":[{"@type":"SearchAction","target":{"@type":"EntryPoint","urlTemplate":"https:\/\/mp-2702.milesopedia.dev\/en\/?s={search_term_string}"},"query-input":{"@type":"PropertyValueSpecification","valueRequired":true,"valueName":"search_term_string"}}],"inLanguage":"en-CA"},{"@type":"Organization","@id":"https:\/\/mp-2702.milesopedia.dev\/en\/#organization","name":"Milesopedia","url":"https:\/\/mp-2702.milesopedia.dev\/en\/","logo":{"@type":"ImageObject","inLanguage":"en-CA","@id":"https:\/\/mp-2702.milesopedia.dev\/en\/#\/schema\/logo\/image\/","url":"https:\/\/mp-2702.milesopedia.dev\/wp-content\/uploads\/2025\/08\/Milesopedia-CANADA.png","contentUrl":"https:\/\/mp-2702.milesopedia.dev\/wp-content\/uploads\/2025\/08\/Milesopedia-CANADA.png","width":884,"height":203,"caption":"Milesopedia"},"image":{"@id":"https:\/\/mp-2702.milesopedia.dev\/en\/#\/schema\/logo\/image\/"}}]}},"_links":{"self":[{"href":"https:\/\/mp-2702.milesopedia.dev\/en\/wp-json\/wp\/v2\/pages\/126945","targetHints":{"allow":["GET"]}}],"collection":[{"href":"https:\/\/mp-2702.milesopedia.dev\/en\/wp-json\/wp\/v2\/pages"}],"about":[{"href":"https:\/\/mp-2702.milesopedia.dev\/en\/wp-json\/wp\/v2\/types\/page"}],"author":[{"embeddable":true,"href":"https:\/\/mp-2702.milesopedia.dev\/en\/wp-json\/wp\/v2\/users\/3"}],"replies":[{"embeddable":true,"href":"https:\/\/mp-2702.milesopedia.dev\/en\/wp-json\/wp\/v2\/comments?post=126945"}],"version-history":[{"count":5,"href":"https:\/\/mp-2702.milesopedia.dev\/en\/wp-json\/wp\/v2\/pages\/126945\/revisions"}],"predecessor-version":[{"id":495314,"href":"https:\/\/mp-2702.milesopedia.dev\/en\/wp-json\/wp\/v2\/pages\/126945\/revisions\/495314"}],"wp:featuredmedia":[{"embeddable":true,"href":"https:\/\/mp-2702.milesopedia.dev\/en\/wp-json\/wp\/v2\/media\/65216"}],"wp:attachment":[{"href":"https:\/\/mp-2702.milesopedia.dev\/en\/wp-json\/wp\/v2\/media?parent=126945"}],"wp:term":[{"taxonomy":"post_tag","embeddable":true,"href":"https:\/\/mp-2702.milesopedia.dev\/en\/wp-json\/wp\/v2\/tags?post=126945"},{"taxonomy":"mc_loyalty_program","embeddable":true,"href":"https:\/\/mp-2702.milesopedia.dev\/en\/wp-json\/wp\/v2\/mc_loyalty_program?post=126945"}],"curies":[{"name":"wp","href":"https:\/\/api.w.org\/{rel}","templated":true}]}}