{"id":124365,"date":"2026-05-01T00:01:00","date_gmt":"2026-05-01T04:01:00","guid":{"rendered":"https:\/\/mp-2702.milesopedia.dev\/?page_id=124365"},"modified":"2026-05-10T01:48:31","modified_gmt":"2026-05-10T05:48:31","slug":"by-category","status":"publish","type":"page","link":"https:\/\/mp-2702.milesopedia.dev\/en\/best-credit-cards-in-canada\/by-category\/","title":{"rendered":"The best credit cards by category \u2013 May 2026"},"content":{"rendered":"\n<p>At Milesopedia, we analyze <a href=\"https:\/\/mp-2702.milesopedia.dev\/en\/best-credit-cards-in-canada\/\">nearly 200 credit cards<\/a> available in Canada to present you with the best current offers. To help you find your way around, we have divided them into dozens of categories.<\/p>\n\n<p><strong>Click on the category you are interested in to see the best credit card offers.<\/strong><\/p>\n\n<h4 class=\"wp-block-heading\" id=\"h-les-meilleures\">The best<\/h4>\n\n<p>Discover the best credit card offers in Canada across all categories.<\/p>\n\n<div class=\"wp-block-columns is-layout-flex wp-container-core-columns-is-layout-9d6595d7 wp-block-columns-is-layout-flex\">\n\n<div class=\"wp-block-column is-layout-flow wp-block-column-is-layout-flow\">\n\n<h4 class=\"wp-block-heading\" id=\"h-remise-en-argent\">Cash Back<\/h4>\n\n\n\n<p>Cash is king: get cash back to your account.<\/p>\n\n<\/div>\n\n\n\n<div class=\"wp-block-column is-layout-flow wp-block-column-is-layout-flow\">\n\n<h4 class=\"wp-block-heading\" id=\"h-sans-frais\">No Annual Fee<\/h4>\n\n\n\n<p>Keep it year after year: you will pay no annual fees.<\/p>\n\n<\/div>\n\n\n\n<div class=\"wp-block-column is-layout-flow wp-block-column-is-layout-flow\">\n\n<h4 class=\"wp-block-heading\" id=\"h-debutants\">Beginners<\/h4>\n\n\n\n<p>If you&#8217;re starting, improve your credit score with one of these cards.<\/p>\n\n<\/div>\n\n\n\n<div class=\"wp-block-column is-layout-flow wp-block-column-is-layout-flow\">\n\n<h4 class=\"wp-block-heading\" id=\"h-faibles-taux\">Low Interest<\/h4>\n\n\n\n<p>These credit cards offer a low interest rate to help you save.<\/p>\n\n<\/div>\n\n<\/div>\n\n<div class=\"wp-block-columns is-layout-flex wp-container-core-columns-is-layout-9d6595d7 wp-block-columns-is-layout-flex\">\n\n<div class=\"wp-block-column is-layout-flow wp-block-column-is-layout-flow\">\n\n<h4 class=\"wp-block-heading\" id=\"h-epicerie\">Grocery<\/h4>\n\n\n\n<p>Grocery is a major expense throughout the year: earn rewards with it.<\/p>\n\n<\/div>\n\n\n\n<div class=\"wp-block-column is-layout-flow wp-block-column-is-layout-flow\">\n\n<h4 class=\"wp-block-heading\" id=\"h-transports\">Transportation<\/h4>\n\n\n\n<p>Earn rewards with your gas or public transportation expenses.<\/p>\n\n<\/div>\n\n\n\n<div class=\"wp-block-column is-layout-flow wp-block-column-is-layout-flow\">\n\n<h4 class=\"wp-block-heading\" id=\"h-restaurants\">Restaurants<\/h4>\n\n\n\n<p>Restaurants, food delivery, coffee: every dollar counts!<\/p>\n\n<\/div>\n\n\n\n<div class=\"wp-block-column is-layout-flow wp-block-column-is-layout-flow\">\n\n<h4 class=\"wp-block-heading\" id=\"h-transfert-de-solde\">Balance transfer<\/h4>\n\n\n\n<p>Save in interest charges with these credit card balance transfer offers.<\/p>\n\n<\/div>\n\n<\/div>\n\n<div class=\"wp-block-columns is-layout-flex wp-container-core-columns-is-layout-9d6595d7 wp-block-columns-is-layout-flex\">\n\n<div class=\"wp-block-column is-layout-flow wp-block-column-is-layout-flow\">\n\n<h4 class=\"wp-block-heading\" id=\"h-points-voyages\">Travel Points<\/h4>\n\n\n\n<p>Do you want to travel? Choose one of these credit cards with travel points.<\/p>\n\n<\/div>\n\n\n\n<div class=\"wp-block-column is-layout-flow wp-block-column-is-layout-flow\">\n\n<h4 class=\"wp-block-heading\" id=\"h-hotels\">Hotels<\/h4>\n\n\n\n<p>Are you staying in hotels? Earn free hotel nights with these credit cards.<\/p>\n\n<\/div>\n\n\n\n<div class=\"wp-block-column is-layout-flow wp-block-column-is-layout-flow\">\n\n<h4 class=\"wp-block-heading\" id=\"h-airbnb\">Airbnb<\/h4>\n\n\n\n<p>Would you prefer Airbnb or Booking.com? Save on accommodation with these credit cards.<\/p>\n\n<\/div>\n\n\n\n<div class=\"wp-block-column is-layout-flow wp-block-column-is-layout-flow\">\n\n<h4 class=\"wp-block-heading\" id=\"h-sans-frais-de-conversion\">No FX Fee<\/h4>\n\n\n\n<p>0% foreign currency conversion fees with these credit cards.<\/p>\n\n<\/div>\n\n<\/div>\n\n<div class=\"wp-block-columns is-layout-flex wp-container-core-columns-is-layout-9d6595d7 wp-block-columns-is-layout-flex\">\n\n<div class=\"wp-block-column is-layout-flow wp-block-column-is-layout-flow\">\n\n<h4 class=\"wp-block-heading\" id=\"h-assurances\">Insurance<\/h4>\n\n\n\n<p>Have the best insurance for your trips or purchases with these credit cards.<\/p>\n\n<\/div>\n\n\n\n<div class=\"wp-block-column is-layout-flow wp-block-column-is-layout-flow\">\n\n<h4 class=\"wp-block-heading\" id=\"h-etudiants\">Student<\/h4>\n\n\n\n<p>Ideal for students, these credit cards do not require a minimum income.<\/p>\n\n<\/div>\n\n\n\n<div class=\"wp-block-column is-layout-flow wp-block-column-is-layout-flow\">\n\n<h4 class=\"wp-block-heading\" id=\"h-entreprise\">Business<\/h4>\n\n\n\n<p>Self-employed, professional, small business: here are the best cards for you.<\/p>\n\n<\/div>\n\n\n\n<div class=\"wp-block-column is-layout-flow wp-block-column-is-layout-flow\">\n\n<h4 class=\"wp-block-heading\" id=\"h-salons-vip\">VIP lounges<\/h4>\n\n\n\n<p>Why wait in the rush at the airport when you could be sipping a drink?<\/p>\n\n<\/div>\n\n<\/div>\n\n<div class=\"wp-block-columns is-layout-flex wp-container-core-columns-is-layout-9d6595d7 wp-block-columns-is-layout-flex\">\n\n<div class=\"wp-block-column is-layout-flow wp-block-column-is-layout-flow\">\n\n<h4 class=\"wp-block-heading\" id=\"h-aeroplan\">Aeroplan<\/h4>\n\n\n\n<p>Looking to earn Aeroplan points? Here are the best offers.<\/p>\n\n<\/div>\n\n\n\n<div class=\"wp-block-column is-layout-flow wp-block-column-is-layout-flow\">\n\n<h4 class=\"wp-block-heading\" id=\"h-air-miles\">AIR MILES<\/h4>\n\n\n\n<p>Are you an AIR MILES Reward Miles Collector? Get thousands more!<\/p>\n\n<\/div>\n\n\n\n<div class=\"wp-block-column is-layout-flow wp-block-column-is-layout-flow\">\n\n<h4 class=\"wp-block-heading\" id=\"h-marriott-bonvoy\">Marriott Bonvoy<\/h4>\n\n\n\n<p>Here are all the best credit card offers to earn Marriott Bonvoy points.<\/p>\n\n<\/div>\n\n\n\n<div class=\"wp-block-column is-layout-flow wp-block-column-is-layout-flow\">\n\n<h4 class=\"wp-block-heading\" id=\"h-points-privileges\">Membership Rewards<\/h4>\n\n\n\n<p>Here are all the best credit card offers to earn American Express Membership Rewards Points.<\/p>\n\n<\/div>\n\n<\/div>\n\n<div class=\"wp-block-columns is-layout-flex wp-container-core-columns-is-layout-9d6595d7 wp-block-columns-is-layout-flex\">\n\n<div class=\"wp-block-column is-layout-flow wp-block-column-is-layout-flow\">\n\n<h4 class=\"wp-block-heading\" id=\"h-hilton-honors\">Hilton Honors<\/h4>\n\n\n\n<p>Here are all the best credit card offers to earn Hilton Honors points.<\/p>\n\n<\/div>\n\n\n\n<div class=\"wp-block-column is-layout-flow wp-block-column-is-layout-flow\">\n\n<h4 class=\"wp-block-heading\" id=\"h-american-express\">American Express<\/h4>\n\n\n\n<p>Here are the best American Express card offers in Canada.<\/p>\n\n<\/div>\n\n\n\n<div class=\"wp-block-column is-layout-flow wp-block-column-is-layout-flow\">\n\n<h4 class=\"wp-block-heading\" id=\"h-mastercard\">Mastercard<\/h4>\n\n\n\n<p>Here are the best Mastercard credit card offers in Canada.<\/p>\n\n<\/div>\n\n\n\n<div class=\"wp-block-column is-layout-flow wp-block-column-is-layout-flow\">\n\n<h4 class=\"wp-block-heading\" id=\"h-visa\">Visa<\/h4>\n\n\n\n<p>Here are the best Visa credit card offers in Canada.<\/p>\n\n<\/div>\n\n<\/div>\n\n<h2 class=\"wp-block-heading\" id=\"h-questions-frequentes-sur-les-cartes-de-credit\">Frequent Asked Questions about credit cards<\/h2>\n\n<p>Here are some frequently asked questions in <a class=\"thirstylink\" title=\"the milesopedia facebook group\" href=\"https:\/\/mp-2702.milesopedia.dev\/go\/fbgroupe\/\" rel=\"nofollow noindex\">the milesopedia community<\/a> about credit cards in Canada.<\/p>\n<aside class=\"component component__faq wp-block-milesgutenberg-faq\">\n\t\n<div class=\"component component__faq__item component__faq__item--opened wp-block-milesgutenberg-faq-item\">\n\t<div class=\"component__faq__item__title\">\n\t\t<h4 id=\"whats_the_best_credit_card_in_canada_\" class=\"toc_exclude component__faq__item__title__heading\">\n\t\t\tWhat&#8217;s the best credit card in Canada?\t\t<\/h4>\n\t\t<i class=\"fas fa-chevron-down\"><\/i>\n\t<\/div>\n\t<div class=\"component__faq__item__content\">\n\t\t<div class=\"component__faq__item__content__inner\">\n\t\t\t\n\n<p>There are over 200 credit cards in Canada. There is no &#8220;one best credit card&#8221; in Canada.<\/p>\n\n\n\n<p>Several credit cards can match your needs:<\/p>\n\n\n\n<div class=\"component component__list\"><ul class=\"wp-block-list\">\n<li><a href=\"https:\/\/mp-2702.milesopedia.dev\/en\/best-credit-cards-in-canada\/cash-back\/\">Best Cash Back Credit Cards<\/a><\/li>\n\n\n\n<li>Best AIR MILES Credit Cards<\/li>\n\n\n\n<li><a href=\"https:\/\/mp-2702.milesopedia.dev\/en\/best-credit-cards-in-canada\/insurance\/\">Best Credit Cards With Insurance<\/a><\/li>\n\n\n\n<li><a href=\"https:\/\/mp-2702.milesopedia.dev\/en\/best-credit-cards-in-canada\/airbnb\/\">The Best Credit cards For Airbnb<\/a><\/li>\n\n\n\n<li><a href=\"https:\/\/mp-2702.milesopedia.dev\/en\/best-credit-cards-in-canada\/hotels\/\">Best Credit Cards For Hotels<\/a><\/li>\n<\/ul><\/div>\n\n\t\t<\/div>\n\t<\/div>\n<\/div>\n\n\n<div class=\"component component__faq__item component__faq__item--opened wp-block-milesgutenberg-faq-item\">\n\t<div class=\"component__faq__item__title\">\n\t\t<h4 id=\"which_is_the_best_american_express_credit_card_in_canada_\" class=\"toc_exclude component__faq__item__title__heading\">\n\t\t\tWhich is the best American Express credit card in Canada?\t\t<\/h4>\n\t\t<i class=\"fas fa-chevron-down\"><\/i>\n\t<\/div>\n\t<div class=\"component__faq__item__content\">\n\t\t<div class=\"component__faq__item__content__inner\">\n\t\t\t\n\n<p>There are more than 30 American Express credit cards in Canada. Check out our best <a href=\"https:\/\/mp-2702.milesopedia.dev\/en\/best-credit-cards-in-canada\/amex\/\">American Express Credit Cards page<\/a>.<\/p>\n\n\t\t<\/div>\n\t<\/div>\n<\/div>\n\n\n<div class=\"component component__faq__item component__faq__item--opened wp-block-milesgutenberg-faq-item\">\n\t<div class=\"component__faq__item__title\">\n\t\t<h4 id=\"whats_the_best_mastercard_credit_card_in_canada_\" class=\"toc_exclude component__faq__item__title__heading\">\n\t\t\tWhat&#8217;s the best Mastercard credit card in Canada?\t\t<\/h4>\n\t\t<i class=\"fas fa-chevron-down\"><\/i>\n\t<\/div>\n\t<div class=\"component__faq__item__content\">\n\t\t<div class=\"component__faq__item__content__inner\">\n\t\t\t\n\n<p>There are over 90 Mastercard credit cards in Canada. Check out our <a href=\"https:\/\/mp-2702.milesopedia.dev\/en\/best-credit-cards-in-canada\/mastercard\/\">Best Mastercard Credit Cards page.<\/a><\/p>\n\n\t\t<\/div>\n\t<\/div>\n<\/div>\n\n\n<div class=\"component component__faq__item component__faq__item--opened wp-block-milesgutenberg-faq-item\">\n\t<div class=\"component__faq__item__title\">\n\t\t<h4 id=\"whats_the_best_visa_credit_card_in_canada_\" class=\"toc_exclude component__faq__item__title__heading\">\n\t\t\tWhat&#8217;s the best Visa credit card in Canada?\t\t<\/h4>\n\t\t<i class=\"fas fa-chevron-down\"><\/i>\n\t<\/div>\n\t<div class=\"component__faq__item__content\">\n\t\t<div class=\"component__faq__item__content__inner\">\n\t\t\t\n\n<p>There are over 80 Visa credit cards in Canada. Check out our <a href=\"https:\/\/mp-2702.milesopedia.dev\/en\/best-credit-cards-in-canada\/visa\/\">Best Visa Credit Cards page.<\/a><\/p>\n\n\t\t<\/div>\n\t<\/div>\n<\/div>\n\n<div class=\"component component__faq__item component__faq__item--opened wp-block-milesgutenberg-faq-item\">\n\t<div class=\"component__faq__item__title\">\n\t\t<h4 id=\"how_to_choose_the_right_credit_card_category_\" class=\"toc_exclude component__faq__item__title__heading\">\n\t\t\tHow to choose the right credit card category?\t\t<\/h4>\n\t\t<i class=\"fas fa-chevron-down\"><\/i>\n\t<\/div>\n\t<div class=\"component__faq__item__content\">\n\t\t<div class=\"component__faq__item__content__inner\">\n\t\t\t\n\n<p>To make the right choice, <strong>analyze your spending over 3 to 6 months<\/strong> in the following categories:<\/p>\n<ul><li><strong>\u00c9picerie et restaurants<\/strong> \u2014 privil\u00e9giez Cobalt, Or BNS, Mastercard World Elite BNC.<\/li><li><strong>Voyage<\/strong> \u2014 privil\u00e9giez RBC Avion, BMO eclipse, Scotia Passeport, A\u00e9roplan TD.<\/li><li><strong>Essence et transports<\/strong> \u2014 Visa Momentum, BMO Remises, RemiseSimple Amex.<\/li><li><strong>Achats \u00e0 l\u2019\u00e9tranger<\/strong> \u2014 Scotia Passeport (sans frais de conversion).<\/li><\/ul>\n<p>The category where you spend <strong>most regularly<\/strong> should guide your primary choice, as multipliers yield the most rewards there.<\/p>\n\n\t\t<\/div>\n\t<\/div>\n<\/div>\n\n\n<div class=\"component component__faq__item component__faq__item--opened wp-block-milesgutenberg-faq-item\">\n\t<div class=\"component__faq__item__title\">\n\t\t<h4 id=\"is_it_better_to_choose_a_specialized_or_versatile_card_\" class=\"toc_exclude component__faq__item__title__heading\">\n\t\t\tIs it better to choose a specialized or versatile card?\t\t<\/h4>\n\t\t<i class=\"fas fa-chevron-down\"><\/i>\n\t<\/div>\n\t<div class=\"component__faq__item__content\">\n\t\t<div class=\"component__faq__item__content__inner\">\n\t\t\t\n\n<p>It depends on your strategy:<\/p>\n<ul><li><strong>Carte sp\u00e9cialis\u00e9e<\/strong> (ex. Carte Marriott Bonvoy Amex) \u2014 meilleur retour si vous fr\u00e9quentez la marque (&gt;10 nuits\/an chez Marriott).<\/li><li><strong>Carte polyvalente<\/strong> (ex. Carte Cobalt Amex) \u2014 points flexibles utilisables sur plusieurs partenaires (A\u00e9roplan, Marriott, Hilton, Avios).<\/li><\/ul>\n<p>The most profitable approach: <strong>combine 2-3 complementary cards<\/strong> covering your key spending categories (e.g., Cobalt for groceries + Visa Momentum for gas + Scotia Passport for international travel).<\/p>\n\n\t\t<\/div>\n\t<\/div>\n<\/div>\n\n\n<\/aside>","protected":false},"excerpt":{"rendered":"<p>At Milesopedia, we analyze nearly 200 credit cards available in Canada to present you with the best current offers. To help you find your way around, we have divided them into dozens of categories. Click on the category you are interested in to see the best credit card offers. The best Discover the best credit [&hellip;]<\/p>","protected":false},"author":3,"featured_media":414511,"parent":207228,"menu_order":0,"comment_status":"closed","ping_status":"closed","template":"page-cards-by-category.php","meta":{"_acf_changed":false,"_relevanssi_hide_post":"","_relevanssi_hide_content":"","_relevanssi_pin_for_all":"","_relevanssi_pin_keywords":"","_relevanssi_unpin_keywords":"","_relevanssi_related_keywords":"","_relevanssi_related_include_ids":"","_relevanssi_related_exclude_ids":"","_relevanssi_related_no_append":"","_relevanssi_related_not_related":"","_relevanssi_related_posts":"","_relevanssi_noindex_reason":"","footnotes":""},"tags":[],"mc_loyalty_program":[],"class_list":["post-124365","page","type-page","status-publish","has-post-thumbnail","hentry"],"acf":[],"yoast_head":"<!-- This site is optimized with the Yoast SEO Premium plugin v27.5 (Yoast SEO v27.5) - https:\/\/yoast.com\/product\/yoast-seo-premium-wordpress\/ -->\n<title>The best credit cards by category \u2013 May 2026 | Milesopedia<\/title>\n<meta name=\"description\" content=\"Explore the best credit cards by category in Canada. Complete guide and exclusive offers for May 2026 on Milesopedia.\" \/>\n<meta name=\"robots\" content=\"index, follow, max-snippet:-1, max-image-preview:large, max-video-preview:-1\" \/>\n<link rel=\"canonical\" href=\"https:\/\/mp-2702.milesopedia.dev\/en\/best-credit-cards-in-canada\/by-category\/\" \/>\n<meta property=\"og:locale\" content=\"en_US\" \/>\n<meta property=\"og:type\" content=\"article\" \/>\n<meta property=\"og:title\" content=\"The best credit cards by category \u2013 May 2026\" \/>\n<meta property=\"og:description\" content=\"Explore the best credit cards by category in Canada. Complete guide and exclusive offers for May 2026 on Milesopedia.\" \/>\n<meta property=\"og:url\" content=\"https:\/\/mp-2702.milesopedia.dev\/en\/best-credit-cards-in-canada\/by-category\/\" \/>\n<meta property=\"og:site_name\" content=\"Milesopedia\" \/>\n<meta property=\"article:modified_time\" content=\"2026-05-10T05:48:31+00:00\" \/>\n<meta property=\"og:image\" content=\"https:\/\/milesopedia.com\/wp-content\/uploads\/2024\/10\/cards-by-category.png\" \/>\n\t<meta property=\"og:image:width\" content=\"1692\" \/>\n\t<meta property=\"og:image:height\" content=\"1118\" \/>\n\t<meta property=\"og:image:type\" content=\"image\/png\" \/>\n<meta name=\"twitter:card\" content=\"summary_large_image\" \/>\n<meta name=\"twitter:label1\" content=\"Est. reading time\" \/>\n\t<meta name=\"twitter:data1\" content=\"5 minutes\" \/>\n<script type=\"application\/ld+json\" class=\"yoast-schema-graph\">{\"@context\":\"https:\\\/\\\/schema.org\",\"@graph\":[{\"@type\":\"WebPage\",\"@id\":\"https:\\\/\\\/mp-2702.milesopedia.dev\\\/en\\\/best-credit-cards-in-canada\\\/by-category\\\/\",\"url\":\"https:\\\/\\\/mp-2702.milesopedia.dev\\\/en\\\/best-credit-cards-in-canada\\\/by-category\\\/\",\"name\":\"Best Credit Cards by Category in Canada - May 2026 - Milesopedia\",\"isPartOf\":{\"@id\":\"https:\\\/\\\/mp-2702.milesopedia.dev\\\/en\\\/#website\"},\"primaryImageOfPage\":{\"@id\":\"https:\\\/\\\/mp-2702.milesopedia.dev\\\/en\\\/best-credit-cards-in-canada\\\/by-category\\\/#primaryimage\"},\"image\":{\"@id\":\"https:\\\/\\\/mp-2702.milesopedia.dev\\\/en\\\/best-credit-cards-in-canada\\\/by-category\\\/#primaryimage\"},\"thumbnailUrl\":\"https:\\\/\\\/mp-2702.milesopedia.dev\\\/wp-content\\\/uploads\\\/2024\\\/10\\\/cards-by-category.png\",\"datePublished\":\"2026-05-01T04:01:00+00:00\",\"dateModified\":\"2026-05-10T05:48:31+00:00\",\"description\":\"Explore the best credit cards by category in Canada. Complete guide and exclusive offers for May 2026 on Milesopedia.\",\"inLanguage\":\"en-CA\",\"potentialAction\":[{\"@type\":\"ReadAction\",\"target\":[\"https:\\\/\\\/mp-2702.milesopedia.dev\\\/en\\\/best-credit-cards-in-canada\\\/by-category\\\/\"]}]},{\"@type\":\"ImageObject\",\"inLanguage\":\"en-CA\",\"@id\":\"https:\\\/\\\/mp-2702.milesopedia.dev\\\/en\\\/best-credit-cards-in-canada\\\/by-category\\\/#primaryimage\",\"url\":\"https:\\\/\\\/mp-2702.milesopedia.dev\\\/wp-content\\\/uploads\\\/2024\\\/10\\\/cards-by-category.png\",\"contentUrl\":\"https:\\\/\\\/mp-2702.milesopedia.dev\\\/wp-content\\\/uploads\\\/2024\\\/10\\\/cards-by-category.png\",\"width\":1692,\"height\":1118,\"caption\":\"The best credit cards by category \u2013 May 2026 - cards by category\"},{\"@type\":\"WebSite\",\"@id\":\"https:\\\/\\\/mp-2702.milesopedia.dev\\\/en\\\/#website\",\"url\":\"https:\\\/\\\/mp-2702.milesopedia.dev\\\/en\\\/\",\"name\":\"Milesopedia\",\"description\":\"Programmes de fid\u00e9lit\u00e9 et cartes de cr\u00e9dit au Canada\",\"publisher\":{\"@id\":\"https:\\\/\\\/mp-2702.milesopedia.dev\\\/en\\\/#organization\"},\"potentialAction\":[{\"@type\":\"SearchAction\",\"target\":{\"@type\":\"EntryPoint\",\"urlTemplate\":\"https:\\\/\\\/mp-2702.milesopedia.dev\\\/en\\\/?s={search_term_string}\"},\"query-input\":{\"@type\":\"PropertyValueSpecification\",\"valueRequired\":true,\"valueName\":\"search_term_string\"}}],\"inLanguage\":\"en-CA\"},{\"@type\":\"Organization\",\"@id\":\"https:\\\/\\\/mp-2702.milesopedia.dev\\\/en\\\/#organization\",\"name\":\"Milesopedia\",\"url\":\"https:\\\/\\\/mp-2702.milesopedia.dev\\\/en\\\/\",\"logo\":{\"@type\":\"ImageObject\",\"inLanguage\":\"en-CA\",\"@id\":\"https:\\\/\\\/mp-2702.milesopedia.dev\\\/en\\\/#\\\/schema\\\/logo\\\/image\\\/\",\"url\":\"https:\\\/\\\/mp-2702.milesopedia.dev\\\/wp-content\\\/uploads\\\/2025\\\/08\\\/Milesopedia-CANADA.png\",\"contentUrl\":\"https:\\\/\\\/mp-2702.milesopedia.dev\\\/wp-content\\\/uploads\\\/2025\\\/08\\\/Milesopedia-CANADA.png\",\"width\":884,\"height\":203,\"caption\":\"Milesopedia\"},\"image\":{\"@id\":\"https:\\\/\\\/mp-2702.milesopedia.dev\\\/en\\\/#\\\/schema\\\/logo\\\/image\\\/\"}}]}<\/script>\n<!-- \/ Yoast SEO Premium plugin. -->","yoast_head_json":{"title":"The best credit cards by category \u2013 May 2026 | Milesopedia","description":"Explore the best credit cards by category in Canada. Complete guide and exclusive offers for May 2026 on Milesopedia.","robots":{"index":"index","follow":"follow","max-snippet":"max-snippet:-1","max-image-preview":"max-image-preview:large","max-video-preview":"max-video-preview:-1"},"canonical":"https:\/\/mp-2702.milesopedia.dev\/en\/best-credit-cards-in-canada\/by-category\/","og_locale":"en_US","og_type":"article","og_title":"The best credit cards by category \u2013 May 2026","og_description":"Explore the best credit cards by category in Canada. Complete guide and exclusive offers for May 2026 on Milesopedia.","og_url":"https:\/\/mp-2702.milesopedia.dev\/en\/best-credit-cards-in-canada\/by-category\/","og_site_name":"Milesopedia","article_modified_time":"2026-05-10T05:48:31+00:00","og_image":[{"width":1692,"height":1118,"url":"https:\/\/milesopedia.com\/wp-content\/uploads\/2024\/10\/cards-by-category.png","type":"image\/png"}],"twitter_card":"summary_large_image","twitter_misc":{"Est. reading time":"5 minutes"},"schema":{"@context":"https:\/\/schema.org","@graph":[{"@type":"WebPage","@id":"https:\/\/mp-2702.milesopedia.dev\/en\/best-credit-cards-in-canada\/by-category\/","url":"https:\/\/mp-2702.milesopedia.dev\/en\/best-credit-cards-in-canada\/by-category\/","name":"Best Credit Cards by Category in Canada - May 2026 - Milesopedia","isPartOf":{"@id":"https:\/\/mp-2702.milesopedia.dev\/en\/#website"},"primaryImageOfPage":{"@id":"https:\/\/mp-2702.milesopedia.dev\/en\/best-credit-cards-in-canada\/by-category\/#primaryimage"},"image":{"@id":"https:\/\/mp-2702.milesopedia.dev\/en\/best-credit-cards-in-canada\/by-category\/#primaryimage"},"thumbnailUrl":"https:\/\/mp-2702.milesopedia.dev\/wp-content\/uploads\/2024\/10\/cards-by-category.png","datePublished":"2026-05-01T04:01:00+00:00","dateModified":"2026-05-10T05:48:31+00:00","description":"Explore the best credit cards by category in Canada. Complete guide and exclusive offers for May 2026 on Milesopedia.","inLanguage":"en-CA","potentialAction":[{"@type":"ReadAction","target":["https:\/\/mp-2702.milesopedia.dev\/en\/best-credit-cards-in-canada\/by-category\/"]}]},{"@type":"ImageObject","inLanguage":"en-CA","@id":"https:\/\/mp-2702.milesopedia.dev\/en\/best-credit-cards-in-canada\/by-category\/#primaryimage","url":"https:\/\/mp-2702.milesopedia.dev\/wp-content\/uploads\/2024\/10\/cards-by-category.png","contentUrl":"https:\/\/mp-2702.milesopedia.dev\/wp-content\/uploads\/2024\/10\/cards-by-category.png","width":1692,"height":1118,"caption":"The best credit cards by category \u2013 May 2026 - cards by category"},{"@type":"WebSite","@id":"https:\/\/mp-2702.milesopedia.dev\/en\/#website","url":"https:\/\/mp-2702.milesopedia.dev\/en\/","name":"Milesopedia","description":"Programmes de fid\u00e9lit\u00e9 et cartes de cr\u00e9dit au Canada","publisher":{"@id":"https:\/\/mp-2702.milesopedia.dev\/en\/#organization"},"potentialAction":[{"@type":"SearchAction","target":{"@type":"EntryPoint","urlTemplate":"https:\/\/mp-2702.milesopedia.dev\/en\/?s={search_term_string}"},"query-input":{"@type":"PropertyValueSpecification","valueRequired":true,"valueName":"search_term_string"}}],"inLanguage":"en-CA"},{"@type":"Organization","@id":"https:\/\/mp-2702.milesopedia.dev\/en\/#organization","name":"Milesopedia","url":"https:\/\/mp-2702.milesopedia.dev\/en\/","logo":{"@type":"ImageObject","inLanguage":"en-CA","@id":"https:\/\/mp-2702.milesopedia.dev\/en\/#\/schema\/logo\/image\/","url":"https:\/\/mp-2702.milesopedia.dev\/wp-content\/uploads\/2025\/08\/Milesopedia-CANADA.png","contentUrl":"https:\/\/mp-2702.milesopedia.dev\/wp-content\/uploads\/2025\/08\/Milesopedia-CANADA.png","width":884,"height":203,"caption":"Milesopedia"},"image":{"@id":"https:\/\/mp-2702.milesopedia.dev\/en\/#\/schema\/logo\/image\/"}}]}},"_links":{"self":[{"href":"https:\/\/mp-2702.milesopedia.dev\/en\/wp-json\/wp\/v2\/pages\/124365","targetHints":{"allow":["GET"]}}],"collection":[{"href":"https:\/\/mp-2702.milesopedia.dev\/en\/wp-json\/wp\/v2\/pages"}],"about":[{"href":"https:\/\/mp-2702.milesopedia.dev\/en\/wp-json\/wp\/v2\/types\/page"}],"author":[{"embeddable":true,"href":"https:\/\/mp-2702.milesopedia.dev\/en\/wp-json\/wp\/v2\/users\/3"}],"replies":[{"embeddable":true,"href":"https:\/\/mp-2702.milesopedia.dev\/en\/wp-json\/wp\/v2\/comments?post=124365"}],"version-history":[{"count":5,"href":"https:\/\/mp-2702.milesopedia.dev\/en\/wp-json\/wp\/v2\/pages\/124365\/revisions"}],"predecessor-version":[{"id":497793,"href":"https:\/\/mp-2702.milesopedia.dev\/en\/wp-json\/wp\/v2\/pages\/124365\/revisions\/497793"}],"up":[{"embeddable":true,"href":"https:\/\/mp-2702.milesopedia.dev\/en\/wp-json\/wp\/v2\/pages\/207228"}],"wp:featuredmedia":[{"embeddable":true,"href":"https:\/\/mp-2702.milesopedia.dev\/en\/wp-json\/wp\/v2\/media\/414511"}],"wp:attachment":[{"href":"https:\/\/mp-2702.milesopedia.dev\/en\/wp-json\/wp\/v2\/media?parent=124365"}],"wp:term":[{"taxonomy":"post_tag","embeddable":true,"href":"https:\/\/mp-2702.milesopedia.dev\/en\/wp-json\/wp\/v2\/tags?post=124365"},{"taxonomy":"mc_loyalty_program","embeddable":true,"href":"https:\/\/mp-2702.milesopedia.dev\/en\/wp-json\/wp\/v2\/mc_loyalty_program?post=124365"}],"curies":[{"name":"wp","href":"https:\/\/api.w.org\/{rel}","templated":true}]}}